{"id":2007,"date":"2024-09-08T16:35:32","date_gmt":"2024-09-08T16:35:32","guid":{"rendered":"https:\/\/organicbeeflamb.eu\/eu-organic-beef-lamb\/"},"modified":"2025-08-18T08:34:08","modified_gmt":"2025-08-18T08:34:08","slug":"eu-organic-beef-lamb","status":"publish","type":"page","link":"https:\/\/organicbeeflamb.eu\/de\/","title":{"rendered":"EU-Bio-Rind- und Lammfleisch"},"content":{"rendered":"\t\t<div data-elementor-type=\"wp-page\" data-elementor-id=\"2007\" class=\"elementor elementor-2007 elementor-50\" data-elementor-post-type=\"page\">\n\t\t\t\t<div class=\"elementor-element elementor-element-34bfc24 e-flex e-con-boxed e-con e-parent\" data-id=\"34bfc24\" data-element_type=\"container\" data-settings=\"{&quot;background_background&quot;:&quot;classic&quot;}\">\n\t\t\t\t\t<div class=\"e-con-inner\">\n\t\t\t\t<div class=\"elementor-element elementor-element-32d92f6 visually-hidden elementor-widget elementor-widget-heading\" data-id=\"32d92f6\" data-element_type=\"widget\" data-widget_type=\"heading.default\">\n\t\t\t\t<div class=\"elementor-widget-container\">\n\t\t\t\t\t<h1 class=\"elementor-heading-title elementor-size-default\">Europ\u00e4isches Bio-Rind- und Lammfleisch <br>\nWeidehaltung in Irland<\/h1>\t\t\t\t<\/div>\n\t\t\t\t<\/div>\n\t\t\t\t<div class=\"elementor-element elementor-element-03887fc elementor-widget elementor-widget-image\" data-id=\"03887fc\" data-element_type=\"widget\" data-widget_type=\"image.default\">\n\t\t\t\t<div class=\"elementor-widget-container\">\n\t\t\t\t\t\t\t\t\t\t\t\t\t\t\t<img decoding=\"async\" width=\"146\" height=\"197\" src=\"https:\/\/organicbeeflamb.eu\/wp-content\/uploads\/2024\/09\/logo-Enjoy.svg\" class=\"attachment-full size-full wp-image-124\" alt=\"Enjoy it&#039;s from Europe\" \/>\t\t\t\t\t\t\t\t\t\t\t\t\t\t\t<\/div>\n\t\t\t\t<\/div>\n\t\t\t\t\t<\/div>\n\t\t\t\t<\/div>\n\t\t<div class=\"elementor-element elementor-element-f991511 e-flex e-con-boxed e-con e-parent\" data-id=\"f991511\" data-element_type=\"container\">\n\t\t\t\t\t<div class=\"e-con-inner\">\n\t\t<div class=\"elementor-element elementor-element-3ab4882 e-con-full e-flex e-con e-child\" data-id=\"3ab4882\" data-element_type=\"container\">\n\t\t\t\t<div class=\"elementor-element elementor-element-abc49f0 elementor-widget elementor-widget-text-editor\" data-id=\"abc49f0\" data-element_type=\"widget\" data-widget_type=\"text-editor.default\">\n\t\t\t\t<div class=\"elementor-widget-container\">\n\t\t\t\t\t\t\t\t\t<p><span style=\"font-weight: 400;\">Entdecken Sie Europas reiche Tradition der nachhaltigen Landwirtschaft und des <\/span><b>\u00f6kologischen Landbaus,<\/b><span style=\"font-weight: 400;\"> wo \u00fcppige Landschaften und eine starke Tradition an <\/span><b>Bio-Praktiken <\/b><span style=\"font-weight: 400;\">zusammenkommen, um Ihnen Rind- und Lammfleisch von h\u00f6chster Qualit\u00e4t und<\/span><b> nachhaltiger Produktion <\/b><span style=\"font-weight: 400;\">zu bieten. Unsere saftig gr\u00fcnen Wiesen und sanften H\u00fcgel bieten ideale Bedingungen f\u00fcr den <\/span><b>\u00f6kologischen Landbau<\/b><span style=\"font-weight: 400;\"> und sorgen daf\u00fcr, dass jeder Bissen sowohl <\/span><b>schmackhaft als auch n\u00e4hrstoffreich<\/b><span style=\"font-weight: 400;\"> ist.<\/span><\/p>\t\t\t\t\t\t\t\t<\/div>\n\t\t\t\t<\/div>\n\t\t\t\t<div class=\"elementor-element elementor-element-94d7d0c elementor-widget elementor-widget-heading\" data-id=\"94d7d0c\" data-element_type=\"widget\" data-widget_type=\"heading.default\">\n\t\t\t\t<div class=\"elementor-widget-container\">\n\t\t\t\t\t<h2 class=\"elementor-heading-title elementor-size-default\">\u00d6kologische Rind- und Lammfleischproduktion: Eine wachsende Chance in Irland und in der gesamten EU<\/h2>\t\t\t\t<\/div>\n\t\t\t\t<\/div>\n\t\t\t\t<div class=\"elementor-element elementor-element-182f5e2 elementor-widget elementor-widget-text-editor\" data-id=\"182f5e2\" data-element_type=\"widget\" data-widget_type=\"text-editor.default\">\n\t\t\t\t<div class=\"elementor-widget-container\">\n\t\t\t\t\t\t\t\t\t<p><span style=\"font-weight: 400;\"><strong>Der \u00f6kologische Landbau<\/strong> ist nicht nur eine Methode; er ist ein Engagement f\u00fcr einen ges\u00fcnderen Planeten und bessere Lebensmittel. Durch die Zusammenarbeit mit der Natur und die Unterst\u00fctzung der Biodiversit\u00e4t verbessern <strong>\u00f6kologische Praktiken<\/strong> die Bodengesundheit und bek\u00e4mpfen den Klimawandel.<\/span><\/p><p><span style=\"font-weight: 400;\">Unsere landwirtschaftlichen Methoden stellen sicher, dass die Tiere mit ausreichend Platz, frischer Luft und einer nat\u00fcrlichen Ern\u00e4hrung, frei von Hormonen und routinem\u00e4\u00dfigen Antibiotika, aufgezogen werden.<\/span><\/p><p><span style=\"font-weight: 400;\">Dies tr\u00e4gt nicht nur zur Verbesserung des <strong>Tierwohls<\/strong> bei, sondern auch zur Produktion <strong>ges\u00fcnderer Lebensmitteloptionen<\/strong> f\u00fcr Sie und Ihre Familie.<\/span><\/p>\t\t\t\t\t\t\t\t<\/div>\n\t\t\t\t<\/div>\n\t\t\t\t<div class=\"elementor-element elementor-element-2665651 elementor-align-left elementor-mobile-align-center elementor-widget elementor-widget-button\" data-id=\"2665651\" data-element_type=\"widget\" data-widget_type=\"button.default\">\n\t\t\t\t<div class=\"elementor-widget-container\">\n\t\t\t\t\t\t\t\t\t<div class=\"elementor-button-wrapper\">\n\t\t\t\t\t<a class=\"elementor-button elementor-button-link elementor-size-sm\" href=\"\/de\/warum-bio\/tierschutz\/\" aria-label=\"\u00d6kologische Standards\">\n\t\t\t\t\t\t<span class=\"elementor-button-content-wrapper\">\n\t\t\t\t\t\t\t\t\t<span class=\"elementor-button-text\">\u00d6kologische Standards<\/span>\n\t\t\t\t\t<\/span>\n\t\t\t\t\t<\/a>\n\t\t\t\t<\/div>\n\t\t\t\t\t\t\t\t<\/div>\n\t\t\t\t<\/div>\n\t\t\t\t<div class=\"elementor-element elementor-element-1599df7 elementor-hidden-mobile elementor-widget elementor-widget-heading\" data-id=\"1599df7\" data-element_type=\"widget\" data-widget_type=\"heading.default\">\n\t\t\t\t<div class=\"elementor-widget-container\">\n\t\t\t\t\t<h2 class=\"elementor-heading-title elementor-size-default\">EU-Zertifizierungsverfahren f\u00fcr Bio-Produkte: Was Sie wissen m\u00fcssen <\/h2>\t\t\t\t<\/div>\n\t\t\t\t<\/div>\n\t\t\t\t<div class=\"elementor-element elementor-element-8cb1bab elementor-hidden-mobile elementor-widget elementor-widget-text-editor\" data-id=\"8cb1bab\" data-element_type=\"widget\" data-widget_type=\"text-editor.default\">\n\t\t\t\t<div class=\"elementor-widget-container\">\n\t\t\t\t\t\t\t\t\t<p><span style=\"font-weight: 400;\">Wenn Sie das EU-Bio-Logo sehen, k\u00f6nnen Sie sicher sein, dass das Produkt strengen \u00f6kologischen Standards entspricht. Der Bio-Zertifizierungsprozess umfasst detaillierte Inspektionen und j\u00e4hrliche Erneuerungen, um die Integrit\u00e4t der Bio-Angaben zu gew\u00e4hrleisten. Von der ersten Antragstellung bis hin zu regelm\u00e4\u00dfigen \u00dcberpr\u00fcfungen wird jeder Schritt unternommen, um sicherzustellen, dass unsere Produkte nach den strengsten Bio-Richtlinien hergestellt und verarbeitet werden.<\/span><\/p>\t\t\t\t\t\t\t\t<\/div>\n\t\t\t\t<\/div>\n\t\t\t\t<div class=\"elementor-element elementor-element-75ee07a elementor-align-left elementor-hidden-mobile elementor-widget elementor-widget-button\" data-id=\"75ee07a\" data-element_type=\"widget\" data-widget_type=\"button.default\">\n\t\t\t\t<div class=\"elementor-widget-container\">\n\t\t\t\t\t\t\t\t\t<div class=\"elementor-button-wrapper\">\n\t\t\t\t\t<a class=\"elementor-button elementor-button-link elementor-size-sm\" href=\"\/de\/warum-bio\/bio-zertifiziert\/\" aria-label=\"Mehr \u00fcber die Bio-Zertifizierung erfahren\">\n\t\t\t\t\t\t<span class=\"elementor-button-content-wrapper\">\n\t\t\t\t\t\t\t\t\t<span class=\"elementor-button-text\">Mehr \u00fcber die Bio-Zertifizierung erfahren<\/span>\n\t\t\t\t\t<\/span>\n\t\t\t\t\t<\/a>\n\t\t\t\t<\/div>\n\t\t\t\t\t\t\t\t<\/div>\n\t\t\t\t<\/div>\n\t\t\t\t<\/div>\n\t\t<div class=\"elementor-element elementor-element-1e7988a e-con-full e-flex e-con e-child\" data-id=\"1e7988a\" data-element_type=\"container\">\n\t\t\t\t<div class=\"elementor-element elementor-element-9a3c7cd animated-slow elementor-invisible elementor-widget elementor-widget-image\" data-id=\"9a3c7cd\" data-element_type=\"widget\" data-settings=\"{&quot;_animation&quot;:&quot;slideInRight&quot;}\" data-widget_type=\"image.default\">\n\t\t\t\t<div class=\"elementor-widget-container\">\n\t\t\t\t\t\t\t\t\t\t\t\t\t\t\t<img fetchpriority=\"high\" decoding=\"async\" width=\"1956\" height=\"2254\" src=\"https:\/\/organicbeeflamb.eu\/wp-content\/uploads\/2025\/05\/bio-lammfleisch-irisches-schaf.webp\" class=\"attachment-full size-full wp-image-4148\" alt=\"Bio-Lammfleisch\" srcset=\"https:\/\/organicbeeflamb.eu\/wp-content\/uploads\/2025\/05\/bio-lammfleisch-irisches-schaf.webp 1956w, https:\/\/organicbeeflamb.eu\/wp-content\/uploads\/2025\/05\/bio-lammfleisch-irisches-schaf-260x300.webp 260w, https:\/\/organicbeeflamb.eu\/wp-content\/uploads\/2025\/05\/bio-lammfleisch-irisches-schaf-889x1024.webp 889w, https:\/\/organicbeeflamb.eu\/wp-content\/uploads\/2025\/05\/bio-lammfleisch-irisches-schaf-768x885.webp 768w, https:\/\/organicbeeflamb.eu\/wp-content\/uploads\/2025\/05\/bio-lammfleisch-irisches-schaf-1333x1536.webp 1333w, https:\/\/organicbeeflamb.eu\/wp-content\/uploads\/2025\/05\/bio-lammfleisch-irisches-schaf-1777x2048.webp 1777w\" sizes=\"(max-width: 1956px) 100vw, 1956px\" \/>\t\t\t\t\t\t\t\t\t\t\t\t\t\t\t<\/div>\n\t\t\t\t<\/div>\n\t\t\t\t<div class=\"elementor-element elementor-element-361515c animated-slow elementor-invisible elementor-widget elementor-widget-image\" data-id=\"361515c\" data-element_type=\"widget\" data-settings=\"{&quot;_animation&quot;:&quot;slideInUp&quot;}\" data-widget_type=\"image.default\">\n\t\t\t\t<div class=\"elementor-widget-container\">\n\t\t\t\t\t\t\t\t\t\t\t\t\t\t\t<img decoding=\"async\" width=\"1316\" height=\"1515\" src=\"https:\/\/organicbeeflamb.eu\/wp-content\/uploads\/2025\/05\/bio-rindfleisch-irische-rinder.webp\" class=\"attachment-full size-full wp-image-4153\" alt=\"Bio-Rindfleisch: Irische Rinder grasen auf einer gr\u00fcnen Wiese\" srcset=\"https:\/\/organicbeeflamb.eu\/wp-content\/uploads\/2025\/05\/bio-rindfleisch-irische-rinder.webp 1316w, https:\/\/organicbeeflamb.eu\/wp-content\/uploads\/2025\/05\/bio-rindfleisch-irische-rinder-261x300.webp 261w, https:\/\/organicbeeflamb.eu\/wp-content\/uploads\/2025\/05\/bio-rindfleisch-irische-rinder-889x1024.webp 889w, https:\/\/organicbeeflamb.eu\/wp-content\/uploads\/2025\/05\/bio-rindfleisch-irische-rinder-768x884.webp 768w\" sizes=\"(max-width: 1316px) 100vw, 1316px\" \/>\t\t\t\t\t\t\t\t\t\t\t\t\t\t\t<\/div>\n\t\t\t\t<\/div>\n\t\t\t\t<div class=\"elementor-element elementor-element-99f2e87 elementor-hidden-desktop elementor-hidden-tablet elementor-widget elementor-widget-heading\" data-id=\"99f2e87\" data-element_type=\"widget\" data-widget_type=\"heading.default\">\n\t\t\t\t<div class=\"elementor-widget-container\">\n\t\t\t\t\t<h3 class=\"elementor-heading-title elementor-size-default\">EU-Zertifizierungsverfahren f\u00fcr Bio-Produkte: Was Sie wissen m\u00fcssen <\/h3>\t\t\t\t<\/div>\n\t\t\t\t<\/div>\n\t\t\t\t<div class=\"elementor-element elementor-element-8882c15 elementor-hidden-desktop elementor-hidden-tablet elementor-widget elementor-widget-text-editor\" data-id=\"8882c15\" data-element_type=\"widget\" data-widget_type=\"text-editor.default\">\n\t\t\t\t<div class=\"elementor-widget-container\">\n\t\t\t\t\t\t\t\t\t<p><span style=\"font-weight: 400;\">Wenn Sie das EU-Bio-Logo sehen, k\u00f6nnen Sie sicher sein, dass das Produkt strengen \u00f6kologischen Standards entspricht. Der Bio-Zertifizierungsprozess umfasst detaillierte Inspektionen und j\u00e4hrliche Erneuerungen, um die Integrit\u00e4t der Bio-Angaben zu gew\u00e4hrleisten. Von der ersten Antragstellung bis hin zu regelm\u00e4\u00dfigen \u00dcberpr\u00fcfungen wird jeder Schritt unternommen, um sicherzustellen, dass unsere Produkte nach den strengsten Bio-Richtlinien hergestellt und verarbeitet werden.<\/span><\/p>\t\t\t\t\t\t\t\t<\/div>\n\t\t\t\t<\/div>\n\t\t\t\t<div class=\"elementor-element elementor-element-9e62402 animated-slow elementor-invisible elementor-widget elementor-widget-image\" data-id=\"9e62402\" data-element_type=\"widget\" data-settings=\"{&quot;_animation&quot;:&quot;fadeIn&quot;}\" data-widget_type=\"image.default\">\n\t\t\t\t<div class=\"elementor-widget-container\">\n\t\t\t\t\t\t\t\t\t\t\t\t\t\t\t<img loading=\"lazy\" decoding=\"async\" width=\"316\" height=\"211\" src=\"https:\/\/organicbeeflamb.eu\/wp-content\/uploads\/2025\/05\/bio-zertifizierung-logo.svg\" class=\"attachment-full size-full wp-image-4158\" alt=\"Bio-Zertifizierung\" \/>\t\t\t\t\t\t\t\t\t\t\t\t\t\t\t<\/div>\n\t\t\t\t<\/div>\n\t\t\t\t<div class=\"elementor-element elementor-element-c2e77d2 elementor-align-left elementor-hidden-desktop elementor-hidden-tablet elementor-widget elementor-widget-button\" data-id=\"c2e77d2\" data-element_type=\"widget\" data-widget_type=\"button.default\">\n\t\t\t\t<div class=\"elementor-widget-container\">\n\t\t\t\t\t\t\t\t\t<div class=\"elementor-button-wrapper\">\n\t\t\t\t\t<a class=\"elementor-button elementor-button-link elementor-size-sm\" href=\"\/de\/warum-bio\/bio-zertifiziert\/\" aria-label=\"Mehr \u00fcber die Bio-Zertifizierung erfahren\">\n\t\t\t\t\t\t<span class=\"elementor-button-content-wrapper\">\n\t\t\t\t\t\t\t\t\t<span class=\"elementor-button-text\">Mehr \u00fcber die Bio-Zertifizierung erfahren<\/span>\n\t\t\t\t\t<\/span>\n\t\t\t\t\t<\/a>\n\t\t\t\t<\/div>\n\t\t\t\t\t\t\t\t<\/div>\n\t\t\t\t<\/div>\n\t\t\t\t<\/div>\n\t\t\t\t\t<\/div>\n\t\t\t\t<\/div>\n\t\t<div class=\"elementor-element elementor-element-62e3bf6 e-flex e-con-boxed e-con e-parent\" data-id=\"62e3bf6\" data-element_type=\"container\">\n\t\t\t\t\t<div class=\"e-con-inner\">\n\t\t\t\t<div class=\"elementor-element elementor-element-1b5a2ee elementor-widget elementor-widget-heading\" data-id=\"1b5a2ee\" data-element_type=\"widget\" data-widget_type=\"heading.default\">\n\t\t\t\t<div class=\"elementor-widget-container\">\n\t\t\t\t\t<h2 class=\"elementor-heading-title elementor-size-default\">M\u00f6chten Sie mehr <br>\nerfahren?<\/h2>\t\t\t\t<\/div>\n\t\t\t\t<\/div>\n\t\t\t\t\t<\/div>\n\t\t\t\t<\/div>\n\t\t<div class=\"elementor-element elementor-element-af69f00 e-flex e-con-boxed e-con e-parent\" data-id=\"af69f00\" data-element_type=\"container\">\n\t\t\t\t\t<div class=\"e-con-inner\">\n\t\t<div class=\"elementor-element elementor-element-63066c3 e-con-full animated-slow e-flex elementor-invisible e-con e-child\" data-id=\"63066c3\" data-element_type=\"container\" data-settings=\"{&quot;background_background&quot;:&quot;classic&quot;,&quot;animation&quot;:&quot;slideInUp&quot;}\">\n\t\t\t\t<div class=\"elementor-element elementor-element-92d9d49 elementor-widget elementor-widget-image\" data-id=\"92d9d49\" data-element_type=\"widget\" data-widget_type=\"image.default\">\n\t\t\t\t<div class=\"elementor-widget-container\">\n\t\t\t\t\t\t\t\t\t\t\t\t\t\t\t<img loading=\"lazy\" decoding=\"async\" width=\"948\" height=\"1086\" src=\"https:\/\/organicbeeflamb.eu\/wp-content\/uploads\/2025\/05\/bio-rindfleisch.webp\" class=\"attachment-full size-full wp-image-4163\" alt=\"Bio-Rindfleisch\" srcset=\"https:\/\/organicbeeflamb.eu\/wp-content\/uploads\/2025\/05\/bio-rindfleisch.webp 948w, https:\/\/organicbeeflamb.eu\/wp-content\/uploads\/2025\/05\/bio-rindfleisch-262x300.webp 262w, https:\/\/organicbeeflamb.eu\/wp-content\/uploads\/2025\/05\/bio-rindfleisch-894x1024.webp 894w, https:\/\/organicbeeflamb.eu\/wp-content\/uploads\/2025\/05\/bio-rindfleisch-768x880.webp 768w\" sizes=\"(max-width: 948px) 100vw, 948px\" \/>\t\t\t\t\t\t\t\t\t\t\t\t\t\t\t<\/div>\n\t\t\t\t<\/div>\n\t\t\t\t<div class=\"elementor-element elementor-element-b62a1f2 elementor-widget elementor-widget-heading\" data-id=\"b62a1f2\" data-element_type=\"widget\" data-widget_type=\"heading.default\">\n\t\t\t\t<div class=\"elementor-widget-container\">\n\t\t\t\t\t<p class=\"elementor-heading-title elementor-size-default\">Bio-<br>Rindfleisch<\/p>\t\t\t\t<\/div>\n\t\t\t\t<\/div>\n\t\t\t\t<div class=\"elementor-element elementor-element-ea47e47 elementor-align-center elementor-widget elementor-widget-button\" data-id=\"ea47e47\" data-element_type=\"widget\" data-widget_type=\"button.default\">\n\t\t\t\t<div class=\"elementor-widget-container\">\n\t\t\t\t\t\t\t\t\t<div class=\"elementor-button-wrapper\">\n\t\t\t\t\t<a class=\"elementor-button elementor-button-link elementor-size-sm\" href=\"\/de\/bio-rindfleisch\/\" aria-label=\"Erkunden Bio-Rindfleisch\">\n\t\t\t\t\t\t<span class=\"elementor-button-content-wrapper\">\n\t\t\t\t\t\t\t\t\t<span class=\"elementor-button-text\">Entdecken <span class=\"visually-hidden\"> Bio-Rindfleisch<\/span><\/span>\n\t\t\t\t\t<\/span>\n\t\t\t\t\t<\/a>\n\t\t\t\t<\/div>\n\t\t\t\t\t\t\t\t<\/div>\n\t\t\t\t<\/div>\n\t\t\t\t<\/div>\n\t\t<div class=\"elementor-element elementor-element-d1c58b9 e-con-full animated-slow e-flex elementor-invisible e-con e-child\" data-id=\"d1c58b9\" data-element_type=\"container\" data-settings=\"{&quot;background_background&quot;:&quot;classic&quot;,&quot;animation&quot;:&quot;slideInUp&quot;,&quot;animation_delay&quot;:500}\">\n\t\t\t\t<div class=\"elementor-element elementor-element-e28026b elementor-widget elementor-widget-image\" data-id=\"e28026b\" data-element_type=\"widget\" data-widget_type=\"image.default\">\n\t\t\t\t<div class=\"elementor-widget-container\">\n\t\t\t\t\t\t\t\t\t\t\t\t\t\t\t<img loading=\"lazy\" decoding=\"async\" width=\"948\" height=\"1086\" src=\"https:\/\/organicbeeflamb.eu\/wp-content\/uploads\/2025\/05\/bio-lammfleisch.webp\" class=\"attachment-full size-full wp-image-4168\" alt=\"Bio-Lammfleisch\" srcset=\"https:\/\/organicbeeflamb.eu\/wp-content\/uploads\/2025\/05\/bio-lammfleisch.webp 948w, https:\/\/organicbeeflamb.eu\/wp-content\/uploads\/2025\/05\/bio-lammfleisch-262x300.webp 262w, https:\/\/organicbeeflamb.eu\/wp-content\/uploads\/2025\/05\/bio-lammfleisch-894x1024.webp 894w, https:\/\/organicbeeflamb.eu\/wp-content\/uploads\/2025\/05\/bio-lammfleisch-768x880.webp 768w\" sizes=\"(max-width: 948px) 100vw, 948px\" \/>\t\t\t\t\t\t\t\t\t\t\t\t\t\t\t<\/div>\n\t\t\t\t<\/div>\n\t\t\t\t<div class=\"elementor-element elementor-element-0c06e67 elementor-widget elementor-widget-heading\" data-id=\"0c06e67\" data-element_type=\"widget\" data-widget_type=\"heading.default\">\n\t\t\t\t<div class=\"elementor-widget-container\">\n\t\t\t\t\t<h2 class=\"elementor-heading-title elementor-size-default\">Bio-<br>Lammfleisch<\/h2>\t\t\t\t<\/div>\n\t\t\t\t<\/div>\n\t\t\t\t<div class=\"elementor-element elementor-element-3574e3b elementor-align-center elementor-widget elementor-widget-button\" data-id=\"3574e3b\" data-element_type=\"widget\" data-widget_type=\"button.default\">\n\t\t\t\t<div class=\"elementor-widget-container\">\n\t\t\t\t\t\t\t\t\t<div class=\"elementor-button-wrapper\">\n\t\t\t\t\t<a class=\"elementor-button elementor-button-link elementor-size-sm\" href=\"\/de\/bio-lamm\/\" arial-label=\"Erkunden Bio-Lammfleisch\">\n\t\t\t\t\t\t<span class=\"elementor-button-content-wrapper\">\n\t\t\t\t\t\t\t\t\t<span class=\"elementor-button-text\">Entdecken <span class=\"visually-hidden\"> Bio-Lammfleisch<\/span><\/span>\n\t\t\t\t\t<\/span>\n\t\t\t\t\t<\/a>\n\t\t\t\t<\/div>\n\t\t\t\t\t\t\t\t<\/div>\n\t\t\t\t<\/div>\n\t\t\t\t<\/div>\n\t\t<div class=\"elementor-element elementor-element-b299522 e-con-full animated-slow e-flex elementor-invisible e-con e-child\" data-id=\"b299522\" data-element_type=\"container\" data-settings=\"{&quot;background_background&quot;:&quot;classic&quot;,&quot;animation&quot;:&quot;slideInUp&quot;,&quot;animation_delay&quot;:1000}\">\n\t\t\t\t<div class=\"elementor-element elementor-element-532de38 elementor-widget elementor-widget-image\" data-id=\"532de38\" data-element_type=\"widget\" data-widget_type=\"image.default\">\n\t\t\t\t<div class=\"elementor-widget-container\">\n\t\t\t\t\t\t\t\t\t\t\t\t\t\t\t<img loading=\"lazy\" decoding=\"async\" width=\"948\" height=\"1087\" src=\"https:\/\/organicbeeflamb.eu\/wp-content\/uploads\/2025\/05\/irland-bio-landwirtschaft.webp\" class=\"attachment-full size-full wp-image-4173\" alt=\"Irland\" srcset=\"https:\/\/organicbeeflamb.eu\/wp-content\/uploads\/2025\/05\/irland-bio-landwirtschaft.webp 948w, https:\/\/organicbeeflamb.eu\/wp-content\/uploads\/2025\/05\/irland-bio-landwirtschaft-262x300.webp 262w, https:\/\/organicbeeflamb.eu\/wp-content\/uploads\/2025\/05\/irland-bio-landwirtschaft-893x1024.webp 893w, https:\/\/organicbeeflamb.eu\/wp-content\/uploads\/2025\/05\/irland-bio-landwirtschaft-768x881.webp 768w\" sizes=\"(max-width: 948px) 100vw, 948px\" \/>\t\t\t\t\t\t\t\t\t\t\t\t\t\t\t<\/div>\n\t\t\t\t<\/div>\n\t\t\t\t<div class=\"elementor-element elementor-element-ac05a09 elementor-widget elementor-widget-heading\" data-id=\"ac05a09\" data-element_type=\"widget\" data-widget_type=\"heading.default\">\n\t\t\t\t<div class=\"elementor-widget-container\">\n\t\t\t\t\t<p class=\"elementor-heading-title elementor-size-default\">Irland<\/p>\t\t\t\t<\/div>\n\t\t\t\t<\/div>\n\t\t\t\t<div class=\"elementor-element elementor-element-d30c025 elementor-align-center elementor-widget elementor-widget-button\" data-id=\"d30c025\" data-element_type=\"widget\" data-widget_type=\"button.default\">\n\t\t\t\t<div class=\"elementor-widget-container\">\n\t\t\t\t\t\t\t\t\t<div class=\"elementor-button-wrapper\">\n\t\t\t\t\t<a class=\"elementor-button elementor-button-link elementor-size-sm\" href=\"\/de\/irland\/\" aria-label=\"Erkunden Irland\">\n\t\t\t\t\t\t<span class=\"elementor-button-content-wrapper\">\n\t\t\t\t\t\t\t\t\t<span class=\"elementor-button-text\">Entdecken <span class=\"visually-hidden\"> Irland<\/span><\/span>\n\t\t\t\t\t<\/span>\n\t\t\t\t\t<\/a>\n\t\t\t\t<\/div>\n\t\t\t\t\t\t\t\t<\/div>\n\t\t\t\t<\/div>\n\t\t\t\t<\/div>\n\t\t<div class=\"elementor-element elementor-element-a255a59 e-con-full animated-slow e-flex elementor-invisible e-con e-child\" data-id=\"a255a59\" data-element_type=\"container\" data-settings=\"{&quot;background_background&quot;:&quot;classic&quot;,&quot;animation&quot;:&quot;slideInUp&quot;,&quot;animation_delay&quot;:1500}\">\n\t\t\t\t<div class=\"elementor-element elementor-element-3e92c99 elementor-widget elementor-widget-image\" data-id=\"3e92c99\" data-element_type=\"widget\" data-widget_type=\"image.default\">\n\t\t\t\t<div class=\"elementor-widget-container\">\n\t\t\t\t\t\t\t\t\t\t\t\t\t\t\t<img loading=\"lazy\" decoding=\"async\" width=\"948\" height=\"1086\" src=\"https:\/\/organicbeeflamb.eu\/wp-content\/uploads\/2025\/05\/bio-zertifizierung-logo.webp\" class=\"attachment-full size-full wp-image-4178\" alt=\"Bio-Zertifizierung\" srcset=\"https:\/\/organicbeeflamb.eu\/wp-content\/uploads\/2025\/05\/bio-zertifizierung-logo.webp 948w, https:\/\/organicbeeflamb.eu\/wp-content\/uploads\/2025\/05\/bio-zertifizierung-logo-262x300.webp 262w, https:\/\/organicbeeflamb.eu\/wp-content\/uploads\/2025\/05\/bio-zertifizierung-logo-894x1024.webp 894w, https:\/\/organicbeeflamb.eu\/wp-content\/uploads\/2025\/05\/bio-zertifizierung-logo-768x880.webp 768w\" sizes=\"(max-width: 948px) 100vw, 948px\" \/>\t\t\t\t\t\t\t\t\t\t\t\t\t\t\t<\/div>\n\t\t\t\t<\/div>\n\t\t\t\t<div class=\"elementor-element elementor-element-50dd459 elementor-widget elementor-widget-heading\" data-id=\"50dd459\" data-element_type=\"widget\" data-widget_type=\"heading.default\">\n\t\t\t\t<div class=\"elementor-widget-container\">\n\t\t\t\t\t<p class=\"elementor-heading-title elementor-size-default\">Bio-<br>Zertifizierung<\/p>\t\t\t\t<\/div>\n\t\t\t\t<\/div>\n\t\t\t\t<div class=\"elementor-element elementor-element-6c4aec0 elementor-align-center elementor-widget elementor-widget-button\" data-id=\"6c4aec0\" data-element_type=\"widget\" data-widget_type=\"button.default\">\n\t\t\t\t<div class=\"elementor-widget-container\">\n\t\t\t\t\t\t\t\t\t<div class=\"elementor-button-wrapper\">\n\t\t\t\t\t<a class=\"elementor-button elementor-button-link elementor-size-sm\" href=\"\/de\/warum-bio\/bio-zertifiziert\/\" aria-label=\"Erkunden Bio-Zertifizierung\">\n\t\t\t\t\t\t<span class=\"elementor-button-content-wrapper\">\n\t\t\t\t\t\t\t\t\t<span class=\"elementor-button-text\">Entdecken <span class=\"visually-hidden\"> Bio-Zertifizierung<\/span><\/span>\n\t\t\t\t\t<\/span>\n\t\t\t\t\t<\/a>\n\t\t\t\t<\/div>\n\t\t\t\t\t\t\t\t<\/div>\n\t\t\t\t<\/div>\n\t\t\t\t<\/div>\n\t\t\t\t\t<\/div>\n\t\t\t\t<\/div>\n\t\t\t\t<\/div>\n\t\t","protected":false},"excerpt":{"rendered":"<p>Europ\u00e4isches Bio-Rind- und Lammfleisch Weidehaltung in Irland Entdecken Sie Europas reiche Tradition der nachhaltigen Landwirtschaft und des \u00f6kologischen Landbaus, wo \u00fcppige Landschaften und eine starke Tradition an Bio-Praktiken zusammenkommen, um Ihnen Rind- und Lammfleisch von h\u00f6chster Qualit\u00e4t und nachhaltiger Produktion zu bieten. Unsere saftig gr\u00fcnen Wiesen und sanften H\u00fcgel bieten ideale Bedingungen f\u00fcr den \u00f6kologischen [&hellip;]<\/p>\n","protected":false},"author":1,"featured_media":0,"parent":0,"menu_order":0,"comment_status":"closed","ping_status":"closed","template":"","meta":{"footnotes":""},"class_list":["post-2007","page","type-page","status-publish","hentry"],"_links":{"self":[{"href":"https:\/\/organicbeeflamb.eu\/de\/wp-json\/wp\/v2\/pages\/2007","targetHints":{"allow":["GET"]}}],"collection":[{"href":"https:\/\/organicbeeflamb.eu\/de\/wp-json\/wp\/v2\/pages"}],"about":[{"href":"https:\/\/organicbeeflamb.eu\/de\/wp-json\/wp\/v2\/types\/page"}],"author":[{"embeddable":true,"href":"https:\/\/organicbeeflamb.eu\/de\/wp-json\/wp\/v2\/users\/1"}],"replies":[{"embeddable":true,"href":"https:\/\/organicbeeflamb.eu\/de\/wp-json\/wp\/v2\/comments?post=2007"}],"version-history":[{"count":56,"href":"https:\/\/organicbeeflamb.eu\/de\/wp-json\/wp\/v2\/pages\/2007\/revisions"}],"predecessor-version":[{"id":7253,"href":"https:\/\/organicbeeflamb.eu\/de\/wp-json\/wp\/v2\/pages\/2007\/revisions\/7253"}],"wp:attachment":[{"href":"https:\/\/organicbeeflamb.eu\/de\/wp-json\/wp\/v2\/media?parent=2007"}],"curies":[{"name":"wp","href":"https:\/\/api.w.org\/{rel}","templated":true}]}}