{"id":2028,"date":"2024-09-08T16:36:18","date_gmt":"2024-09-08T16:36:18","guid":{"rendered":"https:\/\/organicbeeflamb.eu\/bio-rindfleisch\/family-farming\/"},"modified":"2025-06-02T14:04:22","modified_gmt":"2025-06-02T14:04:22","slug":"familienbetriebe","status":"publish","type":"page","link":"https:\/\/organicbeeflamb.eu\/de\/bio-rindfleisch\/familienbetriebe\/","title":{"rendered":"Familienbetriebe"},"content":{"rendered":"\t\t<div data-elementor-type=\"wp-page\" data-elementor-id=\"2028\" class=\"elementor elementor-2028 elementor-54\" data-elementor-post-type=\"page\">\n\t\t\t\t<div class=\"elementor-element elementor-element-f567630 e-flex e-con-boxed e-con e-parent\" data-id=\"f567630\" data-element_type=\"container\" data-settings=\"{&quot;background_background&quot;:&quot;classic&quot;}\">\n\t\t\t\t\t<div class=\"e-con-inner\">\n\t\t\t\t<div class=\"elementor-element elementor-element-3ad6a80 elementor-widget elementor-widget-heading\" data-id=\"3ad6a80\" data-element_type=\"widget\" data-widget_type=\"heading.default\">\n\t\t\t\t<div class=\"elementor-widget-container\">\n\t\t\t\t\t<h1 class=\"elementor-heading-title elementor-size-default\">Familienbetriebe<\/h1>\t\t\t\t<\/div>\n\t\t\t\t<\/div>\n\t\t\t\t<div class=\"elementor-element elementor-element-5d97632 elementor-widget elementor-widget-image\" data-id=\"5d97632\" data-element_type=\"widget\" data-widget_type=\"image.default\">\n\t\t\t\t<div class=\"elementor-widget-container\">\n\t\t\t\t\t\t\t\t\t\t\t\t\t\t\t<img decoding=\"async\" width=\"146\" height=\"197\" src=\"https:\/\/organicbeeflamb.eu\/wp-content\/uploads\/2024\/09\/logo-Enjoy.svg\" class=\"attachment-full size-full wp-image-124\" alt=\"Enjoy it&#039;s from Europe\" \/>\t\t\t\t\t\t\t\t\t\t\t\t\t\t\t<\/div>\n\t\t\t\t<\/div>\n\t\t\t\t\t<\/div>\n\t\t\t\t<\/div>\n\t\t<div class=\"elementor-element elementor-element-b6cea8e e-flex e-con-boxed e-con e-parent\" data-id=\"b6cea8e\" data-element_type=\"container\">\n\t\t\t\t\t<div class=\"e-con-inner\">\n\t\t<div class=\"elementor-element elementor-element-e119086 e-con-full e-flex e-con e-child\" data-id=\"e119086\" data-element_type=\"container\">\n\t\t\t\t<div class=\"elementor-element elementor-element-61e8e6a elementor-widget elementor-widget-heading\" data-id=\"61e8e6a\" data-element_type=\"widget\" data-widget_type=\"heading.default\">\n\t\t\t\t<div class=\"elementor-widget-container\">\n\t\t\t\t\t<h2 class=\"elementor-heading-title elementor-size-default\">Die Bedeutung des generationen\u00fcbergreifenden biologischen Familienbetriebs in Europa und Irland<\/h2>\t\t\t\t<\/div>\n\t\t\t\t<\/div>\n\t\t\t\t<div class=\"elementor-element elementor-element-23e60d2 elementor-widget elementor-widget-text-editor\" data-id=\"23e60d2\" data-element_type=\"widget\" data-widget_type=\"text-editor.default\">\n\t\t\t\t<div class=\"elementor-widget-container\">\n\t\t\t\t\t\t\t\t\t<p><span style=\"font-weight: 400;\">Familienbetriebe und generationen\u00fcbergreifende Landwirtschaft sind ein zentraler Bestandteil der Kultur und des Erbes Europas. Die Weitergabe von landwirtschaftlichem Wissen und F\u00e4higkeiten, kombiniert mit den strengen Ma\u00dfnahmen der <\/span><b>biologischen Lebensmittelproduktion,<\/b><span style=\"font-weight: 400;\"> erm\u00f6glicht es der EU, eine f\u00fchrende Quelle f\u00fcr <\/span><b>Bio-Rind- und Lammfleisch <\/b><span style=\"font-weight: 400;\">zu sein. In Irland bleibt die Landwirtschaft in der Kultur verankert und unterst\u00fctzt die l\u00e4ndlichen Volkswirtschaften. Die durchschnittliche Herdengr\u00f6\u00dfe liegt bei 66 Rindern und 133 Schafen. Im \u00f6kologischen Landbau ist ein niedriger Viehbestand erforderlich, was dieses System ideal f\u00fcr das Modell des kleinen Familienbetriebs macht.<\/span><\/p>\t\t\t\t\t\t\t\t<\/div>\n\t\t\t\t<\/div>\n\t\t\t\t<div class=\"elementor-element elementor-element-f9db975 animated-slow elementor-hidden-desktop elementor-hidden-tablet elementor-invisible elementor-widget elementor-widget-image\" data-id=\"f9db975\" data-element_type=\"widget\" data-settings=\"{&quot;_animation&quot;:&quot;slideInRight&quot;}\" data-widget_type=\"image.default\">\n\t\t\t\t<div class=\"elementor-widget-container\">\n\t\t\t\t\t\t\t\t\t\t\t\t\t\t\t<img fetchpriority=\"high\" decoding=\"async\" width=\"652\" height=\"752\" src=\"https:\/\/organicbeeflamb.eu\/wp-content\/uploads\/2025\/05\/bio-familienbetriebe.webp\" class=\"attachment-full size-full wp-image-4572\" alt=\"Familienbetriebe in der biologischen Landwirtschaft in Irland, die durch gr\u00fcne Felder gehen\" srcset=\"https:\/\/organicbeeflamb.eu\/wp-content\/uploads\/2025\/05\/bio-familienbetriebe.webp 652w, https:\/\/organicbeeflamb.eu\/wp-content\/uploads\/2025\/05\/bio-familienbetriebe-260x300.webp 260w\" sizes=\"(max-width: 652px) 100vw, 652px\" \/>\t\t\t\t\t\t\t\t\t\t\t\t\t\t\t<\/div>\n\t\t\t\t<\/div>\n\t\t\t\t<div class=\"elementor-element elementor-element-1917ae0 animated-slow elementor-hidden-desktop elementor-hidden-tablet elementor-invisible elementor-widget elementor-widget-image\" data-id=\"1917ae0\" data-element_type=\"widget\" data-settings=\"{&quot;_animation&quot;:&quot;slideInUp&quot;}\" data-widget_type=\"image.default\">\n\t\t\t\t<div class=\"elementor-widget-container\">\n\t\t\t\t\t\t\t\t\t\t\t\t\t\t\t<img decoding=\"async\" width=\"439\" height=\"505\" src=\"https:\/\/organicbeeflamb.eu\/wp-content\/uploads\/2025\/05\/biologische-rinderzucht-irland.webp\" class=\"attachment-full size-full wp-image-4577\" alt=\"Biologische Rinderzucht in Irland mit K\u00fchen, die auf einer gr\u00fcnen Wiese grasen\" srcset=\"https:\/\/organicbeeflamb.eu\/wp-content\/uploads\/2025\/05\/biologische-rinderzucht-irland.webp 439w, https:\/\/organicbeeflamb.eu\/wp-content\/uploads\/2025\/05\/biologische-rinderzucht-irland-261x300.webp 261w\" sizes=\"(max-width: 439px) 100vw, 439px\" \/>\t\t\t\t\t\t\t\t\t\t\t\t\t\t\t<\/div>\n\t\t\t\t<\/div>\n\t\t\t\t<div class=\"elementor-element elementor-element-dfb7ae8 elementor-widget elementor-widget-heading\" data-id=\"dfb7ae8\" data-element_type=\"widget\" data-widget_type=\"heading.default\">\n\t\t\t\t<div class=\"elementor-widget-container\">\n\t\t\t\t\t<h2 class=\"elementor-heading-title elementor-size-default\">Die Schl\u00fcsselrolle der Familienbetriebe bei der l\u00e4ndlichen Entwicklung und Nachhaltigkeit<\/h2>\t\t\t\t<\/div>\n\t\t\t\t<\/div>\n\t\t\t\t<div class=\"elementor-element elementor-element-5f48719 elementor-widget elementor-widget-text-editor\" data-id=\"5f48719\" data-element_type=\"widget\" data-widget_type=\"text-editor.default\">\n\t\t\t\t<div class=\"elementor-widget-container\">\n\t\t\t\t\t\t\t\t\t<p><span style=\"font-weight: 400;\"><strong>Familienbetriebe<\/strong> machen die l\u00e4ndlichen Volkswirtschaften <\/span><b>wettbewerbsf\u00e4higer und nachhaltiger<\/b><span style=\"font-weight: 400;\">, gew\u00e4hrleisten die <\/span><b>Ern\u00e4hrungssicherheit<\/b><span style=\"font-weight: 400;\">, verbessern die Lebensgrundlagen und sch\u00fctzen die <\/span><b>Umwelt<\/b><span style=\"font-weight: 400;\">.<\/span><\/p><p><span style=\"font-weight: 400;\"><br \/><\/span><span style=\"font-weight: 400;\">Von den Vereinten Nationen als unerl\u00e4sslich anerkannt, um das Ziel von null Hunger, einen widerstandsf\u00e4higen Planeten und eine nachhaltige Entwicklung zu erreichen.<\/span><\/p>\t\t\t\t\t\t\t\t<\/div>\n\t\t\t\t<\/div>\n\t\t\t\t<div class=\"elementor-element elementor-element-77ac125 elementor-widget elementor-widget-heading\" data-id=\"77ac125\" data-element_type=\"widget\" data-widget_type=\"heading.default\">\n\t\t\t\t<div class=\"elementor-widget-container\">\n\t\t\t\t\t<h2 class=\"elementor-heading-title elementor-size-default\">Die Vorteile des \u00f6kologischen Landbaus auf familiengef\u00fchrten Betrieben<\/h2>\t\t\t\t<\/div>\n\t\t\t\t<\/div>\n\t\t\t\t<div class=\"elementor-element elementor-element-0ac4af4 elementor-widget elementor-widget-text-editor\" data-id=\"0ac4af4\" data-element_type=\"widget\" data-widget_type=\"text-editor.default\">\n\t\t\t\t<div class=\"elementor-widget-container\">\n\t\t\t\t\t\t\t\t\t<p><span style=\"font-weight: 400;\">Die \u00dcbernahme innovativer Praktiken macht die Betriebe rentabler und zieht die n\u00e4chste Generation an, die Tradition der Familienbetriebe fortzusetzen.<\/span><\/p>\t\t\t\t\t\t\t\t<\/div>\n\t\t\t\t<\/div>\n\t\t\t\t<div class=\"elementor-element elementor-element-b1290a0 elementor-widget elementor-widget-heading\" data-id=\"b1290a0\" data-element_type=\"widget\" data-widget_type=\"heading.default\">\n\t\t\t\t<div class=\"elementor-widget-container\">\n\t\t\t\t\t<h2 class=\"elementor-heading-title elementor-size-default\">Mutterkuhhaltung in der \u00f6kologischen Rindfleischproduktion <\/h2>\t\t\t\t<\/div>\n\t\t\t\t<\/div>\n\t\t\t\t<div class=\"elementor-element elementor-element-d2bb63e elementor-widget elementor-widget-text-editor\" data-id=\"d2bb63e\" data-element_type=\"widget\" data-widget_type=\"text-editor.default\">\n\t\t\t\t<div class=\"elementor-widget-container\">\n\t\t\t\t\t\t\t\t\t<p><span style=\"font-weight: 400;\">Das Mutterkuhhaltungssystem ist ein Zuchtsystem, bei dem K\u00fche K\u00e4lber f\u00fcr die Fleischproduktion geb\u00e4ren und nicht zur Milchproduktion verwendet werden. In diesem System wird das Mutterkuhmilch den K\u00e4lbern gegeben.<\/span><\/p><p><span style=\"font-weight: 400;\"><br \/><\/span><span style=\"font-weight: 400;\">Zu den Rinderrassen geh\u00f6ren Hereford, Limousin, Charolais, Aberdeen Angus, Simmental und Shorthorn. Irland hat die drittgr\u00f6\u00dfte Mutterkuhherde in der EU.<\/span><\/p>\t\t\t\t\t\t\t\t<\/div>\n\t\t\t\t<\/div>\n\t\t\t\t<\/div>\n\t\t<div class=\"elementor-element elementor-element-8cde4b4 e-con-full elementor-hidden-mobile e-flex e-con e-child\" data-id=\"8cde4b4\" data-element_type=\"container\">\n\t\t\t\t<div class=\"elementor-element elementor-element-53071a4 animated-slow elementor-invisible elementor-widget elementor-widget-image\" data-id=\"53071a4\" data-element_type=\"widget\" data-settings=\"{&quot;_animation&quot;:&quot;slideInRight&quot;}\" data-widget_type=\"image.default\">\n\t\t\t\t<div class=\"elementor-widget-container\">\n\t\t\t\t\t\t\t\t\t\t\t\t\t\t\t<img fetchpriority=\"high\" decoding=\"async\" width=\"652\" height=\"752\" src=\"https:\/\/organicbeeflamb.eu\/wp-content\/uploads\/2025\/05\/bio-familienbetriebe.webp\" class=\"attachment-full size-full wp-image-4572\" alt=\"Familienbetriebe in der biologischen Landwirtschaft in Irland, die durch gr\u00fcne Felder gehen\" srcset=\"https:\/\/organicbeeflamb.eu\/wp-content\/uploads\/2025\/05\/bio-familienbetriebe.webp 652w, https:\/\/organicbeeflamb.eu\/wp-content\/uploads\/2025\/05\/bio-familienbetriebe-260x300.webp 260w\" sizes=\"(max-width: 652px) 100vw, 652px\" \/>\t\t\t\t\t\t\t\t\t\t\t\t\t\t\t<\/div>\n\t\t\t\t<\/div>\n\t\t\t\t<div class=\"elementor-element elementor-element-241375f animated-slow elementor-invisible elementor-widget elementor-widget-image\" data-id=\"241375f\" data-element_type=\"widget\" data-settings=\"{&quot;_animation&quot;:&quot;slideInUp&quot;}\" data-widget_type=\"image.default\">\n\t\t\t\t<div class=\"elementor-widget-container\">\n\t\t\t\t\t\t\t\t\t\t\t\t\t\t\t<img decoding=\"async\" width=\"439\" height=\"505\" src=\"https:\/\/organicbeeflamb.eu\/wp-content\/uploads\/2025\/05\/biologische-rinderzucht-irland.webp\" class=\"attachment-full size-full wp-image-4577\" alt=\"Biologische Rinderzucht in Irland mit K\u00fchen, die auf einer gr\u00fcnen Wiese grasen\" srcset=\"https:\/\/organicbeeflamb.eu\/wp-content\/uploads\/2025\/05\/biologische-rinderzucht-irland.webp 439w, https:\/\/organicbeeflamb.eu\/wp-content\/uploads\/2025\/05\/biologische-rinderzucht-irland-261x300.webp 261w\" sizes=\"(max-width: 439px) 100vw, 439px\" \/>\t\t\t\t\t\t\t\t\t\t\t\t\t\t\t<\/div>\n\t\t\t\t<\/div>\n\t\t\t\t<\/div>\n\t\t\t\t\t<\/div>\n\t\t\t\t<\/div>\n\t\t\t\t<\/div>\n\t\t","protected":false},"excerpt":{"rendered":"<p>Familienbetriebe Die Bedeutung des generationen\u00fcbergreifenden biologischen Familienbetriebs in Europa und Irland Familienbetriebe und generationen\u00fcbergreifende Landwirtschaft sind ein zentraler Bestandteil der Kultur und des Erbes Europas. Die Weitergabe von landwirtschaftlichem Wissen und F\u00e4higkeiten, kombiniert mit den strengen Ma\u00dfnahmen der biologischen Lebensmittelproduktion, erm\u00f6glicht es der EU, eine f\u00fchrende Quelle f\u00fcr Bio-Rind- und Lammfleisch zu sein. In Irland [&hellip;]<\/p>\n","protected":false},"author":1,"featured_media":0,"parent":2020,"menu_order":0,"comment_status":"closed","ping_status":"closed","template":"","meta":{"footnotes":""},"class_list":["post-2028","page","type-page","status-publish","hentry"],"_links":{"self":[{"href":"https:\/\/organicbeeflamb.eu\/de\/wp-json\/wp\/v2\/pages\/2028","targetHints":{"allow":["GET"]}}],"collection":[{"href":"https:\/\/organicbeeflamb.eu\/de\/wp-json\/wp\/v2\/pages"}],"about":[{"href":"https:\/\/organicbeeflamb.eu\/de\/wp-json\/wp\/v2\/types\/page"}],"author":[{"embeddable":true,"href":"https:\/\/organicbeeflamb.eu\/de\/wp-json\/wp\/v2\/users\/1"}],"replies":[{"embeddable":true,"href":"https:\/\/organicbeeflamb.eu\/de\/wp-json\/wp\/v2\/comments?post=2028"}],"version-history":[{"count":22,"href":"https:\/\/organicbeeflamb.eu\/de\/wp-json\/wp\/v2\/pages\/2028\/revisions"}],"predecessor-version":[{"id":6992,"href":"https:\/\/organicbeeflamb.eu\/de\/wp-json\/wp\/v2\/pages\/2028\/revisions\/6992"}],"up":[{"embeddable":true,"href":"https:\/\/organicbeeflamb.eu\/de\/wp-json\/wp\/v2\/pages\/2020"}],"wp:attachment":[{"href":"https:\/\/organicbeeflamb.eu\/de\/wp-json\/wp\/v2\/media?parent=2028"}],"curies":[{"name":"wp","href":"https:\/\/api.w.org\/{rel}","templated":true}]}}