{"id":2036,"date":"2024-09-08T16:36:41","date_gmt":"2024-09-08T16:36:41","guid":{"rendered":"https:\/\/organicbeeflamb.eu\/organic-lamb\/"},"modified":"2025-06-02T14:07:58","modified_gmt":"2025-06-02T14:07:58","slug":"bio-lamm","status":"publish","type":"page","link":"https:\/\/organicbeeflamb.eu\/de\/bio-lamm\/","title":{"rendered":"Bio-Lamm"},"content":{"rendered":"\t\t<div data-elementor-type=\"wp-page\" data-elementor-id=\"2036\" class=\"elementor elementor-2036 elementor-56\" data-elementor-post-type=\"page\">\n\t\t\t\t<div class=\"elementor-element elementor-element-a53459c e-flex e-con-boxed e-con e-parent\" data-id=\"a53459c\" data-element_type=\"container\" data-settings=\"{&quot;background_background&quot;:&quot;classic&quot;}\">\n\t\t\t\t\t<div class=\"e-con-inner\">\n\t\t\t\t<div class=\"elementor-element elementor-element-bfc18f9 elementor-widget elementor-widget-heading\" data-id=\"bfc18f9\" data-element_type=\"widget\" data-widget_type=\"heading.default\">\n\t\t\t\t<div class=\"elementor-widget-container\">\n\t\t\t\t\t<h1 class=\"elementor-heading-title elementor-size-default\">Bio-Lammfleisch<\/h1>\t\t\t\t<\/div>\n\t\t\t\t<\/div>\n\t\t\t\t<div class=\"elementor-element elementor-element-7ea5bec elementor-widget elementor-widget-image\" data-id=\"7ea5bec\" data-element_type=\"widget\" data-widget_type=\"image.default\">\n\t\t\t\t<div class=\"elementor-widget-container\">\n\t\t\t\t\t\t\t\t\t\t\t\t\t\t\t<img decoding=\"async\" width=\"146\" height=\"197\" src=\"https:\/\/organicbeeflamb.eu\/wp-content\/uploads\/2024\/09\/logo-Enjoy.svg\" class=\"attachment-full size-full wp-image-124\" alt=\"Enjoy it&#039;s from Europe\" \/>\t\t\t\t\t\t\t\t\t\t\t\t\t\t\t<\/div>\n\t\t\t\t<\/div>\n\t\t\t\t\t<\/div>\n\t\t\t\t<\/div>\n\t\t<div class=\"elementor-element elementor-element-2656cb1 e-flex e-con-boxed e-con e-parent\" data-id=\"2656cb1\" data-element_type=\"container\">\n\t\t\t\t\t<div class=\"e-con-inner\">\n\t\t<div class=\"elementor-element elementor-element-038e7de e-con-full e-flex e-con e-child\" data-id=\"038e7de\" data-element_type=\"container\">\n\t\t\t\t<div class=\"elementor-element elementor-element-9fd0c17 elementor-widget elementor-widget-text-editor\" data-id=\"9fd0c17\" data-element_type=\"widget\" data-widget_type=\"text-editor.default\">\n\t\t\t\t<div class=\"elementor-widget-container\">\n\t\t\t\t\t\t\t\t\t<p><span style=\"font-weight: 400;\"><b>Europ\u00e4isches Bio-Lammfleisch<\/b> bietet eine einzigartige Kombination aus gesundheitlichen Vorteilen, hervorragendem Geschmack und nachhaltigen Produktionsmethoden. Mit seiner wachsenden Beliebtheit und seiner starken Pr\u00e4senz auf den heimischen und internationalen M\u00e4rkten ist <\/span><b>irisches Bio-Lammfleisch<\/b><span style=\"font-weight: 400;\"> die perfekte Wahl f\u00fcr alle, die hochwertiges, schmackhaftes Fleisch suchen.<\/span><\/p>\t\t\t\t\t\t\t\t<\/div>\n\t\t\t\t<\/div>\n\t\t\t\t<\/div>\n\t\t<div class=\"elementor-element elementor-element-efc96a1 e-con-full e-flex e-con e-child\" data-id=\"efc96a1\" data-element_type=\"container\">\n\t\t\t\t<div class=\"elementor-element elementor-element-7623a4e animated-slow elementor-invisible elementor-widget elementor-widget-image\" data-id=\"7623a4e\" data-element_type=\"widget\" data-settings=\"{&quot;_animation&quot;:&quot;slideInRight&quot;}\" data-widget_type=\"image.default\">\n\t\t\t\t<div class=\"elementor-widget-container\">\n\t\t\t\t\t\t\t\t\t\t\t\t\t\t\t<img fetchpriority=\"high\" decoding=\"async\" width=\"1965\" height=\"1023\" src=\"https:\/\/organicbeeflamb.eu\/wp-content\/uploads\/2025\/05\/bio-lammfleisch-irisches-schaf-1.webp\" class=\"attachment-full size-full wp-image-4660\" alt=\"Bio-Lammfleisch\" srcset=\"https:\/\/organicbeeflamb.eu\/wp-content\/uploads\/2025\/05\/bio-lammfleisch-irisches-schaf-1.webp 1965w, https:\/\/organicbeeflamb.eu\/wp-content\/uploads\/2025\/05\/bio-lammfleisch-irisches-schaf-1-300x156.webp 300w, https:\/\/organicbeeflamb.eu\/wp-content\/uploads\/2025\/05\/bio-lammfleisch-irisches-schaf-1-1024x533.webp 1024w, https:\/\/organicbeeflamb.eu\/wp-content\/uploads\/2025\/05\/bio-lammfleisch-irisches-schaf-1-768x400.webp 768w, https:\/\/organicbeeflamb.eu\/wp-content\/uploads\/2025\/05\/bio-lammfleisch-irisches-schaf-1-1536x800.webp 1536w\" sizes=\"(max-width: 1965px) 100vw, 1965px\" \/>\t\t\t\t\t\t\t\t\t\t\t\t\t\t\t<\/div>\n\t\t\t\t<\/div>\n\t\t\t\t<\/div>\n\t\t\t\t\t<\/div>\n\t\t\t\t<\/div>\n\t\t<div class=\"elementor-element elementor-element-c42e770 e-flex e-con-boxed e-con e-parent\" data-id=\"c42e770\" data-element_type=\"container\">\n\t\t\t\t\t<div class=\"e-con-inner\">\n\t\t\t\t<div class=\"elementor-element elementor-element-904d04c elementor-widget elementor-widget-heading\" data-id=\"904d04c\" data-element_type=\"widget\" data-widget_type=\"heading.default\">\n\t\t\t\t<div class=\"elementor-widget-container\">\n\t\t\t\t\t<h2 class=\"elementor-heading-title elementor-size-default\">Was macht Lammfleisch biologisch? Zentrale Vorteile von Bio-Lammfleisch<\/h2>\t\t\t\t<\/div>\n\t\t\t\t<\/div>\n\t\t\t\t\t<\/div>\n\t\t\t\t<\/div>\n\t\t<div class=\"elementor-element elementor-element-a6ccbac e-flex e-con-boxed e-con e-parent\" data-id=\"a6ccbac\" data-element_type=\"container\">\n\t\t\t\t\t<div class=\"e-con-inner\">\n\t\t<div class=\"elementor-element elementor-element-b9b87a9 e-con-full e-flex e-con e-child\" data-id=\"b9b87a9\" data-element_type=\"container\">\n\t\t\t\t<div class=\"elementor-element elementor-element-3d45144 elementor-widget elementor-widget-image\" data-id=\"3d45144\" data-element_type=\"widget\" data-widget_type=\"image.default\">\n\t\t\t\t<div class=\"elementor-widget-container\">\n\t\t\t\t\t\t\t\t\t\t\t\t\t\t\t<img decoding=\"async\" src=\"https:\/\/organicbeeflamb.eu\/wp-content\/uploads\/2024\/09\/organic_beef_icon_1.svg\" class=\"attachment-full size-full wp-image-402\" alt=\"\" \/>\t\t\t\t\t\t\t\t\t\t\t\t\t\t\t<\/div>\n\t\t\t\t<\/div>\n\t\t\t\t<div class=\"elementor-element elementor-element-b718726 elementor-widget__width-initial elementor-widget elementor-widget-text-editor\" data-id=\"b718726\" data-element_type=\"widget\" data-widget_type=\"text-editor.default\">\n\t\t\t\t<div class=\"elementor-widget-container\">\n\t\t\t\t\t\t\t\t\t<ul><li><b>Ein h\u00f6herer Standard des Tierschutzes. Die Tiere m\u00fcssen sowohl drinnen als auch drau\u00dfen viel Platz haben, was hilft, Stress und Krankheiten zu reduzieren.<\/b><\/li><\/ul>\t\t\t\t\t\t\t\t<\/div>\n\t\t\t\t<\/div>\n\t\t\t\t<\/div>\n\t\t<div class=\"elementor-element elementor-element-85f4e01 e-con-full elementor-hidden-mobile e-flex e-con e-child\" data-id=\"85f4e01\" data-element_type=\"container\">\n\t\t\t\t<div class=\"elementor-element elementor-element-a897c13 elementor-widget elementor-widget-image\" data-id=\"a897c13\" data-element_type=\"widget\" data-widget_type=\"image.default\">\n\t\t\t\t<div class=\"elementor-widget-container\">\n\t\t\t\t\t\t\t\t\t\t\t\t\t\t\t<img decoding=\"async\" src=\"https:\/\/organicbeeflamb.eu\/wp-content\/uploads\/2024\/09\/organic_beef_icon_2.svg\" class=\"attachment-full size-full wp-image-407\" alt=\"\" \/>\t\t\t\t\t\t\t\t\t\t\t\t\t\t\t<\/div>\n\t\t\t\t<\/div>\n\t\t\t\t<div class=\"elementor-element elementor-element-773baab elementor-widget__width-initial elementor-widget elementor-widget-text-editor\" data-id=\"773baab\" data-element_type=\"widget\" data-widget_type=\"text-editor.default\">\n\t\t\t\t<div class=\"elementor-widget-container\">\n\t\t\t\t\t\t\t\t\t<ul><li><b>Der routinem\u00e4\u00dfige Einsatz von Antibiotika ist nicht erlaubt.<\/b><\/li><\/ul>\t\t\t\t\t\t\t\t<\/div>\n\t\t\t\t<\/div>\n\t\t\t\t<\/div>\n\t\t\t\t\t<\/div>\n\t\t\t\t<\/div>\n\t\t<div class=\"elementor-element elementor-element-0fc397a e-flex e-con-boxed e-con e-parent\" data-id=\"0fc397a\" data-element_type=\"container\">\n\t\t\t\t\t<div class=\"e-con-inner\">\n\t\t<div class=\"elementor-element elementor-element-6b2b499 e-con-full e-flex e-con e-child\" data-id=\"6b2b499\" data-element_type=\"container\">\n\t\t\t\t<div class=\"elementor-element elementor-element-be6b8fb elementor-widget elementor-widget-image\" data-id=\"be6b8fb\" data-element_type=\"widget\" data-widget_type=\"image.default\">\n\t\t\t\t<div class=\"elementor-widget-container\">\n\t\t\t\t\t\t\t\t\t\t\t\t\t\t\t<img decoding=\"async\" src=\"https:\/\/organicbeeflamb.eu\/wp-content\/uploads\/2024\/09\/organic_beef_icon_3.svg\" class=\"attachment-full size-full wp-image-412\" alt=\"\" \/>\t\t\t\t\t\t\t\t\t\t\t\t\t\t\t<\/div>\n\t\t\t\t<\/div>\n\t\t\t\t<div class=\"elementor-element elementor-element-77882f4 elementor-widget__width-initial elementor-widget elementor-widget-text-editor\" data-id=\"77882f4\" data-element_type=\"widget\" data-widget_type=\"text-editor.default\">\n\t\t\t\t<div class=\"elementor-widget-container\">\n\t\t\t\t\t\t\t\t\t<ul><li><b>Die Tiere m\u00fcssen Zugang zu Weiden haben, um zu grasen, wann immer es die Bedingungen zulassen.<\/b><\/li><\/ul>\t\t\t\t\t\t\t\t<\/div>\n\t\t\t\t<\/div>\n\t\t\t\t<\/div>\n\t\t<div class=\"elementor-element elementor-element-dc41bfd e-con-full elementor-hidden-desktop elementor-hidden-tablet e-flex e-con e-child\" data-id=\"dc41bfd\" data-element_type=\"container\">\n\t\t\t\t<div class=\"elementor-element elementor-element-d32b88d elementor-widget elementor-widget-image\" data-id=\"d32b88d\" data-element_type=\"widget\" data-widget_type=\"image.default\">\n\t\t\t\t<div class=\"elementor-widget-container\">\n\t\t\t\t\t\t\t\t\t\t\t\t\t\t\t<img decoding=\"async\" src=\"https:\/\/organicbeeflamb.eu\/wp-content\/uploads\/2024\/09\/organic_beef_icon_2.svg\" class=\"attachment-full size-full wp-image-407\" alt=\"\" \/>\t\t\t\t\t\t\t\t\t\t\t\t\t\t\t<\/div>\n\t\t\t\t<\/div>\n\t\t\t\t<div class=\"elementor-element elementor-element-cd42358 elementor-widget__width-initial elementor-widget elementor-widget-text-editor\" data-id=\"cd42358\" data-element_type=\"widget\" data-widget_type=\"text-editor.default\">\n\t\t\t\t<div class=\"elementor-widget-container\">\n\t\t\t\t\t\t\t\t\t<ul><li><b>Der routinem\u00e4\u00dfige Einsatz von Antibiotika ist nicht erlaubt.<\/b><\/li><\/ul>\t\t\t\t\t\t\t\t<\/div>\n\t\t\t\t<\/div>\n\t\t\t\t<\/div>\n\t\t<div class=\"elementor-element elementor-element-a43166d e-con-full e-flex e-con e-child\" data-id=\"a43166d\" data-element_type=\"container\">\n\t\t\t\t<div class=\"elementor-element elementor-element-69bef77 elementor-widget elementor-widget-image\" data-id=\"69bef77\" data-element_type=\"widget\" data-widget_type=\"image.default\">\n\t\t\t\t<div class=\"elementor-widget-container\">\n\t\t\t\t\t\t\t\t\t\t\t\t\t\t\t<img decoding=\"async\" src=\"https:\/\/organicbeeflamb.eu\/wp-content\/uploads\/2024\/09\/organic_beef_icon_4.svg\" class=\"attachment-full size-full wp-image-417\" alt=\"\" \/>\t\t\t\t\t\t\t\t\t\t\t\t\t\t\t<\/div>\n\t\t\t\t<\/div>\n\t\t\t\t<div class=\"elementor-element elementor-element-a84700c elementor-widget__width-initial elementor-widget elementor-widget-text-editor\" data-id=\"a84700c\" data-element_type=\"widget\" data-widget_type=\"text-editor.default\">\n\t\t\t\t<div class=\"elementor-widget-container\">\n\t\t\t\t\t\t\t\t\t<ul><li><b>Es werden keine synthetischen D\u00fcngemittel und Pestizide verwendet.<\/b><\/li><\/ul>\t\t\t\t\t\t\t\t<\/div>\n\t\t\t\t<\/div>\n\t\t\t\t<\/div>\n\t\t\t\t\t<\/div>\n\t\t\t\t<\/div>\n\t\t<div class=\"elementor-element elementor-element-00afab5 e-flex e-con-boxed e-con e-parent\" data-id=\"00afab5\" data-element_type=\"container\">\n\t\t\t\t\t<div class=\"e-con-inner\">\n\t\t<div class=\"elementor-element elementor-element-2057964 e-con-full e-flex e-con e-child\" data-id=\"2057964\" data-element_type=\"container\">\n\t\t\t\t<div class=\"elementor-element elementor-element-ea91190 elementor-widget elementor-widget-heading\" data-id=\"ea91190\" data-element_type=\"widget\" data-widget_type=\"heading.default\">\n\t\t\t\t<div class=\"elementor-widget-container\">\n\t\t\t\t\t<h2 class=\"elementor-heading-title elementor-size-default\">Biolamm in der EU: Nachhaltigkeit und Tierschutz<\/h2>\t\t\t\t<\/div>\n\t\t\t\t<\/div>\n\t\t\t\t<div class=\"elementor-element elementor-element-98e6f4f elementor-widget elementor-widget-text-editor\" data-id=\"98e6f4f\" data-element_type=\"widget\" data-widget_type=\"text-editor.default\">\n\t\t\t\t<div class=\"elementor-widget-container\">\n\t\t\t\t\t\t\t\t\t<p><span style=\"font-weight: 400;\">Europ\u00e4ische Produktion von Bio-Lammfleisch umfasst ein Schafhaltungssystem, das den Einsatz durchdachter landwirtschaftlicher Praktiken erfordert, um Umweltsch\u00e4den zu vermeiden und den <\/span><b>Tierschutz <\/b><span style=\"font-weight: 400;\">zu priorisieren. Der Aufbau und die Erhaltung der Bodenfruchtbarkeit sowie die Krankheitspr\u00e4vention der Herde sind ebenfalls wichtige Aspekte der <strong>Bio-Lammproduktion.<\/strong><\/span><\/p>\t\t\t\t\t\t\t\t<\/div>\n\t\t\t\t<\/div>\n\t\t\t\t<\/div>\n\t\t<div class=\"elementor-element elementor-element-dcc98c0 e-con-full elementor-hidden-mobile e-flex e-con e-child\" data-id=\"dcc98c0\" data-element_type=\"container\">\n\t\t\t\t<\/div>\n\t\t\t\t\t<\/div>\n\t\t\t\t<\/div>\n\t\t<div class=\"elementor-element elementor-element-01ad2c9 e-flex e-con-boxed e-con e-parent\" data-id=\"01ad2c9\" data-element_type=\"container\">\n\t\t\t\t\t<div class=\"e-con-inner\">\n\t\t\t\t<div class=\"elementor-element elementor-element-970f346 elementor-widget__width-inherit elementor-widget elementor-widget-shortcode\" data-id=\"970f346\" data-element_type=\"widget\" data-widget_type=\"shortcode.default\">\n\t\t\t\t<div class=\"elementor-widget-container\">\n\t\t\t\t\t\t\t<div class=\"elementor-shortcode\"><div id=\"acordeon-container-69f0d56a95970\" class=\"acordeon-container acordeon-layout-1\"><div class=\"acordeon-items\">\n\n<div class=\"acordeon-item\"><button id=\"tab-acordeon-69f0d56a959f9\" class=\"acordeon-trigger\" aria-expanded=\"false\" aria-controls=\"panel-acordeon-69f0d56a959f9\"><span class=\"titulo\">Tierschutz<\/span><span class=\"icon\" aria-hidden=\"true\">+<\/span><\/button><div id=\"panel-acordeon-69f0d56a959f9\" class=\"acordeon-panel\" role=\"region\" aria-labelledby=\"tab-acordeon-69f0d56a959f9\" hidden><div class=\"acordeon-content\">Da die biologische Schafhaltung nicht auf externe oder synthetische Mittel wie Kunstd\u00fcnger, Pestizide und routinem\u00e4\u00dfige Antibiotika zur\u00fcckgreifen kann, muss mehr Zeit f\u00fcr die Planung und das Gesp\u00fcr f\u00fcr das Land, die Gesundheit der Tiere und des Bodens aufgewendet werden. Die Schafe haben viel Platz, und in Irland k\u00f6nnen sie den gr\u00f6\u00dften Teil des Jahres auf Weiden umherstreifen und grasen.\n<\/div><\/div><\/div>\n<div class=\"acordeon-item\"><button id=\"tab-acordeon-69f0d56a95a24\" class=\"acordeon-trigger\" aria-expanded=\"false\" aria-controls=\"panel-acordeon-69f0d56a95a24\"><span class=\"titulo\">Bodenfruchtbarkeit<\/span><span class=\"icon\" aria-hidden=\"true\">+<\/span><\/button><div id=\"panel-acordeon-69f0d56a95a24\" class=\"acordeon-panel\" role=\"region\" aria-labelledby=\"tab-acordeon-69f0d56a95a24\" hidden><div class=\"acordeon-content\">Die Ern\u00e4hrung der L\u00e4mmer und Schafe besteht haupts\u00e4chlich aus Gras, aber jedes andere Futter muss aus biologischen Quellen stammen. Um sicherzustellen, dass die Schafe und L\u00e4mmer das ganze Jahr \u00fcber genug Futter haben, betreiben viele Biobauern einen gemischten Betrieb und bauen ihre eigenen Futtermittel an, die sie verwenden, wenn die Grasniveaus w\u00e4hrend der Wintermonate niedrig sind.\n<\/div><\/div><\/div>\n<div class=\"acordeon-item\"><button id=\"tab-acordeon-69f0d56a95a41\" class=\"acordeon-trigger\" aria-expanded=\"false\" aria-controls=\"panel-acordeon-69f0d56a95a41\"><span class=\"titulo\">Unterbringung<\/span><span class=\"icon\" aria-hidden=\"true\">+<\/span><\/button><div id=\"panel-acordeon-69f0d56a95a41\" class=\"acordeon-panel\" role=\"region\" aria-labelledby=\"tab-acordeon-69f0d56a95a41\" hidden><div class=\"acordeon-content\">In Irland k\u00f6nnen Schafe das ganze Jahr \u00fcber im Freien gehalten werden, aber w\u00e4hrend der Lammzeit entscheiden sich einige Landwirte daf\u00fcr, ihre Schafe im Stall unterzubringen, wo die Mutterschafe gen\u00fcgend Platz zum Liegen haben und ausreichend biologisches Futter in Form von Silage (konserviertem Gras) und anderen biologischen Futtermitteln wie Hafer und Erbsen erhalten.\n\n<\/div><\/div><\/div>\n<\/div><\/div><script>\n        document.addEventListener(\"DOMContentLoaded\", function() {\n            const acordeon = document.getElementById(\"acordeon-container-69f0d56a95970\");\n            const triggers = acordeon.querySelectorAll(\".acordeon-trigger\");\n            \n            triggers.forEach(trigger => {\n                trigger.addEventListener(\"click\", function() {\n                    const expanded = this.getAttribute(\"aria-expanded\") === \"true\";\n                    \n                    \/\/ Cerrar todos los paneles\n                    triggers.forEach(t => {\n                        t.setAttribute(\"aria-expanded\", \"false\");\n                        const panel = document.getElementById(t.getAttribute(\"aria-controls\"));\n                        panel.hidden = true;\n\t\t\t\t\t\tt.querySelector(\".icon\").textContent = \"+\";\n                    });\n                    \n                    \/\/ Si no estaba expandido, abrir este panel\n                    if (!expanded) {\n                        this.setAttribute(\"aria-expanded\", \"true\");\n                        const panel = document.getElementById(this.getAttribute(\"aria-controls\"));\n                        panel.hidden = false;\n\t\t\t\t\t\tthis.querySelector(\".icon\").textContent = \"-\";\n                    }\n                });\n            });\n        });\n    <\/script><style>\n        .acordeon-container {\n            margin: 1em 0;\n            width: 100%;\n\t\t\tpadding: 0;\n        }\n        \n        .acordeon-titulo {\n            margin-bottom: 1em;\n        }\n        \n        .acordeon-items {\n            display: flex;\n            flex-wrap: wrap;\n            gap: 1.5em;\n        }\n        .acordeon-content {\n\t\t\tfont-size: 20px;\n\t\t}\n\t\t\n        \/* Layout 1: Dos columnas y uno centrado abajo *\/\n        .acordeon-layout-1 .acordeon-item:nth-child(1),\n        .acordeon-layout-1 .acordeon-item:nth-child(2) {\n            width: calc(50% - 0.75em);\n        }\n        \n        .acordeon-layout-1 .acordeon-item:nth-child(3) {\n\t\t\twidth: 49%;\n\t\t\tmargin: auto;\n\t\t}\n        \n        \/* Layout 2: Dos columnas *\/\n        .acordeon-layout-2 .acordeon-item {\n            width: calc(50% - 0.75em);\n        }\n        \n        \/* Layout 3: Una columna *\/\n        .acordeon-layout-3 .acordeon-item {\n            width: 100%;\n        }\n        \n        .acordeon-trigger {\n            display: flex;\n            justify-content: space-between;\n            align-items: center;\n            width: 100%;\n            padding: 35px 60px 35px 60px !important;\n            background-color: #FFF !important;\n            border: 1px solid #345B60 !important;\n            border-radius: 0px !important;\n            text-align: left !important;\n            cursor: pointer;\n            transition: background-color 0.3s !important;\n\t\t\tcolor: #595959 !important;\n\t\t\tfont-size: 24px !important;\n\t\t\tfont-weight: 700 !important;\n\t\t\tfont-family: \"BordBiaSans-Regular\" !important;\n\t\t}\n        \n        .acordeon-trigger:hover,\n        .acordeon-trigger:focus {\n            color: #2A8436 !important;\n\t\t\tbackground-color: #FFFFFF;\n        }\n        \n        .acordeon-trigger[aria-expanded=\"true\"] {\n            color: #2A8436 !important;\n\t\t\tbackground-color: #FFFFFF;\n        }\n        \n        .acordeon-trigger .icon {\n\t\t\tdisplay: flex;\n\t\t\tjustify-content: center;\n\t\t\talign-items: center;\n\t\t\twidth: 20px;\n\t\t\theight: 20px;\n\t\t\tfont-size: 35px;\n\t\t\tfont-weight: bold;\n\t\t\tline-height: 1;\n\t\t}\n\t\t\n\t\t\/* Soluci\u00f3n para t\u00edtulos largos *\/\n\t\t.acordeon-trigger .titulo {\n\t\t\tdisplay: block;\n\t\t\t\/* max-width: calc(100% - 70px); Mucho m\u00e1s espacio para el icono *\/\n\t\t\tword-wrap: break-word;\n\t\t\twhite-space: normal;\n\t\t\tflex: 1;\n\t\t\tpadding-right: 30px;\n\t\t}\n\t\t\n\t\t\/* Posicionamiento del icono para evitar cualquier superposici\u00f3n *\/\n\t\t.acordeon-trigger {\n\t\t\tposition: relative;\n\t\t}\n\t\t\n\t\t.acordeon-trigger .icon {\n\t\t\tposition: absolute;\n\t\t\tright: 70px;\n\t\t\ttop: 50%;\n\t\t\ttransform: translateY(-50%);\n\t\t}\n        \n        .acordeon-panel {\n            padding: 15px 60px;\n            background-color: #fff;\n            border: 1px solid #345B60;\n            border-top: none;\n        }\n\t\t@media (max-width:798px)\n\t\t{\n\t\t.acordeon-items {\n\t\t\tdisplay: flex;\n\t\t\tflex-wrap: nowrap;\n\t\t\tgap: 1.5em;\n\t\t\tflex-direction: column;\n\t\t}\n\t\t.acordeon-layout-1 .acordeon-item:nth-child(1), .acordeon-layout-1 .acordeon-item:nth-child(2), .acordeon-layout-1 .acordeon-item:nth-child(3), .acordeon-layout-2 .acordeon-item {\n\t\t\twidth: 100%;\n\t\t}\n\t\t.acordeon-trigger {\n\t\t\twidth: 100%;\n\t\t\tpadding: 20px 20px 20px 20px !important;\n\t\t\tfont-size: 24px !important;\n\t\t}\n\t\t.acordeon-trigger .icon {\n\t\t\tposition: absolute;\n\t\t\tright: 14px;\n\t\t\ttop: 50%;\n\t\t\ttransform: translateY(-50%);\n\t\t}\n\t\t}\n    <\/style><\/div>\n\t\t\t\t\t\t<\/div>\n\t\t\t\t<\/div>\n\t\t\t\t\t<\/div>\n\t\t\t\t<\/div>\n\t\t<div class=\"elementor-element elementor-element-8acd020 e-flex e-con-boxed e-con e-parent\" data-id=\"8acd020\" data-element_type=\"container\">\n\t\t\t\t\t<div class=\"e-con-inner\">\n\t\t\t\t<div class=\"elementor-element elementor-element-743d396 elementor-widget elementor-widget-heading\" data-id=\"743d396\" data-element_type=\"widget\" data-widget_type=\"heading.default\">\n\t\t\t\t<div class=\"elementor-widget-container\">\n\t\t\t\t\t<h2 class=\"elementor-heading-title elementor-size-default\">M\u00f6chten Sie<br> mehr erfahren?\n<\/h2>\t\t\t\t<\/div>\n\t\t\t\t<\/div>\n\t\t<div class=\"elementor-element elementor-element-7854b30 e-con-full animated-slow e-flex elementor-invisible e-con e-child\" data-id=\"7854b30\" data-element_type=\"container\" data-settings=\"{&quot;background_background&quot;:&quot;classic&quot;,&quot;animation&quot;:&quot;slideInUp&quot;}\">\n\t\t<div class=\"elementor-element elementor-element-3d59326 e-con-full e-flex e-con e-child\" data-id=\"3d59326\" data-element_type=\"container\" data-settings=\"{&quot;background_background&quot;:&quot;classic&quot;}\">\n\t\t\t\t<\/div>\n\t\t<div class=\"elementor-element elementor-element-4010e05 e-con-full e-flex e-con e-child\" data-id=\"4010e05\" data-element_type=\"container\">\n\t\t\t\t<div class=\"elementor-element elementor-element-ede5d55 elementor-widget elementor-widget-heading\" data-id=\"ede5d55\" data-element_type=\"widget\" data-widget_type=\"heading.default\">\n\t\t\t\t<div class=\"elementor-widget-container\">\n\t\t\t\t\t<p class=\"elementor-heading-title elementor-size-default\">Familienbetriebe<\/p>\t\t\t\t<\/div>\n\t\t\t\t<\/div>\n\t\t\t\t<div class=\"elementor-element elementor-element-53e157f elementor-widget elementor-widget-text-editor\" data-id=\"53e157f\" data-element_type=\"widget\" data-widget_type=\"text-editor.default\">\n\t\t\t\t<div class=\"elementor-widget-container\">\n\t\t\t\t\t\t\t\t\t<p><span style=\"font-weight: 400;\">Entdecken Sie die Bedeutung der generationen\u00fcbergreifenden Familienbetriebe in Europa und Irland.<\/span><\/p>\t\t\t\t\t\t\t\t<\/div>\n\t\t\t\t<\/div>\n\t\t\t\t<div class=\"elementor-element elementor-element-223ad33 elementor-align-center elementor-hidden-mobile elementor-widget elementor-widget-button\" data-id=\"223ad33\" data-element_type=\"widget\" data-widget_type=\"button.default\">\n\t\t\t\t<div class=\"elementor-widget-container\">\n\t\t\t\t\t\t\t\t\t<div class=\"elementor-button-wrapper\">\n\t\t\t\t\t<a class=\"elementor-button elementor-button-link elementor-size-sm\" href=\"\/de\/bio-lamm\/familienbetriebe\/\" aria-label=\"Mehr erfahren Familienbetriebe\">\n\t\t\t\t\t\t<span class=\"elementor-button-content-wrapper\">\n\t\t\t\t\t\t\t\t\t<span class=\"elementor-button-text\">Entdecken <span class=\"visually-hidden\">Familienbetriebe<\/span><\/span>\n\t\t\t\t\t<\/span>\n\t\t\t\t\t<\/a>\n\t\t\t\t<\/div>\n\t\t\t\t\t\t\t\t<\/div>\n\t\t\t\t<\/div>\n\t\t\t\t<div class=\"elementor-element elementor-element-2dea14b elementor-align-center elementor-hidden-desktop elementor-hidden-tablet elementor-widget elementor-widget-button\" data-id=\"2dea14b\" data-element_type=\"widget\" data-widget_type=\"button.default\">\n\t\t\t\t<div class=\"elementor-widget-container\">\n\t\t\t\t\t\t\t\t\t<div class=\"elementor-button-wrapper\">\n\t\t\t\t\t<a class=\"elementor-button elementor-button-link elementor-size-sm\" href=\"\/de\/bio-lamm\/familienbetriebe\/\" aria-label=\"Mehr erfahren Familienbetriebe\">\n\t\t\t\t\t\t<span class=\"elementor-button-content-wrapper\">\n\t\t\t\t\t\t<span class=\"elementor-button-icon\">\n\t\t\t\t<svg aria-hidden=\"true\" class=\"e-font-icon-svg e-fas-arrow-right\" viewBox=\"0 0 448 512\" xmlns=\"http:\/\/www.w3.org\/2000\/svg\"><path d=\"M190.5 66.9l22.2-22.2c9.4-9.4 24.6-9.4 33.9 0L441 239c9.4 9.4 9.4 24.6 0 33.9L246.6 467.3c-9.4 9.4-24.6 9.4-33.9 0l-22.2-22.2c-9.5-9.5-9.3-25 .4-34.3L311.4 296H24c-13.3 0-24-10.7-24-24v-32c0-13.3 10.7-24 24-24h287.4L190.9 101.2c-9.8-9.3-10-24.8-.4-34.3z\"><\/path><\/svg>\t\t\t<\/span>\n\t\t\t\t\t\t\t\t<\/span>\n\t\t\t\t\t<\/a>\n\t\t\t\t<\/div>\n\t\t\t\t\t\t\t\t<\/div>\n\t\t\t\t<\/div>\n\t\t\t\t<\/div>\n\t\t\t\t<\/div>\n\t\t\t\t\t<\/div>\n\t\t\t\t<\/div>\n\t\t\t\t<\/div>\n\t\t","protected":false},"excerpt":{"rendered":"<p>Bio-Lammfleisch Europ\u00e4isches Bio-Lammfleisch bietet eine einzigartige Kombination aus gesundheitlichen Vorteilen, hervorragendem Geschmack und nachhaltigen Produktionsmethoden. Mit seiner wachsenden Beliebtheit und seiner starken Pr\u00e4senz auf den heimischen und internationalen M\u00e4rkten ist irisches Bio-Lammfleisch die perfekte Wahl f\u00fcr alle, die hochwertiges, schmackhaftes Fleisch suchen. Was macht Lammfleisch biologisch? Zentrale Vorteile von Bio-Lammfleisch Ein h\u00f6herer Standard des Tierschutzes. [&hellip;]<\/p>\n","protected":false},"author":1,"featured_media":0,"parent":0,"menu_order":0,"comment_status":"closed","ping_status":"closed","template":"","meta":{"footnotes":""},"class_list":["post-2036","page","type-page","status-publish","hentry"],"_links":{"self":[{"href":"https:\/\/organicbeeflamb.eu\/de\/wp-json\/wp\/v2\/pages\/2036","targetHints":{"allow":["GET"]}}],"collection":[{"href":"https:\/\/organicbeeflamb.eu\/de\/wp-json\/wp\/v2\/pages"}],"about":[{"href":"https:\/\/organicbeeflamb.eu\/de\/wp-json\/wp\/v2\/types\/page"}],"author":[{"embeddable":true,"href":"https:\/\/organicbeeflamb.eu\/de\/wp-json\/wp\/v2\/users\/1"}],"replies":[{"embeddable":true,"href":"https:\/\/organicbeeflamb.eu\/de\/wp-json\/wp\/v2\/comments?post=2036"}],"version-history":[{"count":52,"href":"https:\/\/organicbeeflamb.eu\/de\/wp-json\/wp\/v2\/pages\/2036\/revisions"}],"predecessor-version":[{"id":6996,"href":"https:\/\/organicbeeflamb.eu\/de\/wp-json\/wp\/v2\/pages\/2036\/revisions\/6996"}],"wp:attachment":[{"href":"https:\/\/organicbeeflamb.eu\/de\/wp-json\/wp\/v2\/media?parent=2036"}],"curies":[{"name":"wp","href":"https:\/\/api.w.org\/{rel}","templated":true}]}}