{"id":2044,"date":"2024-09-08T16:37:01","date_gmt":"2024-09-08T16:37:01","guid":{"rendered":"https:\/\/organicbeeflamb.eu\/bio-lamm\/family-farming\/"},"modified":"2025-06-02T14:11:00","modified_gmt":"2025-06-02T14:11:00","slug":"familienbetriebe","status":"publish","type":"page","link":"https:\/\/organicbeeflamb.eu\/de\/bio-lamm\/familienbetriebe\/","title":{"rendered":"Familienbetriebe"},"content":{"rendered":"\t\t<div data-elementor-type=\"wp-page\" data-elementor-id=\"2044\" class=\"elementor elementor-2044 elementor-58\" data-elementor-post-type=\"page\">\n\t\t\t\t<div class=\"elementor-element elementor-element-bbd2c04 e-flex e-con-boxed e-con e-parent\" data-id=\"bbd2c04\" data-element_type=\"container\" data-settings=\"{&quot;background_background&quot;:&quot;classic&quot;}\">\n\t\t\t\t\t<div class=\"e-con-inner\">\n\t\t\t\t<div class=\"elementor-element elementor-element-0a88fc0 elementor-widget elementor-widget-heading\" data-id=\"0a88fc0\" data-element_type=\"widget\" data-widget_type=\"heading.default\">\n\t\t\t\t<div class=\"elementor-widget-container\">\n\t\t\t\t\t<h1 class=\"elementor-heading-title elementor-size-default\">Familienbetriebe<\/h1>\t\t\t\t<\/div>\n\t\t\t\t<\/div>\n\t\t\t\t<div class=\"elementor-element elementor-element-bab4da1 elementor-widget elementor-widget-image\" data-id=\"bab4da1\" data-element_type=\"widget\" data-widget_type=\"image.default\">\n\t\t\t\t<div class=\"elementor-widget-container\">\n\t\t\t\t\t\t\t\t\t\t\t\t\t\t\t<img decoding=\"async\" width=\"146\" height=\"197\" src=\"https:\/\/organicbeeflamb.eu\/wp-content\/uploads\/2024\/09\/logo-Enjoy.svg\" class=\"attachment-full size-full wp-image-124\" alt=\"Enjoy it&#039;s from Europe\" \/>\t\t\t\t\t\t\t\t\t\t\t\t\t\t\t<\/div>\n\t\t\t\t<\/div>\n\t\t\t\t\t<\/div>\n\t\t\t\t<\/div>\n\t\t<div class=\"elementor-element elementor-element-2bd8927 elementor-hidden-mobile e-flex e-con-boxed e-con e-parent\" data-id=\"2bd8927\" data-element_type=\"container\">\n\t\t\t\t\t<div class=\"e-con-inner\">\n\t\t<div class=\"elementor-element elementor-element-aa9b113 e-con-full e-flex e-con e-child\" data-id=\"aa9b113\" data-element_type=\"container\">\n\t\t\t\t<div class=\"elementor-element elementor-element-7838ddf elementor-widget elementor-widget-heading\" data-id=\"7838ddf\" data-element_type=\"widget\" data-widget_type=\"heading.default\">\n\t\t\t\t<div class=\"elementor-widget-container\">\n\t\t\t\t\t<h2 class=\"elementor-heading-title elementor-size-default\">Familienbetriebe \u00fcber Generationen: Bedeutung in Europa und Irland<\/h2>\t\t\t\t<\/div>\n\t\t\t\t<\/div>\n\t\t\t\t<div class=\"elementor-element elementor-element-6a7dbf7 elementor-widget elementor-widget-text-editor\" data-id=\"6a7dbf7\" data-element_type=\"widget\" data-widget_type=\"text-editor.default\">\n\t\t\t\t<div class=\"elementor-widget-container\">\n\t\t\t\t\t\t\t\t\t<p><span style=\"font-weight: 400;\">Familien- und generationen\u00fcbergreifende Landwirtschaft stehen im Mittelpunkt der Kultur und des Erbes Europas. Die Weitergabe von landwirtschaftlichem Wissen und F\u00e4higkeiten, kombiniert mit strengen Ma\u00dfnahmen zur Herstellung biologischer Lebensmittel, erm\u00f6glicht es der EU, eine f\u00fchrende Quelle f\u00fcr Bio-Rind- und Lammfleisch zu sein. In Irland bleibt die Landwirtschaft fest in der Kultur verankert und unterst\u00fctzt die l\u00e4ndlichen Volkswirtschaften. Die durchschnittliche Herdengr\u00f6\u00dfe liegt bei 66 Rindern und 133 Schafen. In der biologischen Landwirtschaft ist eine niedrige Besatzdichte erforderlich, was dieses System ideal macht, um das Modell kleiner Familienbetriebe zu unterst\u00fctzen.<\/span><\/p>\t\t\t\t\t\t\t\t<\/div>\n\t\t\t\t<\/div>\n\t\t\t\t<div class=\"elementor-element elementor-element-37b6764 elementor-widget elementor-widget-heading\" data-id=\"37b6764\" data-element_type=\"widget\" data-widget_type=\"heading.default\">\n\t\t\t\t<div class=\"elementor-widget-container\">\n\t\t\t\t\t<h2 class=\"elementor-heading-title elementor-size-default\">Die Schl\u00fcsselrolle der Familienlandwirtschaft f\u00fcr die l\u00e4ndliche Entwicklung und Nachhaltigkeit<\/h2>\t\t\t\t<\/div>\n\t\t\t\t<\/div>\n\t\t\t\t<div class=\"elementor-element elementor-element-1c625a8 elementor-widget elementor-widget-text-editor\" data-id=\"1c625a8\" data-element_type=\"widget\" data-widget_type=\"text-editor.default\">\n\t\t\t\t<div class=\"elementor-widget-container\">\n\t\t\t\t\t\t\t\t\t<p><span style=\"font-weight: 400;\">Familienbetriebe machen die l\u00e4ndlichen Volkswirtschaften <\/span><b>wettbewerbsf\u00e4higer und nachhaltiger,<\/b><span style=\"font-weight: 400;\"> gew\u00e4hrleisten die <\/span><b>Ern\u00e4hrungssicherheit<\/b><span style=\"font-weight: 400;\">, verbessern die Lebensgrundlagen und sch\u00fctzen die <\/span><b>Umwelt<\/b><span style=\"font-weight: 400;\">.<\/span><\/p><p><span style=\"font-weight: 400;\"><br \/><\/span><span style=\"font-weight: 400;\">Von den Vereinten Nationen als wesentlich anerkannt, um das Ziel \u201eNull Hunger\u201c, einen widerstandsf\u00e4higen Planeten und eine nachhaltige Entwicklung zu erreichen.<\/span><\/p>\t\t\t\t\t\t\t\t<\/div>\n\t\t\t\t<\/div>\n\t\t\t\t<div class=\"elementor-element elementor-element-f7d9dbb elementor-widget elementor-widget-heading\" data-id=\"f7d9dbb\" data-element_type=\"widget\" data-widget_type=\"heading.default\">\n\t\t\t\t<div class=\"elementor-widget-container\">\n\t\t\t\t\t<h2 class=\"elementor-heading-title elementor-size-default\">Die Vorteile des \u00f6kologischen Landbaus auf familiengef\u00fchrten H\u00f6fen <\/h2>\t\t\t\t<\/div>\n\t\t\t\t<\/div>\n\t\t\t\t<div class=\"elementor-element elementor-element-b35266b elementor-widget elementor-widget-text-editor\" data-id=\"b35266b\" data-element_type=\"widget\" data-widget_type=\"text-editor.default\">\n\t\t\t\t<div class=\"elementor-widget-container\">\n\t\t\t\t\t\t\t\t\t<p><span style=\"font-weight: 400;\">Die Einf\u00fchrung innovativer Praktiken im \u00f6kologischen Landbau macht landwirtschaftliche Betriebe wettbewerbsf\u00e4higer und ermutigt die n\u00e4chste Generation, die Familientradition fortzusetzen.<\/span><\/p>\t\t\t\t\t\t\t\t<\/div>\n\t\t\t\t<\/div>\n\t\t\t\t<\/div>\n\t\t<div class=\"elementor-element elementor-element-9117a78 e-con-full e-flex e-con e-child\" data-id=\"9117a78\" data-element_type=\"container\">\n\t\t\t\t<div class=\"elementor-element elementor-element-07db527 animated-slow elementor-invisible elementor-widget elementor-widget-image\" data-id=\"07db527\" data-element_type=\"widget\" data-settings=\"{&quot;_animation&quot;:&quot;slideInRight&quot;}\" data-widget_type=\"image.default\">\n\t\t\t\t<div class=\"elementor-widget-container\">\n\t\t\t\t\t\t\t\t\t\t\t\t\t\t\t<img fetchpriority=\"high\" decoding=\"async\" width=\"652\" height=\"752\" src=\"https:\/\/organicbeeflamb.eu\/wp-content\/uploads\/2025\/05\/bio-familienbetriebe.webp\" class=\"attachment-full size-full wp-image-4572\" alt=\"Familienbetriebe in der biologischen Landwirtschaft in Irland, die durch gr\u00fcne Felder gehen\" srcset=\"https:\/\/organicbeeflamb.eu\/wp-content\/uploads\/2025\/05\/bio-familienbetriebe.webp 652w, https:\/\/organicbeeflamb.eu\/wp-content\/uploads\/2025\/05\/bio-familienbetriebe-260x300.webp 260w\" sizes=\"(max-width: 652px) 100vw, 652px\" \/>\t\t\t\t\t\t\t\t\t\t\t\t\t\t\t<\/div>\n\t\t\t\t<\/div>\n\t\t\t\t<div class=\"elementor-element elementor-element-3900af5 animated-slow elementor-invisible elementor-widget elementor-widget-image\" data-id=\"3900af5\" data-element_type=\"widget\" data-settings=\"{&quot;_animation&quot;:&quot;slideInUp&quot;}\" data-widget_type=\"image.default\">\n\t\t\t\t<div class=\"elementor-widget-container\">\n\t\t\t\t\t\t\t\t\t\t\t\t\t\t\t<img decoding=\"async\" width=\"769\" height=\"885\" src=\"https:\/\/organicbeeflamb.eu\/wp-content\/uploads\/2025\/05\/irisches-bio-lamm-schaf.webp\" class=\"attachment-full size-full wp-image-4726\" alt=\"Bio-Lamm: Nahaufnahme eines irischen Schafs, das auf biologischen Weiden grast\" srcset=\"https:\/\/organicbeeflamb.eu\/wp-content\/uploads\/2025\/05\/irisches-bio-lamm-schaf.webp 769w, https:\/\/organicbeeflamb.eu\/wp-content\/uploads\/2025\/05\/irisches-bio-lamm-schaf-261x300.webp 261w\" sizes=\"(max-width: 769px) 100vw, 769px\" \/>\t\t\t\t\t\t\t\t\t\t\t\t\t\t\t<\/div>\n\t\t\t\t<\/div>\n\t\t\t\t<\/div>\n\t\t\t\t\t<\/div>\n\t\t\t\t<\/div>\n\t\t<div class=\"elementor-element elementor-element-e34f530 elementor-hidden-desktop elementor-hidden-tablet e-con-full e-flex e-con e-parent\" data-id=\"e34f530\" data-element_type=\"container\">\n\t\t<div class=\"elementor-element elementor-element-fef4680 e-con-full e-flex e-con e-child\" data-id=\"fef4680\" data-element_type=\"container\">\n\t\t\t\t<div class=\"elementor-element elementor-element-9037871 elementor-widget elementor-widget-heading\" data-id=\"9037871\" data-element_type=\"widget\" data-widget_type=\"heading.default\">\n\t\t\t\t<div class=\"elementor-widget-container\">\n\t\t\t\t\t<h2 class=\"elementor-heading-title elementor-size-default\">Familienbetriebe \u00fcber Generationen: Bedeutung in Europa und Irland<\/h2>\t\t\t\t<\/div>\n\t\t\t\t<\/div>\n\t\t\t\t<div class=\"elementor-element elementor-element-6e7ef60 elementor-widget elementor-widget-text-editor\" data-id=\"6e7ef60\" data-element_type=\"widget\" data-widget_type=\"text-editor.default\">\n\t\t\t\t<div class=\"elementor-widget-container\">\n\t\t\t\t\t\t\t\t\t<p><span style=\"font-weight: 400;\">Familien- und generationen\u00fcbergreifende Landwirtschaft stehen im Mittelpunkt der Kultur und des Erbes Europas. Die Weitergabe von landwirtschaftlichem Wissen und F\u00e4higkeiten, kombiniert mit strengen Ma\u00dfnahmen zur Herstellung biologischer Lebensmittel, erm\u00f6glicht es der EU, eine f\u00fchrende Quelle f\u00fcr Bio-Rind- und Lammfleisch zu sein. In Irland bleibt die Landwirtschaft fest in der Kultur verankert und unterst\u00fctzt die l\u00e4ndlichen Volkswirtschaften. Die durchschnittliche Herdengr\u00f6\u00dfe liegt bei 66 Rindern und 133 Schafen. In der biologischen Landwirtschaft ist eine niedrige Besatzdichte erforderlich, was dieses System ideal macht, um das Modell kleiner Familienbetriebe zu unterst\u00fctzen.<\/span><\/p>\t\t\t\t\t\t\t\t<\/div>\n\t\t\t\t<\/div>\n\t\t\t\t<div class=\"elementor-element elementor-element-7207051 animated-slow elementor-hidden-desktop elementor-hidden-tablet elementor-invisible elementor-widget elementor-widget-image\" data-id=\"7207051\" data-element_type=\"widget\" data-settings=\"{&quot;_animation&quot;:&quot;slideInRight&quot;}\" data-widget_type=\"image.default\">\n\t\t\t\t<div class=\"elementor-widget-container\">\n\t\t\t\t\t\t\t\t\t\t\t\t\t\t\t<img fetchpriority=\"high\" decoding=\"async\" width=\"652\" height=\"752\" src=\"https:\/\/organicbeeflamb.eu\/wp-content\/uploads\/2025\/05\/bio-familienbetriebe.webp\" class=\"attachment-full size-full wp-image-4572\" alt=\"Familienbetriebe in der biologischen Landwirtschaft in Irland, die durch gr\u00fcne Felder gehen\" srcset=\"https:\/\/organicbeeflamb.eu\/wp-content\/uploads\/2025\/05\/bio-familienbetriebe.webp 652w, https:\/\/organicbeeflamb.eu\/wp-content\/uploads\/2025\/05\/bio-familienbetriebe-260x300.webp 260w\" sizes=\"(max-width: 652px) 100vw, 652px\" \/>\t\t\t\t\t\t\t\t\t\t\t\t\t\t\t<\/div>\n\t\t\t\t<\/div>\n\t\t\t\t<div class=\"elementor-element elementor-element-5496769 animated-slow elementor-hidden-desktop elementor-hidden-tablet elementor-invisible elementor-widget elementor-widget-image\" data-id=\"5496769\" data-element_type=\"widget\" data-settings=\"{&quot;_animation&quot;:&quot;slideInUp&quot;}\" data-widget_type=\"image.default\">\n\t\t\t\t<div class=\"elementor-widget-container\">\n\t\t\t\t\t\t\t\t\t\t\t\t\t\t\t<img decoding=\"async\" width=\"769\" height=\"885\" src=\"https:\/\/organicbeeflamb.eu\/wp-content\/uploads\/2025\/05\/irisches-bio-lamm-schaf.webp\" class=\"attachment-full size-full wp-image-4726\" alt=\"Bio-Lamm: Nahaufnahme eines irischen Schafs, das auf biologischen Weiden grast\" srcset=\"https:\/\/organicbeeflamb.eu\/wp-content\/uploads\/2025\/05\/irisches-bio-lamm-schaf.webp 769w, https:\/\/organicbeeflamb.eu\/wp-content\/uploads\/2025\/05\/irisches-bio-lamm-schaf-261x300.webp 261w\" sizes=\"(max-width: 769px) 100vw, 769px\" \/>\t\t\t\t\t\t\t\t\t\t\t\t\t\t\t<\/div>\n\t\t\t\t<\/div>\n\t\t\t\t<div class=\"elementor-element elementor-element-f5e9dba elementor-widget elementor-widget-heading\" data-id=\"f5e9dba\" data-element_type=\"widget\" data-widget_type=\"heading.default\">\n\t\t\t\t<div class=\"elementor-widget-container\">\n\t\t\t\t\t<h2 class=\"elementor-heading-title elementor-size-default\">Die Schl\u00fcsselrolle der Familienlandwirtschaft f\u00fcr die l\u00e4ndliche Entwicklung und Nachhaltigkeit<\/h2>\t\t\t\t<\/div>\n\t\t\t\t<\/div>\n\t\t\t\t<div class=\"elementor-element elementor-element-19acdb7 elementor-widget elementor-widget-text-editor\" data-id=\"19acdb7\" data-element_type=\"widget\" data-widget_type=\"text-editor.default\">\n\t\t\t\t<div class=\"elementor-widget-container\">\n\t\t\t\t\t\t\t\t\t<p><span style=\"font-weight: 400;\">Familienbetriebe machen die l\u00e4ndlichen Volkswirtschaften <\/span><b>wettbewerbsf\u00e4higer und nachhaltiger,<\/b><span style=\"font-weight: 400;\"> gew\u00e4hrleisten die <\/span><b>Ern\u00e4hrungssicherheit<\/b><span style=\"font-weight: 400;\">, verbessern die Lebensgrundlagen und sch\u00fctzen die <\/span><b>Umwelt<\/b><span style=\"font-weight: 400;\">.<\/span><\/p><p><span style=\"font-weight: 400;\"><br \/><\/span><span style=\"font-weight: 400;\">Von den Vereinten Nationen als wesentlich anerkannt, um das Ziel \u201eNull Hunger\u201c, einen widerstandsf\u00e4higen Planeten und eine nachhaltige Entwicklung zu erreichen.<\/span><\/p>\t\t\t\t\t\t\t\t<\/div>\n\t\t\t\t<\/div>\n\t\t\t\t<div class=\"elementor-element elementor-element-89678cc elementor-widget elementor-widget-heading\" data-id=\"89678cc\" data-element_type=\"widget\" data-widget_type=\"heading.default\">\n\t\t\t\t<div class=\"elementor-widget-container\">\n\t\t\t\t\t<h2 class=\"elementor-heading-title elementor-size-default\">Die Vorteile des \u00f6kologischen Landbaus auf familiengef\u00fchrten H\u00f6fen<\/h2>\t\t\t\t<\/div>\n\t\t\t\t<\/div>\n\t\t\t\t<div class=\"elementor-element elementor-element-5a260d9 elementor-widget elementor-widget-text-editor\" data-id=\"5a260d9\" data-element_type=\"widget\" data-widget_type=\"text-editor.default\">\n\t\t\t\t<div class=\"elementor-widget-container\">\n\t\t\t\t\t\t\t\t\t<p><span style=\"font-weight: 400;\">Die Einf\u00fchrung innovativer Praktiken im \u00f6kologischen Landbau macht landwirtschaftliche Betriebe wettbewerbsf\u00e4higer und ermutigt die n\u00e4chste Generation, die Familientradition fortzusetzen.<\/span><\/p>\t\t\t\t\t\t\t\t<\/div>\n\t\t\t\t<\/div>\n\t\t\t\t<\/div>\n\t\t\t\t<\/div>\n\t\t\t\t<\/div>\n\t\t","protected":false},"excerpt":{"rendered":"<p>Familienbetriebe Familienbetriebe \u00fcber Generationen: Bedeutung in Europa und Irland Familien- und generationen\u00fcbergreifende Landwirtschaft stehen im Mittelpunkt der Kultur und des Erbes Europas. Die Weitergabe von landwirtschaftlichem Wissen und F\u00e4higkeiten, kombiniert mit strengen Ma\u00dfnahmen zur Herstellung biologischer Lebensmittel, erm\u00f6glicht es der EU, eine f\u00fchrende Quelle f\u00fcr Bio-Rind- und Lammfleisch zu sein. In Irland bleibt die Landwirtschaft [&hellip;]<\/p>\n","protected":false},"author":1,"featured_media":0,"parent":2036,"menu_order":0,"comment_status":"closed","ping_status":"closed","template":"","meta":{"footnotes":""},"class_list":["post-2044","page","type-page","status-publish","hentry"],"_links":{"self":[{"href":"https:\/\/organicbeeflamb.eu\/de\/wp-json\/wp\/v2\/pages\/2044","targetHints":{"allow":["GET"]}}],"collection":[{"href":"https:\/\/organicbeeflamb.eu\/de\/wp-json\/wp\/v2\/pages"}],"about":[{"href":"https:\/\/organicbeeflamb.eu\/de\/wp-json\/wp\/v2\/types\/page"}],"author":[{"embeddable":true,"href":"https:\/\/organicbeeflamb.eu\/de\/wp-json\/wp\/v2\/users\/1"}],"replies":[{"embeddable":true,"href":"https:\/\/organicbeeflamb.eu\/de\/wp-json\/wp\/v2\/comments?post=2044"}],"version-history":[{"count":28,"href":"https:\/\/organicbeeflamb.eu\/de\/wp-json\/wp\/v2\/pages\/2044\/revisions"}],"predecessor-version":[{"id":6999,"href":"https:\/\/organicbeeflamb.eu\/de\/wp-json\/wp\/v2\/pages\/2044\/revisions\/6999"}],"up":[{"embeddable":true,"href":"https:\/\/organicbeeflamb.eu\/de\/wp-json\/wp\/v2\/pages\/2036"}],"wp:attachment":[{"href":"https:\/\/organicbeeflamb.eu\/de\/wp-json\/wp\/v2\/media?parent=2044"}],"curies":[{"name":"wp","href":"https:\/\/api.w.org\/{rel}","templated":true}]}}