{"id":2068,"date":"2024-09-08T16:37:59","date_gmt":"2024-09-08T16:37:59","guid":{"rendered":"https:\/\/organicbeeflamb.eu\/warum-bio\/principles\/"},"modified":"2025-06-02T14:19:46","modified_gmt":"2025-06-02T14:19:46","slug":"grundlagen","status":"publish","type":"page","link":"https:\/\/organicbeeflamb.eu\/de\/warum-bio\/grundlagen\/","title":{"rendered":"Grundlagen"},"content":{"rendered":"\t\t<div data-elementor-type=\"wp-page\" data-elementor-id=\"2068\" class=\"elementor elementor-2068 elementor-64\" data-elementor-post-type=\"page\">\n\t\t\t\t<div class=\"elementor-element elementor-element-f5741b4 e-flex e-con-boxed e-con e-parent\" data-id=\"f5741b4\" data-element_type=\"container\" data-settings=\"{&quot;background_background&quot;:&quot;classic&quot;}\">\n\t\t\t\t\t<div class=\"e-con-inner\">\n\t\t\t\t<div class=\"elementor-element elementor-element-90eb102 elementor-widget elementor-widget-heading\" data-id=\"90eb102\" data-element_type=\"widget\" data-widget_type=\"heading.default\">\n\t\t\t\t<div class=\"elementor-widget-container\">\n\t\t\t\t\t<h1 class=\"elementor-heading-title elementor-size-default\">Grunds\u00e4tze f\u00fcr die biologische Zertifizierung <\/h1>\t\t\t\t<\/div>\n\t\t\t\t<\/div>\n\t\t\t\t<div class=\"elementor-element elementor-element-ea1dff1 elementor-widget elementor-widget-image\" data-id=\"ea1dff1\" data-element_type=\"widget\" data-widget_type=\"image.default\">\n\t\t\t\t<div class=\"elementor-widget-container\">\n\t\t\t\t\t\t\t\t\t\t\t\t\t\t\t<img decoding=\"async\" width=\"146\" height=\"197\" src=\"https:\/\/organicbeeflamb.eu\/wp-content\/uploads\/2024\/09\/logo-Enjoy.svg\" class=\"attachment-full size-full wp-image-124\" alt=\"Enjoy it&#039;s from Europe\" \/>\t\t\t\t\t\t\t\t\t\t\t\t\t\t\t<\/div>\n\t\t\t\t<\/div>\n\t\t\t\t\t<\/div>\n\t\t\t\t<\/div>\n\t\t<div class=\"elementor-element elementor-element-ce30a0b e-flex e-con-boxed e-con e-parent\" data-id=\"ce30a0b\" data-element_type=\"container\">\n\t\t\t\t\t<div class=\"e-con-inner\">\n\t\t<div class=\"elementor-element elementor-element-ac9ec23 e-con-full e-flex e-con e-child\" data-id=\"ac9ec23\" data-element_type=\"container\">\n\t\t\t\t<div class=\"elementor-element elementor-element-13a398e elementor-widget elementor-widget-heading\" data-id=\"13a398e\" data-element_type=\"widget\" data-widget_type=\"heading.default\">\n\t\t\t\t<div class=\"elementor-widget-container\">\n\t\t\t\t\t<h2 class=\"elementor-heading-title elementor-size-default\">Vorschriften f\u00fcr die Viehhaltung zur Vermarktung von Bio-Produkten<\/h2>\t\t\t\t<\/div>\n\t\t\t\t<\/div>\n\t\t\t\t<\/div>\n\t\t\t\t\t<\/div>\n\t\t\t\t<\/div>\n\t\t<div class=\"elementor-element elementor-element-812ef4e e-flex e-con-boxed e-con e-parent\" data-id=\"812ef4e\" data-element_type=\"container\">\n\t\t\t\t\t<div class=\"e-con-inner\">\n\t\t<div class=\"elementor-element elementor-element-7800662 e-con-full e-flex e-con e-child\" data-id=\"7800662\" data-element_type=\"container\">\n\t\t\t\t<div class=\"elementor-element elementor-element-45f5f17 elementor-widget elementor-widget-image\" data-id=\"45f5f17\" data-element_type=\"widget\" data-widget_type=\"image.default\">\n\t\t\t\t<div class=\"elementor-widget-container\">\n\t\t\t\t\t\t\t\t\t\t\t\t\t\t\t<img decoding=\"async\" src=\"https:\/\/organicbeeflamb.eu\/wp-content\/uploads\/2024\/09\/organic_beef_icon_4.svg\" class=\"attachment-full size-full wp-image-417\" alt=\"\" \/>\t\t\t\t\t\t\t\t\t\t\t\t\t\t\t<\/div>\n\t\t\t\t<\/div>\n\t\t\t\t<div class=\"elementor-element elementor-element-f5b8719 elementor-hidden-mobile elementor-widget elementor-widget-text-editor\" data-id=\"f5b8719\" data-element_type=\"widget\" data-widget_type=\"text-editor.default\">\n\t\t\t\t<div class=\"elementor-widget-container\">\n\t\t\t\t\t\t\t\t\t<h3><b>Grunds\u00e4tze der biologischen Produktion<\/b><\/h3><ul style=\"margin-top: 30px;\"><li>Keine k\u00fcnstlichen D\u00fcngemittel, Pestizide und Herbizide<\/li><li>Verbot von Hormonen und eingeschr\u00e4nkter Einsatz von Antibiotika<\/li><li>Keine GVO (gentechnisch ver\u00e4nderte Organismen)<\/li><\/ul>\t\t\t\t\t\t\t\t<\/div>\n\t\t\t\t<\/div>\n\t\t\t\t<div class=\"elementor-element elementor-element-0f2f48f elementor-hidden-desktop elementor-hidden-tablet elementor-widget elementor-widget-text-editor\" data-id=\"0f2f48f\" data-element_type=\"widget\" data-widget_type=\"text-editor.default\">\n\t\t\t\t<div class=\"elementor-widget-container\">\n\t\t\t\t\t\t\t\t\t<h3><strong>Grunds\u00e4tze der biologischen Produktion<\/strong><\/h3>\t\t\t\t\t\t\t\t<\/div>\n\t\t\t\t<\/div>\n\t\t\t\t<div class=\"elementor-element elementor-element-22fb698 elementor-hidden-desktop elementor-hidden-tablet elementor-widget elementor-widget-text-editor\" data-id=\"22fb698\" data-element_type=\"widget\" data-widget_type=\"text-editor.default\">\n\t\t\t\t<div class=\"elementor-widget-container\">\n\t\t\t\t\t\t\t\t\t<ul><li>Keine k\u00fcnstlichen D\u00fcngemittel, Pestizide und Herbizide<\/li><li>Verbot von Hormonen und eingeschr\u00e4nkter Einsatz von Antibiotika<\/li><li>Keine GVO (gentechnisch ver\u00e4nderte Organismen)<\/li><\/ul>\t\t\t\t\t\t\t\t<\/div>\n\t\t\t\t<\/div>\n\t\t\t\t<\/div>\n\t\t<div class=\"elementor-element elementor-element-f01f5b2 e-con-full e-flex e-con e-child\" data-id=\"f01f5b2\" data-element_type=\"container\">\n\t\t\t\t<div class=\"elementor-element elementor-element-9be6555 elementor-widget elementor-widget-image\" data-id=\"9be6555\" data-element_type=\"widget\" data-widget_type=\"image.default\">\n\t\t\t\t<div class=\"elementor-widget-container\">\n\t\t\t\t\t\t\t\t\t\t\t\t\t\t\t<img decoding=\"async\" src=\"https:\/\/organicbeeflamb.eu\/wp-content\/uploads\/2024\/09\/organic_beef_icon_3.svg\" class=\"attachment-full size-full wp-image-412\" alt=\"\" \/>\t\t\t\t\t\t\t\t\t\t\t\t\t\t\t<\/div>\n\t\t\t\t<\/div>\n\t\t\t\t<div class=\"elementor-element elementor-element-24735a9 elementor-hidden-mobile elementor-widget elementor-widget-text-editor\" data-id=\"24735a9\" data-element_type=\"widget\" data-widget_type=\"text-editor.default\">\n\t\t\t\t<div class=\"elementor-widget-container\">\n\t\t\t\t\t\t\t\t\t<h3><b>Bedingungen f\u00fcr biologische Tierhaltung<\/b><\/h3><ul style=\"margin-top: 30px;\"><li style=\"font-weight: 400;\" aria-level=\"1\"><span style=\"font-weight: 400;\">Trennung von biologischen Tieren.<\/span><\/li><li style=\"font-weight: 400;\" aria-level=\"1\"><span style=\"font-weight: 400;\">100 % biologisches Futter erforderlich.<\/span><\/li><li style=\"font-weight: 400;\" aria-level=\"1\"><span style=\"font-weight: 400;\">Lokale Beschaffung von Futter.<\/span><\/li><li style=\"font-weight: 400;\" aria-level=\"1\"><span style=\"font-weight: 400;\">Verwendung von nicht-biologischen Materialien: spezifische Genehmigung f\u00fcr pflanzliche und tierische Futtermittel, zugelassene Zusatzstoffe und Verarbeitungshilfsstoffe.<\/span><\/li><\/ul>\t\t\t\t\t\t\t\t<\/div>\n\t\t\t\t<\/div>\n\t\t\t\t<div class=\"elementor-element elementor-element-dc6b9ed elementor-hidden-desktop elementor-hidden-tablet elementor-widget elementor-widget-text-editor\" data-id=\"dc6b9ed\" data-element_type=\"widget\" data-widget_type=\"text-editor.default\">\n\t\t\t\t<div class=\"elementor-widget-container\">\n\t\t\t\t\t\t\t\t\t<h3><b>Bedingungen f\u00fcr biologische Tierhaltung<\/b><\/h3>\t\t\t\t\t\t\t\t<\/div>\n\t\t\t\t<\/div>\n\t\t\t\t<div class=\"elementor-element elementor-element-65cb51d elementor-hidden-desktop elementor-hidden-tablet elementor-widget elementor-widget-text-editor\" data-id=\"65cb51d\" data-element_type=\"widget\" data-widget_type=\"text-editor.default\">\n\t\t\t\t<div class=\"elementor-widget-container\">\n\t\t\t\t\t\t\t\t\t<ul><li style=\"font-weight: 400;\" aria-level=\"1\"><span style=\"font-weight: 400;\">Trennung von biologischen Tieren.<\/span><\/li><li style=\"font-weight: 400;\" aria-level=\"1\"><span style=\"font-weight: 400;\">100 % biologisches Futter erforderlich.<\/span><\/li><li style=\"font-weight: 400;\" aria-level=\"1\"><span style=\"font-weight: 400;\">Lokale Beschaffung von Futter.<\/span><\/li><\/ul>\t\t\t\t\t\t\t\t<\/div>\n\t\t\t\t<\/div>\n\t\t\t\t<\/div>\n\t\t<div class=\"elementor-element elementor-element-4494938 e-con-full e-flex e-con e-child\" data-id=\"4494938\" data-element_type=\"container\">\n\t\t\t\t<div class=\"elementor-element elementor-element-c340660 elementor-widget elementor-widget-image\" data-id=\"c340660\" data-element_type=\"widget\" data-widget_type=\"image.default\">\n\t\t\t\t<div class=\"elementor-widget-container\">\n\t\t\t\t\t\t\t\t\t\t\t\t\t\t\t<img decoding=\"async\" src=\"https:\/\/organicbeeflamb.eu\/wp-content\/uploads\/2024\/09\/organic_beef_icon_2.svg\" class=\"attachment-full size-full wp-image-407\" alt=\"\" \/>\t\t\t\t\t\t\t\t\t\t\t\t\t\t\t<\/div>\n\t\t\t\t<\/div>\n\t\t\t\t<div class=\"elementor-element elementor-element-55c4a5a elementor-hidden-mobile elementor-widget elementor-widget-text-editor\" data-id=\"55c4a5a\" data-element_type=\"widget\" data-widget_type=\"text-editor.default\">\n\t\t\t\t<div class=\"elementor-widget-container\">\n\t\t\t\t\t\t\t\t\t<h3><b>Verwendung von nicht-biologischen Materialien<\/b><\/h3><ul style=\"margin-top: 30px;\"><li style=\"font-weight: 400;\" aria-level=\"1\"><span style=\"font-weight: 400;\">Spezifische Genehmigung f\u00fcr pflanzliche und tierische Futtermittel<\/span><\/li><li style=\"font-weight: 400;\" aria-level=\"1\"><span style=\"font-weight: 400;\">Zugelassene Zusatzstoffe und Verarbeitungshilfsstoffe.<\/span><\/li><\/ul>\t\t\t\t\t\t\t\t<\/div>\n\t\t\t\t<\/div>\n\t\t\t\t<div class=\"elementor-element elementor-element-e6443ce elementor-hidden-desktop elementor-hidden-tablet elementor-widget elementor-widget-text-editor\" data-id=\"e6443ce\" data-element_type=\"widget\" data-widget_type=\"text-editor.default\">\n\t\t\t\t<div class=\"elementor-widget-container\">\n\t\t\t\t\t\t\t\t\t<h3><b>Verwendung von nicht-biologischen Materialien<\/b><\/h3>\t\t\t\t\t\t\t\t<\/div>\n\t\t\t\t<\/div>\n\t\t\t\t<div class=\"elementor-element elementor-element-8f27c9b elementor-hidden-desktop elementor-hidden-tablet elementor-widget elementor-widget-text-editor\" data-id=\"8f27c9b\" data-element_type=\"widget\" data-widget_type=\"text-editor.default\">\n\t\t\t\t<div class=\"elementor-widget-container\">\n\t\t\t\t\t\t\t\t\t<ul><li style=\"font-weight: 400;\" aria-level=\"1\"><span style=\"font-weight: 400;\">Spezifische Genehmigung f\u00fcr pflanzliche und tierische Futtermittel<\/span><\/li><li style=\"font-weight: 400;\" aria-level=\"1\"><span style=\"font-weight: 400;\">Zugelassene Zusatzstoffe und Verarbeitungshilfsstoffe.<\/span><\/li><\/ul>\t\t\t\t\t\t\t\t<\/div>\n\t\t\t\t<\/div>\n\t\t\t\t<\/div>\n\t\t<div class=\"elementor-element elementor-element-64398df e-con-full e-flex e-con e-child\" data-id=\"64398df\" data-element_type=\"container\">\n\t\t\t\t<div class=\"elementor-element elementor-element-4f4a6fd elementor-widget elementor-widget-image\" data-id=\"4f4a6fd\" data-element_type=\"widget\" data-widget_type=\"image.default\">\n\t\t\t\t<div class=\"elementor-widget-container\">\n\t\t\t\t\t\t\t\t\t\t\t\t\t\t\t<img decoding=\"async\" src=\"https:\/\/organicbeeflamb.eu\/wp-content\/uploads\/2024\/09\/principles_2.svg\" class=\"attachment-full size-full wp-image-1003\" alt=\"\" \/>\t\t\t\t\t\t\t\t\t\t\t\t\t\t\t<\/div>\n\t\t\t\t<\/div>\n\t\t\t\t<div class=\"elementor-element elementor-element-a855570 elementor-hidden-mobile elementor-widget elementor-widget-text-editor\" data-id=\"a855570\" data-element_type=\"widget\" data-widget_type=\"text-editor.default\">\n\t\t\t\t<div class=\"elementor-widget-container\">\n\t\t\t\t\t\t\t\t\t<h3><b>Vorteile der Einhaltung der Vorschriften<\/b><\/h3><ul style=\"margin-top: 30px;\"><li style=\"font-weight: 400;\" aria-level=\"1\"><span style=\"font-weight: 400;\">\u00d6kologische Nachhaltigkeit.<\/span><\/li><li style=\"font-weight: 400;\" aria-level=\"1\"><span style=\"font-weight: 400;\">Hohe Tierschutzstandards.<\/span><\/li><li style=\"font-weight: 400;\" aria-level=\"1\"><span style=\"font-weight: 400;\">Verbrauchervertrauen.<\/span><\/li><\/ul>\t\t\t\t\t\t\t\t<\/div>\n\t\t\t\t<\/div>\n\t\t\t\t<div class=\"elementor-element elementor-element-d670eca elementor-hidden-desktop elementor-hidden-tablet elementor-widget elementor-widget-text-editor\" data-id=\"d670eca\" data-element_type=\"widget\" data-widget_type=\"text-editor.default\">\n\t\t\t\t<div class=\"elementor-widget-container\">\n\t\t\t\t\t\t\t\t\t<h3><b>Vorteile der Einhaltung der Vorschriften<\/b><\/h3>\t\t\t\t\t\t\t\t<\/div>\n\t\t\t\t<\/div>\n\t\t\t\t<div class=\"elementor-element elementor-element-7951ead elementor-hidden-desktop elementor-hidden-tablet elementor-widget elementor-widget-text-editor\" data-id=\"7951ead\" data-element_type=\"widget\" data-widget_type=\"text-editor.default\">\n\t\t\t\t<div class=\"elementor-widget-container\">\n\t\t\t\t\t\t\t\t\t<ul><li style=\"font-weight: 400;\" aria-level=\"1\"><span style=\"font-weight: 400;\">\u00d6kologische Nachhaltigkeit.<\/span><\/li><li style=\"font-weight: 400;\" aria-level=\"1\"><span style=\"font-weight: 400;\">Hohe Tierschutzstandards.<\/span><\/li><li style=\"font-weight: 400;\" aria-level=\"1\"><span style=\"font-weight: 400;\">Verbrauchervertrauen.<\/span><\/li><\/ul>\t\t\t\t\t\t\t\t<\/div>\n\t\t\t\t<\/div>\n\t\t\t\t<\/div>\n\t\t\t\t\t<\/div>\n\t\t\t\t<\/div>\n\t\t<div class=\"elementor-element elementor-element-21ea6eb e-flex e-con-boxed e-con e-parent\" data-id=\"21ea6eb\" data-element_type=\"container\">\n\t\t\t\t\t<div class=\"e-con-inner\">\n\t\t<div class=\"elementor-element elementor-element-3b9e452 e-con-full e-flex e-con e-child\" data-id=\"3b9e452\" data-element_type=\"container\">\n\t\t\t\t<div class=\"elementor-element elementor-element-f3f273d elementor-widget elementor-widget-heading\" data-id=\"f3f273d\" data-element_type=\"widget\" data-widget_type=\"heading.default\">\n\t\t\t\t<div class=\"elementor-widget-container\">\n\t\t\t\t\t<h2 class=\"elementor-heading-title elementor-size-default\">Erfahren Sie mehr \u00fcber<\/h2>\t\t\t\t<\/div>\n\t\t\t\t<\/div>\n\t\t\t\t<\/div>\n\t\t<div class=\"elementor-element elementor-element-b20198f e-con-full e-flex e-con e-child\" data-id=\"b20198f\" data-element_type=\"container\">\n\t\t\t\t<div class=\"elementor-element elementor-element-60cb32a elementor-widget elementor-widget-shortcode\" data-id=\"60cb32a\" data-element_type=\"widget\" data-widget_type=\"shortcode.default\">\n\t\t\t\t<div class=\"elementor-widget-container\">\n\t\t\t\t\t\t\t<div class=\"elementor-shortcode\">        <section id=\"miCarrusel\" class=\"carousel\" aria-roledescription=\"carousel\" aria-label=\" Ausgew\u00e4hlte Bilder\">\n          <div class=\"carousel-inner\">\n            <div class=\"controls\">\n              <button type=\"button\" class=\"rotation pause\" aria-label=\"Automatische Anzeige stoppen\">\n                <svg width=\"42\" height=\"34\" version=\"1.1\" xmlns=\"http:\/\/www.w3.org\/2000\/svg\">\n                  <rect class=\"background\" x=\"2\" y=\"2\" rx=\"5\" ry=\"5\" width=\"38\" height=\"24\"><\/rect>\n                  <rect class=\"border\" x=\"4\" y=\"4\" rx=\"5\" ry=\"5\" width=\"34\" height=\"20\"><\/rect>\n                  <polygon class=\"pause\" points=\"17 8 17 20\"><\/polygon>\n                  <polygon class=\"pause\" points=\"24 8 24 20\"><\/polygon>\n                  <polygon class=\"play\" points=\"15 8 15 20 27 14\"><\/polygon>\n                <\/svg>\n              <\/button>\n\n              <button type=\"button\" class=\"previous\" aria-controls=\"miCarrusel-items\" aria-label=\"Vorheriges Dia\">\n                  <svg aria-hidden=\"true\" class=\"e-font-icon-svg e-fas-long-arrow-alt-left\" viewBox=\"0 0 448 512\" xmlns=\"http:\/\/www.w3.org\/2000\/svg\">\n                      <path d=\"M134.059 296H436c6.627 0 12-5.373 12-12v-56c0-6.627-5.373-12-12-12H134.059v-46.059c0-21.382-25.851-32.09-40.971-16.971L7.029 239.029c-9.373 9.373-9.373 24.569 0 33.941l86.059 86.059c15.119 15.119 40.971 4.411 40.971-16.971V296z\"><\/path><\/svg>\n              <\/button>\n\n              <button type=\"button\" class=\"next\" aria-controls=\"miCarrusel-items\" aria-label=\"N\u00e4chstes Dia\">\n                <svg aria-hidden=\"true\" class=\"e-font-icon-svg e-fas-long-arrow-alt-right\" viewBox=\"0 0 448 512\" xmlns=\"http:\/\/www.w3.org\/2000\/svg\"><path d=\"M313.941 216H12c-6.627 0-12 5.373-12 12v56c0 6.627 5.373 12 12 12h301.941v46.059c0 21.382 25.851 32.09 40.971 16.971l86.059-86.059c9.373-9.373 9.373-24.569 0-33.941l-86.059-86.059c-15.119-15.119-40.971-4.411-40.971 16.971V216z\"><\/path><\/svg>\n              <\/button>\n            <\/div>\n\n            <div id=\"miCarrusel-items\" class=\"carousel-items\" aria-live=\"off\">\n              <div class=\"carousel-track\">\n                \n          <div class=\"carousel-item active\" role=\"group\" aria-roledescription=\"slide\" aria-label=\"1 de 3\">\n          <div class=\"carousel-image\" aria-hidden=\"true\" focusable=\"false\">\n              <img decoding=\"async\" src=\"https:\/\/organicbeeflamb.eu\/wp-content\/uploads\/2024\/09\/why_7.jpg\" alt=\"Warum Bio?\">\n          <\/div>\n\n          <div class=\"carousel-caption\">\n            <p>\n              \n                Warum Bio?              \n            <\/p>\n\n            <div>\n                            <p><a href=\"https:\/\/organicbeeflamb.eu\/de\/warum-bio\/\" class=\"btn\" alt=\"Entdecken Warum Bio?\" aria-label=\"Entdecken Warum Bio?\">Entdecken <span class=\"visually-hidden\">Warum Bio?<\/span><\/a><\/p>\n                          <\/div>\n          <\/div>\n        <\/div>\n        \n        <div class=\"carousel-item active\" role=\"group\" aria-roledescription=\"slide\" aria-label=\"2 de 3\">\n          <div class=\"carousel-image\" aria-hidden=\"true\" focusable=\"false\">\n              <img decoding=\"async\" src=\"https:\/\/organicbeeflamb.eu\/wp-content\/uploads\/2024\/10\/certified_organic_new.jpg\" alt=\"Bio-zertifiziert\">\n          <\/div>\n\n          <div class=\"carousel-caption\">\n            <p>\n              \n                Bio-zertifiziert              \n            <\/p>\n\n            <div>\n                            <p><a href=\"https:\/\/organicbeeflamb.eu\/de\/warum-bio\/bio-zertifiziert\/\" class=\"btn\" alt=\"Entdecken Bio-zertifiziert\" aria-label=\"Entdecken Bio-zertifiziert\">Entdecken <span class=\"visually-hidden\">Bio-zertifiziert<\/span><\/a><\/p>\n                          <\/div>\n          <\/div>\n        <\/div>\n        \n          <div class=\"carousel-item\" role=\"group\" aria-roledescription=\"slide\" aria-label=\"3 de 3\">\n          <div class=\"carousel-image\" aria-hidden=\"true\" focusable=\"false\">\n              <img decoding=\"async\" src=\"https:\/\/organicbeeflamb.eu\/wp-content\/uploads\/2024\/09\/why_5_cor.jpg\" alt=\"Tierschutz\">\n          <\/div>\n\n          <div class=\"carousel-caption\">\n            <p>\n              \n                Tierschutz              \n            <\/p>\n\n            <div>\n                            <p><a href=\"https:\/\/organicbeeflamb.eu\/de\/warum-bio\/tierschutz\/\" class=\"btn\" alt=\"Entdecken Tierschutz\" aria-label=\"Entdecken Tierschutz\">Entdecken <span class=\"visually-hidden\">Tierschutz<\/span><\/a><\/p>\n                          <\/div>\n          <\/div>\n        <\/div>\n        \n  \n              <\/div>\n            <\/div>\n          <\/div>\n        <\/section>\n        <\/div>\n\t\t\t\t\t\t<\/div>\n\t\t\t\t<\/div>\n\t\t\t\t<\/div>\n\t\t\t\t\t<\/div>\n\t\t\t\t<\/div>\n\t\t\t\t<\/div>\n\t\t","protected":false},"excerpt":{"rendered":"<p>Grunds\u00e4tze f\u00fcr die biologische Zertifizierung Vorschriften f\u00fcr die Viehhaltung zur Vermarktung von Bio-Produkten Grunds\u00e4tze der biologischen Produktion Keine k\u00fcnstlichen D\u00fcngemittel, Pestizide und Herbizide Verbot von Hormonen und eingeschr\u00e4nkter Einsatz von Antibiotika Keine GVO (gentechnisch ver\u00e4nderte Organismen) Grunds\u00e4tze der biologischen Produktion Keine k\u00fcnstlichen D\u00fcngemittel, Pestizide und Herbizide Verbot von Hormonen und eingeschr\u00e4nkter Einsatz von Antibiotika Keine [&hellip;]<\/p>\n","protected":false},"author":1,"featured_media":1542,"parent":2052,"menu_order":0,"comment_status":"closed","ping_status":"closed","template":"","meta":{"footnotes":""},"class_list":["post-2068","page","type-page","status-publish","has-post-thumbnail","hentry"],"_links":{"self":[{"href":"https:\/\/organicbeeflamb.eu\/de\/wp-json\/wp\/v2\/pages\/2068","targetHints":{"allow":["GET"]}}],"collection":[{"href":"https:\/\/organicbeeflamb.eu\/de\/wp-json\/wp\/v2\/pages"}],"about":[{"href":"https:\/\/organicbeeflamb.eu\/de\/wp-json\/wp\/v2\/types\/page"}],"author":[{"embeddable":true,"href":"https:\/\/organicbeeflamb.eu\/de\/wp-json\/wp\/v2\/users\/1"}],"replies":[{"embeddable":true,"href":"https:\/\/organicbeeflamb.eu\/de\/wp-json\/wp\/v2\/comments?post=2068"}],"version-history":[{"count":26,"href":"https:\/\/organicbeeflamb.eu\/de\/wp-json\/wp\/v2\/pages\/2068\/revisions"}],"predecessor-version":[{"id":7019,"href":"https:\/\/organicbeeflamb.eu\/de\/wp-json\/wp\/v2\/pages\/2068\/revisions\/7019"}],"up":[{"embeddable":true,"href":"https:\/\/organicbeeflamb.eu\/de\/wp-json\/wp\/v2\/pages\/2052"}],"wp:featuredmedia":[{"embeddable":true,"href":"https:\/\/organicbeeflamb.eu\/de\/wp-json\/wp\/v2\/media\/1542"}],"wp:attachment":[{"href":"https:\/\/organicbeeflamb.eu\/de\/wp-json\/wp\/v2\/media?parent=2068"}],"curies":[{"name":"wp","href":"https:\/\/api.w.org\/{rel}","templated":true}]}}