{"id":2077,"date":"2024-09-08T16:38:23","date_gmt":"2024-09-08T16:38:23","guid":{"rendered":"https:\/\/organicbeeflamb.eu\/warum-bio\/animal-welfare\/"},"modified":"2025-06-02T14:20:59","modified_gmt":"2025-06-02T14:20:59","slug":"tierschutz","status":"publish","type":"page","link":"https:\/\/organicbeeflamb.eu\/de\/warum-bio\/tierschutz\/","title":{"rendered":"Tierschutz"},"content":{"rendered":"\t\t<div data-elementor-type=\"wp-page\" data-elementor-id=\"2077\" class=\"elementor elementor-2077 elementor-66\" data-elementor-post-type=\"page\">\n\t\t\t\t<div class=\"elementor-element elementor-element-e02774d e-flex e-con-boxed e-con e-parent\" data-id=\"e02774d\" data-element_type=\"container\" data-settings=\"{&quot;background_background&quot;:&quot;classic&quot;}\">\n\t\t\t\t\t<div class=\"e-con-inner\">\n\t\t\t\t<div class=\"elementor-element elementor-element-b824463 elementor-widget elementor-widget-heading\" data-id=\"b824463\" data-element_type=\"widget\" data-widget_type=\"heading.default\">\n\t\t\t\t<div class=\"elementor-widget-container\">\n\t\t\t\t\t<h1 class=\"elementor-heading-title elementor-size-default\">Tierschutz im \u00f6kologischen Landbau<\/h1>\t\t\t\t<\/div>\n\t\t\t\t<\/div>\n\t\t\t\t<div class=\"elementor-element elementor-element-920d339 elementor-widget elementor-widget-image\" data-id=\"920d339\" data-element_type=\"widget\" data-widget_type=\"image.default\">\n\t\t\t\t<div class=\"elementor-widget-container\">\n\t\t\t\t\t\t\t\t\t\t\t\t\t\t\t<img decoding=\"async\" width=\"146\" height=\"197\" src=\"https:\/\/organicbeeflamb.eu\/wp-content\/uploads\/2024\/09\/logo-Enjoy.svg\" class=\"attachment-full size-full wp-image-124\" alt=\"Enjoy it&#039;s from Europe\" \/>\t\t\t\t\t\t\t\t\t\t\t\t\t\t\t<\/div>\n\t\t\t\t<\/div>\n\t\t\t\t\t<\/div>\n\t\t\t\t<\/div>\n\t\t<div class=\"elementor-element elementor-element-8840f53 e-flex e-con-boxed e-con e-parent\" data-id=\"8840f53\" data-element_type=\"container\">\n\t\t\t\t\t<div class=\"e-con-inner\">\n\t\t<div class=\"elementor-element elementor-element-b434a92 e-con-full e-flex e-con e-child\" data-id=\"b434a92\" data-element_type=\"container\">\n\t\t\t\t<div class=\"elementor-element elementor-element-677fbf9 elementor-widget elementor-widget-text-editor\" data-id=\"677fbf9\" data-element_type=\"widget\" data-widget_type=\"text-editor.default\">\n\t\t\t\t<div class=\"elementor-widget-container\">\n\t\t\t\t\t\t\t\t\t<p><span style=\"font-weight: 400;\">Der Tierschutz ist ein Grundpfeiler des \u00f6kologischen Landbaus, der sicherstellt, dass Tiere unter Bedingungen gehalten werden, die ihrem nat\u00fcrlichen Verhalten und ihren gesundheitlichen Bed\u00fcrfnissen entsprechen.<\/span><\/p>\t\t\t\t\t\t\t\t<\/div>\n\t\t\t\t<\/div>\n\t\t\t\t<div class=\"elementor-element elementor-element-c4b85d7 elementor-widget elementor-widget-heading\" data-id=\"c4b85d7\" data-element_type=\"widget\" data-widget_type=\"heading.default\">\n\t\t\t\t<div class=\"elementor-widget-container\">\n\t\t\t\t\t<h2 class=\"elementor-heading-title elementor-size-default\">Hohe Tierschutzstandards <br> im  \u00f6kologischen Landbau<\/h2>\t\t\t\t<\/div>\n\t\t\t\t<\/div>\n\t\t\t\t<\/div>\n\t\t<div class=\"elementor-element elementor-element-d53df0e e-con-full elementor-hidden-mobile e-flex e-con e-child\" data-id=\"d53df0e\" data-element_type=\"container\">\n\t\t\t\t<\/div>\n\t\t\t\t\t<\/div>\n\t\t\t\t<\/div>\n\t\t<div class=\"elementor-element elementor-element-15ddc1c e-flex e-con-boxed e-con e-parent\" data-id=\"15ddc1c\" data-element_type=\"container\">\n\t\t\t\t\t<div class=\"e-con-inner\">\n\t\t\t\t<div class=\"elementor-element elementor-element-417b485 elementor-widget elementor-widget-shortcode\" data-id=\"417b485\" data-element_type=\"widget\" data-widget_type=\"shortcode.default\">\n\t\t\t\t<div class=\"elementor-widget-container\">\n\t\t\t\t\t\t\t<div class=\"elementor-shortcode\"><div id=\"acordeon-container-6a0329be9ccf1\" class=\"acordeon-container acordeon-layout-2\"><div class=\"acordeon-items\">\n\n<div class=\"acordeon-item\"><button id=\"tab-acordeon-6a0329be9cd9d\" class=\"acordeon-trigger\" aria-expanded=\"false\" aria-controls=\"panel-acordeon-6a0329be9cd9d\"><span class=\"titulo\">Nat\u00fcrliche, biologische Ern\u00e4hrung<\/span><span class=\"icon\" aria-hidden=\"true\">+<\/span><\/button><div id=\"panel-acordeon-6a0329be9cd9d\" class=\"acordeon-panel\" role=\"region\" aria-labelledby=\"tab-acordeon-6a0329be9cd9d\" hidden><div class=\"acordeon-content\">Bio-Tiere werden mit einer nat\u00fcrlichen, biologischen Ern\u00e4hrung gef\u00fcttert, die frei von gentechnisch ver\u00e4nderten Zutaten ist.\n<\/div><\/div><\/div>\n<div class=\"acordeon-item\"><button id=\"tab-acordeon-6a0329be9cdd8\" class=\"acordeon-trigger\" aria-expanded=\"false\" aria-controls=\"panel-acordeon-6a0329be9cdd8\"><span class=\"titulo\">Ausreichend Licht und Platz<\/span><span class=\"icon\" aria-hidden=\"true\">+<\/span><\/button><div id=\"panel-acordeon-6a0329be9cdd8\" class=\"acordeon-panel\" role=\"region\" aria-labelledby=\"tab-acordeon-6a0329be9cdd8\" hidden><div class=\"acordeon-content\">Tiere erhalten ausreichend Licht, Platz und Komfort, um sich frei zu bewegen und ihr nat\u00fcrliches Verhalten auszuleben.\n<\/div><\/div><\/div>\n<div class=\"acordeon-item\"><button id=\"tab-acordeon-6a0329be9ce08\" class=\"acordeon-trigger\" aria-expanded=\"false\" aria-controls=\"panel-acordeon-6a0329be9ce08\"><span class=\"titulo\">Frische Luft und Weide<\/span><span class=\"icon\" aria-hidden=\"true\">+<\/span><\/button><div id=\"panel-acordeon-6a0329be9ce08\" class=\"acordeon-panel\" role=\"region\" aria-labelledby=\"tab-acordeon-6a0329be9ce08\" hidden><div class=\"acordeon-content\">Bio-Tiere haben ausreichend Zugang zu frischer Luft und Platz zum Grasen und Umherstreifen, was ihre nat\u00fcrlichen Instinkte befriedigt.\n<\/div><\/div><\/div>\n<div class=\"acordeon-item\"><button id=\"tab-acordeon-6a0329be9ce37\" class=\"acordeon-trigger\" aria-expanded=\"false\" aria-controls=\"panel-acordeon-6a0329be9ce37\"><span class=\"titulo\">Dauerhafter Zugang zu Weiden<\/span><span class=\"icon\" aria-hidden=\"true\">+<\/span><\/button><div id=\"panel-acordeon-6a0329be9ce37\" class=\"acordeon-panel\" role=\"region\" aria-labelledby=\"tab-acordeon-6a0329be9ce37\" hidden><div class=\"acordeon-content\">Tiere m\u00fcssen Zugang zu Weiden haben, wenn es die Wetter- und Bodenverh\u00e4ltnisse zulassen, was ihr Wohlbefinden und ihr nat\u00fcrliches Verhalten wie Grasen, W\u00fchlen, Staubbaden und Sitzen unterst\u00fctzt.\n<\/div><\/div><\/div>\n<div class=\"acordeon-item\"><button id=\"tab-acordeon-6a0329be9ce64\" class=\"acordeon-trigger\" aria-expanded=\"false\" aria-controls=\"panel-acordeon-6a0329be9ce64\"><span class=\"titulo\">Stressreduzierung<\/span><span class=\"icon\" aria-hidden=\"true\">+<\/span><\/button><div id=\"panel-acordeon-6a0329be9ce64\" class=\"acordeon-panel\" role=\"region\" aria-labelledby=\"tab-acordeon-6a0329be9ce64\" hidden><div class=\"acordeon-content\">Biobauern reduzieren Stress und Krankheiten bei den Tieren, indem sie ihnen viel Platz geben und sie sich in einer geeigneten Umgebung nat\u00fcrlich verhalten lassen, sodass keine vorbeugenden Antibiotika ben\u00f6tigt werden.\n<\/div><\/div><\/div>\n<div class=\"acordeon-item\"><button id=\"tab-acordeon-6a0329be9cec2\" class=\"acordeon-trigger\" aria-expanded=\"false\" aria-controls=\"panel-acordeon-6a0329be9cec2\"><span class=\"titulo\">Keine routinem\u00e4\u00dfige Antibiotika<\/span><span class=\"icon\" aria-hidden=\"true\">+<\/span><\/button><div id=\"panel-acordeon-6a0329be9cec2\" class=\"acordeon-panel\" role=\"region\" aria-labelledby=\"tab-acordeon-6a0329be9cec2\" hidden><div class=\"acordeon-content\">Die routinem\u00e4\u00dfige Verwendung von Antibiotika ist verboten. Tiere erhalten Medikamente nur bei Bedarf, was Stress minimiert und die Entwicklung von Antibiotikaresistenzen verhindert.\n<\/div><\/div><\/div>\n<\/div><\/div><script>\n        document.addEventListener(\"DOMContentLoaded\", function() {\n            const acordeon = document.getElementById(\"acordeon-container-6a0329be9ccf1\");\n            const triggers = acordeon.querySelectorAll(\".acordeon-trigger\");\n            \n            triggers.forEach(trigger => {\n                trigger.addEventListener(\"click\", function() {\n                    const expanded = this.getAttribute(\"aria-expanded\") === \"true\";\n                    \n                    \/\/ Cerrar todos los paneles\n                    triggers.forEach(t => {\n                        t.setAttribute(\"aria-expanded\", \"false\");\n                        const panel = document.getElementById(t.getAttribute(\"aria-controls\"));\n                        panel.hidden = true;\n\t\t\t\t\t\tt.querySelector(\".icon\").textContent = \"+\";\n                    });\n                    \n                    \/\/ Si no estaba expandido, abrir este panel\n                    if (!expanded) {\n                        this.setAttribute(\"aria-expanded\", \"true\");\n                        const panel = document.getElementById(this.getAttribute(\"aria-controls\"));\n                        panel.hidden = false;\n\t\t\t\t\t\tthis.querySelector(\".icon\").textContent = \"-\";\n                    }\n                });\n            });\n        });\n    <\/script><style>\n        .acordeon-container {\n            margin: 1em 0;\n            width: 100%;\n\t\t\tpadding: 0;\n        }\n        \n        .acordeon-titulo {\n            margin-bottom: 1em;\n        }\n        \n        .acordeon-items {\n            display: flex;\n            flex-wrap: wrap;\n            gap: 1.5em;\n        }\n        .acordeon-content {\n\t\t\tfont-size: 20px;\n\t\t}\n\t\t\n        \/* Layout 1: Dos columnas y uno centrado abajo *\/\n        .acordeon-layout-1 .acordeon-item:nth-child(1),\n        .acordeon-layout-1 .acordeon-item:nth-child(2) {\n            width: calc(50% - 0.75em);\n        }\n        \n        .acordeon-layout-1 .acordeon-item:nth-child(3) {\n\t\t\twidth: 49%;\n\t\t\tmargin: auto;\n\t\t}\n        \n        \/* Layout 2: Dos columnas *\/\n        .acordeon-layout-2 .acordeon-item {\n            width: calc(50% - 0.75em);\n        }\n        \n        \/* Layout 3: Una columna *\/\n        .acordeon-layout-3 .acordeon-item {\n            width: 100%;\n        }\n        \n        .acordeon-trigger {\n            display: flex;\n            justify-content: space-between;\n            align-items: center;\n            width: 100%;\n            padding: 35px 60px 35px 60px !important;\n            background-color: #FFF !important;\n            border: 1px solid #345B60 !important;\n            border-radius: 0px !important;\n            text-align: left !important;\n            cursor: pointer;\n            transition: background-color 0.3s !important;\n\t\t\tcolor: #595959 !important;\n\t\t\tfont-size: 24px !important;\n\t\t\tfont-weight: 700 !important;\n\t\t\tfont-family: \"BordBiaSans-Regular\" !important;\n\t\t}\n        \n        .acordeon-trigger:hover,\n        .acordeon-trigger:focus {\n            color: #2A8436 !important;\n\t\t\tbackground-color: #FFFFFF;\n        }\n        \n        .acordeon-trigger[aria-expanded=\"true\"] {\n            color: #2A8436 !important;\n\t\t\tbackground-color: #FFFFFF;\n        }\n        \n        .acordeon-trigger .icon {\n\t\t\tdisplay: flex;\n\t\t\tjustify-content: center;\n\t\t\talign-items: center;\n\t\t\twidth: 20px;\n\t\t\theight: 20px;\n\t\t\tfont-size: 35px;\n\t\t\tfont-weight: bold;\n\t\t\tline-height: 1;\n\t\t}\n\t\t\n\t\t\/* Soluci\u00f3n para t\u00edtulos largos *\/\n\t\t.acordeon-trigger .titulo {\n\t\t\tdisplay: block;\n\t\t\t\/* max-width: calc(100% - 70px); Mucho m\u00e1s espacio para el icono *\/\n\t\t\tword-wrap: break-word;\n\t\t\twhite-space: normal;\n\t\t\tflex: 1;\n\t\t\tpadding-right: 30px;\n\t\t}\n\t\t\n\t\t\/* Posicionamiento del icono para evitar cualquier superposici\u00f3n *\/\n\t\t.acordeon-trigger {\n\t\t\tposition: relative;\n\t\t}\n\t\t\n\t\t.acordeon-trigger .icon {\n\t\t\tposition: absolute;\n\t\t\tright: 70px;\n\t\t\ttop: 50%;\n\t\t\ttransform: translateY(-50%);\n\t\t}\n        \n        .acordeon-panel {\n            padding: 15px 60px;\n            background-color: #fff;\n            border: 1px solid #345B60;\n            border-top: none;\n        }\n\t\t@media (max-width:798px)\n\t\t{\n\t\t.acordeon-items {\n\t\t\tdisplay: flex;\n\t\t\tflex-wrap: nowrap;\n\t\t\tgap: 1.5em;\n\t\t\tflex-direction: column;\n\t\t}\n\t\t.acordeon-layout-1 .acordeon-item:nth-child(1), .acordeon-layout-1 .acordeon-item:nth-child(2), .acordeon-layout-1 .acordeon-item:nth-child(3), .acordeon-layout-2 .acordeon-item {\n\t\t\twidth: 100%;\n\t\t}\n\t\t.acordeon-trigger {\n\t\t\twidth: 100%;\n\t\t\tpadding: 20px 20px 20px 20px !important;\n\t\t\tfont-size: 24px !important;\n\t\t}\n\t\t.acordeon-trigger .icon {\n\t\t\tposition: absolute;\n\t\t\tright: 14px;\n\t\t\ttop: 50%;\n\t\t\ttransform: translateY(-50%);\n\t\t}\n\t\t}\n    <\/style><\/div>\n\t\t\t\t\t\t<\/div>\n\t\t\t\t<\/div>\n\t\t\t\t\t<\/div>\n\t\t\t\t<\/div>\n\t\t<div class=\"elementor-element elementor-element-a8189bb e-flex e-con-boxed e-con e-parent\" data-id=\"a8189bb\" data-element_type=\"container\">\n\t\t\t\t\t<div class=\"e-con-inner\">\n\t\t<div class=\"elementor-element elementor-element-e3399a2 e-con-full e-flex e-con e-child\" data-id=\"e3399a2\" data-element_type=\"container\">\n\t\t\t\t<div class=\"elementor-element elementor-element-b32274f elementor-widget elementor-widget-heading\" data-id=\"b32274f\" data-element_type=\"widget\" data-widget_type=\"heading.default\">\n\t\t\t\t<div class=\"elementor-widget-container\">\n\t\t\t\t\t<h3 class=\"elementor-heading-title elementor-size-default\">Wichtige Grunds\u00e4tze des Tierschutzes:\n<\/h3>\t\t\t\t<\/div>\n\t\t\t\t<\/div>\n\t\t\t\t<div class=\"elementor-element elementor-element-b7024c7 elementor-widget elementor-widget-text-editor\" data-id=\"b7024c7\" data-element_type=\"widget\" data-widget_type=\"text-editor.default\">\n\t\t\t\t<div class=\"elementor-widget-container\">\n\t\t\t\t\t\t\t\t\t<ul><li><b>Qualifiziertes Personal<\/b><span style=\"font-weight: 400;\">: Das Personal muss die Gesundheits- und Wohlbefindensbed\u00fcrfnisse der Tiere verstehen.<\/span><\/li><li><b>Verbot der Anbindehaltung<\/b><span style=\"font-weight: 400;\">: Ausgenommen f\u00fcr kurze Zeitr\u00e4ume aus Gr\u00fcnden des Wohlbefindens, der Sicherheit oder aus veterin\u00e4rmedizinischen Gr\u00fcnden.<\/span><\/li><li><b>Keine Hormone<\/b><span style=\"font-weight: 400;\">: Hormone und \u00e4hnliche Substanzen sind nicht erlaubt, es sei denn, sie werden aus tier\u00e4rztlichen Gr\u00fcnden ben\u00f6tigt.<\/span><\/li><\/ul>\t\t\t\t\t\t\t\t<\/div>\n\t\t\t\t<\/div>\n\t\t\t\t<div class=\"elementor-element elementor-element-2e8e642 animated-slow elementor-hidden-desktop elementor-hidden-tablet elementor-invisible elementor-widget elementor-widget-image\" data-id=\"2e8e642\" data-element_type=\"widget\" data-settings=\"{&quot;_animation&quot;:&quot;slideInRight&quot;}\" data-widget_type=\"image.default\">\n\t\t\t\t<div class=\"elementor-widget-container\">\n\t\t\t\t\t\t\t\t\t\t\t\t\t\t\t<img fetchpriority=\"high\" decoding=\"async\" width=\"652\" height=\"575\" src=\"https:\/\/organicbeeflamb.eu\/wp-content\/uploads\/2025\/05\/bio-lammfleisch-irisches-schaf-2.webp\" class=\"attachment-full size-full wp-image-5171\" alt=\"Bio-Lammfleisch\" srcset=\"https:\/\/organicbeeflamb.eu\/wp-content\/uploads\/2025\/05\/bio-lammfleisch-irisches-schaf-2.webp 652w, https:\/\/organicbeeflamb.eu\/wp-content\/uploads\/2025\/05\/bio-lammfleisch-irisches-schaf-2-300x265.webp 300w\" sizes=\"(max-width: 652px) 100vw, 652px\" \/>\t\t\t\t\t\t\t\t\t\t\t\t\t\t\t<\/div>\n\t\t\t\t<\/div>\n\t\t\t\t<div class=\"elementor-element elementor-element-b9853c0 elementor-widget elementor-widget-heading\" data-id=\"b9853c0\" data-element_type=\"widget\" data-widget_type=\"heading.default\">\n\t\t\t\t<div class=\"elementor-widget-container\">\n\t\t\t\t\t<h3 class=\"elementor-heading-title elementor-size-default\">Die \u00f6kologische Tierhaltung legt gro\u00dfen Wert auf hohe Tierschutzstandards<\/h3>\t\t\t\t<\/div>\n\t\t\t\t<\/div>\n\t\t\t\t<div class=\"elementor-element elementor-element-a99033a elementor-widget elementor-widget-text-editor\" data-id=\"a99033a\" data-element_type=\"widget\" data-widget_type=\"text-editor.default\">\n\t\t\t\t<div class=\"elementor-widget-container\">\n\t\t\t\t\t\t\t\t\t<ul><li><b>Vorbeugende Gesundheitsma\u00dfnahmen<\/b><span style=\"font-weight: 400;\">: Einsatz geeigneter Rassen, Futtermittel und Techniken der Tierhaltung.<\/span><\/li><li><b>Offene Haltungssysteme<\/b><span style=\"font-weight: 400;\">: Freilandbedingungen und bodengebundene Produktion.<\/span><\/li><li><b>Hohe Tierschutzstandards<\/b><span style=\"font-weight: 400;\">: Die Motivation der Verbraucher, Bio-Produkte zu kaufen, umfasst oft die wahrgenommenen Vorteile f\u00fcr das Tierwohl.<\/span><\/li><\/ul>\t\t\t\t\t\t\t\t<\/div>\n\t\t\t\t<\/div>\n\t\t\t\t<\/div>\n\t\t<div class=\"elementor-element elementor-element-0c078f0 e-con-full elementor-hidden-mobile e-flex e-con e-child\" data-id=\"0c078f0\" data-element_type=\"container\">\n\t\t\t\t<div class=\"elementor-element elementor-element-2245693 animated-slow elementor-invisible elementor-widget elementor-widget-image\" data-id=\"2245693\" data-element_type=\"widget\" data-settings=\"{&quot;_animation&quot;:&quot;slideInRight&quot;}\" data-widget_type=\"image.default\">\n\t\t\t\t<div class=\"elementor-widget-container\">\n\t\t\t\t\t\t\t\t\t\t\t\t\t\t\t<img fetchpriority=\"high\" decoding=\"async\" width=\"652\" height=\"575\" src=\"https:\/\/organicbeeflamb.eu\/wp-content\/uploads\/2025\/05\/bio-lammfleisch-irisches-schaf-2.webp\" class=\"attachment-full size-full wp-image-5171\" alt=\"Bio-Lammfleisch\" srcset=\"https:\/\/organicbeeflamb.eu\/wp-content\/uploads\/2025\/05\/bio-lammfleisch-irisches-schaf-2.webp 652w, https:\/\/organicbeeflamb.eu\/wp-content\/uploads\/2025\/05\/bio-lammfleisch-irisches-schaf-2-300x265.webp 300w\" sizes=\"(max-width: 652px) 100vw, 652px\" \/>\t\t\t\t\t\t\t\t\t\t\t\t\t\t\t<\/div>\n\t\t\t\t<\/div>\n\t\t\t\t<\/div>\n\t\t\t\t\t<\/div>\n\t\t\t\t<\/div>\n\t\t<div class=\"elementor-element elementor-element-e1b2104 e-flex e-con-boxed e-con e-parent\" data-id=\"e1b2104\" data-element_type=\"container\">\n\t\t\t\t\t<div class=\"e-con-inner\">\n\t\t<div class=\"elementor-element elementor-element-2803151 e-con-full e-flex e-con e-child\" data-id=\"2803151\" data-element_type=\"container\">\n\t\t\t\t<div class=\"elementor-element elementor-element-a43474d elementor-widget elementor-widget-heading\" data-id=\"a43474d\" data-element_type=\"widget\" data-widget_type=\"heading.default\">\n\t\t\t\t<div class=\"elementor-widget-container\">\n\t\t\t\t\t<h2 class=\"elementor-heading-title elementor-size-default\">Erfahren Sie mehr \u00fcber<\/h2>\t\t\t\t<\/div>\n\t\t\t\t<\/div>\n\t\t\t\t<\/div>\n\t\t<div class=\"elementor-element elementor-element-92b6183 e-con-full e-flex e-con e-child\" data-id=\"92b6183\" data-element_type=\"container\">\n\t\t\t\t<div class=\"elementor-element elementor-element-9d13272 elementor-widget elementor-widget-shortcode\" data-id=\"9d13272\" data-element_type=\"widget\" data-widget_type=\"shortcode.default\">\n\t\t\t\t<div class=\"elementor-widget-container\">\n\t\t\t\t\t\t\t<div class=\"elementor-shortcode\">        <section id=\"miCarrusel\" class=\"carousel\" aria-roledescription=\"carousel\" aria-label=\" Ausgew\u00e4hlte Bilder\">\n          <div class=\"carousel-inner\">\n            <div class=\"controls\">\n              <button type=\"button\" class=\"rotation pause\" aria-label=\"Automatische Anzeige stoppen\">\n                <svg width=\"42\" height=\"34\" version=\"1.1\" xmlns=\"http:\/\/www.w3.org\/2000\/svg\">\n                  <rect class=\"background\" x=\"2\" y=\"2\" rx=\"5\" ry=\"5\" width=\"38\" height=\"24\"><\/rect>\n                  <rect class=\"border\" x=\"4\" y=\"4\" rx=\"5\" ry=\"5\" width=\"34\" height=\"20\"><\/rect>\n                  <polygon class=\"pause\" points=\"17 8 17 20\"><\/polygon>\n                  <polygon class=\"pause\" points=\"24 8 24 20\"><\/polygon>\n                  <polygon class=\"play\" points=\"15 8 15 20 27 14\"><\/polygon>\n                <\/svg>\n              <\/button>\n\n              <button type=\"button\" class=\"previous\" aria-controls=\"miCarrusel-items\" aria-label=\"Vorheriges Dia\">\n                  <svg aria-hidden=\"true\" class=\"e-font-icon-svg e-fas-long-arrow-alt-left\" viewBox=\"0 0 448 512\" xmlns=\"http:\/\/www.w3.org\/2000\/svg\">\n                      <path d=\"M134.059 296H436c6.627 0 12-5.373 12-12v-56c0-6.627-5.373-12-12-12H134.059v-46.059c0-21.382-25.851-32.09-40.971-16.971L7.029 239.029c-9.373 9.373-9.373 24.569 0 33.941l86.059 86.059c15.119 15.119 40.971 4.411 40.971-16.971V296z\"><\/path><\/svg>\n              <\/button>\n\n              <button type=\"button\" class=\"next\" aria-controls=\"miCarrusel-items\" aria-label=\"N\u00e4chstes Dia\">\n                <svg aria-hidden=\"true\" class=\"e-font-icon-svg e-fas-long-arrow-alt-right\" viewBox=\"0 0 448 512\" xmlns=\"http:\/\/www.w3.org\/2000\/svg\"><path d=\"M313.941 216H12c-6.627 0-12 5.373-12 12v56c0 6.627 5.373 12 12 12h301.941v46.059c0 21.382 25.851 32.09 40.971 16.971l86.059-86.059c9.373-9.373 9.373-24.569 0-33.941l-86.059-86.059c-15.119-15.119-40.971-4.411-40.971 16.971V216z\"><\/path><\/svg>\n              <\/button>\n            <\/div>\n\n            <div id=\"miCarrusel-items\" class=\"carousel-items\" aria-live=\"off\">\n              <div class=\"carousel-track\">\n                \n          <div class=\"carousel-item active\" role=\"group\" aria-roledescription=\"slide\" aria-label=\"1 de 3\">\n          <div class=\"carousel-image\" aria-hidden=\"true\" focusable=\"false\">\n              <img decoding=\"async\" src=\"https:\/\/organicbeeflamb.eu\/wp-content\/uploads\/2024\/09\/why_7.jpg\" alt=\"Warum Bio?\">\n          <\/div>\n\n          <div class=\"carousel-caption\">\n            <p>\n              \n                Warum Bio?              \n            <\/p>\n\n            <div>\n                            <p><a href=\"https:\/\/organicbeeflamb.eu\/de\/warum-bio\/\" class=\"btn\" alt=\"Entdecken Warum Bio?\" aria-label=\"Entdecken Warum Bio?\">Entdecken <span class=\"visually-hidden\">Warum Bio?<\/span><\/a><\/p>\n                          <\/div>\n          <\/div>\n        <\/div>\n        \n        <div class=\"carousel-item active\" role=\"group\" aria-roledescription=\"slide\" aria-label=\"2 de 3\">\n          <div class=\"carousel-image\" aria-hidden=\"true\" focusable=\"false\">\n              <img decoding=\"async\" src=\"https:\/\/organicbeeflamb.eu\/wp-content\/uploads\/2024\/10\/certified_organic_new.jpg\" alt=\"Bio-zertifiziert\">\n          <\/div>\n\n          <div class=\"carousel-caption\">\n            <p>\n              \n                Bio-zertifiziert              \n            <\/p>\n\n            <div>\n                            <p><a href=\"https:\/\/organicbeeflamb.eu\/de\/warum-bio\/bio-zertifiziert\/\" class=\"btn\" alt=\"Entdecken Bio-zertifiziert\" aria-label=\"Entdecken Bio-zertifiziert\">Entdecken <span class=\"visually-hidden\">Bio-zertifiziert<\/span><\/a><\/p>\n                          <\/div>\n          <\/div>\n        <\/div>\n        \n          <div class=\"carousel-item\" role=\"group\" aria-roledescription=\"slide\" aria-label=\"3 de 3\">\n          <div class=\"carousel-image\" aria-hidden=\"true\" focusable=\"false\">\n              <img decoding=\"async\" src=\"https:\/\/organicbeeflamb.eu\/wp-content\/uploads\/2024\/09\/why_4_cor.jpg\" alt=\"Grundlagen\">\n          <\/div>\n\n          <div class=\"carousel-caption\">\n            <p>\n              \n                Grundlagen              \n            <\/p>\n\n            <div>\n                            <p><a href=\"https:\/\/organicbeeflamb.eu\/de\/warum-bio\/grundlagen\/\" class=\"btn\" alt=\"Entdecken Grundlagen\" aria-label=\"Entdecken Grundlagen\">Entdecken <span class=\"visually-hidden\">Grundlagen<\/span><\/a><\/p>\n                          <\/div>\n          <\/div>\n        <\/div>\n        \n  \n              <\/div>\n            <\/div>\n          <\/div>\n        <\/section>\n        <\/div>\n\t\t\t\t\t\t<\/div>\n\t\t\t\t<\/div>\n\t\t\t\t<\/div>\n\t\t\t\t\t<\/div>\n\t\t\t\t<\/div>\n\t\t\t\t<\/div>\n\t\t","protected":false},"excerpt":{"rendered":"<p>Tierschutz im \u00f6kologischen Landbau Der Tierschutz ist ein Grundpfeiler des \u00f6kologischen Landbaus, der sicherstellt, dass Tiere unter Bedingungen gehalten werden, die ihrem nat\u00fcrlichen Verhalten und ihren gesundheitlichen Bed\u00fcrfnissen entsprechen. Hohe Tierschutzstandards im \u00f6kologischen Landbau Wichtige Grunds\u00e4tze des Tierschutzes: Qualifiziertes Personal: Das Personal muss die Gesundheits- und Wohlbefindensbed\u00fcrfnisse der Tiere verstehen. Verbot der Anbindehaltung: Ausgenommen f\u00fcr [&hellip;]<\/p>\n","protected":false},"author":1,"featured_media":1550,"parent":2052,"menu_order":0,"comment_status":"closed","ping_status":"closed","template":"","meta":{"footnotes":""},"class_list":["post-2077","page","type-page","status-publish","has-post-thumbnail","hentry"],"_links":{"self":[{"href":"https:\/\/organicbeeflamb.eu\/de\/wp-json\/wp\/v2\/pages\/2077","targetHints":{"allow":["GET"]}}],"collection":[{"href":"https:\/\/organicbeeflamb.eu\/de\/wp-json\/wp\/v2\/pages"}],"about":[{"href":"https:\/\/organicbeeflamb.eu\/de\/wp-json\/wp\/v2\/types\/page"}],"author":[{"embeddable":true,"href":"https:\/\/organicbeeflamb.eu\/de\/wp-json\/wp\/v2\/users\/1"}],"replies":[{"embeddable":true,"href":"https:\/\/organicbeeflamb.eu\/de\/wp-json\/wp\/v2\/comments?post=2077"}],"version-history":[{"count":25,"href":"https:\/\/organicbeeflamb.eu\/de\/wp-json\/wp\/v2\/pages\/2077\/revisions"}],"predecessor-version":[{"id":7022,"href":"https:\/\/organicbeeflamb.eu\/de\/wp-json\/wp\/v2\/pages\/2077\/revisions\/7022"}],"up":[{"embeddable":true,"href":"https:\/\/organicbeeflamb.eu\/de\/wp-json\/wp\/v2\/pages\/2052"}],"wp:featuredmedia":[{"embeddable":true,"href":"https:\/\/organicbeeflamb.eu\/de\/wp-json\/wp\/v2\/media\/1550"}],"wp:attachment":[{"href":"https:\/\/organicbeeflamb.eu\/de\/wp-json\/wp\/v2\/media?parent=2077"}],"curies":[{"name":"wp","href":"https:\/\/api.w.org\/{rel}","templated":true}]}}