{"id":2085,"date":"2024-09-08T16:38:40","date_gmt":"2024-09-08T16:38:40","guid":{"rendered":"https:\/\/organicbeeflamb.eu\/ireland\/"},"modified":"2025-06-02T13:53:24","modified_gmt":"2025-06-02T13:53:24","slug":"irland","status":"publish","type":"page","link":"https:\/\/organicbeeflamb.eu\/de\/irland\/","title":{"rendered":"Irland"},"content":{"rendered":"\t\t<div data-elementor-type=\"wp-page\" data-elementor-id=\"2085\" class=\"elementor elementor-2085 elementor-68\" data-elementor-post-type=\"page\">\n\t\t\t\t<div class=\"elementor-element elementor-element-4deb5ec e-flex e-con-boxed e-con e-parent\" data-id=\"4deb5ec\" data-element_type=\"container\" data-settings=\"{&quot;background_background&quot;:&quot;classic&quot;}\">\n\t\t\t\t\t<div class=\"e-con-inner\">\n\t\t\t\t<div class=\"elementor-element elementor-element-615ee14 elementor-widget elementor-widget-heading\" data-id=\"615ee14\" data-element_type=\"widget\" data-widget_type=\"heading.default\">\n\t\t\t\t<div class=\"elementor-widget-container\">\n\t\t\t\t\t<h1 class=\"elementor-heading-title elementor-size-default\">Irland \u2013 ein Land des \u00f6kologischen Landbaus und von Weidefleisch<\/h1>\t\t\t\t<\/div>\n\t\t\t\t<\/div>\n\t\t\t\t<div class=\"elementor-element elementor-element-d792f1f elementor-widget elementor-widget-image\" data-id=\"d792f1f\" data-element_type=\"widget\" data-widget_type=\"image.default\">\n\t\t\t\t<div class=\"elementor-widget-container\">\n\t\t\t\t\t\t\t\t\t\t\t\t\t\t\t<img decoding=\"async\" width=\"146\" height=\"197\" src=\"https:\/\/organicbeeflamb.eu\/wp-content\/uploads\/2024\/09\/logo-Enjoy.svg\" class=\"attachment-full size-full wp-image-124\" alt=\"Enjoy it&#039;s from Europe\" \/>\t\t\t\t\t\t\t\t\t\t\t\t\t\t\t<\/div>\n\t\t\t\t<\/div>\n\t\t\t\t\t<\/div>\n\t\t\t\t<\/div>\n\t\t<div class=\"elementor-element elementor-element-fd32429 e-flex e-con-boxed e-con e-parent\" data-id=\"fd32429\" data-element_type=\"container\">\n\t\t\t\t\t<div class=\"e-con-inner\">\n\t\t\t\t<div class=\"elementor-element elementor-element-6f4ff37 elementor-widget elementor-widget-heading\" data-id=\"6f4ff37\" data-element_type=\"widget\" data-widget_type=\"heading.default\">\n\t\t\t\t<div class=\"elementor-widget-container\">\n\t\t\t\t\t<h2 class=\"elementor-heading-title elementor-size-default\">Entdecken Sie Irlands \u00f6kologischen Landbau<\/h2>\t\t\t\t<\/div>\n\t\t\t\t<\/div>\n\t\t\t\t\t<\/div>\n\t\t\t\t<\/div>\n\t\t<div class=\"elementor-element elementor-element-823db6f e-flex e-con-boxed e-con e-parent\" data-id=\"823db6f\" data-element_type=\"container\">\n\t\t\t\t\t<div class=\"e-con-inner\">\n\t\t<div class=\"elementor-element elementor-element-7e58a7c e-con-full e-flex elementor-invisible e-con e-child\" data-id=\"7e58a7c\" data-element_type=\"container\" data-settings=\"{&quot;animation&quot;:&quot;fadeIn&quot;}\">\n\t\t\t\t<div class=\"elementor-element elementor-element-3ce4bb8 elementor-widget elementor-widget-image\" data-id=\"3ce4bb8\" data-element_type=\"widget\" data-widget_type=\"image.default\">\n\t\t\t\t<div class=\"elementor-widget-container\">\n\t\t\t\t\t\t\t\t\t\t\t\t\t\t\t<img decoding=\"async\" width=\"114\" height=\"100\" src=\"https:\/\/organicbeeflamb.eu\/wp-content\/uploads\/2024\/09\/irlande_4.svg\" class=\"attachment-full size-full wp-image-1594\" alt=\"Gem\u00e4\u00dfigtes Klima\" \/>\t\t\t\t\t\t\t\t\t\t\t\t\t\t\t<\/div>\n\t\t\t\t<\/div>\n\t\t\t\t<div class=\"elementor-element elementor-element-2d2608d elementor-widget elementor-widget-text-editor\" data-id=\"2d2608d\" data-element_type=\"widget\" data-widget_type=\"text-editor.default\">\n\t\t\t\t<div class=\"elementor-widget-container\">\n\t\t\t\t\t\t\t\t\t<p><strong><b>Gem\u00e4\u00dfigtes Klima<\/b><span style=\"font-weight: 400;\">:<\/span><\/strong><br \/><span style=\"font-weight: 400;\">Das gem\u00e4\u00dfigte Klima Irlands unterst\u00fctzt das Wachstum von Weidegras das ganze Jahr \u00fcber.<\/span><\/p>\t\t\t\t\t\t\t\t<\/div>\n\t\t\t\t<\/div>\n\t\t\t\t<\/div>\n\t\t<div class=\"elementor-element elementor-element-6f2c36f e-con-full e-flex elementor-invisible e-con e-child\" data-id=\"6f2c36f\" data-element_type=\"container\" data-settings=\"{&quot;animation&quot;:&quot;fadeIn&quot;}\">\n\t\t\t\t<div class=\"elementor-element elementor-element-712d2e6 elementor-widget elementor-widget-image\" data-id=\"712d2e6\" data-element_type=\"widget\" data-widget_type=\"image.default\">\n\t\t\t\t<div class=\"elementor-widget-container\">\n\t\t\t\t\t\t\t\t\t\t\t\t\t\t\t<img decoding=\"async\" width=\"96\" height=\"96\" src=\"https:\/\/organicbeeflamb.eu\/wp-content\/uploads\/2024\/09\/irlande_5.svg\" class=\"attachment-full size-full wp-image-1600\" alt=\"Fruchtbare B\u00f6den\" \/>\t\t\t\t\t\t\t\t\t\t\t\t\t\t\t<\/div>\n\t\t\t\t<\/div>\n\t\t\t\t<div class=\"elementor-element elementor-element-d87caf8 elementor-widget elementor-widget-text-editor\" data-id=\"d87caf8\" data-element_type=\"widget\" data-widget_type=\"text-editor.default\">\n\t\t\t\t<div class=\"elementor-widget-container\">\n\t\t\t\t\t\t\t\t\t<p><b>Fruchtbare B\u00f6den<\/b><span style=\"font-weight: 400;\">:<\/span><br \/><span style=\"font-weight: 400;\">Die fruchtbaren B\u00f6den Irlands bieten eine ideale Grundlage f\u00fcr biologische Anbaumethoden.<\/span><\/p>\t\t\t\t\t\t\t\t<\/div>\n\t\t\t\t<\/div>\n\t\t\t\t<\/div>\n\t\t<div class=\"elementor-element elementor-element-d5123b0 e-con-full e-flex elementor-invisible e-con e-child\" data-id=\"d5123b0\" data-element_type=\"container\" data-settings=\"{&quot;animation&quot;:&quot;fadeIn&quot;}\">\n\t\t\t\t<div class=\"elementor-element elementor-element-0072cf7 elementor-widget elementor-widget-image\" data-id=\"0072cf7\" data-element_type=\"widget\" data-widget_type=\"image.default\">\n\t\t\t\t<div class=\"elementor-widget-container\">\n\t\t\t\t\t\t\t\t\t\t\t\t\t\t\t<img loading=\"lazy\" decoding=\"async\" width=\"110\" height=\"125\" src=\"https:\/\/organicbeeflamb.eu\/wp-content\/uploads\/2024\/09\/irlande_6.svg\" class=\"attachment-full size-full wp-image-1605\" alt=\"Auf Weide gehalten\" \/>\t\t\t\t\t\t\t\t\t\t\t\t\t\t\t<\/div>\n\t\t\t\t<\/div>\n\t\t\t\t<div class=\"elementor-element elementor-element-f894dc5 elementor-widget elementor-widget-text-editor\" data-id=\"f894dc5\" data-element_type=\"widget\" data-widget_type=\"text-editor.default\">\n\t\t\t\t<div class=\"elementor-widget-container\">\n\t\t\t\t\t\t\t\t\t<p><b>Auf Weide gehalten:<\/b><br \/><span style=\"font-weight: 400;\">Unser Vieh und unsere Schafe werden das ganze Jahr \u00fcber auf nat\u00fcrlichen Weiden gehalten.<\/span><\/p>\t\t\t\t\t\t\t\t<\/div>\n\t\t\t\t<\/div>\n\t\t\t\t<\/div>\n\t\t<div class=\"elementor-element elementor-element-cb4bd4c e-con-full e-flex elementor-invisible e-con e-child\" data-id=\"cb4bd4c\" data-element_type=\"container\" data-settings=\"{&quot;animation&quot;:&quot;fadeIn&quot;}\">\n\t\t\t\t<div class=\"elementor-element elementor-element-c6d689a elementor-widget elementor-widget-image\" data-id=\"c6d689a\" data-element_type=\"widget\" data-widget_type=\"image.default\">\n\t\t\t\t<div class=\"elementor-widget-container\">\n\t\t\t\t\t\t\t\t\t\t\t\t\t\t\t<img loading=\"lazy\" decoding=\"async\" width=\"96\" height=\"116\" src=\"https:\/\/organicbeeflamb.eu\/wp-content\/uploads\/2024\/09\/irlande_7.svg\" class=\"attachment-full size-full wp-image-1610\" alt=\"N\u00e4hrstoffvorteile\" \/>\t\t\t\t\t\t\t\t\t\t\t\t\t\t\t<\/div>\n\t\t\t\t<\/div>\n\t\t\t\t<div class=\"elementor-element elementor-element-6cc703b elementor-widget elementor-widget-text-editor\" data-id=\"6cc703b\" data-element_type=\"widget\" data-widget_type=\"text-editor.default\">\n\t\t\t\t<div class=\"elementor-widget-container\">\n\t\t\t\t\t\t\t\t\t<p><b>N\u00e4hrstoffvorteile:<\/b><br \/><span style=\"font-weight: 400;\">Das Fleisch enth\u00e4lt weniger ges\u00e4ttigte Fetts\u00e4uren und mehr Omega-3-Fetts\u00e4uren, Vitamin A und Vitamin E.<\/span><\/p>\t\t\t\t\t\t\t\t<\/div>\n\t\t\t\t<\/div>\n\t\t\t\t<\/div>\n\t\t<div class=\"elementor-element elementor-element-a0ed8e1 e-con-full e-flex elementor-invisible e-con e-child\" data-id=\"a0ed8e1\" data-element_type=\"container\" data-settings=\"{&quot;animation&quot;:&quot;fadeIn&quot;}\">\n\t\t\t\t<div class=\"elementor-element elementor-element-deabb42 elementor-widget elementor-widget-image\" data-id=\"deabb42\" data-element_type=\"widget\" data-widget_type=\"image.default\">\n\t\t\t\t<div class=\"elementor-widget-container\">\n\t\t\t\t\t\t\t\t\t\t\t\t\t\t\t<img loading=\"lazy\" decoding=\"async\" width=\"133\" height=\"120\" src=\"https:\/\/organicbeeflamb.eu\/wp-content\/uploads\/2024\/09\/irlande_8.svg\" class=\"attachment-full size-full wp-image-1615\" alt=\"Umweltengagement\" \/>\t\t\t\t\t\t\t\t\t\t\t\t\t\t\t<\/div>\n\t\t\t\t<\/div>\n\t\t\t\t<div class=\"elementor-element elementor-element-3b00528 elementor-widget elementor-widget-text-editor\" data-id=\"3b00528\" data-element_type=\"widget\" data-widget_type=\"text-editor.default\">\n\t\t\t\t<div class=\"elementor-widget-container\">\n\t\t\t\t\t\t\t\t\t<p><b>Umweltengagement<\/b><span style=\"font-weight: 400;\">: <\/span><br \/><span style=\"font-weight: 400;\">Unsere Praktiken spiegeln ein Engagement f\u00fcr Nachhaltigkeit und den Erhalt der nat\u00fcrlichen Sch\u00f6nheit Irlands wider.<\/span><\/p>\t\t\t\t\t\t\t\t<\/div>\n\t\t\t\t<\/div>\n\t\t\t\t<\/div>\n\t\t<div class=\"elementor-element elementor-element-b7ac510 e-con-full e-flex elementor-invisible e-con e-child\" data-id=\"b7ac510\" data-element_type=\"container\" data-settings=\"{&quot;animation&quot;:&quot;fadeIn&quot;}\">\n\t\t\t\t<div class=\"elementor-element elementor-element-885aa62 elementor-widget elementor-widget-image\" data-id=\"885aa62\" data-element_type=\"widget\" data-widget_type=\"image.default\">\n\t\t\t\t<div class=\"elementor-widget-container\">\n\t\t\t\t\t\t\t\t\t\t\t\t\t\t\t<img loading=\"lazy\" decoding=\"async\" width=\"106\" height=\"87\" src=\"https:\/\/organicbeeflamb.eu\/wp-content\/uploads\/2024\/09\/irlande_9.svg\" class=\"attachment-full size-full wp-image-1620\" alt=\"Nachhaltige Praktiken\" \/>\t\t\t\t\t\t\t\t\t\t\t\t\t\t\t<\/div>\n\t\t\t\t<\/div>\n\t\t\t\t<div class=\"elementor-element elementor-element-f2ed399 elementor-widget elementor-widget-text-editor\" data-id=\"f2ed399\" data-element_type=\"widget\" data-widget_type=\"text-editor.default\">\n\t\t\t\t<div class=\"elementor-widget-container\">\n\t\t\t\t\t\t\t\t\t<p><b>Nachhaltige Praktiken:<\/b><br \/><span style=\"font-weight: 400;\">Wir f\u00f6rdern den Umweltschutz durch umweltfreundliche Anbaumethoden.<\/span><\/p>\t\t\t\t\t\t\t\t<\/div>\n\t\t\t\t<\/div>\n\t\t\t\t<\/div>\n\t\t\t\t\t<\/div>\n\t\t\t\t<\/div>\n\t\t<div class=\"elementor-element elementor-element-2c88ca5 e-flex e-con-boxed e-con e-parent\" data-id=\"2c88ca5\" data-element_type=\"container\">\n\t\t\t\t\t<div class=\"e-con-inner\">\n\t\t<div class=\"elementor-element elementor-element-174c897 e-con-full animated-slow e-flex elementor-invisible e-con e-child\" data-id=\"174c897\" data-element_type=\"container\" data-settings=\"{&quot;background_background&quot;:&quot;classic&quot;,&quot;animation&quot;:&quot;slideInUp&quot;}\">\n\t\t<div class=\"elementor-element elementor-element-60db02b e-con-full e-flex e-con e-child\" data-id=\"60db02b\" data-element_type=\"container\" data-settings=\"{&quot;background_background&quot;:&quot;classic&quot;}\">\n\t\t\t\t<\/div>\n\t\t<div class=\"elementor-element elementor-element-abb3dfe e-con-full e-flex e-con e-child\" data-id=\"abb3dfe\" data-element_type=\"container\">\n\t\t\t\t<div class=\"elementor-element elementor-element-5fead99 elementor-widget elementor-widget-heading\" data-id=\"5fead99\" data-element_type=\"widget\" data-widget_type=\"heading.default\">\n\t\t\t\t<div class=\"elementor-widget-container\">\n\t\t\t\t\t<p class=\"elementor-heading-title elementor-size-default\">Bio-Rind- und Lammfleisch aus Weidehaltung<\/p>\t\t\t\t<\/div>\n\t\t\t\t<\/div>\n\t\t\t\t<div class=\"elementor-element elementor-element-b539088 elementor-hidden-mobile elementor-widget elementor-widget-text-editor\" data-id=\"b539088\" data-element_type=\"widget\" data-widget_type=\"text-editor.default\">\n\t\t\t\t<div class=\"elementor-widget-container\">\n\t\t\t\t\t\t\t\t\t<p><span style=\"font-weight: 400;\">Rinder werden im Freien auf Bio-Weiden ohne routinem\u00e4\u00dfige Medikamente gehalten, was zu Fleisch f\u00fchrt, das weniger ges\u00e4ttigte Fetts\u00e4uren und mehr Omega-3-Fetts\u00e4uren, Vitamin A und Vitamin E enth\u00e4lt.<\/span><\/p>\t\t\t\t\t\t\t\t<\/div>\n\t\t\t\t<\/div>\n\t\t\t\t<div class=\"elementor-element elementor-element-0090b16 elementor-hidden-desktop elementor-hidden-tablet elementor-widget elementor-widget-text-editor\" data-id=\"0090b16\" data-element_type=\"widget\" data-widget_type=\"text-editor.default\">\n\t\t\t\t<div class=\"elementor-widget-container\">\n\t\t\t\t\t\t\t\t\t<p><span style=\"font-weight: 400;\">Rinder werden im Freien auf Bio-Weiden ohne routinem\u00e4\u00dfige Medikamente gehalten&#8230;<\/span><\/p>\t\t\t\t\t\t\t\t<\/div>\n\t\t\t\t<\/div>\n\t\t\t\t<div class=\"elementor-element elementor-element-d292834 elementor-align-center elementor-hidden-desktop elementor-hidden-tablet elementor-widget elementor-widget-button\" data-id=\"d292834\" data-element_type=\"widget\" data-widget_type=\"button.default\">\n\t\t\t\t<div class=\"elementor-widget-container\">\n\t\t\t\t\t\t\t\t\t<div class=\"elementor-button-wrapper\">\n\t\t\t\t\t<a class=\"elementor-button elementor-button-link elementor-size-sm\" href=\"\/de\/irland\/auf-der-weide-aufgezogen\/\" aria-label=\"Entdecken Auf Der Weide Aufgezogen\">\n\t\t\t\t\t\t<span class=\"elementor-button-content-wrapper\">\n\t\t\t\t\t\t<span class=\"elementor-button-icon\">\n\t\t\t\t<svg aria-hidden=\"true\" class=\"e-font-icon-svg e-fas-arrow-right\" viewBox=\"0 0 448 512\" xmlns=\"http:\/\/www.w3.org\/2000\/svg\"><path d=\"M190.5 66.9l22.2-22.2c9.4-9.4 24.6-9.4 33.9 0L441 239c9.4 9.4 9.4 24.6 0 33.9L246.6 467.3c-9.4 9.4-24.6 9.4-33.9 0l-22.2-22.2c-9.5-9.5-9.3-25 .4-34.3L311.4 296H24c-13.3 0-24-10.7-24-24v-32c0-13.3 10.7-24 24-24h287.4L190.9 101.2c-9.8-9.3-10-24.8-.4-34.3z\"><\/path><\/svg>\t\t\t<\/span>\n\t\t\t\t\t\t\t\t<\/span>\n\t\t\t\t\t<\/a>\n\t\t\t\t<\/div>\n\t\t\t\t\t\t\t\t<\/div>\n\t\t\t\t<\/div>\n\t\t\t\t<div class=\"elementor-element elementor-element-7a8d8d2 elementor-align-center elementor-hidden-mobile elementor-widget elementor-widget-button\" data-id=\"7a8d8d2\" data-element_type=\"widget\" data-widget_type=\"button.default\">\n\t\t\t\t<div class=\"elementor-widget-container\">\n\t\t\t\t\t\t\t\t\t<div class=\"elementor-button-wrapper\">\n\t\t\t\t\t<a class=\"elementor-button elementor-button-link elementor-size-sm\" href=\"\/de\/irland\/auf-der-weide-aufgezogen\/\" aria-label=\"Entdecken Auf Der Weide Aufgezogen\">\n\t\t\t\t\t\t<span class=\"elementor-button-content-wrapper\">\n\t\t\t\t\t\t\t\t\t<span class=\"elementor-button-text\">Entdecken <span class=\"visually-hidden\">Auf Der Weide Aufgezogen<\/span><\/span>\n\t\t\t\t\t<\/span>\n\t\t\t\t\t<\/a>\n\t\t\t\t<\/div>\n\t\t\t\t\t\t\t\t<\/div>\n\t\t\t\t<\/div>\n\t\t\t\t<\/div>\n\t\t\t\t<\/div>\n\t\t<div class=\"elementor-element elementor-element-267457d e-con-full animated-slow e-flex elementor-invisible e-con e-child\" data-id=\"267457d\" data-element_type=\"container\" data-settings=\"{&quot;background_background&quot;:&quot;classic&quot;,&quot;animation&quot;:&quot;slideInUp&quot;}\">\n\t\t<div class=\"elementor-element elementor-element-cd84032 e-con-full e-flex e-con e-child\" data-id=\"cd84032\" data-element_type=\"container\" data-settings=\"{&quot;background_background&quot;:&quot;classic&quot;}\">\n\t\t\t\t<\/div>\n\t\t<div class=\"elementor-element elementor-element-ced9d41 e-con-full e-flex e-con e-child\" data-id=\"ced9d41\" data-element_type=\"container\">\n\t\t\t\t<div class=\"elementor-element elementor-element-83bcf88 elementor-widget elementor-widget-heading\" data-id=\"83bcf88\" data-element_type=\"widget\" data-widget_type=\"heading.default\">\n\t\t\t\t<div class=\"elementor-widget-container\">\n\t\t\t\t\t<p class=\"elementor-heading-title elementor-size-default\">R\u00fcckverfolgbarkeit in der Produktion von Bio-Fleisch<\/p>\t\t\t\t<\/div>\n\t\t\t\t<\/div>\n\t\t\t\t<div class=\"elementor-element elementor-element-1f75eca elementor-hidden-mobile elementor-widget elementor-widget-text-editor\" data-id=\"1f75eca\" data-element_type=\"widget\" data-widget_type=\"text-editor.default\">\n\t\t\t\t<div class=\"elementor-widget-container\">\n\t\t\t\t\t\t\t\t\t<p><span style=\"font-weight: 400;\">T\u00e4glich aktualisierte R\u00fcckverfolgbarkeit gew\u00e4hrleistet die Einhaltung der Lebensmittelsicherheit und bietet klare und zug\u00e4ngliche Informationen entlang der gesamten Lieferkette weltweit.<\/span><\/p>\t\t\t\t\t\t\t\t<\/div>\n\t\t\t\t<\/div>\n\t\t\t\t<div class=\"elementor-element elementor-element-11836cb elementor-hidden-desktop elementor-hidden-tablet elementor-widget elementor-widget-text-editor\" data-id=\"11836cb\" data-element_type=\"widget\" data-widget_type=\"text-editor.default\">\n\t\t\t\t<div class=\"elementor-widget-container\">\n\t\t\t\t\t\t\t\t\t<p><span style=\"font-weight: 400;\">T\u00e4glich aktualisierte R\u00fcckverfolgbarkeit gew\u00e4hrleistet die Einhaltung der&#8230;<\/span><\/p>\t\t\t\t\t\t\t\t<\/div>\n\t\t\t\t<\/div>\n\t\t\t\t<div class=\"elementor-element elementor-element-9444b01 elementor-align-center elementor-hidden-mobile elementor-widget elementor-widget-button\" data-id=\"9444b01\" data-element_type=\"widget\" data-widget_type=\"button.default\">\n\t\t\t\t<div class=\"elementor-widget-container\">\n\t\t\t\t\t\t\t\t\t<div class=\"elementor-button-wrapper\">\n\t\t\t\t\t<a class=\"elementor-button elementor-button-link elementor-size-sm\" href=\"\/de\/irland\/ruckverfolgbarkeit\/\" aria-label=\"Entdecken R\u00fcckverfolgbarkeit\">\n\t\t\t\t\t\t<span class=\"elementor-button-content-wrapper\">\n\t\t\t\t\t\t\t\t\t<span class=\"elementor-button-text\">Entdecken <span class=\"visually-hidden\">R\u00fcckverfolgbarkeit<\/span><\/span>\n\t\t\t\t\t<\/span>\n\t\t\t\t\t<\/a>\n\t\t\t\t<\/div>\n\t\t\t\t\t\t\t\t<\/div>\n\t\t\t\t<\/div>\n\t\t\t\t<div class=\"elementor-element elementor-element-8aefd13 elementor-align-center elementor-hidden-desktop elementor-hidden-tablet elementor-widget elementor-widget-button\" data-id=\"8aefd13\" data-element_type=\"widget\" data-widget_type=\"button.default\">\n\t\t\t\t<div class=\"elementor-widget-container\">\n\t\t\t\t\t\t\t\t\t<div class=\"elementor-button-wrapper\">\n\t\t\t\t\t<a class=\"elementor-button elementor-button-link elementor-size-sm\" href=\"\/de\/irland\/ruckverfolgbarkeit\/\" aria-label=\"Entdecken R\u00fcckverfolgbarkeit\">\n\t\t\t\t\t\t<span class=\"elementor-button-content-wrapper\">\n\t\t\t\t\t\t<span class=\"elementor-button-icon\">\n\t\t\t\t<svg aria-hidden=\"true\" class=\"e-font-icon-svg e-fas-arrow-right\" viewBox=\"0 0 448 512\" xmlns=\"http:\/\/www.w3.org\/2000\/svg\"><path d=\"M190.5 66.9l22.2-22.2c9.4-9.4 24.6-9.4 33.9 0L441 239c9.4 9.4 9.4 24.6 0 33.9L246.6 467.3c-9.4 9.4-24.6 9.4-33.9 0l-22.2-22.2c-9.5-9.5-9.3-25 .4-34.3L311.4 296H24c-13.3 0-24-10.7-24-24v-32c0-13.3 10.7-24 24-24h287.4L190.9 101.2c-9.8-9.3-10-24.8-.4-34.3z\"><\/path><\/svg>\t\t\t<\/span>\n\t\t\t\t\t\t\t\t<\/span>\n\t\t\t\t\t<\/a>\n\t\t\t\t<\/div>\n\t\t\t\t\t\t\t\t<\/div>\n\t\t\t\t<\/div>\n\t\t\t\t<\/div>\n\t\t\t\t<\/div>\n\t\t\t\t\t<\/div>\n\t\t\t\t<\/div>\n\t\t\t\t<\/div>\n\t\t","protected":false},"excerpt":{"rendered":"<p>Irland \u2013 ein Land des \u00f6kologischen Landbaus und von Weidefleisch Entdecken Sie Irlands \u00f6kologischen Landbau Gem\u00e4\u00dfigtes Klima:Das gem\u00e4\u00dfigte Klima Irlands unterst\u00fctzt das Wachstum von Weidegras das ganze Jahr \u00fcber. Fruchtbare B\u00f6den:Die fruchtbaren B\u00f6den Irlands bieten eine ideale Grundlage f\u00fcr biologische Anbaumethoden. Auf Weide gehalten:Unser Vieh und unsere Schafe werden das ganze Jahr \u00fcber auf nat\u00fcrlichen [&hellip;]<\/p>\n","protected":false},"author":1,"featured_media":1531,"parent":0,"menu_order":0,"comment_status":"closed","ping_status":"closed","template":"","meta":{"footnotes":""},"class_list":["post-2085","page","type-page","status-publish","has-post-thumbnail","hentry"],"_links":{"self":[{"href":"https:\/\/organicbeeflamb.eu\/de\/wp-json\/wp\/v2\/pages\/2085","targetHints":{"allow":["GET"]}}],"collection":[{"href":"https:\/\/organicbeeflamb.eu\/de\/wp-json\/wp\/v2\/pages"}],"about":[{"href":"https:\/\/organicbeeflamb.eu\/de\/wp-json\/wp\/v2\/types\/page"}],"author":[{"embeddable":true,"href":"https:\/\/organicbeeflamb.eu\/de\/wp-json\/wp\/v2\/users\/1"}],"replies":[{"embeddable":true,"href":"https:\/\/organicbeeflamb.eu\/de\/wp-json\/wp\/v2\/comments?post=2085"}],"version-history":[{"count":49,"href":"https:\/\/organicbeeflamb.eu\/de\/wp-json\/wp\/v2\/pages\/2085\/revisions"}],"predecessor-version":[{"id":6974,"href":"https:\/\/organicbeeflamb.eu\/de\/wp-json\/wp\/v2\/pages\/2085\/revisions\/6974"}],"wp:featuredmedia":[{"embeddable":true,"href":"https:\/\/organicbeeflamb.eu\/de\/wp-json\/wp\/v2\/media\/1531"}],"wp:attachment":[{"href":"https:\/\/organicbeeflamb.eu\/de\/wp-json\/wp\/v2\/media?parent=2085"}],"curies":[{"name":"wp","href":"https:\/\/api.w.org\/{rel}","templated":true}]}}