{"id":2093,"date":"2024-09-08T16:38:59","date_gmt":"2024-09-08T16:38:59","guid":{"rendered":"https:\/\/organicbeeflamb.eu\/irland\/pasture-raised\/"},"modified":"2025-06-02T13:54:57","modified_gmt":"2025-06-02T13:54:57","slug":"auf-der-weide-aufgezogen","status":"publish","type":"page","link":"https:\/\/organicbeeflamb.eu\/de\/irland\/auf-der-weide-aufgezogen\/","title":{"rendered":"Auf der Weide aufgezogen"},"content":{"rendered":"\t\t<div data-elementor-type=\"wp-page\" data-elementor-id=\"2093\" class=\"elementor elementor-2093 elementor-70\" data-elementor-post-type=\"page\">\n\t\t\t\t<div class=\"elementor-element elementor-element-a02a5d5 e-flex e-con-boxed e-con e-parent\" data-id=\"a02a5d5\" data-element_type=\"container\" data-settings=\"{&quot;background_background&quot;:&quot;classic&quot;}\">\n\t\t\t\t\t<div class=\"e-con-inner\">\n\t\t\t\t<div class=\"elementor-element elementor-element-b643418 elementor-widget elementor-widget-heading\" data-id=\"b643418\" data-element_type=\"widget\" data-widget_type=\"heading.default\">\n\t\t\t\t<div class=\"elementor-widget-container\">\n\t\t\t\t\t<h1 class=\"elementor-heading-title elementor-size-default\">Bio-Rind- und Lammfleisch aus Weidehaltung <\/h1>\t\t\t\t<\/div>\n\t\t\t\t<\/div>\n\t\t\t\t<div class=\"elementor-element elementor-element-e225b3e elementor-widget elementor-widget-image\" data-id=\"e225b3e\" data-element_type=\"widget\" data-widget_type=\"image.default\">\n\t\t\t\t<div class=\"elementor-widget-container\">\n\t\t\t\t\t\t\t\t\t\t\t\t\t\t\t<img decoding=\"async\" width=\"146\" height=\"197\" src=\"https:\/\/organicbeeflamb.eu\/wp-content\/uploads\/2024\/09\/logo-Enjoy.svg\" class=\"attachment-full size-full wp-image-124\" alt=\"Enjoy it&#039;s from Europe\" \/>\t\t\t\t\t\t\t\t\t\t\t\t\t\t\t<\/div>\n\t\t\t\t<\/div>\n\t\t\t\t\t<\/div>\n\t\t\t\t<\/div>\n\t\t<div class=\"elementor-element elementor-element-dee32ee e-flex e-con-boxed e-con e-parent\" data-id=\"dee32ee\" data-element_type=\"container\">\n\t\t\t\t\t<div class=\"e-con-inner\">\n\t\t<div class=\"elementor-element elementor-element-d8d71fe e-con-full e-flex e-con e-child\" data-id=\"d8d71fe\" data-element_type=\"container\">\n\t\t\t\t<div class=\"elementor-element elementor-element-eaceed9 elementor-widget elementor-widget-text-editor\" data-id=\"eaceed9\" data-element_type=\"widget\" data-widget_type=\"text-editor.default\">\n\t\t\t\t<div class=\"elementor-widget-container\">\n\t\t\t\t\t\t\t\t\t<p>Irland genie\u00dft die l\u00e4ngste Graswachstumsperiode in Europa aufgrund des gem\u00e4\u00dfigten Klimas, der reichlichen Niederschl\u00e4ge und der fruchtbaren B\u00f6den. Diese Bedingungen bieten optimale Voraussetzungen f\u00fcr ein ressourcenschonendes, weidebasiertes System f\u00fcr die <strong>europ\u00e4ische Bio-Landwirtschaft.<\/strong><\/p>\t\t\t\t\t\t\t\t<\/div>\n\t\t\t\t<\/div>\n\t\t\t\t<div class=\"elementor-element elementor-element-dccc7d7 elementor-widget elementor-widget-text-editor\" data-id=\"dccc7d7\" data-element_type=\"widget\" data-widget_type=\"text-editor.default\">\n\t\t\t\t<div class=\"elementor-widget-container\">\n\t\t\t\t\t\t\t\t\tMit 80 % der landwirtschaftlichen Fl\u00e4chen, die Weiden gewidmet sind, k\u00f6nnen Rinder und Schafe den gr\u00f6\u00dften Teil des Jahres drau\u00dfen in der Natur bleiben, wo sie durchschnittlich 220 Tage auf frischem Gras weiden. In den Wintermonaten werden sie mit konserviertem Gras, bekannt als Silage, gef\u00fcttert, was bedeutet, dass ihre Ern\u00e4hrung \u00fcberwiegend grasbasiert ist.\t\t\t\t\t\t\t\t<\/div>\n\t\t\t\t<\/div>\n\t\t\t\t<div class=\"elementor-element elementor-element-e583118 elementor-widget elementor-widget-text-editor\" data-id=\"e583118\" data-element_type=\"widget\" data-widget_type=\"text-editor.default\">\n\t\t\t\t<div class=\"elementor-widget-container\">\n\t\t\t\t\t\t\t\t\t<p>Da synthetische D\u00fcngemittel im <strong>\u00f6kologischen Landbau<\/strong> nicht verwendet werden, bietet Klee, der zur Familie der H\u00fclsenfr\u00fcchte geh\u00f6rt, eine alternative L\u00f6sung f\u00fcr Bio-Bauern, indem er mit den nat\u00fcrlichen Systemen und Zyklen von Pflanzen und B\u00f6den arbeitet. Klee bindet Stickstoff im Boden durch einen Prozess, der Stickstofffixierung genannt wird. Einfach ausgedr\u00fcckt bedeutet dies, dass die Wurzeln der Pflanze eine symbiotische Beziehung mit Bakterien im Boden eingehen. Die Bakterien wandeln Stickstoff aus der Atmosph\u00e4re in eine Form um, die der Klee nutzen kann, damit er Stickstoff in den Boden freisetzen kann, der die umliegenden Pflanzen n\u00e4hrt.<\/p>\t\t\t\t\t\t\t\t<\/div>\n\t\t\t\t<\/div>\n\t\t\t\t<div class=\"elementor-element elementor-element-e53bf31 elementor-widget elementor-widget-text-editor\" data-id=\"e53bf31\" data-element_type=\"widget\" data-widget_type=\"text-editor.default\">\n\t\t\t\t<div class=\"elementor-widget-container\">\n\t\t\t\t\t\t\t\t\t<p>Historisch bestanden Weiden aus einer vielf\u00e4ltigen Mischung von Pflanzen oder Grasnarben. In den letzten Jahren wurde jedoch das Deutsche Weidelgras aufgrund seiner hohen Ertragsf\u00e4higkeit und seiner F\u00e4higkeit, qualitativ hochwertiges Futter f\u00fcr Nutztiere zu liefern, zur beliebtesten Pflanze auf den H\u00f6fen. Es ben\u00f6tigt jedoch hohe Mengen an Stickstoffd\u00fcnger im Boden, um einen hohen Ertrag zu erzielen. Ohne synthetische D\u00fcngemittel kann dies schwierig sein. Der biologische Landbau st\u00fctzt sich auf die Entwicklung eines gesunden, fruchtbaren Bodens und den Anbau einer Mischung von Kulturen, um die Pflanzen zu n\u00e4hren und so eine \u00f6kologisch vielf\u00e4ltigere Landwirtschaft zu schaffen als die nicht-biologische Landwirtschaft. Die Einbindung von Klee in die Weiden ist eine M\u00f6glichkeit, Stickstoff verf\u00fcgbar zu machen, aber auch das Anpflanzen verschiedener anderer Pflanzenarten, oder mit anderen Worten mehrerer Pflanzenarten wie Wegerich, Chicor\u00e9e und Timothee, kann von Vorteil sein. Diese Pflanzen haben unterschiedliche Wurzeltiefen, die es ihnen erm\u00f6glichen, zus\u00e4tzliche Feuchtigkeit und N\u00e4hrstoffe aus dem Boden zu erschlie\u00dfen, w\u00e4hrend sie gleichzeitig eine \u00f6kologisch vielf\u00e4ltigere Weide f\u00fcr Bio-Rinder und -Schafe schaffen.<\/p>\t\t\t\t\t\t\t\t<\/div>\n\t\t\t\t<\/div>\n\t\t<div class=\"elementor-element elementor-element-d92f94b e-con-full elementor-hidden-mobile e-flex e-con e-child\" data-id=\"d92f94b\" data-element_type=\"container\">\n\t\t<div class=\"elementor-element elementor-element-f927994 e-con-full e-flex e-con e-child\" data-id=\"f927994\" data-element_type=\"container\" data-settings=\"{&quot;background_background&quot;:&quot;classic&quot;}\">\n\t\t\t\t<div class=\"elementor-element elementor-element-cba14ad elementor-widget elementor-widget-heading\" data-id=\"cba14ad\" data-element_type=\"widget\" data-widget_type=\"heading.default\">\n\t\t\t\t<div class=\"elementor-widget-container\">\n\t\t\t\t\t<h2 class=\"elementor-heading-title elementor-size-default\">N\u00e4hrstoffvorteile von Fleisch aus Weidehaltung<\/h2>\t\t\t\t<\/div>\n\t\t\t\t<\/div>\n\t\t\t\t<\/div>\n\t\t<div class=\"elementor-element elementor-element-670b729 e-con-full e-flex e-con e-child\" data-id=\"670b729\" data-element_type=\"container\" data-settings=\"{&quot;background_background&quot;:&quot;classic&quot;}\">\n\t\t\t\t<div class=\"elementor-element elementor-element-a6f10c6 elementor-widget elementor-widget-text-editor\" data-id=\"a6f10c6\" data-element_type=\"widget\" data-widget_type=\"text-editor.default\">\n\t\t\t\t<div class=\"elementor-widget-container\">\n\t\t\t\t\t\t\t\t\t<p>Weniger ges\u00e4ttigte Fetts\u00e4uren<\/p>\t\t\t\t\t\t\t\t<\/div>\n\t\t\t\t<\/div>\n\t\t\t\t<div class=\"elementor-element elementor-element-c11f779 elementor-widget elementor-widget-image\" data-id=\"c11f779\" data-element_type=\"widget\" data-widget_type=\"image.default\">\n\t\t\t\t<div class=\"elementor-widget-container\">\n\t\t\t\t\t\t\t\t\t\t\t\t\t\t\t<img decoding=\"async\" width=\"1\" height=\"1\" src=\"https:\/\/organicbeeflamb.eu\/wp-content\/uploads\/2024\/09\/pasture_9.svg\" class=\"attachment-large size-large wp-image-1161\" alt=\"\" \/>\t\t\t\t\t\t\t\t\t\t\t\t\t\t\t<\/div>\n\t\t\t\t<\/div>\n\t\t\t\t<\/div>\n\t\t<div class=\"elementor-element elementor-element-31079c9 e-con-full e-flex e-con e-child\" data-id=\"31079c9\" data-element_type=\"container\" data-settings=\"{&quot;background_background&quot;:&quot;classic&quot;}\">\n\t\t\t\t<div class=\"elementor-element elementor-element-1da4224 elementor-widget elementor-widget-text-editor\" data-id=\"1da4224\" data-element_type=\"widget\" data-widget_type=\"text-editor.default\">\n\t\t\t\t<div class=\"elementor-widget-container\">\n\t\t\t\t\t\t\t\t\t<p>Mehr Omega-3-Fetts\u00e4uren<\/p>\t\t\t\t\t\t\t\t<\/div>\n\t\t\t\t<\/div>\n\t\t\t\t<div class=\"elementor-element elementor-element-95af257 elementor-widget elementor-widget-image\" data-id=\"95af257\" data-element_type=\"widget\" data-widget_type=\"image.default\">\n\t\t\t\t<div class=\"elementor-widget-container\">\n\t\t\t\t\t\t\t\t\t\t\t\t\t\t\t<img decoding=\"async\" width=\"1\" height=\"1\" src=\"https:\/\/organicbeeflamb.eu\/wp-content\/uploads\/2024\/09\/pasture_4.svg\" class=\"attachment-large size-large wp-image-1135\" alt=\"\" \/>\t\t\t\t\t\t\t\t\t\t\t\t\t\t\t<\/div>\n\t\t\t\t<\/div>\n\t\t\t\t<\/div>\n\t\t<div class=\"elementor-element elementor-element-45c43db e-con-full e-flex e-con e-child\" data-id=\"45c43db\" data-element_type=\"container\" data-settings=\"{&quot;background_background&quot;:&quot;classic&quot;}\">\n\t\t\t\t<div class=\"elementor-element elementor-element-9ac3367 elementor-widget elementor-widget-text-editor\" data-id=\"9ac3367\" data-element_type=\"widget\" data-widget_type=\"text-editor.default\">\n\t\t\t\t<div class=\"elementor-widget-container\">\n\t\t\t\t\t\t\t\t\t<p>Mehr Vitamin A und Vitamin E<\/p>\t\t\t\t\t\t\t\t<\/div>\n\t\t\t\t<\/div>\n\t\t\t\t<div class=\"elementor-element elementor-element-3969e3c elementor-widget elementor-widget-image\" data-id=\"3969e3c\" data-element_type=\"widget\" data-widget_type=\"image.default\">\n\t\t\t\t<div class=\"elementor-widget-container\">\n\t\t\t\t\t\t\t\t\t\t\t\t\t\t\t<img loading=\"lazy\" decoding=\"async\" width=\"1\" height=\"1\" src=\"https:\/\/organicbeeflamb.eu\/wp-content\/uploads\/2024\/09\/pasture_5.svg\" class=\"attachment-large size-large wp-image-1140\" alt=\"\" \/>\t\t\t\t\t\t\t\t\t\t\t\t\t\t\t<\/div>\n\t\t\t\t<\/div>\n\t\t\t\t<\/div>\n\t\t\t\t<\/div>\n\t\t\t\t<div class=\"elementor-element elementor-element-c2df75c elementor-hidden-mobile elementor-widget elementor-widget-text-editor\" data-id=\"c2df75c\" data-element_type=\"widget\" data-widget_type=\"text-editor.default\">\n\t\t\t\t<div class=\"elementor-widget-container\">\n\t\t\t\t\t\t\t\t\t<span style=\"text-decoration: underline;\"><em><a href=\"https:\/\/www.teagasc.ie\/media\/website\/publications\/2018\/2-Moloney-and-Monahan.pdf\" rel=\"noopener\" aria-label=\"Teagasc, UCD\" class=\"enlace\">Teagasc, UCD (2018)<\/a><\/em><\/span>\t\t\t\t\t\t\t\t<\/div>\n\t\t\t\t<\/div>\n\t\t\t\t<\/div>\n\t\t<div class=\"elementor-element elementor-element-5c5faed e-con-full e-flex e-con e-child\" data-id=\"5c5faed\" data-element_type=\"container\">\n\t\t\t\t<div class=\"elementor-element elementor-element-a8b2ed0 animated-slow elementor-invisible elementor-widget elementor-widget-image\" data-id=\"a8b2ed0\" data-element_type=\"widget\" data-settings=\"{&quot;_animation&quot;:&quot;slideInRight&quot;}\" data-widget_type=\"image.default\">\n\t\t\t\t<div class=\"elementor-widget-container\">\n\t\t\t\t\t\t\t\t\t\t\t\t\t\t\t<img loading=\"lazy\" decoding=\"async\" width=\"655\" height=\"1052\" src=\"https:\/\/organicbeeflamb.eu\/wp-content\/uploads\/2025\/05\/weidegehaltenes-bio-lamm.webp\" class=\"attachment-full size-full wp-image-5377\" alt=\"Weidegehaltenes Bio-Lamm\" srcset=\"https:\/\/organicbeeflamb.eu\/wp-content\/uploads\/2025\/05\/weidegehaltenes-bio-lamm.webp 655w, https:\/\/organicbeeflamb.eu\/wp-content\/uploads\/2025\/05\/weidegehaltenes-bio-lamm-187x300.webp 187w, https:\/\/organicbeeflamb.eu\/wp-content\/uploads\/2025\/05\/weidegehaltenes-bio-lamm-638x1024.webp 638w\" sizes=\"(max-width: 655px) 100vw, 655px\" \/>\t\t\t\t\t\t\t\t\t\t\t\t\t\t\t<\/div>\n\t\t\t\t<\/div>\n\t\t\t\t<div class=\"elementor-element elementor-element-20d848f animated-slow elementor-invisible elementor-widget elementor-widget-image\" data-id=\"20d848f\" data-element_type=\"widget\" data-settings=\"{&quot;_animation&quot;:&quot;slideInUp&quot;}\" data-widget_type=\"image.default\">\n\t\t\t\t<div class=\"elementor-widget-container\">\n\t\t\t\t\t\t\t\t\t\t\t\t\t\t\t<img decoding=\"async\" src=\"https:\/\/organicbeeflamb.eu\/wp-content\/uploads\/2024\/09\/pasture_6.svg\" class=\"attachment-full size-full wp-image-1145\" alt=\"\" \/>\t\t\t\t\t\t\t\t\t\t\t\t\t\t\t<\/div>\n\t\t\t\t<\/div>\n\t\t<div class=\"elementor-element elementor-element-4073596 e-con-full elementor-hidden-desktop elementor-hidden-tablet e-flex e-con e-child\" data-id=\"4073596\" data-element_type=\"container\">\n\t\t<div class=\"elementor-element elementor-element-8c79af8 e-con-full e-flex e-con e-child\" data-id=\"8c79af8\" data-element_type=\"container\" data-settings=\"{&quot;background_background&quot;:&quot;classic&quot;}\">\n\t\t\t\t<div class=\"elementor-element elementor-element-ea72504 elementor-widget elementor-widget-heading\" data-id=\"ea72504\" data-element_type=\"widget\" data-widget_type=\"heading.default\">\n\t\t\t\t<div class=\"elementor-widget-container\">\n\t\t\t\t\t<h2 class=\"elementor-heading-title elementor-size-default\">N\u00e4hrstoffvorteile von Fleisch aus Weidehaltung<\/h2>\t\t\t\t<\/div>\n\t\t\t\t<\/div>\n\t\t\t\t<\/div>\n\t\t<div class=\"elementor-element elementor-element-c72f014 e-con-full e-flex e-con e-child\" data-id=\"c72f014\" data-element_type=\"container\" data-settings=\"{&quot;background_background&quot;:&quot;classic&quot;}\">\n\t\t\t\t<div class=\"elementor-element elementor-element-5037cef elementor-widget elementor-widget-text-editor\" data-id=\"5037cef\" data-element_type=\"widget\" data-widget_type=\"text-editor.default\">\n\t\t\t\t<div class=\"elementor-widget-container\">\n\t\t\t\t\t\t\t\t\t<p>Weniger ges\u00e4ttigte Fetts\u00e4uren<\/p>\t\t\t\t\t\t\t\t<\/div>\n\t\t\t\t<\/div>\n\t\t\t\t<div class=\"elementor-element elementor-element-1e80f11 elementor-widget elementor-widget-image\" data-id=\"1e80f11\" data-element_type=\"widget\" data-widget_type=\"image.default\">\n\t\t\t\t<div class=\"elementor-widget-container\">\n\t\t\t\t\t\t\t\t\t\t\t\t\t\t\t<img decoding=\"async\" width=\"1\" height=\"1\" src=\"https:\/\/organicbeeflamb.eu\/wp-content\/uploads\/2024\/09\/pasture_9.svg\" class=\"attachment-large size-large wp-image-1161\" alt=\"\" \/>\t\t\t\t\t\t\t\t\t\t\t\t\t\t\t<\/div>\n\t\t\t\t<\/div>\n\t\t\t\t<\/div>\n\t\t<div class=\"elementor-element elementor-element-902057b e-con-full e-flex e-con e-child\" data-id=\"902057b\" data-element_type=\"container\" data-settings=\"{&quot;background_background&quot;:&quot;classic&quot;}\">\n\t\t\t\t<div class=\"elementor-element elementor-element-4912a78 elementor-widget elementor-widget-text-editor\" data-id=\"4912a78\" data-element_type=\"widget\" data-widget_type=\"text-editor.default\">\n\t\t\t\t<div class=\"elementor-widget-container\">\n\t\t\t\t\t\t\t\t\t<p>Mehr Omega-3-Fetts\u00e4uren<\/p>\t\t\t\t\t\t\t\t<\/div>\n\t\t\t\t<\/div>\n\t\t\t\t<div class=\"elementor-element elementor-element-7b8aef4 elementor-widget elementor-widget-image\" data-id=\"7b8aef4\" data-element_type=\"widget\" data-widget_type=\"image.default\">\n\t\t\t\t<div class=\"elementor-widget-container\">\n\t\t\t\t\t\t\t\t\t\t\t\t\t\t\t<img decoding=\"async\" width=\"1\" height=\"1\" src=\"https:\/\/organicbeeflamb.eu\/wp-content\/uploads\/2024\/09\/pasture_4.svg\" class=\"attachment-large size-large wp-image-1135\" alt=\"\" \/>\t\t\t\t\t\t\t\t\t\t\t\t\t\t\t<\/div>\n\t\t\t\t<\/div>\n\t\t\t\t<\/div>\n\t\t<div class=\"elementor-element elementor-element-c5fadfe e-con-full e-flex e-con e-child\" data-id=\"c5fadfe\" data-element_type=\"container\" data-settings=\"{&quot;background_background&quot;:&quot;classic&quot;}\">\n\t\t\t\t<div class=\"elementor-element elementor-element-0b64616 elementor-widget elementor-widget-text-editor\" data-id=\"0b64616\" data-element_type=\"widget\" data-widget_type=\"text-editor.default\">\n\t\t\t\t<div class=\"elementor-widget-container\">\n\t\t\t\t\t\t\t\t\t<p>Mehr Vitamin A und Vitamin E<\/p>\t\t\t\t\t\t\t\t<\/div>\n\t\t\t\t<\/div>\n\t\t\t\t<div class=\"elementor-element elementor-element-48e8670 elementor-widget elementor-widget-image\" data-id=\"48e8670\" data-element_type=\"widget\" data-widget_type=\"image.default\">\n\t\t\t\t<div class=\"elementor-widget-container\">\n\t\t\t\t\t\t\t\t\t\t\t\t\t\t\t<img loading=\"lazy\" decoding=\"async\" width=\"1\" height=\"1\" src=\"https:\/\/organicbeeflamb.eu\/wp-content\/uploads\/2024\/09\/pasture_5.svg\" class=\"attachment-large size-large wp-image-1140\" alt=\"\" \/>\t\t\t\t\t\t\t\t\t\t\t\t\t\t\t<\/div>\n\t\t\t\t<\/div>\n\t\t\t\t<\/div>\n\t\t\t\t<\/div>\n\t\t\t\t<div class=\"elementor-element elementor-element-069587e elementor-hidden-desktop elementor-hidden-tablet elementor-widget elementor-widget-text-editor\" data-id=\"069587e\" data-element_type=\"widget\" data-widget_type=\"text-editor.default\">\n\t\t\t\t<div class=\"elementor-widget-container\">\n\t\t\t\t\t\t\t\t\t<em><a href=\"https:\/\/www.teagasc.ie\/media\/website\/publications\/2018\/2-Moloney-and-Monahan.pdf\" target=\"_blank\" rel=\"noopener\">Teagasc, UCD (2018)<\/a><\/em>\t\t\t\t\t\t\t\t<\/div>\n\t\t\t\t<\/div>\n\t\t\t\t<\/div>\n\t\t\t\t\t<\/div>\n\t\t\t\t<\/div>\n\t\t<div class=\"elementor-element elementor-element-a983891 e-flex e-con-boxed e-con e-parent\" data-id=\"a983891\" data-element_type=\"container\">\n\t\t\t\t\t<div class=\"e-con-inner\">\n\t\t<div class=\"elementor-element elementor-element-b63e1c8 e-con-full e-flex e-con e-child\" data-id=\"b63e1c8\" data-element_type=\"container\">\n\t\t\t\t<div class=\"elementor-element elementor-element-af473b6 elementor-widget elementor-widget-heading\" data-id=\"af473b6\" data-element_type=\"widget\" data-widget_type=\"heading.default\">\n\t\t\t\t<div class=\"elementor-widget-container\">\n\t\t\t\t\t<h2 class=\"elementor-heading-title elementor-size-default\">Erfahren Sie mehr \u00fcber:<\/h2>\t\t\t\t<\/div>\n\t\t\t\t<\/div>\n\t\t\t\t<\/div>\n\t\t<div class=\"elementor-element elementor-element-102ea3d e-con-full e-flex e-con e-child\" data-id=\"102ea3d\" data-element_type=\"container\">\n\t\t<div class=\"elementor-element elementor-element-1580797 e-con-full e-flex e-con e-child\" data-id=\"1580797\" data-element_type=\"container\">\n\t\t<div class=\"elementor-element elementor-element-1c5ff83 e-con-full e-flex e-con e-child\" data-id=\"1c5ff83\" data-element_type=\"container\" data-settings=\"{&quot;background_background&quot;:&quot;classic&quot;}\">\n\t\t\t\t<\/div>\n\t\t<div class=\"elementor-element elementor-element-74f644f e-con-full e-flex e-con e-child\" data-id=\"74f644f\" data-element_type=\"container\" data-settings=\"{&quot;background_background&quot;:&quot;classic&quot;}\">\n\t\t\t\t<div class=\"elementor-element elementor-element-e32dc11 elementor-widget elementor-widget-heading\" data-id=\"e32dc11\" data-element_type=\"widget\" data-widget_type=\"heading.default\">\n\t\t\t\t<div class=\"elementor-widget-container\">\n\t\t\t\t\t<p class=\"elementor-heading-title elementor-size-default\">R\u00fcckverfolgbarkeit<\/p>\t\t\t\t<\/div>\n\t\t\t\t<\/div>\n\t\t\t\t<div class=\"elementor-element elementor-element-f2a2b0c elementor-align-center elementor-widget elementor-widget-button\" data-id=\"f2a2b0c\" data-element_type=\"widget\" data-widget_type=\"button.default\">\n\t\t\t\t<div class=\"elementor-widget-container\">\n\t\t\t\t\t\t\t\t\t<div class=\"elementor-button-wrapper\">\n\t\t\t\t\t<a class=\"elementor-button elementor-button-link elementor-size-sm\" href=\"https:\/\/organicbeeflamb.eu\/de\/irland\/ruckverfolgbarkeit\/\" aria-label=\"Entdecken R\u00fcckverfolgbarkeit\">\n\t\t\t\t\t\t<span class=\"elementor-button-content-wrapper\">\n\t\t\t\t\t\t\t\t\t<span class=\"elementor-button-text\">Entdecken <span class=\"visually-hidden\">R\u00fcckverfolgbarkeit<\/span><\/span>\n\t\t\t\t\t<\/span>\n\t\t\t\t\t<\/a>\n\t\t\t\t<\/div>\n\t\t\t\t\t\t\t\t<\/div>\n\t\t\t\t<\/div>\n\t\t\t\t<\/div>\n\t\t\t\t<\/div>\n\t\t<div class=\"elementor-element elementor-element-e17fd1e e-con-full e-flex e-con e-child\" data-id=\"e17fd1e\" data-element_type=\"container\">\n\t\t<div class=\"elementor-element elementor-element-d6fefb8 e-con-full e-flex e-con e-child\" data-id=\"d6fefb8\" data-element_type=\"container\" data-settings=\"{&quot;background_background&quot;:&quot;classic&quot;}\">\n\t\t\t\t<\/div>\n\t\t<div class=\"elementor-element elementor-element-481d32f e-con-full e-flex e-con e-child\" data-id=\"481d32f\" data-element_type=\"container\" data-settings=\"{&quot;background_background&quot;:&quot;classic&quot;}\">\n\t\t\t\t<div class=\"elementor-element elementor-element-662275f elementor-widget elementor-widget-heading\" data-id=\"662275f\" data-element_type=\"widget\" data-widget_type=\"heading.default\">\n\t\t\t\t<div class=\"elementor-widget-container\">\n\t\t\t\t\t<p class=\"elementor-heading-title elementor-size-default\">Irland<\/p>\t\t\t\t<\/div>\n\t\t\t\t<\/div>\n\t\t\t\t<div class=\"elementor-element elementor-element-25452c1 elementor-align-center elementor-widget elementor-widget-button\" data-id=\"25452c1\" data-element_type=\"widget\" data-widget_type=\"button.default\">\n\t\t\t\t<div class=\"elementor-widget-container\">\n\t\t\t\t\t\t\t\t\t<div class=\"elementor-button-wrapper\">\n\t\t\t\t\t<a class=\"elementor-button elementor-button-link elementor-size-sm\" href=\"https:\/\/organicbeeflamb.eu\/de\/irland\/\" aria-label=\"Entdecken Irland\">\n\t\t\t\t\t\t<span class=\"elementor-button-content-wrapper\">\n\t\t\t\t\t\t\t\t\t<span class=\"elementor-button-text\">Entdecken <span class=\"visually-hidden\">Irland<\/span><\/span>\n\t\t\t\t\t<\/span>\n\t\t\t\t\t<\/a>\n\t\t\t\t<\/div>\n\t\t\t\t\t\t\t\t<\/div>\n\t\t\t\t<\/div>\n\t\t\t\t<\/div>\n\t\t\t\t<\/div>\n\t\t\t\t<\/div>\n\t\t\t\t\t<\/div>\n\t\t\t\t<\/div>\n\t\t\t\t<\/div>\n\t\t","protected":false},"excerpt":{"rendered":"<p>Bio-Rind- und Lammfleisch aus Weidehaltung Irland genie\u00dft die l\u00e4ngste Graswachstumsperiode in Europa aufgrund des gem\u00e4\u00dfigten Klimas, der reichlichen Niederschl\u00e4ge und der fruchtbaren B\u00f6den. Diese Bedingungen bieten optimale Voraussetzungen f\u00fcr ein ressourcenschonendes, weidebasiertes System f\u00fcr die europ\u00e4ische Bio-Landwirtschaft. Mit 80 % der landwirtschaftlichen Fl\u00e4chen, die Weiden gewidmet sind, k\u00f6nnen Rinder und Schafe den gr\u00f6\u00dften Teil des [&hellip;]<\/p>\n","protected":false},"author":1,"featured_media":1171,"parent":2085,"menu_order":0,"comment_status":"closed","ping_status":"closed","template":"","meta":{"footnotes":""},"class_list":["post-2093","page","type-page","status-publish","has-post-thumbnail","hentry"],"_links":{"self":[{"href":"https:\/\/organicbeeflamb.eu\/de\/wp-json\/wp\/v2\/pages\/2093","targetHints":{"allow":["GET"]}}],"collection":[{"href":"https:\/\/organicbeeflamb.eu\/de\/wp-json\/wp\/v2\/pages"}],"about":[{"href":"https:\/\/organicbeeflamb.eu\/de\/wp-json\/wp\/v2\/types\/page"}],"author":[{"embeddable":true,"href":"https:\/\/organicbeeflamb.eu\/de\/wp-json\/wp\/v2\/users\/1"}],"replies":[{"embeddable":true,"href":"https:\/\/organicbeeflamb.eu\/de\/wp-json\/wp\/v2\/comments?post=2093"}],"version-history":[{"count":46,"href":"https:\/\/organicbeeflamb.eu\/de\/wp-json\/wp\/v2\/pages\/2093\/revisions"}],"predecessor-version":[{"id":6977,"href":"https:\/\/organicbeeflamb.eu\/de\/wp-json\/wp\/v2\/pages\/2093\/revisions\/6977"}],"up":[{"embeddable":true,"href":"https:\/\/organicbeeflamb.eu\/de\/wp-json\/wp\/v2\/pages\/2085"}],"wp:featuredmedia":[{"embeddable":true,"href":"https:\/\/organicbeeflamb.eu\/de\/wp-json\/wp\/v2\/media\/1171"}],"wp:attachment":[{"href":"https:\/\/organicbeeflamb.eu\/de\/wp-json\/wp\/v2\/media?parent=2093"}],"curies":[{"name":"wp","href":"https:\/\/api.w.org\/{rel}","templated":true}]}}