{"id":2006,"date":"2024-09-08T16:35:32","date_gmt":"2024-09-08T16:35:32","guid":{"rendered":"https:\/\/organicbeeflamb.eu\/eu-organic-beef-lamb\/"},"modified":"2025-08-18T08:32:27","modified_gmt":"2025-08-18T08:32:27","slug":"eu-organic-beef-lamb","status":"publish","type":"page","link":"https:\/\/organicbeeflamb.eu\/fr\/","title":{"rendered":"Viande bovine et ovine biologique de l&rsquo;UE"},"content":{"rendered":"\t\t<div data-elementor-type=\"wp-page\" data-elementor-id=\"2006\" class=\"elementor elementor-2006 elementor-50\" data-elementor-post-type=\"page\">\n\t\t\t\t<div class=\"elementor-element elementor-element-34bfc24 e-flex e-con-boxed e-con e-parent\" data-id=\"34bfc24\" data-element_type=\"container\" data-settings=\"{&quot;background_background&quot;:&quot;classic&quot;}\">\n\t\t\t\t\t<div class=\"e-con-inner\">\n\t\t\t\t<div class=\"elementor-element elementor-element-a2a0721 visually-hidden elementor-widget elementor-widget-heading\" data-id=\"a2a0721\" data-element_type=\"widget\" data-widget_type=\"heading.default\">\n\t\t\t\t<div class=\"elementor-widget-container\">\n\t\t\t\t\t<h1 class=\"elementor-heading-title elementor-size-default\">B\u0153uf et agneau bio europ\u00e9ens <br>\n\u00c9lev\u00e9s en p\u00e2turage en Irlande<\/h1>\t\t\t\t<\/div>\n\t\t\t\t<\/div>\n\t\t\t\t<div class=\"elementor-element elementor-element-03887fc elementor-widget elementor-widget-image\" data-id=\"03887fc\" data-element_type=\"widget\" data-widget_type=\"image.default\">\n\t\t\t\t<div class=\"elementor-widget-container\">\n\t\t\t\t\t\t\t\t\t\t\t\t\t\t\t<img decoding=\"async\" width=\"146\" height=\"197\" src=\"https:\/\/organicbeeflamb.eu\/wp-content\/uploads\/2024\/09\/logo-Enjoy.svg\" class=\"attachment-full size-full wp-image-123\" alt=\"Enjoy it&#039;s from Europe\" \/>\t\t\t\t\t\t\t\t\t\t\t\t\t\t\t<\/div>\n\t\t\t\t<\/div>\n\t\t\t\t\t<\/div>\n\t\t\t\t<\/div>\n\t\t<div class=\"elementor-element elementor-element-f991511 e-flex e-con-boxed e-con e-parent\" data-id=\"f991511\" data-element_type=\"container\">\n\t\t\t\t\t<div class=\"e-con-inner\">\n\t\t<div class=\"elementor-element elementor-element-3ab4882 e-con-full e-flex e-con e-child\" data-id=\"3ab4882\" data-element_type=\"container\">\n\t\t\t\t<div class=\"elementor-element elementor-element-abc49f0 elementor-widget elementor-widget-text-editor\" data-id=\"abc49f0\" data-element_type=\"widget\" data-widget_type=\"text-editor.default\">\n\t\t\t\t<div class=\"elementor-widget-container\">\n\t\t\t\t\t\t\t\t\t<p><span style=\"font-weight: 400;\">D\u00e9couvrez la riche tradition de l\u2019agriculture durable et de l\u2019\u00e9levage biologique o\u00f9 des paysages verdoyants\u00a0 et un fort h\u00e9ritage de pratiques agricoles respectueuses de l\u2019environnement se conjuguent pour vous offrir du b\u0153uf et de l\u2019agneau de la plus haute qualit\u00e9,\u00a0 issus de l\u2019agriculture biologique. Nos prairies luxuriantes et nos collines ondoyantes cr\u00e9ent un environnement id\u00e9al pour l&rsquo;agriculture biologique, garantissant que chaque bouch\u00e9e que vous prenez soit \u00e0 la fois savoureuse et nutritive.<\/span><\/p>\t\t\t\t\t\t\t\t<\/div>\n\t\t\t\t<\/div>\n\t\t\t\t<div class=\"elementor-element elementor-element-94d7d0c elementor-widget elementor-widget-heading\" data-id=\"94d7d0c\" data-element_type=\"widget\" data-widget_type=\"heading.default\">\n\t\t\t\t<div class=\"elementor-widget-container\">\n\t\t\t\t\t<h2 class=\"elementor-heading-title elementor-size-default\">L'\u00e9levage de b\u0153uf et d'agneau biologique : une opportunit\u00e9 croissante en Irlande et dans toute l'UE<\/h2>\t\t\t\t<\/div>\n\t\t\t\t<\/div>\n\t\t\t\t<div class=\"elementor-element elementor-element-182f5e2 elementor-widget elementor-widget-text-editor\" data-id=\"182f5e2\" data-element_type=\"widget\" data-widget_type=\"text-editor.default\">\n\t\t\t\t<div class=\"elementor-widget-container\">\n\t\t\t\t\t\t\t\t\t<p><span style=\"font-weight: 400;\"><strong>L&rsquo;agriculture biologique<\/strong> n&rsquo;est pas seulement une m\u00e9thode; c&rsquo;est un engagement pour une plan\u00e8te plus saine et une meilleure alimentation. En travaillant en harmonie avec la nature et en soutenant la biodiversit\u00e9, les <strong>pratiques biologiques<\/strong> am\u00e9liorent la sant\u00e9 des sols et luttent contre le changement climatique.<\/span><\/p><p><span style=\"font-weight: 400;\"><br \/><\/span><span style=\"font-weight: 400;\">Nos m\u00e9thodes agricoles garantissent que les animaux sont \u00e9lev\u00e9s avec suffisamment d&rsquo;espace, d&rsquo;air frais et des r\u00e9gimes naturels, sans hormones ni antibiotiques syst\u00e9matiques.<\/span><\/p><p><span style=\"font-weight: 400;\"><br \/><\/span><span style=\"font-weight: 400;\">Cela contribue non seulement \u00e0 am\u00e9liorer<strong> le bien-\u00eatre des animaux<\/strong>, mais aussi \u00e0 produire des <strong>options alimentaires plus saines<\/strong> pour vous et votre famille.<\/span><\/p>\t\t\t\t\t\t\t\t<\/div>\n\t\t\t\t<\/div>\n\t\t\t\t<div class=\"elementor-element elementor-element-2665651 elementor-align-left elementor-mobile-align-center elementor-widget elementor-widget-button\" data-id=\"2665651\" data-element_type=\"widget\" data-widget_type=\"button.default\">\n\t\t\t\t<div class=\"elementor-widget-container\">\n\t\t\t\t\t\t\t\t\t<div class=\"elementor-button-wrapper\">\n\t\t\t\t\t<a class=\"elementor-button elementor-button-link elementor-size-sm\" href=\"\/fr\/pourquoi-le-bio\/bien-etre-animal\/\" aria-label=\"Normes biologiques\">\n\t\t\t\t\t\t<span class=\"elementor-button-content-wrapper\">\n\t\t\t\t\t\t\t\t\t<span class=\"elementor-button-text\">Normes biologiques<\/span>\n\t\t\t\t\t<\/span>\n\t\t\t\t\t<\/a>\n\t\t\t\t<\/div>\n\t\t\t\t\t\t\t\t<\/div>\n\t\t\t\t<\/div>\n\t\t\t\t<div class=\"elementor-element elementor-element-1599df7 elementor-hidden-mobile elementor-widget elementor-widget-heading\" data-id=\"1599df7\" data-element_type=\"widget\" data-widget_type=\"heading.default\">\n\t\t\t\t<div class=\"elementor-widget-container\">\n\t\t\t\t\t<h2 class=\"elementor-heading-title elementor-size-default\">Le processus de certification biologique de l\u2019UE : Ce qu\u2019il faut savoir <\/h2>\t\t\t\t<\/div>\n\t\t\t\t<\/div>\n\t\t\t\t<div class=\"elementor-element elementor-element-8cb1bab elementor-hidden-mobile elementor-widget elementor-widget-text-editor\" data-id=\"8cb1bab\" data-element_type=\"widget\" data-widget_type=\"text-editor.default\">\n\t\t\t\t<div class=\"elementor-widget-container\">\n\t\t\t\t\t\t\t\t\t<p><span style=\"font-weight: 400;\">Lorsque vous voyez le logo biologique de l&rsquo;UE, vous pouvez \u00eatre certain que le produit r\u00e9pond \u00e0 des normes biologiques rigoureuses. Le processus de certification biologique implique des inspections d\u00e9taill\u00e9es et des renouvellements annuels pour maintenir l&rsquo;int\u00e9grit\u00e9 des revendications biologiques. Depuis la demande initiale jusqu&rsquo;aux contr\u00f4les de conformit\u00e9 r\u00e9guliers, chaque \u00e9tape garantit que nos produits sont fabriqu\u00e9s et manipul\u00e9s conform\u00e9ment aux lignes directrices biologiques les plus strictes.<\/span><\/p>\t\t\t\t\t\t\t\t<\/div>\n\t\t\t\t<\/div>\n\t\t\t\t<div class=\"elementor-element elementor-element-75ee07a elementor-align-left elementor-hidden-mobile elementor-widget elementor-widget-button\" data-id=\"75ee07a\" data-element_type=\"widget\" data-widget_type=\"button.default\">\n\t\t\t\t<div class=\"elementor-widget-container\">\n\t\t\t\t\t\t\t\t\t<div class=\"elementor-button-wrapper\">\n\t\t\t\t\t<a class=\"elementor-button elementor-button-link elementor-size-sm\" href=\"\/fr\/pourquoi-le-bio\/certifie-biologique\/\" aria-label=\"En savoir plus sur la certification biologique\">\n\t\t\t\t\t\t<span class=\"elementor-button-content-wrapper\">\n\t\t\t\t\t\t\t\t\t<span class=\"elementor-button-text\">En savoir plus sur la certification biologique<\/span>\n\t\t\t\t\t<\/span>\n\t\t\t\t\t<\/a>\n\t\t\t\t<\/div>\n\t\t\t\t\t\t\t\t<\/div>\n\t\t\t\t<\/div>\n\t\t\t\t<\/div>\n\t\t<div class=\"elementor-element elementor-element-1e7988a e-con-full e-flex e-con e-child\" data-id=\"1e7988a\" data-element_type=\"container\">\n\t\t\t\t<div class=\"elementor-element elementor-element-9a3c7cd animated-slow elementor-invisible elementor-widget elementor-widget-image\" data-id=\"9a3c7cd\" data-element_type=\"widget\" data-settings=\"{&quot;_animation&quot;:&quot;slideInRight&quot;}\" data-widget_type=\"image.default\">\n\t\t\t\t<div class=\"elementor-widget-container\">\n\t\t\t\t\t\t\t\t\t\t\t\t\t\t\t<img fetchpriority=\"high\" decoding=\"async\" width=\"1956\" height=\"2254\" src=\"https:\/\/organicbeeflamb.eu\/wp-content\/uploads\/2025\/05\/agneau-bio-mouton-irlandais.webp\" class=\"attachment-full size-full wp-image-4186\" alt=\"Agneau biologique\" srcset=\"https:\/\/organicbeeflamb.eu\/wp-content\/uploads\/2025\/05\/agneau-bio-mouton-irlandais.webp 1956w, https:\/\/organicbeeflamb.eu\/wp-content\/uploads\/2025\/05\/agneau-bio-mouton-irlandais-260x300.webp 260w, https:\/\/organicbeeflamb.eu\/wp-content\/uploads\/2025\/05\/agneau-bio-mouton-irlandais-889x1024.webp 889w, https:\/\/organicbeeflamb.eu\/wp-content\/uploads\/2025\/05\/agneau-bio-mouton-irlandais-768x885.webp 768w, https:\/\/organicbeeflamb.eu\/wp-content\/uploads\/2025\/05\/agneau-bio-mouton-irlandais-1333x1536.webp 1333w, https:\/\/organicbeeflamb.eu\/wp-content\/uploads\/2025\/05\/agneau-bio-mouton-irlandais-1777x2048.webp 1777w\" sizes=\"(max-width: 1956px) 100vw, 1956px\" \/>\t\t\t\t\t\t\t\t\t\t\t\t\t\t\t<\/div>\n\t\t\t\t<\/div>\n\t\t\t\t<div class=\"elementor-element elementor-element-361515c animated-slow elementor-invisible elementor-widget elementor-widget-image\" data-id=\"361515c\" data-element_type=\"widget\" data-settings=\"{&quot;_animation&quot;:&quot;slideInUp&quot;}\" data-widget_type=\"image.default\">\n\t\t\t\t<div class=\"elementor-widget-container\">\n\t\t\t\t\t\t\t\t\t\t\t\t\t\t\t<img decoding=\"async\" width=\"1316\" height=\"1515\" src=\"https:\/\/organicbeeflamb.eu\/wp-content\/uploads\/2025\/05\/agneau-bio-bovins-irlandais.webp\" class=\"attachment-full size-full wp-image-4191\" alt=\"Viande de boeuf biologique : Bovins irlandais paissant dans un champ verdoyant\" srcset=\"https:\/\/organicbeeflamb.eu\/wp-content\/uploads\/2025\/05\/agneau-bio-bovins-irlandais.webp 1316w, https:\/\/organicbeeflamb.eu\/wp-content\/uploads\/2025\/05\/agneau-bio-bovins-irlandais-261x300.webp 261w, https:\/\/organicbeeflamb.eu\/wp-content\/uploads\/2025\/05\/agneau-bio-bovins-irlandais-889x1024.webp 889w, https:\/\/organicbeeflamb.eu\/wp-content\/uploads\/2025\/05\/agneau-bio-bovins-irlandais-768x884.webp 768w\" sizes=\"(max-width: 1316px) 100vw, 1316px\" \/>\t\t\t\t\t\t\t\t\t\t\t\t\t\t\t<\/div>\n\t\t\t\t<\/div>\n\t\t\t\t<div class=\"elementor-element elementor-element-99f2e87 elementor-hidden-desktop elementor-hidden-tablet elementor-widget elementor-widget-heading\" data-id=\"99f2e87\" data-element_type=\"widget\" data-widget_type=\"heading.default\">\n\t\t\t\t<div class=\"elementor-widget-container\">\n\t\t\t\t\t<h2 class=\"elementor-heading-title elementor-size-default\">Le processus de certification biologique de l\u2019UE : Ce qu\u2019il faut savoir <\/h2>\t\t\t\t<\/div>\n\t\t\t\t<\/div>\n\t\t\t\t<div class=\"elementor-element elementor-element-8882c15 elementor-hidden-desktop elementor-hidden-tablet elementor-widget elementor-widget-text-editor\" data-id=\"8882c15\" data-element_type=\"widget\" data-widget_type=\"text-editor.default\">\n\t\t\t\t<div class=\"elementor-widget-container\">\n\t\t\t\t\t\t\t\t\t<p><span style=\"font-weight: 400;\">Lorsque vous voyez <strong>le logo biologique de l&rsquo;UE,<\/strong> vous pouvez \u00eatre certain que le produit r\u00e9pond \u00e0 des <strong>normes biologiques rigoureuses.<\/strong> Le <strong>processus de certification biologique<\/strong> implique des inspections d\u00e9taill\u00e9es et des renouvellements annuels pour maintenir l&rsquo;int\u00e9grit\u00e9 des<strong> revendications biologiques.<\/strong> Depuis la demande initiale jusqu&rsquo;aux contr\u00f4les de conformit\u00e9 r\u00e9guliers, chaque \u00e9tape garantit que nos produits sont fabriqu\u00e9s et manipul\u00e9s conform\u00e9ment aux lignes <strong>directrices biologiques<\/strong> les plus strictes.<\/span><\/p>\t\t\t\t\t\t\t\t<\/div>\n\t\t\t\t<\/div>\n\t\t\t\t<div class=\"elementor-element elementor-element-9e62402 animated-slow elementor-invisible elementor-widget elementor-widget-image\" data-id=\"9e62402\" data-element_type=\"widget\" data-settings=\"{&quot;_animation&quot;:&quot;fadeIn&quot;}\" data-widget_type=\"image.default\">\n\t\t\t\t<div class=\"elementor-widget-container\">\n\t\t\t\t\t\t\t\t\t\t\t\t\t\t\t<img loading=\"lazy\" decoding=\"async\" width=\"316\" height=\"211\" src=\"https:\/\/organicbeeflamb.eu\/wp-content\/uploads\/2025\/05\/certification-bio-logo.svg\" class=\"attachment-full size-full wp-image-4196\" alt=\"Certification Biologique\" \/>\t\t\t\t\t\t\t\t\t\t\t\t\t\t\t<\/div>\n\t\t\t\t<\/div>\n\t\t\t\t<div class=\"elementor-element elementor-element-c2e77d2 elementor-align-left elementor-hidden-desktop elementor-hidden-tablet elementor-widget elementor-widget-button\" data-id=\"c2e77d2\" data-element_type=\"widget\" data-widget_type=\"button.default\">\n\t\t\t\t<div class=\"elementor-widget-container\">\n\t\t\t\t\t\t\t\t\t<div class=\"elementor-button-wrapper\">\n\t\t\t\t\t<a class=\"elementor-button elementor-button-link elementor-size-sm\" href=\"\/fr\/pourquoi-le-bio\/certifie-biologique\/\" aria-label=\"EN SAVOIR PLUS SUR LA CERTIFICATION BIOLOGIQUE\">\n\t\t\t\t\t\t<span class=\"elementor-button-content-wrapper\">\n\t\t\t\t\t\t\t\t\t<span class=\"elementor-button-text\">En savoir plus sur la certification biologique<\/span>\n\t\t\t\t\t<\/span>\n\t\t\t\t\t<\/a>\n\t\t\t\t<\/div>\n\t\t\t\t\t\t\t\t<\/div>\n\t\t\t\t<\/div>\n\t\t\t\t<\/div>\n\t\t\t\t\t<\/div>\n\t\t\t\t<\/div>\n\t\t<div class=\"elementor-element elementor-element-62e3bf6 e-flex e-con-boxed e-con e-parent\" data-id=\"62e3bf6\" data-element_type=\"container\">\n\t\t\t\t\t<div class=\"e-con-inner\">\n\t\t\t\t<div class=\"elementor-element elementor-element-1b5a2ee elementor-widget elementor-widget-heading\" data-id=\"1b5a2ee\" data-element_type=\"widget\" data-widget_type=\"heading.default\">\n\t\t\t\t<div class=\"elementor-widget-container\">\n\t\t\t\t\t<h2 class=\"elementor-heading-title elementor-size-default\">Vous souhaitez en savoir <br>\nplus ?<\/h2>\t\t\t\t<\/div>\n\t\t\t\t<\/div>\n\t\t\t\t\t<\/div>\n\t\t\t\t<\/div>\n\t\t<div class=\"elementor-element elementor-element-af69f00 e-flex e-con-boxed e-con e-parent\" data-id=\"af69f00\" data-element_type=\"container\">\n\t\t\t\t\t<div class=\"e-con-inner\">\n\t\t<div class=\"elementor-element elementor-element-63066c3 e-con-full animated-slow e-flex elementor-invisible e-con e-child\" data-id=\"63066c3\" data-element_type=\"container\" data-settings=\"{&quot;background_background&quot;:&quot;classic&quot;,&quot;animation&quot;:&quot;slideInUp&quot;}\">\n\t\t\t\t<div class=\"elementor-element elementor-element-92d9d49 elementor-widget elementor-widget-image\" data-id=\"92d9d49\" data-element_type=\"widget\" data-widget_type=\"image.default\">\n\t\t\t\t<div class=\"elementor-widget-container\">\n\t\t\t\t\t\t\t\t\t\t\t\t\t\t\t<img loading=\"lazy\" decoding=\"async\" width=\"948\" height=\"1086\" src=\"https:\/\/organicbeeflamb.eu\/wp-content\/uploads\/2025\/05\/boeuf-biologique.webp\" class=\"attachment-full size-full wp-image-4201\" alt=\"Boeuf Biologique\" srcset=\"https:\/\/organicbeeflamb.eu\/wp-content\/uploads\/2025\/05\/boeuf-biologique.webp 948w, https:\/\/organicbeeflamb.eu\/wp-content\/uploads\/2025\/05\/boeuf-biologique-262x300.webp 262w, https:\/\/organicbeeflamb.eu\/wp-content\/uploads\/2025\/05\/boeuf-biologique-894x1024.webp 894w, https:\/\/organicbeeflamb.eu\/wp-content\/uploads\/2025\/05\/boeuf-biologique-768x880.webp 768w\" sizes=\"(max-width: 948px) 100vw, 948px\" \/>\t\t\t\t\t\t\t\t\t\t\t\t\t\t\t<\/div>\n\t\t\t\t<\/div>\n\t\t\t\t<div class=\"elementor-element elementor-element-b62a1f2 elementor-widget elementor-widget-heading\" data-id=\"b62a1f2\" data-element_type=\"widget\" data-widget_type=\"heading.default\">\n\t\t\t\t<div class=\"elementor-widget-container\">\n\t\t\t\t\t<p class=\"elementor-heading-title elementor-size-default\">B\u0153uf biologique<\/p>\t\t\t\t<\/div>\n\t\t\t\t<\/div>\n\t\t\t\t<div class=\"elementor-element elementor-element-ea47e47 elementor-align-center elementor-widget elementor-widget-button\" data-id=\"ea47e47\" data-element_type=\"widget\" data-widget_type=\"button.default\">\n\t\t\t\t<div class=\"elementor-widget-container\">\n\t\t\t\t\t\t\t\t\t<div class=\"elementor-button-wrapper\">\n\t\t\t\t\t<a class=\"elementor-button elementor-button-link elementor-size-sm\" href=\"\/fr\/boeuf-biologique\/\" aria-label=\"Explorer B\u0153uf biologique\">\n\t\t\t\t\t\t<span class=\"elementor-button-content-wrapper\">\n\t\t\t\t\t\t\t\t\t<span class=\"elementor-button-text\">Explorer <span class=\"visually-hidden\"> B\u0153uf biologique<\/span><\/span>\n\t\t\t\t\t<\/span>\n\t\t\t\t\t<\/a>\n\t\t\t\t<\/div>\n\t\t\t\t\t\t\t\t<\/div>\n\t\t\t\t<\/div>\n\t\t\t\t<\/div>\n\t\t<div class=\"elementor-element elementor-element-d1c58b9 e-con-full animated-slow e-flex elementor-invisible e-con e-child\" data-id=\"d1c58b9\" data-element_type=\"container\" data-settings=\"{&quot;background_background&quot;:&quot;classic&quot;,&quot;animation&quot;:&quot;slideInUp&quot;,&quot;animation_delay&quot;:500}\">\n\t\t\t\t<div class=\"elementor-element elementor-element-e28026b elementor-widget elementor-widget-image\" data-id=\"e28026b\" data-element_type=\"widget\" data-widget_type=\"image.default\">\n\t\t\t\t<div class=\"elementor-widget-container\">\n\t\t\t\t\t\t\t\t\t\t\t\t\t\t\t<img loading=\"lazy\" decoding=\"async\" width=\"948\" height=\"1086\" src=\"https:\/\/organicbeeflamb.eu\/wp-content\/uploads\/2025\/05\/agneau-biologique.webp\" class=\"attachment-full size-full wp-image-4206\" alt=\"Agneau Biologique\" srcset=\"https:\/\/organicbeeflamb.eu\/wp-content\/uploads\/2025\/05\/agneau-biologique.webp 948w, https:\/\/organicbeeflamb.eu\/wp-content\/uploads\/2025\/05\/agneau-biologique-262x300.webp 262w, https:\/\/organicbeeflamb.eu\/wp-content\/uploads\/2025\/05\/agneau-biologique-894x1024.webp 894w, https:\/\/organicbeeflamb.eu\/wp-content\/uploads\/2025\/05\/agneau-biologique-768x880.webp 768w\" sizes=\"(max-width: 948px) 100vw, 948px\" \/>\t\t\t\t\t\t\t\t\t\t\t\t\t\t\t<\/div>\n\t\t\t\t<\/div>\n\t\t\t\t<div class=\"elementor-element elementor-element-0c06e67 elementor-widget elementor-widget-heading\" data-id=\"0c06e67\" data-element_type=\"widget\" data-widget_type=\"heading.default\">\n\t\t\t\t<div class=\"elementor-widget-container\">\n\t\t\t\t\t<p class=\"elementor-heading-title elementor-size-default\">Agneau biologique<\/p>\t\t\t\t<\/div>\n\t\t\t\t<\/div>\n\t\t\t\t<div class=\"elementor-element elementor-element-3574e3b elementor-align-center elementor-widget elementor-widget-button\" data-id=\"3574e3b\" data-element_type=\"widget\" data-widget_type=\"button.default\">\n\t\t\t\t<div class=\"elementor-widget-container\">\n\t\t\t\t\t\t\t\t\t<div class=\"elementor-button-wrapper\">\n\t\t\t\t\t<a class=\"elementor-button elementor-button-link elementor-size-sm\" href=\"\/fr\/agneau-biologique\/\" aria-label=\"Explorer Agneau biologique\">\n\t\t\t\t\t\t<span class=\"elementor-button-content-wrapper\">\n\t\t\t\t\t\t\t\t\t<span class=\"elementor-button-text\">Explorer <span class=\"visually-hidden\"> Agneau biologique<\/span><\/span>\n\t\t\t\t\t<\/span>\n\t\t\t\t\t<\/a>\n\t\t\t\t<\/div>\n\t\t\t\t\t\t\t\t<\/div>\n\t\t\t\t<\/div>\n\t\t\t\t<\/div>\n\t\t<div class=\"elementor-element elementor-element-b299522 e-con-full animated-slow e-flex elementor-invisible e-con e-child\" data-id=\"b299522\" data-element_type=\"container\" data-settings=\"{&quot;background_background&quot;:&quot;classic&quot;,&quot;animation&quot;:&quot;slideInUp&quot;,&quot;animation_delay&quot;:1000}\">\n\t\t\t\t<div class=\"elementor-element elementor-element-532de38 elementor-widget elementor-widget-image\" data-id=\"532de38\" data-element_type=\"widget\" data-widget_type=\"image.default\">\n\t\t\t\t<div class=\"elementor-widget-container\">\n\t\t\t\t\t\t\t\t\t\t\t\t\t\t\t<img loading=\"lazy\" decoding=\"async\" width=\"948\" height=\"1087\" src=\"https:\/\/organicbeeflamb.eu\/wp-content\/uploads\/2025\/05\/irlande-agriculture-bio.webp\" class=\"attachment-full size-full wp-image-4211\" alt=\"Irlande\" srcset=\"https:\/\/organicbeeflamb.eu\/wp-content\/uploads\/2025\/05\/irlande-agriculture-bio.webp 948w, https:\/\/organicbeeflamb.eu\/wp-content\/uploads\/2025\/05\/irlande-agriculture-bio-262x300.webp 262w, https:\/\/organicbeeflamb.eu\/wp-content\/uploads\/2025\/05\/irlande-agriculture-bio-893x1024.webp 893w, https:\/\/organicbeeflamb.eu\/wp-content\/uploads\/2025\/05\/irlande-agriculture-bio-768x881.webp 768w\" sizes=\"(max-width: 948px) 100vw, 948px\" \/>\t\t\t\t\t\t\t\t\t\t\t\t\t\t\t<\/div>\n\t\t\t\t<\/div>\n\t\t\t\t<div class=\"elementor-element elementor-element-ac05a09 elementor-widget elementor-widget-heading\" data-id=\"ac05a09\" data-element_type=\"widget\" data-widget_type=\"heading.default\">\n\t\t\t\t<div class=\"elementor-widget-container\">\n\t\t\t\t\t<p class=\"elementor-heading-title elementor-size-default\">Irlande<\/p>\t\t\t\t<\/div>\n\t\t\t\t<\/div>\n\t\t\t\t<div class=\"elementor-element elementor-element-d30c025 elementor-align-center elementor-widget elementor-widget-button\" data-id=\"d30c025\" data-element_type=\"widget\" data-widget_type=\"button.default\">\n\t\t\t\t<div class=\"elementor-widget-container\">\n\t\t\t\t\t\t\t\t\t<div class=\"elementor-button-wrapper\">\n\t\t\t\t\t<a class=\"elementor-button elementor-button-link elementor-size-sm\" href=\"\/fr\/irlande\/\" aria-label=\"Explorer Irlande\">\n\t\t\t\t\t\t<span class=\"elementor-button-content-wrapper\">\n\t\t\t\t\t\t\t\t\t<span class=\"elementor-button-text\">Explorer <span class=\"visually-hidden\"> Irlande<\/span><\/span>\n\t\t\t\t\t<\/span>\n\t\t\t\t\t<\/a>\n\t\t\t\t<\/div>\n\t\t\t\t\t\t\t\t<\/div>\n\t\t\t\t<\/div>\n\t\t\t\t<\/div>\n\t\t<div class=\"elementor-element elementor-element-a255a59 e-con-full animated-slow e-flex elementor-invisible e-con e-child\" data-id=\"a255a59\" data-element_type=\"container\" data-settings=\"{&quot;background_background&quot;:&quot;classic&quot;,&quot;animation&quot;:&quot;slideInUp&quot;,&quot;animation_delay&quot;:1500}\">\n\t\t\t\t<div class=\"elementor-element elementor-element-3e92c99 elementor-widget elementor-widget-image\" data-id=\"3e92c99\" data-element_type=\"widget\" data-widget_type=\"image.default\">\n\t\t\t\t<div class=\"elementor-widget-container\">\n\t\t\t\t\t\t\t\t\t\t\t\t\t\t\t<img loading=\"lazy\" decoding=\"async\" width=\"948\" height=\"1086\" src=\"https:\/\/organicbeeflamb.eu\/wp-content\/uploads\/2025\/05\/certification-bio-logo.webp\" class=\"attachment-full size-full wp-image-4216\" alt=\"Certification Biologique\" srcset=\"https:\/\/organicbeeflamb.eu\/wp-content\/uploads\/2025\/05\/certification-bio-logo.webp 948w, https:\/\/organicbeeflamb.eu\/wp-content\/uploads\/2025\/05\/certification-bio-logo-262x300.webp 262w, https:\/\/organicbeeflamb.eu\/wp-content\/uploads\/2025\/05\/certification-bio-logo-894x1024.webp 894w, https:\/\/organicbeeflamb.eu\/wp-content\/uploads\/2025\/05\/certification-bio-logo-768x880.webp 768w\" sizes=\"(max-width: 948px) 100vw, 948px\" \/>\t\t\t\t\t\t\t\t\t\t\t\t\t\t\t<\/div>\n\t\t\t\t<\/div>\n\t\t\t\t<div class=\"elementor-element elementor-element-50dd459 elementor-widget elementor-widget-heading\" data-id=\"50dd459\" data-element_type=\"widget\" data-widget_type=\"heading.default\">\n\t\t\t\t<div class=\"elementor-widget-container\">\n\t\t\t\t\t<p class=\"elementor-heading-title elementor-size-default\">Certification biologique<\/p>\t\t\t\t<\/div>\n\t\t\t\t<\/div>\n\t\t\t\t<div class=\"elementor-element elementor-element-6c4aec0 elementor-align-center elementor-widget elementor-widget-button\" data-id=\"6c4aec0\" data-element_type=\"widget\" data-widget_type=\"button.default\">\n\t\t\t\t<div class=\"elementor-widget-container\">\n\t\t\t\t\t\t\t\t\t<div class=\"elementor-button-wrapper\">\n\t\t\t\t\t<a class=\"elementor-button elementor-button-link elementor-size-sm\" href=\"\/fr\/pourquoi-le-bio\/certifie-biologique\/\" aria-label=\"Explorer Certification biologique\">\n\t\t\t\t\t\t<span class=\"elementor-button-content-wrapper\">\n\t\t\t\t\t\t\t\t\t<span class=\"elementor-button-text\">Explorer <span class=\"visually-hidden\"> Certification biologique<\/span><\/span>\n\t\t\t\t\t<\/span>\n\t\t\t\t\t<\/a>\n\t\t\t\t<\/div>\n\t\t\t\t\t\t\t\t<\/div>\n\t\t\t\t<\/div>\n\t\t\t\t<\/div>\n\t\t\t\t\t<\/div>\n\t\t\t\t<\/div>\n\t\t\t\t<\/div>\n\t\t","protected":false},"excerpt":{"rendered":"<p>B\u0153uf et agneau bio europ\u00e9ens \u00c9lev\u00e9s en p\u00e2turage en Irlande D\u00e9couvrez la riche tradition de l\u2019agriculture durable et de l\u2019\u00e9levage biologique o\u00f9 des paysages verdoyants\u00a0 et un fort h\u00e9ritage de pratiques agricoles respectueuses de l\u2019environnement se conjuguent pour vous offrir du b\u0153uf et de l\u2019agneau de la plus haute qualit\u00e9,\u00a0 issus de l\u2019agriculture biologique. Nos [&hellip;]<\/p>\n","protected":false},"author":1,"featured_media":0,"parent":0,"menu_order":0,"comment_status":"closed","ping_status":"closed","template":"","meta":{"footnotes":""},"class_list":["post-2006","page","type-page","status-publish","hentry"],"_links":{"self":[{"href":"https:\/\/organicbeeflamb.eu\/fr\/wp-json\/wp\/v2\/pages\/2006","targetHints":{"allow":["GET"]}}],"collection":[{"href":"https:\/\/organicbeeflamb.eu\/fr\/wp-json\/wp\/v2\/pages"}],"about":[{"href":"https:\/\/organicbeeflamb.eu\/fr\/wp-json\/wp\/v2\/types\/page"}],"author":[{"embeddable":true,"href":"https:\/\/organicbeeflamb.eu\/fr\/wp-json\/wp\/v2\/users\/1"}],"replies":[{"embeddable":true,"href":"https:\/\/organicbeeflamb.eu\/fr\/wp-json\/wp\/v2\/comments?post=2006"}],"version-history":[{"count":50,"href":"https:\/\/organicbeeflamb.eu\/fr\/wp-json\/wp\/v2\/pages\/2006\/revisions"}],"predecessor-version":[{"id":7245,"href":"https:\/\/organicbeeflamb.eu\/fr\/wp-json\/wp\/v2\/pages\/2006\/revisions\/7245"}],"wp:attachment":[{"href":"https:\/\/organicbeeflamb.eu\/fr\/wp-json\/wp\/v2\/media?parent=2006"}],"curies":[{"name":"wp","href":"https:\/\/api.w.org\/{rel}","templated":true}]}}