{"id":2027,"date":"2024-09-08T16:36:18","date_gmt":"2024-09-08T16:36:18","guid":{"rendered":"https:\/\/organicbeeflamb.eu\/boeuf-biologique\/family-farming\/"},"modified":"2025-05-30T20:49:49","modified_gmt":"2025-05-30T20:49:49","slug":"agriculture-familiale","status":"publish","type":"page","link":"https:\/\/organicbeeflamb.eu\/fr\/boeuf-biologique\/agriculture-familiale\/","title":{"rendered":"Agriculture familiale"},"content":{"rendered":"\t\t<div data-elementor-type=\"wp-page\" data-elementor-id=\"2027\" class=\"elementor elementor-2027 elementor-54\" data-elementor-post-type=\"page\">\n\t\t\t\t<div class=\"elementor-element elementor-element-f567630 e-flex e-con-boxed e-con e-parent\" data-id=\"f567630\" data-element_type=\"container\" data-settings=\"{&quot;background_background&quot;:&quot;classic&quot;}\">\n\t\t\t\t\t<div class=\"e-con-inner\">\n\t\t\t\t<div class=\"elementor-element elementor-element-3ad6a80 elementor-widget elementor-widget-heading\" data-id=\"3ad6a80\" data-element_type=\"widget\" data-widget_type=\"heading.default\">\n\t\t\t\t<div class=\"elementor-widget-container\">\n\t\t\t\t\t<h1 class=\"elementor-heading-title elementor-size-default\">Agriculture familiale<\/h1>\t\t\t\t<\/div>\n\t\t\t\t<\/div>\n\t\t\t\t<div class=\"elementor-element elementor-element-5d97632 elementor-widget elementor-widget-image\" data-id=\"5d97632\" data-element_type=\"widget\" data-widget_type=\"image.default\">\n\t\t\t\t<div class=\"elementor-widget-container\">\n\t\t\t\t\t\t\t\t\t\t\t\t\t\t\t<img decoding=\"async\" width=\"146\" height=\"197\" src=\"https:\/\/organicbeeflamb.eu\/wp-content\/uploads\/2024\/09\/logo-Enjoy.svg\" class=\"attachment-full size-full wp-image-123\" alt=\"Enjoy it&#039;s from Europe\" \/>\t\t\t\t\t\t\t\t\t\t\t\t\t\t\t<\/div>\n\t\t\t\t<\/div>\n\t\t\t\t\t<\/div>\n\t\t\t\t<\/div>\n\t\t<div class=\"elementor-element elementor-element-b6cea8e e-flex e-con-boxed e-con e-parent\" data-id=\"b6cea8e\" data-element_type=\"container\">\n\t\t\t\t\t<div class=\"e-con-inner\">\n\t\t<div class=\"elementor-element elementor-element-e119086 e-con-full e-flex e-con e-child\" data-id=\"e119086\" data-element_type=\"container\">\n\t\t\t\t<div class=\"elementor-element elementor-element-61e8e6a elementor-widget elementor-widget-heading\" data-id=\"61e8e6a\" data-element_type=\"widget\" data-widget_type=\"heading.default\">\n\t\t\t\t<div class=\"elementor-widget-container\">\n\t\t\t\t\t<h2 class=\"elementor-heading-title elementor-size-default\">L'importance de l'agriculture biologique  familiale et g\u00e9n\u00e9rationnelle en Europe et en Irlande<\/h2>\t\t\t\t<\/div>\n\t\t\t\t<\/div>\n\t\t\t\t<div class=\"elementor-element elementor-element-23e60d2 elementor-widget elementor-widget-text-editor\" data-id=\"23e60d2\" data-element_type=\"widget\" data-widget_type=\"text-editor.default\">\n\t\t\t\t<div class=\"elementor-widget-container\">\n\t\t\t\t\t\t\t\t\t<p><span style=\"font-weight: 400;\">L&rsquo;agriculture familiale et g\u00e9n\u00e9rationnelle est au c\u0153ur de la culture et du patrimoine de l&rsquo;Europe. La transmission des connaissances et des comp\u00e9tences agricoles, combin\u00e9e aux mesures strictes de la <strong>production alimentaire biologique,<\/strong> permet \u00e0 l&rsquo;UE d&rsquo;\u00eatre une source majeure de <strong>b\u0153uf et d&rsquo;agneau biologiques.<\/strong> En Irlande, l&rsquo;agriculture reste ancr\u00e9e dans la culture et soutient les \u00e9conomies rurales. La taille moyenne des troupeaux est de 66 bovins et de 133 ovins. En <strong>agriculture biologique,<\/strong> un faible taux de chargement est requis, ce qui en fait un syst\u00e8me id\u00e9al pour soutenir le <strong>mod\u00e8le de petite ferme familiale.<\/strong><\/span><\/p>\t\t\t\t\t\t\t\t<\/div>\n\t\t\t\t<\/div>\n\t\t\t\t<div class=\"elementor-element elementor-element-f9db975 animated-slow elementor-hidden-desktop elementor-hidden-tablet elementor-invisible elementor-widget elementor-widget-image\" data-id=\"f9db975\" data-element_type=\"widget\" data-settings=\"{&quot;_animation&quot;:&quot;slideInRight&quot;}\" data-widget_type=\"image.default\">\n\t\t\t\t<div class=\"elementor-widget-container\">\n\t\t\t\t\t\t\t\t\t\t\t\t\t\t\t<img fetchpriority=\"high\" decoding=\"async\" width=\"652\" height=\"752\" src=\"https:\/\/organicbeeflamb.eu\/wp-content\/uploads\/2025\/05\/agriculture-familiale-irlande.webp\" class=\"attachment-full size-full wp-image-4590\" alt=\"Agriculture familiale en Irlande, la famille marche \u00e0 travers des champs verts\" srcset=\"https:\/\/organicbeeflamb.eu\/wp-content\/uploads\/2025\/05\/agriculture-familiale-irlande.webp 652w, https:\/\/organicbeeflamb.eu\/wp-content\/uploads\/2025\/05\/agriculture-familiale-irlande-260x300.webp 260w\" sizes=\"(max-width: 652px) 100vw, 652px\" \/>\t\t\t\t\t\t\t\t\t\t\t\t\t\t\t<\/div>\n\t\t\t\t<\/div>\n\t\t\t\t<div class=\"elementor-element elementor-element-1917ae0 animated-slow elementor-hidden-desktop elementor-hidden-tablet elementor-invisible elementor-widget elementor-widget-image\" data-id=\"1917ae0\" data-element_type=\"widget\" data-settings=\"{&quot;_animation&quot;:&quot;slideInUp&quot;}\" data-widget_type=\"image.default\">\n\t\t\t\t<div class=\"elementor-widget-container\">\n\t\t\t\t\t\t\t\t\t\t\t\t\t\t\t<img decoding=\"async\" width=\"439\" height=\"505\" src=\"https:\/\/organicbeeflamb.eu\/wp-content\/uploads\/2025\/05\/elevage-de-betail-biologique-irlande.webp\" class=\"attachment-full size-full wp-image-4595\" alt=\"\u00c9levage de b\u00e9tail biologique en Irlande avec des vaches broutant dans un champ verdoyant\" srcset=\"https:\/\/organicbeeflamb.eu\/wp-content\/uploads\/2025\/05\/elevage-de-betail-biologique-irlande.webp 439w, https:\/\/organicbeeflamb.eu\/wp-content\/uploads\/2025\/05\/elevage-de-betail-biologique-irlande-261x300.webp 261w\" sizes=\"(max-width: 439px) 100vw, 439px\" \/>\t\t\t\t\t\t\t\t\t\t\t\t\t\t\t<\/div>\n\t\t\t\t<\/div>\n\t\t\t\t<div class=\"elementor-element elementor-element-dfb7ae8 elementor-widget elementor-widget-heading\" data-id=\"dfb7ae8\" data-element_type=\"widget\" data-widget_type=\"heading.default\">\n\t\t\t\t<div class=\"elementor-widget-container\">\n\t\t\t\t\t<h2 class=\"elementor-heading-title elementor-size-default\">Le r\u00f4le cl\u00e9 de l\u2019agriculture familiale dans le d\u00e9veloppement rural et la durabilit\u00e9<\/h2>\t\t\t\t<\/div>\n\t\t\t\t<\/div>\n\t\t\t\t<div class=\"elementor-element elementor-element-5f48719 elementor-widget elementor-widget-text-editor\" data-id=\"5f48719\" data-element_type=\"widget\" data-widget_type=\"text-editor.default\">\n\t\t\t\t<div class=\"elementor-widget-container\">\n\t\t\t\t\t\t\t\t\t<p><span style=\"font-weight: 400;\"><strong>Les fermes familiales<\/strong> rendent les \u00e9conomies rurales<\/span><b> plus comp\u00e9titives et durables, <\/b><span style=\"font-weight: 400;\">garantissent la <\/span><b>s\u00e9curit\u00e9 alimentaire<\/b><span style=\"font-weight: 400;\">, am\u00e9liorent les moyens de subsistance et prot\u00e8gent <\/span><b>l&rsquo;environnement<\/b><span style=\"font-weight: 400;\">.<\/span><\/p><p><span style=\"font-weight: 400;\">Reconnu par les Nations Unies comme essentiel pour atteindre l&rsquo;objectif de faim z\u00e9ro, une plan\u00e8te r\u00e9siliente et un d\u00e9veloppement durable.<\/span><\/p>\t\t\t\t\t\t\t\t<\/div>\n\t\t\t\t<\/div>\n\t\t\t\t<div class=\"elementor-element elementor-element-77ac125 elementor-widget elementor-widget-heading\" data-id=\"77ac125\" data-element_type=\"widget\" data-widget_type=\"heading.default\">\n\t\t\t\t<div class=\"elementor-widget-container\">\n\t\t\t\t\t<h2 class=\"elementor-heading-title elementor-size-default\">Les avantages de l\u2019agriculture biologique dans les exploitations familiales<\/h2>\t\t\t\t<\/div>\n\t\t\t\t<\/div>\n\t\t\t\t<div class=\"elementor-element elementor-element-0ac4af4 elementor-widget elementor-widget-text-editor\" data-id=\"0ac4af4\" data-element_type=\"widget\" data-widget_type=\"text-editor.default\">\n\t\t\t\t<div class=\"elementor-widget-container\">\n\t\t\t\t\t\t\t\t\t<p><span style=\"font-weight: 400;\">L&rsquo;adoption de pratiques innovantes en agriculture biologique rend les fermes plus viables et attire la prochaine g\u00e9n\u00e9ration \u00e0 poursuivre la tradition de l&rsquo;agriculture familiale.<\/span><\/p>\t\t\t\t\t\t\t\t<\/div>\n\t\t\t\t<\/div>\n\t\t\t\t<div class=\"elementor-element elementor-element-b1290a0 elementor-widget elementor-widget-heading\" data-id=\"b1290a0\" data-element_type=\"widget\" data-widget_type=\"heading.default\">\n\t\t\t\t<div class=\"elementor-widget-container\">\n\t\t\t\t\t<h2 class=\"elementor-heading-title elementor-size-default\">L\u2019\u00e9levage de vaches allaitantes en agriculture biologique\n<\/h2>\t\t\t\t<\/div>\n\t\t\t\t<\/div>\n\t\t\t\t<div class=\"elementor-element elementor-element-d2bb63e elementor-widget elementor-widget-text-editor\" data-id=\"d2bb63e\" data-element_type=\"widget\" data-widget_type=\"text-editor.default\">\n\t\t\t\t<div class=\"elementor-widget-container\">\n\t\t\t\t\t\t\t\t\t<p><span style=\"font-weight: 400;\">Le <strong>syst\u00e8me d&rsquo;allaitement<\/strong> est un syst\u00e8me de reproduction dans lequel les vaches produisent des veaux pour le b\u0153uf et ne sont pas utilis\u00e9es pour produire du lait pour les produits laitiers. Dans ce syst\u00e8me, le lait maternel de la vache est donn\u00e9 au veau.<br \/><\/span><span style=\"font-weight: 400;\"><br \/><\/span><span style=\"font-weight: 400;\">Les<strong> races de bovins de boucherie<\/strong> comprennent Hereford, Limousin, Charolais, Aberdeen Angus, Simmental et Shorthorn. L&rsquo;Irlande poss\u00e8de le troisi\u00e8me plus grand troupeau de vaches allaitantes au sein de l&rsquo;UE.<\/span><\/p>\t\t\t\t\t\t\t\t<\/div>\n\t\t\t\t<\/div>\n\t\t\t\t<\/div>\n\t\t<div class=\"elementor-element elementor-element-8cde4b4 e-con-full elementor-hidden-mobile e-flex e-con e-child\" data-id=\"8cde4b4\" data-element_type=\"container\">\n\t\t\t\t<div class=\"elementor-element elementor-element-53071a4 animated-slow elementor-invisible elementor-widget elementor-widget-image\" data-id=\"53071a4\" data-element_type=\"widget\" data-settings=\"{&quot;_animation&quot;:&quot;slideInRight&quot;}\" data-widget_type=\"image.default\">\n\t\t\t\t<div class=\"elementor-widget-container\">\n\t\t\t\t\t\t\t\t\t\t\t\t\t\t\t<img fetchpriority=\"high\" decoding=\"async\" width=\"652\" height=\"752\" src=\"https:\/\/organicbeeflamb.eu\/wp-content\/uploads\/2025\/05\/agriculture-familiale-irlande.webp\" class=\"attachment-full size-full wp-image-4590\" alt=\"Agriculture familiale en Irlande, la famille marche \u00e0 travers des champs verts\" srcset=\"https:\/\/organicbeeflamb.eu\/wp-content\/uploads\/2025\/05\/agriculture-familiale-irlande.webp 652w, https:\/\/organicbeeflamb.eu\/wp-content\/uploads\/2025\/05\/agriculture-familiale-irlande-260x300.webp 260w\" sizes=\"(max-width: 652px) 100vw, 652px\" \/>\t\t\t\t\t\t\t\t\t\t\t\t\t\t\t<\/div>\n\t\t\t\t<\/div>\n\t\t\t\t<div class=\"elementor-element elementor-element-241375f animated-slow elementor-invisible elementor-widget elementor-widget-image\" data-id=\"241375f\" data-element_type=\"widget\" data-settings=\"{&quot;_animation&quot;:&quot;slideInUp&quot;}\" data-widget_type=\"image.default\">\n\t\t\t\t<div class=\"elementor-widget-container\">\n\t\t\t\t\t\t\t\t\t\t\t\t\t\t\t<img decoding=\"async\" width=\"439\" height=\"505\" src=\"https:\/\/organicbeeflamb.eu\/wp-content\/uploads\/2025\/05\/elevage-de-betail-biologique-irlande.webp\" class=\"attachment-full size-full wp-image-4595\" alt=\"\u00c9levage de b\u00e9tail biologique en Irlande avec des vaches broutant dans un champ verdoyant\" srcset=\"https:\/\/organicbeeflamb.eu\/wp-content\/uploads\/2025\/05\/elevage-de-betail-biologique-irlande.webp 439w, https:\/\/organicbeeflamb.eu\/wp-content\/uploads\/2025\/05\/elevage-de-betail-biologique-irlande-261x300.webp 261w\" sizes=\"(max-width: 439px) 100vw, 439px\" \/>\t\t\t\t\t\t\t\t\t\t\t\t\t\t\t<\/div>\n\t\t\t\t<\/div>\n\t\t\t\t<\/div>\n\t\t\t\t\t<\/div>\n\t\t\t\t<\/div>\n\t\t\t\t<\/div>\n\t\t","protected":false},"excerpt":{"rendered":"<p>Agriculture familiale L&rsquo;importance de l&rsquo;agriculture biologique familiale et g\u00e9n\u00e9rationnelle en Europe et en Irlande L&rsquo;agriculture familiale et g\u00e9n\u00e9rationnelle est au c\u0153ur de la culture et du patrimoine de l&rsquo;Europe. La transmission des connaissances et des comp\u00e9tences agricoles, combin\u00e9e aux mesures strictes de la production alimentaire biologique, permet \u00e0 l&rsquo;UE d&rsquo;\u00eatre une source majeure de b\u0153uf [&hellip;]<\/p>\n","protected":false},"author":1,"featured_media":0,"parent":2019,"menu_order":0,"comment_status":"closed","ping_status":"closed","template":"","meta":{"footnotes":""},"class_list":["post-2027","page","type-page","status-publish","hentry"],"_links":{"self":[{"href":"https:\/\/organicbeeflamb.eu\/fr\/wp-json\/wp\/v2\/pages\/2027","targetHints":{"allow":["GET"]}}],"collection":[{"href":"https:\/\/organicbeeflamb.eu\/fr\/wp-json\/wp\/v2\/pages"}],"about":[{"href":"https:\/\/organicbeeflamb.eu\/fr\/wp-json\/wp\/v2\/types\/page"}],"author":[{"embeddable":true,"href":"https:\/\/organicbeeflamb.eu\/fr\/wp-json\/wp\/v2\/users\/1"}],"replies":[{"embeddable":true,"href":"https:\/\/organicbeeflamb.eu\/fr\/wp-json\/wp\/v2\/comments?post=2027"}],"version-history":[{"count":19,"href":"https:\/\/organicbeeflamb.eu\/fr\/wp-json\/wp\/v2\/pages\/2027\/revisions"}],"predecessor-version":[{"id":6885,"href":"https:\/\/organicbeeflamb.eu\/fr\/wp-json\/wp\/v2\/pages\/2027\/revisions\/6885"}],"up":[{"embeddable":true,"href":"https:\/\/organicbeeflamb.eu\/fr\/wp-json\/wp\/v2\/pages\/2019"}],"wp:attachment":[{"href":"https:\/\/organicbeeflamb.eu\/fr\/wp-json\/wp\/v2\/media?parent=2027"}],"curies":[{"name":"wp","href":"https:\/\/api.w.org\/{rel}","templated":true}]}}