{"id":2043,"date":"2024-09-08T16:37:01","date_gmt":"2024-09-08T16:37:01","guid":{"rendered":"https:\/\/organicbeeflamb.eu\/agneau-biologique\/family-farming\/"},"modified":"2025-05-30T20:43:18","modified_gmt":"2025-05-30T20:43:18","slug":"agriculture-familiale","status":"publish","type":"page","link":"https:\/\/organicbeeflamb.eu\/fr\/agneau-biologique\/agriculture-familiale\/","title":{"rendered":"Agriculture familiale"},"content":{"rendered":"\t\t<div data-elementor-type=\"wp-page\" data-elementor-id=\"2043\" class=\"elementor elementor-2043 elementor-58\" data-elementor-post-type=\"page\">\n\t\t\t\t<div class=\"elementor-element elementor-element-bbd2c04 e-flex e-con-boxed e-con e-parent\" data-id=\"bbd2c04\" data-element_type=\"container\" data-settings=\"{&quot;background_background&quot;:&quot;classic&quot;}\">\n\t\t\t\t\t<div class=\"e-con-inner\">\n\t\t\t\t<div class=\"elementor-element elementor-element-0a88fc0 elementor-widget elementor-widget-heading\" data-id=\"0a88fc0\" data-element_type=\"widget\" data-widget_type=\"heading.default\">\n\t\t\t\t<div class=\"elementor-widget-container\">\n\t\t\t\t\t<h1 class=\"elementor-heading-title elementor-size-default\">Agriculture familiale<\/h1>\t\t\t\t<\/div>\n\t\t\t\t<\/div>\n\t\t\t\t<div class=\"elementor-element elementor-element-bab4da1 elementor-widget elementor-widget-image\" data-id=\"bab4da1\" data-element_type=\"widget\" data-widget_type=\"image.default\">\n\t\t\t\t<div class=\"elementor-widget-container\">\n\t\t\t\t\t\t\t\t\t\t\t\t\t\t\t<img decoding=\"async\" width=\"146\" height=\"197\" src=\"https:\/\/organicbeeflamb.eu\/wp-content\/uploads\/2024\/09\/logo-Enjoy.svg\" class=\"attachment-full size-full wp-image-123\" alt=\"Enjoy it&#039;s from Europe\" \/>\t\t\t\t\t\t\t\t\t\t\t\t\t\t\t<\/div>\n\t\t\t\t<\/div>\n\t\t\t\t\t<\/div>\n\t\t\t\t<\/div>\n\t\t<div class=\"elementor-element elementor-element-2bd8927 elementor-hidden-mobile e-flex e-con-boxed e-con e-parent\" data-id=\"2bd8927\" data-element_type=\"container\">\n\t\t\t\t\t<div class=\"e-con-inner\">\n\t\t<div class=\"elementor-element elementor-element-aa9b113 e-con-full e-flex e-con e-child\" data-id=\"aa9b113\" data-element_type=\"container\">\n\t\t\t\t<div class=\"elementor-element elementor-element-7838ddf elementor-widget elementor-widget-heading\" data-id=\"7838ddf\" data-element_type=\"widget\" data-widget_type=\"heading.default\">\n\t\t\t\t<div class=\"elementor-widget-container\">\n\t\t\t\t\t<h2 class=\"elementor-heading-title elementor-size-default\">L'importance de l'agriculture biologique familiale et g\u00e9n\u00e9rationnelle en Europe et en Irlande<\/h2>\t\t\t\t<\/div>\n\t\t\t\t<\/div>\n\t\t\t\t<div class=\"elementor-element elementor-element-6a7dbf7 elementor-widget elementor-widget-text-editor\" data-id=\"6a7dbf7\" data-element_type=\"widget\" data-widget_type=\"text-editor.default\">\n\t\t\t\t<div class=\"elementor-widget-container\">\n\t\t\t\t\t\t\t\t\t<p><span style=\"font-weight: 400;\">L&rsquo;agriculture familiale et g\u00e9n\u00e9rationnelle est au c\u0153ur de la culture et du patrimoine de l&rsquo;Europe. La transmission des connaissances et des comp\u00e9tences agricoles, combin\u00e9e aux mesures strictes de la <strong>production alimentaire biologique,<\/strong> permet \u00e0 l&rsquo;UE d&rsquo;\u00eatre une source majeure de <strong>b\u0153uf et d&rsquo;agneau biologiques.<\/strong> En Irlande, l&rsquo;agriculture reste ancr\u00e9e dans la culture et soutient les \u00e9conomies rurales. La taille moyenne des troupeaux est de 66 bovins et de 133 ovins. En <strong>agriculture biologique<\/strong>, un faible taux de chargement est requis, ce qui fait de ce syst\u00e8me un mod\u00e8le id\u00e9al pour soutenir les petites exploitations familiales.<\/span><\/p>\t\t\t\t\t\t\t\t<\/div>\n\t\t\t\t<\/div>\n\t\t\t\t<div class=\"elementor-element elementor-element-37b6764 elementor-widget elementor-widget-heading\" data-id=\"37b6764\" data-element_type=\"widget\" data-widget_type=\"heading.default\">\n\t\t\t\t<div class=\"elementor-widget-container\">\n\t\t\t\t\t<h2 class=\"elementor-heading-title elementor-size-default\">Le r\u00f4le essentiel de l\u2019agriculture familiale dans le d\u00e9veloppement rural et la durabilit\u00e9<\/h2>\t\t\t\t<\/div>\n\t\t\t\t<\/div>\n\t\t\t\t<div class=\"elementor-element elementor-element-1c625a8 elementor-widget elementor-widget-text-editor\" data-id=\"1c625a8\" data-element_type=\"widget\" data-widget_type=\"text-editor.default\">\n\t\t\t\t<div class=\"elementor-widget-container\">\n\t\t\t\t\t\t\t\t\t<p><span style=\"font-weight: 400;\"><strong>Les fermes familiales<\/strong> rendent les \u00e9conomies rurales<\/span><b> plus comp\u00e9titives et durables, <\/b><span style=\"font-weight: 400;\">garantissent la <\/span><b>s\u00e9curit\u00e9 alimentaire,<\/b><span style=\"font-weight: 400;\"> am\u00e9liorent les moyens de subsistance et prot\u00e8gent <\/span><b>l&rsquo;environnement<\/b><span style=\"font-weight: 400;\">.<\/span><\/p><p><span style=\"font-weight: 400;\"><br \/><\/span><span style=\"font-weight: 400;\">Reconnu par les Nations Unies comme essentiel pour atteindre l&rsquo;objectif de faim z\u00e9ro, un plan\u00e8te r\u00e9siliente et un d\u00e9veloppement durable.<\/span><\/p>\t\t\t\t\t\t\t\t<\/div>\n\t\t\t\t<\/div>\n\t\t\t\t<div class=\"elementor-element elementor-element-f7d9dbb elementor-widget elementor-widget-heading\" data-id=\"f7d9dbb\" data-element_type=\"widget\" data-widget_type=\"heading.default\">\n\t\t\t\t<div class=\"elementor-widget-container\">\n\t\t\t\t\t<h2 class=\"elementor-heading-title elementor-size-default\">Les bienfaits de l\u2019agriculture biologique dans les exploitations familiales<\/h2>\t\t\t\t<\/div>\n\t\t\t\t<\/div>\n\t\t\t\t<div class=\"elementor-element elementor-element-b35266b elementor-widget elementor-widget-text-editor\" data-id=\"b35266b\" data-element_type=\"widget\" data-widget_type=\"text-editor.default\">\n\t\t\t\t<div class=\"elementor-widget-container\">\n\t\t\t\t\t\t\t\t\t<p><span style=\"font-weight: 400;\">L&rsquo;adoption de pratiques innovantes en agriculture biologique rend les fermes plus viables et attire la prochaine g\u00e9n\u00e9ration \u00e0 poursuivre la tradition de l&rsquo;agriculture familiale.<\/span><\/p>\t\t\t\t\t\t\t\t<\/div>\n\t\t\t\t<\/div>\n\t\t\t\t<\/div>\n\t\t<div class=\"elementor-element elementor-element-9117a78 e-con-full e-flex e-con e-child\" data-id=\"9117a78\" data-element_type=\"container\">\n\t\t\t\t<div class=\"elementor-element elementor-element-07db527 animated-slow elementor-invisible elementor-widget elementor-widget-image\" data-id=\"07db527\" data-element_type=\"widget\" data-settings=\"{&quot;_animation&quot;:&quot;slideInRight&quot;}\" data-widget_type=\"image.default\">\n\t\t\t\t<div class=\"elementor-widget-container\">\n\t\t\t\t\t\t\t\t\t\t\t\t\t\t\t<img fetchpriority=\"high\" decoding=\"async\" width=\"652\" height=\"752\" src=\"https:\/\/organicbeeflamb.eu\/wp-content\/uploads\/2025\/05\/agriculture-familiale-irlande.webp\" class=\"attachment-full size-full wp-image-4590\" alt=\"Agriculture familiale en Irlande, la famille marche \u00e0 travers des champs verts\" srcset=\"https:\/\/organicbeeflamb.eu\/wp-content\/uploads\/2025\/05\/agriculture-familiale-irlande.webp 652w, https:\/\/organicbeeflamb.eu\/wp-content\/uploads\/2025\/05\/agriculture-familiale-irlande-260x300.webp 260w\" sizes=\"(max-width: 652px) 100vw, 652px\" \/>\t\t\t\t\t\t\t\t\t\t\t\t\t\t\t<\/div>\n\t\t\t\t<\/div>\n\t\t\t\t<div class=\"elementor-element elementor-element-3900af5 animated-slow elementor-invisible elementor-widget elementor-widget-image\" data-id=\"3900af5\" data-element_type=\"widget\" data-settings=\"{&quot;_animation&quot;:&quot;slideInUp&quot;}\" data-widget_type=\"image.default\">\n\t\t\t\t<div class=\"elementor-widget-container\">\n\t\t\t\t\t\t\t\t\t\t\t\t\t\t\t<img decoding=\"async\" width=\"769\" height=\"885\" src=\"https:\/\/organicbeeflamb.eu\/wp-content\/uploads\/2025\/05\/agneau-bio-mouton-irlandais-2.webp\" class=\"attachment-full size-full wp-image-4737\" alt=\"Agneau biologique : Gros plan d\u2019un mouton irlandais paissant sur des prairies biologiques\" srcset=\"https:\/\/organicbeeflamb.eu\/wp-content\/uploads\/2025\/05\/agneau-bio-mouton-irlandais-2.webp 769w, https:\/\/organicbeeflamb.eu\/wp-content\/uploads\/2025\/05\/agneau-bio-mouton-irlandais-2-261x300.webp 261w\" sizes=\"(max-width: 769px) 100vw, 769px\" \/>\t\t\t\t\t\t\t\t\t\t\t\t\t\t\t<\/div>\n\t\t\t\t<\/div>\n\t\t\t\t<\/div>\n\t\t\t\t\t<\/div>\n\t\t\t\t<\/div>\n\t\t<div class=\"elementor-element elementor-element-e34f530 elementor-hidden-desktop elementor-hidden-tablet e-flex e-con-boxed e-con e-parent\" data-id=\"e34f530\" data-element_type=\"container\">\n\t\t\t\t\t<div class=\"e-con-inner\">\n\t\t<div class=\"elementor-element elementor-element-fef4680 e-con-full e-flex e-con e-child\" data-id=\"fef4680\" data-element_type=\"container\">\n\t\t\t\t<div class=\"elementor-element elementor-element-9037871 elementor-widget elementor-widget-heading\" data-id=\"9037871\" data-element_type=\"widget\" data-widget_type=\"heading.default\">\n\t\t\t\t<div class=\"elementor-widget-container\">\n\t\t\t\t\t<h2 class=\"elementor-heading-title elementor-size-default\">L'importance de l'agriculture familiale g\u00e9n\u00e9rationnelle en Europe et en Irlande<\/h2>\t\t\t\t<\/div>\n\t\t\t\t<\/div>\n\t\t\t\t<div class=\"elementor-element elementor-element-6e7ef60 elementor-widget elementor-widget-text-editor\" data-id=\"6e7ef60\" data-element_type=\"widget\" data-widget_type=\"text-editor.default\">\n\t\t\t\t<div class=\"elementor-widget-container\">\n\t\t\t\t\t\t\t\t\t<p>L\u2019agriculture familiale et g\u00e9n\u00e9rationnelle est au c\u0153ur de la culture et du patrimoine de l\u2019Europe. La transmission des connaissances et des comp\u00e9tences agricoles, combin\u00e9e aux mesures strictes de la production alimentaire biologique, permet \u00e0 l\u2019UE d\u2019\u00eatre une source majeure de b\u0153uf et d\u2019agneau biologiques. En Irlande, l\u2019agriculture reste ancr\u00e9e dans la culture et soutient les \u00e9conomies rurales. La taille moyenne des troupeaux est de 66 bovins et de 133 ovins. En agriculture biologique, un faible taux de chargement est requis, ce qui fait de ce syst\u00e8me un mod\u00e8le id\u00e9al pour soutenir les petites exploitations familiales.<\/p>\t\t\t\t\t\t\t\t<\/div>\n\t\t\t\t<\/div>\n\t\t\t\t<div class=\"elementor-element elementor-element-7207051 animated-slow elementor-hidden-desktop elementor-hidden-tablet elementor-invisible elementor-widget elementor-widget-image\" data-id=\"7207051\" data-element_type=\"widget\" data-settings=\"{&quot;_animation&quot;:&quot;slideInRight&quot;}\" data-widget_type=\"image.default\">\n\t\t\t\t<div class=\"elementor-widget-container\">\n\t\t\t\t\t\t\t\t\t\t\t\t\t\t\t<img fetchpriority=\"high\" decoding=\"async\" width=\"652\" height=\"752\" src=\"https:\/\/organicbeeflamb.eu\/wp-content\/uploads\/2025\/05\/agriculture-familiale-irlande.webp\" class=\"attachment-full size-full wp-image-4590\" alt=\"Agriculture familiale en Irlande, la famille marche \u00e0 travers des champs verts\" srcset=\"https:\/\/organicbeeflamb.eu\/wp-content\/uploads\/2025\/05\/agriculture-familiale-irlande.webp 652w, https:\/\/organicbeeflamb.eu\/wp-content\/uploads\/2025\/05\/agriculture-familiale-irlande-260x300.webp 260w\" sizes=\"(max-width: 652px) 100vw, 652px\" \/>\t\t\t\t\t\t\t\t\t\t\t\t\t\t\t<\/div>\n\t\t\t\t<\/div>\n\t\t\t\t<div class=\"elementor-element elementor-element-5496769 animated-slow elementor-hidden-desktop elementor-hidden-tablet elementor-invisible elementor-widget elementor-widget-image\" data-id=\"5496769\" data-element_type=\"widget\" data-settings=\"{&quot;_animation&quot;:&quot;slideInUp&quot;}\" data-widget_type=\"image.default\">\n\t\t\t\t<div class=\"elementor-widget-container\">\n\t\t\t\t\t\t\t\t\t\t\t\t\t\t\t<img decoding=\"async\" width=\"769\" height=\"885\" src=\"https:\/\/organicbeeflamb.eu\/wp-content\/uploads\/2025\/05\/agneau-bio-mouton-irlandais-2.webp\" class=\"attachment-full size-full wp-image-4737\" alt=\"Agneau biologique : Gros plan d\u2019un mouton irlandais paissant sur des prairies biologiques\" srcset=\"https:\/\/organicbeeflamb.eu\/wp-content\/uploads\/2025\/05\/agneau-bio-mouton-irlandais-2.webp 769w, https:\/\/organicbeeflamb.eu\/wp-content\/uploads\/2025\/05\/agneau-bio-mouton-irlandais-2-261x300.webp 261w\" sizes=\"(max-width: 769px) 100vw, 769px\" \/>\t\t\t\t\t\t\t\t\t\t\t\t\t\t\t<\/div>\n\t\t\t\t<\/div>\n\t\t\t\t<div class=\"elementor-element elementor-element-f5e9dba elementor-widget elementor-widget-heading\" data-id=\"f5e9dba\" data-element_type=\"widget\" data-widget_type=\"heading.default\">\n\t\t\t\t<div class=\"elementor-widget-container\">\n\t\t\t\t\t<h2 class=\"elementor-heading-title elementor-size-default\">R\u00f4le cl\u00e9 dans le d\u00e9veloppement rural<\/h2>\t\t\t\t<\/div>\n\t\t\t\t<\/div>\n\t\t\t\t<div class=\"elementor-element elementor-element-19acdb7 elementor-widget elementor-widget-text-editor\" data-id=\"19acdb7\" data-element_type=\"widget\" data-widget_type=\"text-editor.default\">\n\t\t\t\t<div class=\"elementor-widget-container\">\n\t\t\t\t\t\t\t\t\t<p>Les fermes familiales rendent les \u00e9conomies rurales<b>\u00a0plus comp\u00e9titives et durables,\u00a0<\/b>garantissent la\u00a0<b>s\u00e9curit\u00e9 alimentaire,<\/b>\u00a0am\u00e9liorent les moyens de subsistance et prot\u00e8gent\u00a0<b>l\u2019environnement<\/b>.<\/p><p><br \/>Reconnu par les Nations Unies comme essentiel pour atteindre l\u2019objectif de faim z\u00e9ro, un plan\u00e8te r\u00e9siliente et un d\u00e9veloppement durable.<\/p>\t\t\t\t\t\t\t\t<\/div>\n\t\t\t\t<\/div>\n\t\t\t\t<div class=\"elementor-element elementor-element-89678cc elementor-widget elementor-widget-heading\" data-id=\"89678cc\" data-element_type=\"widget\" data-widget_type=\"heading.default\">\n\t\t\t\t<div class=\"elementor-widget-container\">\n\t\t\t\t\t<h2 class=\"elementor-heading-title elementor-size-default\">Les bienfaits de l\u2019agriculture biologique dans les exploitations familiales<\/h2>\t\t\t\t<\/div>\n\t\t\t\t<\/div>\n\t\t\t\t<div class=\"elementor-element elementor-element-5a260d9 elementor-widget elementor-widget-text-editor\" data-id=\"5a260d9\" data-element_type=\"widget\" data-widget_type=\"text-editor.default\">\n\t\t\t\t<div class=\"elementor-widget-container\">\n\t\t\t\t\t\t\t\t\t<p>L\u2019adoption de pratiques innovantes <span style=\"font-weight: 400;\">en agriculture biologique <\/span>rend les fermes plus viables et attire la prochaine g\u00e9n\u00e9ration \u00e0 poursuivre la tradition de l\u2019agriculture familiale.<\/p>\t\t\t\t\t\t\t\t<\/div>\n\t\t\t\t<\/div>\n\t\t\t\t<\/div>\n\t\t\t\t\t<\/div>\n\t\t\t\t<\/div>\n\t\t\t\t<\/div>\n\t\t","protected":false},"excerpt":{"rendered":"<p>Agriculture familiale L&rsquo;importance de l&rsquo;agriculture biologique familiale et g\u00e9n\u00e9rationnelle en Europe et en Irlande L&rsquo;agriculture familiale et g\u00e9n\u00e9rationnelle est au c\u0153ur de la culture et du patrimoine de l&rsquo;Europe. La transmission des connaissances et des comp\u00e9tences agricoles, combin\u00e9e aux mesures strictes de la production alimentaire biologique, permet \u00e0 l&rsquo;UE d&rsquo;\u00eatre une source majeure de b\u0153uf [&hellip;]<\/p>\n","protected":false},"author":1,"featured_media":0,"parent":2035,"menu_order":0,"comment_status":"closed","ping_status":"closed","template":"","meta":{"footnotes":""},"class_list":["post-2043","page","type-page","status-publish","hentry"],"_links":{"self":[{"href":"https:\/\/organicbeeflamb.eu\/fr\/wp-json\/wp\/v2\/pages\/2043","targetHints":{"allow":["GET"]}}],"collection":[{"href":"https:\/\/organicbeeflamb.eu\/fr\/wp-json\/wp\/v2\/pages"}],"about":[{"href":"https:\/\/organicbeeflamb.eu\/fr\/wp-json\/wp\/v2\/types\/page"}],"author":[{"embeddable":true,"href":"https:\/\/organicbeeflamb.eu\/fr\/wp-json\/wp\/v2\/users\/1"}],"replies":[{"embeddable":true,"href":"https:\/\/organicbeeflamb.eu\/fr\/wp-json\/wp\/v2\/comments?post=2043"}],"version-history":[{"count":23,"href":"https:\/\/organicbeeflamb.eu\/fr\/wp-json\/wp\/v2\/pages\/2043\/revisions"}],"predecessor-version":[{"id":6879,"href":"https:\/\/organicbeeflamb.eu\/fr\/wp-json\/wp\/v2\/pages\/2043\/revisions\/6879"}],"up":[{"embeddable":true,"href":"https:\/\/organicbeeflamb.eu\/fr\/wp-json\/wp\/v2\/pages\/2035"}],"wp:attachment":[{"href":"https:\/\/organicbeeflamb.eu\/fr\/wp-json\/wp\/v2\/media?parent=2043"}],"curies":[{"name":"wp","href":"https:\/\/api.w.org\/{rel}","templated":true}]}}