{"id":2076,"date":"2024-09-08T16:38:23","date_gmt":"2024-09-08T16:38:23","guid":{"rendered":"https:\/\/organicbeeflamb.eu\/pourquoi-le-bio\/animal-welfare\/"},"modified":"2025-06-01T20:32:25","modified_gmt":"2025-06-01T20:32:25","slug":"bien-etre-animal","status":"publish","type":"page","link":"https:\/\/organicbeeflamb.eu\/fr\/pourquoi-le-bio\/bien-etre-animal\/","title":{"rendered":"Bien-\u00eatre animal"},"content":{"rendered":"\t\t<div data-elementor-type=\"wp-page\" data-elementor-id=\"2076\" class=\"elementor elementor-2076 elementor-66\" data-elementor-post-type=\"page\">\n\t\t\t\t<div class=\"elementor-element elementor-element-e02774d e-flex e-con-boxed e-con e-parent\" data-id=\"e02774d\" data-element_type=\"container\" data-settings=\"{&quot;background_background&quot;:&quot;classic&quot;}\">\n\t\t\t\t\t<div class=\"e-con-inner\">\n\t\t\t\t<div class=\"elementor-element elementor-element-b824463 elementor-widget elementor-widget-heading\" data-id=\"b824463\" data-element_type=\"widget\" data-widget_type=\"heading.default\">\n\t\t\t\t<div class=\"elementor-widget-container\">\n\t\t\t\t\t<h1 class=\"elementor-heading-title elementor-size-default\">Bien-\u00eatre animal en agriculture biologique<\/h1>\t\t\t\t<\/div>\n\t\t\t\t<\/div>\n\t\t\t\t<div class=\"elementor-element elementor-element-920d339 elementor-widget elementor-widget-image\" data-id=\"920d339\" data-element_type=\"widget\" data-widget_type=\"image.default\">\n\t\t\t\t<div class=\"elementor-widget-container\">\n\t\t\t\t\t\t\t\t\t\t\t\t\t\t\t<img decoding=\"async\" width=\"146\" height=\"197\" src=\"https:\/\/organicbeeflamb.eu\/wp-content\/uploads\/2024\/09\/logo-Enjoy.svg\" class=\"attachment-full size-full wp-image-123\" alt=\"Enjoy it&#039;s from Europe\" \/>\t\t\t\t\t\t\t\t\t\t\t\t\t\t\t<\/div>\n\t\t\t\t<\/div>\n\t\t\t\t\t<\/div>\n\t\t\t\t<\/div>\n\t\t<div class=\"elementor-element elementor-element-8840f53 e-flex e-con-boxed e-con e-parent\" data-id=\"8840f53\" data-element_type=\"container\">\n\t\t\t\t\t<div class=\"e-con-inner\">\n\t\t<div class=\"elementor-element elementor-element-b434a92 e-con-full e-flex e-con e-child\" data-id=\"b434a92\" data-element_type=\"container\">\n\t\t\t\t<div class=\"elementor-element elementor-element-677fbf9 elementor-widget elementor-widget-text-editor\" data-id=\"677fbf9\" data-element_type=\"widget\" data-widget_type=\"text-editor.default\">\n\t\t\t\t<div class=\"elementor-widget-container\">\n\t\t\t\t\t\t\t\t\t<p><span style=\"font-weight: 400;\">Le bien-\u00eatre animal est une pierre angulaire de l&rsquo;agriculture biologique, garantissant que les animaux sont \u00e9lev\u00e9s dans des conditions qui respectent leurs comportements naturels et leurs besoins en mati\u00e8re de sant\u00e9.<\/span><\/p>\t\t\t\t\t\t\t\t<\/div>\n\t\t\t\t<\/div>\n\t\t\t\t<div class=\"elementor-element elementor-element-c4b85d7 elementor-widget elementor-widget-heading\" data-id=\"c4b85d7\" data-element_type=\"widget\" data-widget_type=\"heading.default\">\n\t\t\t\t<div class=\"elementor-widget-container\">\n\t\t\t\t\t<h2 class=\"elementor-heading-title elementor-size-default\">Normes \u00e9lev\u00e9es de <br> bien-\u00eatre animal en<br>agriculture biologique<\/h2>\t\t\t\t<\/div>\n\t\t\t\t<\/div>\n\t\t\t\t<\/div>\n\t\t<div class=\"elementor-element elementor-element-d53df0e e-con-full elementor-hidden-mobile e-flex e-con e-child\" data-id=\"d53df0e\" data-element_type=\"container\">\n\t\t\t\t<\/div>\n\t\t\t\t\t<\/div>\n\t\t\t\t<\/div>\n\t\t<div class=\"elementor-element elementor-element-15ddc1c e-flex e-con-boxed e-con e-parent\" data-id=\"15ddc1c\" data-element_type=\"container\">\n\t\t\t\t\t<div class=\"e-con-inner\">\n\t\t\t\t<div class=\"elementor-element elementor-element-fa3dce3 elementor-widget elementor-widget-shortcode\" data-id=\"fa3dce3\" data-element_type=\"widget\" data-widget_type=\"shortcode.default\">\n\t\t\t\t<div class=\"elementor-widget-container\">\n\t\t\t\t\t\t\t<div class=\"elementor-shortcode\"><div id=\"acordeon-container-69f313bb20624\" class=\"acordeon-container acordeon-layout-2\"><div class=\"acordeon-items\">\n\n<div class=\"acordeon-item\"><button id=\"tab-acordeon-69f313bb206be\" class=\"acordeon-trigger\" aria-expanded=\"false\" aria-controls=\"panel-acordeon-69f313bb206be\"><span class=\"titulo\">R\u00e9gime naturel et biologique<\/span><span class=\"icon\" aria-hidden=\"true\">+<\/span><\/button><div id=\"panel-acordeon-69f313bb206be\" class=\"acordeon-panel\" role=\"region\" aria-labelledby=\"tab-acordeon-69f313bb206be\" hidden><div class=\"acordeon-content\">Les animaux biologiques sont nourris avec un r\u00e9gime naturel et biologique, exempt d\u2019ingr\u00e9dients g\u00e9n\u00e9tiquement modifi\u00e9s.\n\n\n<\/div><\/div><\/div>\n<div class=\"acordeon-item\"><button id=\"tab-acordeon-69f313bb206ef\" class=\"acordeon-trigger\" aria-expanded=\"false\" aria-controls=\"panel-acordeon-69f313bb206ef\"><span class=\"titulo\">Lumi\u00e8re et espace suffisants<\/span><span class=\"icon\" aria-hidden=\"true\">+<\/span><\/button><div id=\"panel-acordeon-69f313bb206ef\" class=\"acordeon-panel\" role=\"region\" aria-labelledby=\"tab-acordeon-69f313bb206ef\" hidden><div class=\"acordeon-content\">Les animaux disposent d\u2019une lumi\u00e8re, d\u2019un espace et d\u2019un confort ad\u00e9quats pour se d\u00e9placer librement et exprimer leurs comportements naturels.\n\n\n<\/div><\/div><\/div>\n<div class=\"acordeon-item\"><button id=\"tab-acordeon-69f313bb20708\" class=\"acordeon-trigger\" aria-expanded=\"false\" aria-controls=\"panel-acordeon-69f313bb20708\"><span class=\"titulo\">Air frais et p\u00e2turage<\/span><span class=\"icon\" aria-hidden=\"true\">+<\/span><\/button><div id=\"panel-acordeon-69f313bb20708\" class=\"acordeon-panel\" role=\"region\" aria-labelledby=\"tab-acordeon-69f313bb20708\" hidden><div class=\"acordeon-content\">Les animaux biologiques ont un acc\u00e8s ample \u00e0 de l\u2019air frais et \u00e0 des espaces pour pa\u00eetre et errer, satisfaisant ainsi leurs instincts naturels.\n\n\n<\/div><\/div><\/div>\n<div class=\"acordeon-item\"><button id=\"tab-acordeon-69f313bb2071d\" class=\"acordeon-trigger\" aria-expanded=\"false\" aria-controls=\"panel-acordeon-69f313bb2071d\"><span class=\"titulo\">Acc\u00e8s permanent aux p\u00e2turages<\/span><span class=\"icon\" aria-hidden=\"true\">+<\/span><\/button><div id=\"panel-acordeon-69f313bb2071d\" class=\"acordeon-panel\" role=\"region\" aria-labelledby=\"tab-acordeon-69f313bb2071d\" hidden><div class=\"acordeon-content\">Les animaux doivent avoir acc\u00e8s aux p\u00e2turages lorsque les conditions m\u00e9t\u00e9orologiques et du sol le permettent, soutenant leur bien-\u00eatre et leurs comportements naturels tels que le p\u00e2turage, le fouissage, les bains de poussi\u00e8re et le perchoir.\n\n\n<\/div><\/div><\/div>\n<div class=\"acordeon-item\"><button id=\"tab-acordeon-69f313bb20732\" class=\"acordeon-trigger\" aria-expanded=\"false\" aria-controls=\"panel-acordeon-69f313bb20732\"><span class=\"titulo\">R\u00e9duction du stress<\/span><span class=\"icon\" aria-hidden=\"true\">+<\/span><\/button><div id=\"panel-acordeon-69f313bb20732\" class=\"acordeon-panel\" role=\"region\" aria-labelledby=\"tab-acordeon-69f313bb20732\" hidden><div class=\"acordeon-content\">Les agriculteurs biologiques r\u00e9duisent le stress et les maladies chez les animaux en leur offrant beaucoup d\u2019espace et en leur permettant de se comporter naturellement dans un environnement appropri\u00e9, ce qui \u00e9limine le besoin d\u2019antibiotiques pr\u00e9ventifs.\n\n\n<\/div><\/div><\/div>\n<div class=\"acordeon-item\"><button id=\"tab-acordeon-69f313bb20745\" class=\"acordeon-trigger\" aria-expanded=\"false\" aria-controls=\"panel-acordeon-69f313bb20745\"><span class=\"titulo\">Pas d&#039;antibiotiques de routine<\/span><span class=\"icon\" aria-hidden=\"true\">+<\/span><\/button><div id=\"panel-acordeon-69f313bb20745\" class=\"acordeon-panel\" role=\"region\" aria-labelledby=\"tab-acordeon-69f313bb20745\" hidden><div class=\"acordeon-content\">L\u2019utilisation routini\u00e8re d\u2019antibiotiques est interdite. Les animaux ne re\u00e7oivent des m\u00e9dicaments que lorsque cela est n\u00e9cessaire, minimisant ainsi le stress et pr\u00e9venant la r\u00e9sistance aux antimicrobiens.\n\n\n<\/div><\/div><\/div>\n<\/div><\/div><script>\n        document.addEventListener(\"DOMContentLoaded\", function() {\n            const acordeon = document.getElementById(\"acordeon-container-69f313bb20624\");\n            const triggers = acordeon.querySelectorAll(\".acordeon-trigger\");\n            \n            triggers.forEach(trigger => {\n                trigger.addEventListener(\"click\", function() {\n                    const expanded = this.getAttribute(\"aria-expanded\") === \"true\";\n                    \n                    \/\/ Cerrar todos los paneles\n                    triggers.forEach(t => {\n                        t.setAttribute(\"aria-expanded\", \"false\");\n                        const panel = document.getElementById(t.getAttribute(\"aria-controls\"));\n                        panel.hidden = true;\n\t\t\t\t\t\tt.querySelector(\".icon\").textContent = \"+\";\n                    });\n                    \n                    \/\/ Si no estaba expandido, abrir este panel\n                    if (!expanded) {\n                        this.setAttribute(\"aria-expanded\", \"true\");\n                        const panel = document.getElementById(this.getAttribute(\"aria-controls\"));\n                        panel.hidden = false;\n\t\t\t\t\t\tthis.querySelector(\".icon\").textContent = \"-\";\n                    }\n                });\n            });\n        });\n    <\/script><style>\n        .acordeon-container {\n            margin: 1em 0;\n            width: 100%;\n\t\t\tpadding: 0;\n        }\n        \n        .acordeon-titulo {\n            margin-bottom: 1em;\n        }\n        \n        .acordeon-items {\n            display: flex;\n            flex-wrap: wrap;\n            gap: 1.5em;\n        }\n        .acordeon-content {\n\t\t\tfont-size: 20px;\n\t\t}\n\t\t\n        \/* Layout 1: Dos columnas y uno centrado abajo *\/\n        .acordeon-layout-1 .acordeon-item:nth-child(1),\n        .acordeon-layout-1 .acordeon-item:nth-child(2) {\n            width: calc(50% - 0.75em);\n        }\n        \n        .acordeon-layout-1 .acordeon-item:nth-child(3) {\n\t\t\twidth: 49%;\n\t\t\tmargin: auto;\n\t\t}\n        \n        \/* Layout 2: Dos columnas *\/\n        .acordeon-layout-2 .acordeon-item {\n            width: calc(50% - 0.75em);\n        }\n        \n        \/* Layout 3: Una columna *\/\n        .acordeon-layout-3 .acordeon-item {\n            width: 100%;\n        }\n        \n        .acordeon-trigger {\n            display: flex;\n            justify-content: space-between;\n            align-items: center;\n            width: 100%;\n            padding: 35px 60px 35px 60px !important;\n            background-color: #FFF !important;\n            border: 1px solid #345B60 !important;\n            border-radius: 0px !important;\n            text-align: left !important;\n            cursor: pointer;\n            transition: background-color 0.3s !important;\n\t\t\tcolor: #595959 !important;\n\t\t\tfont-size: 24px !important;\n\t\t\tfont-weight: 700 !important;\n\t\t\tfont-family: \"BordBiaSans-Regular\" !important;\n\t\t}\n        \n        .acordeon-trigger:hover,\n        .acordeon-trigger:focus {\n            color: #2A8436 !important;\n\t\t\tbackground-color: #FFFFFF;\n        }\n        \n        .acordeon-trigger[aria-expanded=\"true\"] {\n            color: #2A8436 !important;\n\t\t\tbackground-color: #FFFFFF;\n        }\n        \n        .acordeon-trigger .icon {\n\t\t\tdisplay: flex;\n\t\t\tjustify-content: center;\n\t\t\talign-items: center;\n\t\t\twidth: 20px;\n\t\t\theight: 20px;\n\t\t\tfont-size: 35px;\n\t\t\tfont-weight: bold;\n\t\t\tline-height: 1;\n\t\t}\n\t\t\n\t\t\/* Soluci\u00f3n para t\u00edtulos largos *\/\n\t\t.acordeon-trigger .titulo {\n\t\t\tdisplay: block;\n\t\t\t\/* max-width: calc(100% - 70px); Mucho m\u00e1s espacio para el icono *\/\n\t\t\tword-wrap: break-word;\n\t\t\twhite-space: normal;\n\t\t\tflex: 1;\n\t\t\tpadding-right: 30px;\n\t\t}\n\t\t\n\t\t\/* Posicionamiento del icono para evitar cualquier superposici\u00f3n *\/\n\t\t.acordeon-trigger {\n\t\t\tposition: relative;\n\t\t}\n\t\t\n\t\t.acordeon-trigger .icon {\n\t\t\tposition: absolute;\n\t\t\tright: 70px;\n\t\t\ttop: 50%;\n\t\t\ttransform: translateY(-50%);\n\t\t}\n        \n        .acordeon-panel {\n            padding: 15px 60px;\n            background-color: #fff;\n            border: 1px solid #345B60;\n            border-top: none;\n        }\n\t\t@media (max-width:798px)\n\t\t{\n\t\t.acordeon-items {\n\t\t\tdisplay: flex;\n\t\t\tflex-wrap: nowrap;\n\t\t\tgap: 1.5em;\n\t\t\tflex-direction: column;\n\t\t}\n\t\t.acordeon-layout-1 .acordeon-item:nth-child(1), .acordeon-layout-1 .acordeon-item:nth-child(2), .acordeon-layout-1 .acordeon-item:nth-child(3), .acordeon-layout-2 .acordeon-item {\n\t\t\twidth: 100%;\n\t\t}\n\t\t.acordeon-trigger {\n\t\t\twidth: 100%;\n\t\t\tpadding: 20px 20px 20px 20px !important;\n\t\t\tfont-size: 24px !important;\n\t\t}\n\t\t.acordeon-trigger .icon {\n\t\t\tposition: absolute;\n\t\t\tright: 14px;\n\t\t\ttop: 50%;\n\t\t\ttransform: translateY(-50%);\n\t\t}\n\t\t}\n    <\/style><\/div>\n\t\t\t\t\t\t<\/div>\n\t\t\t\t<\/div>\n\t\t\t\t\t<\/div>\n\t\t\t\t<\/div>\n\t\t<div class=\"elementor-element elementor-element-a8189bb e-flex e-con-boxed e-con e-parent\" data-id=\"a8189bb\" data-element_type=\"container\">\n\t\t\t\t\t<div class=\"e-con-inner\">\n\t\t<div class=\"elementor-element elementor-element-e3399a2 e-con-full e-flex e-con e-child\" data-id=\"e3399a2\" data-element_type=\"container\">\n\t\t\t\t<div class=\"elementor-element elementor-element-b32274f elementor-widget elementor-widget-heading\" data-id=\"b32274f\" data-element_type=\"widget\" data-widget_type=\"heading.default\">\n\t\t\t\t<div class=\"elementor-widget-container\">\n\t\t\t\t\t<h3 class=\"elementor-heading-title elementor-size-default\">Principes cl\u00e9s du bien-\u00eatre animal :<\/h3>\t\t\t\t<\/div>\n\t\t\t\t<\/div>\n\t\t\t\t<div class=\"elementor-element elementor-element-b7024c7 elementor-widget elementor-widget-text-editor\" data-id=\"b7024c7\" data-element_type=\"widget\" data-widget_type=\"text-editor.default\">\n\t\t\t\t<div class=\"elementor-widget-container\">\n\t\t\t\t\t\t\t\t\t<ul><li><b>Personnel qualifi\u00e9<\/b><span style=\"font-weight: 400;\"> : le personnel doit comprendre les besoins en mati\u00e8re de sant\u00e9 et de bien-\u00eatre des animaux.<\/span><\/li><li><b>Interdiction de l&rsquo;attache<\/b><span style=\"font-weight: 400;\"> : sauf pour de courtes p\u00e9riodes pour des raisons de bien-\u00eatre, de s\u00e9curit\u00e9 ou v\u00e9t\u00e9rinaires.<\/span><\/li><li><b>Pas d&rsquo;hormones<\/b><span style=\"font-weight: 400;\"> : les hormones et substances similaires ne sont pas autoris\u00e9es, sauf pour des raisons v\u00e9t\u00e9rinaires.<\/span><\/li><li style=\"list-style-type: none;\">\u00a0<\/li><\/ul>\t\t\t\t\t\t\t\t<\/div>\n\t\t\t\t<\/div>\n\t\t\t\t<div class=\"elementor-element elementor-element-2e8e642 animated-slow elementor-hidden-desktop elementor-hidden-tablet elementor-invisible elementor-widget elementor-widget-image\" data-id=\"2e8e642\" data-element_type=\"widget\" data-settings=\"{&quot;_animation&quot;:&quot;slideInRight&quot;}\" data-widget_type=\"image.default\">\n\t\t\t\t<div class=\"elementor-widget-container\">\n\t\t\t\t\t\t\t\t\t\t\t\t\t\t\t<img fetchpriority=\"high\" decoding=\"async\" width=\"652\" height=\"575\" src=\"https:\/\/organicbeeflamb.eu\/wp-content\/uploads\/2025\/05\/agneau-bio-mouton-irlandais-3.webp\" class=\"attachment-full size-full wp-image-5184\" alt=\"Agneau biologique\" srcset=\"https:\/\/organicbeeflamb.eu\/wp-content\/uploads\/2025\/05\/agneau-bio-mouton-irlandais-3.webp 652w, https:\/\/organicbeeflamb.eu\/wp-content\/uploads\/2025\/05\/agneau-bio-mouton-irlandais-3-300x265.webp 300w\" sizes=\"(max-width: 652px) 100vw, 652px\" \/>\t\t\t\t\t\t\t\t\t\t\t\t\t\t\t<\/div>\n\t\t\t\t<\/div>\n\t\t\t\t<div class=\"elementor-element elementor-element-b9853c0 elementor-widget elementor-widget-heading\" data-id=\"b9853c0\" data-element_type=\"widget\" data-widget_type=\"heading.default\">\n\t\t\t\t<div class=\"elementor-widget-container\">\n\t\t\t\t\t<h3 class=\"elementor-heading-title elementor-size-default\">L\u2019\u00e9levage biologique met l\u2019accent sur des normes \u00e9lev\u00e9es de bien-\u00eatre animal<\/h3>\t\t\t\t<\/div>\n\t\t\t\t<\/div>\n\t\t\t\t<div class=\"elementor-element elementor-element-a99033a elementor-widget elementor-widget-text-editor\" data-id=\"a99033a\" data-element_type=\"widget\" data-widget_type=\"text-editor.default\">\n\t\t\t\t<div class=\"elementor-widget-container\">\n\t\t\t\t\t\t\t\t\t<ul><li><b>Mesures pr\u00e9ventives de sant\u00e9<\/b><span style=\"font-weight: 400;\"> : en utilisant des races, des aliments et des techniques d&rsquo;\u00e9levage appropri\u00e9s.<\/span><\/li><li><b>Syst\u00e8mes de logement ouverts<\/b><span style=\"font-weight: 400;\"> : conditions en plein air et production bas\u00e9e sur la terre.<\/span><\/li><li><b>Normes \u00e9lev\u00e9es de bien-\u00eatre<\/b><span style=\"font-weight: 400;\"> : la motivation des consommateurs pour l&rsquo;achat de produits biologiques inclut souvent les avantages per\u00e7us du bien-\u00eatre animal.<\/span><\/li><\/ul>\t\t\t\t\t\t\t\t<\/div>\n\t\t\t\t<\/div>\n\t\t\t\t<\/div>\n\t\t<div class=\"elementor-element elementor-element-0c078f0 e-con-full elementor-hidden-mobile e-flex e-con e-child\" data-id=\"0c078f0\" data-element_type=\"container\">\n\t\t\t\t<div class=\"elementor-element elementor-element-2245693 animated-slow elementor-invisible elementor-widget elementor-widget-image\" data-id=\"2245693\" data-element_type=\"widget\" data-settings=\"{&quot;_animation&quot;:&quot;slideInRight&quot;}\" data-widget_type=\"image.default\">\n\t\t\t\t<div class=\"elementor-widget-container\">\n\t\t\t\t\t\t\t\t\t\t\t\t\t\t\t<img fetchpriority=\"high\" decoding=\"async\" width=\"652\" height=\"575\" src=\"https:\/\/organicbeeflamb.eu\/wp-content\/uploads\/2025\/05\/agneau-bio-mouton-irlandais-3.webp\" class=\"attachment-full size-full wp-image-5184\" alt=\"Agneau biologique\" srcset=\"https:\/\/organicbeeflamb.eu\/wp-content\/uploads\/2025\/05\/agneau-bio-mouton-irlandais-3.webp 652w, https:\/\/organicbeeflamb.eu\/wp-content\/uploads\/2025\/05\/agneau-bio-mouton-irlandais-3-300x265.webp 300w\" sizes=\"(max-width: 652px) 100vw, 652px\" \/>\t\t\t\t\t\t\t\t\t\t\t\t\t\t\t<\/div>\n\t\t\t\t<\/div>\n\t\t\t\t<\/div>\n\t\t\t\t\t<\/div>\n\t\t\t\t<\/div>\n\t\t<div class=\"elementor-element elementor-element-e1b2104 e-flex e-con-boxed e-con e-parent\" data-id=\"e1b2104\" data-element_type=\"container\">\n\t\t\t\t\t<div class=\"e-con-inner\">\n\t\t<div class=\"elementor-element elementor-element-2803151 e-con-full e-flex e-con e-child\" data-id=\"2803151\" data-element_type=\"container\">\n\t\t\t\t<div class=\"elementor-element elementor-element-a43474d elementor-widget elementor-widget-heading\" data-id=\"a43474d\" data-element_type=\"widget\" data-widget_type=\"heading.default\">\n\t\t\t\t<div class=\"elementor-widget-container\">\n\t\t\t\t\t<h2 class=\"elementor-heading-title elementor-size-default\">En savoir plus sur<\/h2>\t\t\t\t<\/div>\n\t\t\t\t<\/div>\n\t\t\t\t<\/div>\n\t\t<div class=\"elementor-element elementor-element-92b6183 e-con-full e-flex e-con e-child\" data-id=\"92b6183\" data-element_type=\"container\">\n\t\t\t\t<div class=\"elementor-element elementor-element-0fb33b5 elementor-widget elementor-widget-shortcode\" data-id=\"0fb33b5\" data-element_type=\"widget\" data-widget_type=\"shortcode.default\">\n\t\t\t\t<div class=\"elementor-widget-container\">\n\t\t\t\t\t\t\t<div class=\"elementor-shortcode\">        <section id=\"miCarrusel\" class=\"carousel\" aria-roledescription=\"carousel\" aria-label=\"Images en vedette\">\n          <div class=\"carousel-inner\">\n            <div class=\"controls\">\n              <button type=\"button\" class=\"rotation pause\" aria-label=\"Arr\u00eat de l'affichage automatique\">\n                <svg width=\"42\" height=\"34\" version=\"1.1\" xmlns=\"http:\/\/www.w3.org\/2000\/svg\">\n                  <rect class=\"background\" x=\"2\" y=\"2\" rx=\"5\" ry=\"5\" width=\"38\" height=\"24\"><\/rect>\n                  <rect class=\"border\" x=\"4\" y=\"4\" rx=\"5\" ry=\"5\" width=\"34\" height=\"20\"><\/rect>\n                  <polygon class=\"pause\" points=\"17 8 17 20\"><\/polygon>\n                  <polygon class=\"pause\" points=\"24 8 24 20\"><\/polygon>\n                  <polygon class=\"play\" points=\"15 8 15 20 27 14\"><\/polygon>\n                <\/svg>\n              <\/button>\n\n              <button type=\"button\" class=\"previous\" aria-controls=\"miCarrusel-items\" aria-label=\"Diapositive pr\u00e9c\u00e9dente\">\n                  <svg aria-hidden=\"true\" class=\"e-font-icon-svg e-fas-long-arrow-alt-left\" viewBox=\"0 0 448 512\" xmlns=\"http:\/\/www.w3.org\/2000\/svg\">\n                      <path d=\"M134.059 296H436c6.627 0 12-5.373 12-12v-56c0-6.627-5.373-12-12-12H134.059v-46.059c0-21.382-25.851-32.09-40.971-16.971L7.029 239.029c-9.373 9.373-9.373 24.569 0 33.941l86.059 86.059c15.119 15.119 40.971 4.411 40.971-16.971V296z\"><\/path><\/svg>\n              <\/button>\n\n              <button type=\"button\" class=\"next\" aria-controls=\"miCarrusel-items\" aria-label=\"Diapositive suivante\">\n                <svg aria-hidden=\"true\" class=\"e-font-icon-svg e-fas-long-arrow-alt-right\" viewBox=\"0 0 448 512\" xmlns=\"http:\/\/www.w3.org\/2000\/svg\"><path d=\"M313.941 216H12c-6.627 0-12 5.373-12 12v56c0 6.627 5.373 12 12 12h301.941v46.059c0 21.382 25.851 32.09 40.971 16.971l86.059-86.059c9.373-9.373 9.373-24.569 0-33.941l-86.059-86.059c-15.119-15.119-40.971-4.411-40.971 16.971V216z\"><\/path><\/svg>\n              <\/button>\n            <\/div>\n\n            <div id=\"miCarrusel-items\" class=\"carousel-items\" aria-live=\"off\">\n              <div class=\"carousel-track\">\n                \n          <div class=\"carousel-item active\" role=\"group\" aria-roledescription=\"slide\" aria-label=\"1 de 3\">\n          <div class=\"carousel-image\" aria-hidden=\"true\" focusable=\"false\">\n              <img decoding=\"async\" src=\"https:\/\/organicbeeflamb.eu\/wp-content\/uploads\/2024\/09\/why_7.jpg\" alt=\"Pourquoi le bio?\">\n          <\/div>\n\n          <div class=\"carousel-caption\">\n            <p>\n              \n                Pourquoi le bio?              \n            <\/p>\n\n            <div>\n                            <p><a href=\"https:\/\/organicbeeflamb.eu\/fr\/pourquoi-le-bio\/\" class=\"btn\" alt=\"Explore Pourquoi le bio?\" aria-label=\"Explore Pourquoi le bio?\">Explore <span class=\"visually-hidden\">Pourquoi le bio?<\/span><\/a><\/p>\n                          <\/div>\n          <\/div>\n        <\/div>\n        \n          <div class=\"carousel-item active\" role=\"group\" aria-roledescription=\"slide\" aria-label=\"2 de 3\">\n          <div class=\"carousel-image\" aria-hidden=\"true\" focusable=\"false\">\n              <img decoding=\"async\" src=\"https:\/\/organicbeeflamb.eu\/wp-content\/uploads\/2024\/10\/certified_organic_new.jpg\" alt=\"Certifi\u00e9 biologique\">\n          <\/div>\n\n          <div class=\"carousel-caption\">\n            <p>\n              \n                Certifi\u00e9 biologique              \n            <\/p>\n\n            <div>\n                            <p><a href=\"https:\/\/organicbeeflamb.eu\/fr\/pourquoi-le-bio\/certifie-biologique\/\" class=\"btn\" alt=\"Explore Certifi\u00e9 biologique\" aria-label=\"Explore Certifi\u00e9 biologique\">Explore <span class=\"visually-hidden\">Certifi\u00e9 biologique<\/span><\/a><\/p>\n                          <\/div>\n          <\/div>\n        <\/div>\n        \n          <div class=\"carousel-item\" role=\"group\" aria-roledescription=\"slide\" aria-label=\"3 de 3\">\n          <div class=\"carousel-image\" aria-hidden=\"true\" focusable=\"false\">\n              <img decoding=\"async\" src=\"https:\/\/organicbeeflamb.eu\/wp-content\/uploads\/2024\/09\/why_4_cor.jpg\" alt=\"Fondamentaux\">\n          <\/div>\n\n          <div class=\"carousel-caption\">\n            <p>\n              \n                Fondamentaux              \n            <\/p>\n\n            <div>\n                            <p><a href=\"https:\/\/organicbeeflamb.eu\/fr\/pourquoi-le-bio\/fondamentaux\/\" class=\"btn\" alt=\"Explore Fondamentaux\" aria-label=\"Explore Fondamentaux\">Explore <span class=\"visually-hidden\">Fondamentaux<\/span><\/a><\/p>\n                          <\/div>\n          <\/div>\n        <\/div>\n        \n              <\/div>\n            <\/div>\n          <\/div>\n        <\/section>\n        <\/div>\n\t\t\t\t\t\t<\/div>\n\t\t\t\t<\/div>\n\t\t\t\t<\/div>\n\t\t\t\t\t<\/div>\n\t\t\t\t<\/div>\n\t\t\t\t<\/div>\n\t\t","protected":false},"excerpt":{"rendered":"<p>Bien-\u00eatre animal en agriculture biologique Le bien-\u00eatre animal est une pierre angulaire de l&rsquo;agriculture biologique, garantissant que les animaux sont \u00e9lev\u00e9s dans des conditions qui respectent leurs comportements naturels et leurs besoins en mati\u00e8re de sant\u00e9. Normes \u00e9lev\u00e9es de bien-\u00eatre animal enagriculture biologique Principes cl\u00e9s du bien-\u00eatre animal : Personnel qualifi\u00e9 : le personnel doit [&hellip;]<\/p>\n","protected":false},"author":1,"featured_media":1549,"parent":2051,"menu_order":0,"comment_status":"closed","ping_status":"closed","template":"","meta":{"footnotes":""},"class_list":["post-2076","page","type-page","status-publish","has-post-thumbnail","hentry"],"_links":{"self":[{"href":"https:\/\/organicbeeflamb.eu\/fr\/wp-json\/wp\/v2\/pages\/2076","targetHints":{"allow":["GET"]}}],"collection":[{"href":"https:\/\/organicbeeflamb.eu\/fr\/wp-json\/wp\/v2\/pages"}],"about":[{"href":"https:\/\/organicbeeflamb.eu\/fr\/wp-json\/wp\/v2\/types\/page"}],"author":[{"embeddable":true,"href":"https:\/\/organicbeeflamb.eu\/fr\/wp-json\/wp\/v2\/users\/1"}],"replies":[{"embeddable":true,"href":"https:\/\/organicbeeflamb.eu\/fr\/wp-json\/wp\/v2\/comments?post=2076"}],"version-history":[{"count":22,"href":"https:\/\/organicbeeflamb.eu\/fr\/wp-json\/wp\/v2\/pages\/2076\/revisions"}],"predecessor-version":[{"id":6912,"href":"https:\/\/organicbeeflamb.eu\/fr\/wp-json\/wp\/v2\/pages\/2076\/revisions\/6912"}],"up":[{"embeddable":true,"href":"https:\/\/organicbeeflamb.eu\/fr\/wp-json\/wp\/v2\/pages\/2051"}],"wp:featuredmedia":[{"embeddable":true,"href":"https:\/\/organicbeeflamb.eu\/fr\/wp-json\/wp\/v2\/media\/1549"}],"wp:attachment":[{"href":"https:\/\/organicbeeflamb.eu\/fr\/wp-json\/wp\/v2\/media?parent=2076"}],"curies":[{"name":"wp","href":"https:\/\/api.w.org\/{rel}","templated":true}]}}