{"id":2084,"date":"2024-09-08T16:38:40","date_gmt":"2024-09-08T16:38:40","guid":{"rendered":"https:\/\/organicbeeflamb.eu\/ireland\/"},"modified":"2025-05-30T20:20:33","modified_gmt":"2025-05-30T20:20:33","slug":"irlande","status":"publish","type":"page","link":"https:\/\/organicbeeflamb.eu\/fr\/irlande\/","title":{"rendered":"Irlande"},"content":{"rendered":"\t\t<div data-elementor-type=\"wp-page\" data-elementor-id=\"2084\" class=\"elementor elementor-2084 elementor-68\" data-elementor-post-type=\"page\">\n\t\t\t\t<div class=\"elementor-element elementor-element-4deb5ec e-flex e-con-boxed e-con e-parent\" data-id=\"4deb5ec\" data-element_type=\"container\" data-settings=\"{&quot;background_background&quot;:&quot;classic&quot;}\">\n\t\t\t\t\t<div class=\"e-con-inner\">\n\t\t\t\t<div class=\"elementor-element elementor-element-615ee14 elementor-widget elementor-widget-heading\" data-id=\"615ee14\" data-element_type=\"widget\" data-widget_type=\"heading.default\">\n\t\t\t\t<div class=\"elementor-widget-container\">\n\t\t\t\t\t<h1 class=\"elementor-heading-title elementor-size-default\">L\u2019Irlande, terre <br>d\u2019agriculture biologique <br>et de viande \u00e9lev\u00e9e en p\u00e2turage<\/h1>\t\t\t\t<\/div>\n\t\t\t\t<\/div>\n\t\t\t\t<div class=\"elementor-element elementor-element-d792f1f elementor-widget elementor-widget-image\" data-id=\"d792f1f\" data-element_type=\"widget\" data-widget_type=\"image.default\">\n\t\t\t\t<div class=\"elementor-widget-container\">\n\t\t\t\t\t\t\t\t\t\t\t\t\t\t\t<img decoding=\"async\" width=\"146\" height=\"197\" src=\"https:\/\/organicbeeflamb.eu\/wp-content\/uploads\/2024\/09\/logo-Enjoy.svg\" class=\"attachment-full size-full wp-image-123\" alt=\"Enjoy it&#039;s from Europe\" \/>\t\t\t\t\t\t\t\t\t\t\t\t\t\t\t<\/div>\n\t\t\t\t<\/div>\n\t\t\t\t\t<\/div>\n\t\t\t\t<\/div>\n\t\t<div class=\"elementor-element elementor-element-fd32429 e-flex e-con-boxed e-con e-parent\" data-id=\"fd32429\" data-element_type=\"container\">\n\t\t\t\t\t<div class=\"e-con-inner\">\n\t\t\t\t<div class=\"elementor-element elementor-element-6f4ff37 elementor-widget elementor-widget-heading\" data-id=\"6f4ff37\" data-element_type=\"widget\" data-widget_type=\"heading.default\">\n\t\t\t\t<div class=\"elementor-widget-container\">\n\t\t\t\t\t<h2 class=\"elementor-heading-title elementor-size-default\">D\u00e9couvrez l\u2019agriculture biologique en Irlande<\/h2>\t\t\t\t<\/div>\n\t\t\t\t<\/div>\n\t\t\t\t\t<\/div>\n\t\t\t\t<\/div>\n\t\t<div class=\"elementor-element elementor-element-823db6f e-flex e-con-boxed e-con e-parent\" data-id=\"823db6f\" data-element_type=\"container\">\n\t\t\t\t\t<div class=\"e-con-inner\">\n\t\t<div class=\"elementor-element elementor-element-7e58a7c e-con-full e-flex elementor-invisible e-con e-child\" data-id=\"7e58a7c\" data-element_type=\"container\" data-settings=\"{&quot;animation&quot;:&quot;fadeIn&quot;}\">\n\t\t\t\t<div class=\"elementor-element elementor-element-3ce4bb8 elementor-widget elementor-widget-image\" data-id=\"3ce4bb8\" data-element_type=\"widget\" data-widget_type=\"image.default\">\n\t\t\t\t<div class=\"elementor-widget-container\">\n\t\t\t\t\t\t\t\t\t\t\t\t\t\t\t<img decoding=\"async\" width=\"114\" height=\"100\" src=\"https:\/\/organicbeeflamb.eu\/wp-content\/uploads\/2024\/09\/irlande_4.svg\" class=\"attachment-full size-full wp-image-1593\" alt=\"Climat temp\u00e9r\u00e9\" \/>\t\t\t\t\t\t\t\t\t\t\t\t\t\t\t<\/div>\n\t\t\t\t<\/div>\n\t\t\t\t<div class=\"elementor-element elementor-element-2d2608d elementor-widget elementor-widget-text-editor\" data-id=\"2d2608d\" data-element_type=\"widget\" data-widget_type=\"text-editor.default\">\n\t\t\t\t<div class=\"elementor-widget-container\">\n\t\t\t\t\t\t\t\t\t<p><b>Climat temp\u00e9r\u00e9<\/b><span style=\"font-weight: 400;\"> : Le climat temp\u00e9r\u00e9 de l&rsquo;Irlande favorise la croissance des p\u00e2turages toute l&rsquo;ann\u00e9e.<\/span><\/p>\t\t\t\t\t\t\t\t<\/div>\n\t\t\t\t<\/div>\n\t\t\t\t<\/div>\n\t\t<div class=\"elementor-element elementor-element-6f2c36f e-con-full e-flex elementor-invisible e-con e-child\" data-id=\"6f2c36f\" data-element_type=\"container\" data-settings=\"{&quot;animation&quot;:&quot;fadeIn&quot;}\">\n\t\t\t\t<div class=\"elementor-element elementor-element-712d2e6 elementor-widget elementor-widget-image\" data-id=\"712d2e6\" data-element_type=\"widget\" data-widget_type=\"image.default\">\n\t\t\t\t<div class=\"elementor-widget-container\">\n\t\t\t\t\t\t\t\t\t\t\t\t\t\t\t<img decoding=\"async\" width=\"96\" height=\"96\" src=\"https:\/\/organicbeeflamb.eu\/wp-content\/uploads\/2024\/09\/irlande_5.svg\" class=\"attachment-full size-full wp-image-1599\" alt=\"Sols fertiles\" \/>\t\t\t\t\t\t\t\t\t\t\t\t\t\t\t<\/div>\n\t\t\t\t<\/div>\n\t\t\t\t<div class=\"elementor-element elementor-element-d87caf8 elementor-widget elementor-widget-text-editor\" data-id=\"d87caf8\" data-element_type=\"widget\" data-widget_type=\"text-editor.default\">\n\t\t\t\t<div class=\"elementor-widget-container\">\n\t\t\t\t\t\t\t\t\t<p><b>Sols fertiles<\/b><span style=\"font-weight: 400;\"> : Les sols fertiles de l&rsquo;Irlande offrent une base id\u00e9ale pour les pratiques de l&rsquo;agriculture biologique.<\/span><\/p>\t\t\t\t\t\t\t\t<\/div>\n\t\t\t\t<\/div>\n\t\t\t\t<\/div>\n\t\t<div class=\"elementor-element elementor-element-d5123b0 e-con-full e-flex elementor-invisible e-con e-child\" data-id=\"d5123b0\" data-element_type=\"container\" data-settings=\"{&quot;animation&quot;:&quot;fadeIn&quot;}\">\n\t\t\t\t<div class=\"elementor-element elementor-element-0072cf7 elementor-widget elementor-widget-image\" data-id=\"0072cf7\" data-element_type=\"widget\" data-widget_type=\"image.default\">\n\t\t\t\t<div class=\"elementor-widget-container\">\n\t\t\t\t\t\t\t\t\t\t\t\t\t\t\t<img loading=\"lazy\" decoding=\"async\" width=\"110\" height=\"125\" src=\"https:\/\/organicbeeflamb.eu\/wp-content\/uploads\/2024\/09\/irlande_6.svg\" class=\"attachment-full size-full wp-image-1604\" alt=\"\u00c9lev\u00e9 en p\u00e2turage\" \/>\t\t\t\t\t\t\t\t\t\t\t\t\t\t\t<\/div>\n\t\t\t\t<\/div>\n\t\t\t\t<div class=\"elementor-element elementor-element-f894dc5 elementor-widget elementor-widget-text-editor\" data-id=\"f894dc5\" data-element_type=\"widget\" data-widget_type=\"text-editor.default\">\n\t\t\t\t<div class=\"elementor-widget-container\">\n\t\t\t\t\t\t\t\t\t<p><b>\u00c9lev\u00e9 en p\u00e2turage<\/b><span style=\"font-weight: 400;\"> : Nos bovins et moutons sont \u00e9lev\u00e9s sur des p\u00e2turages naturels tout au long de l&rsquo;ann\u00e9e.<\/span><\/p>\t\t\t\t\t\t\t\t<\/div>\n\t\t\t\t<\/div>\n\t\t\t\t<\/div>\n\t\t<div class=\"elementor-element elementor-element-cb4bd4c e-con-full e-flex elementor-invisible e-con e-child\" data-id=\"cb4bd4c\" data-element_type=\"container\" data-settings=\"{&quot;animation&quot;:&quot;fadeIn&quot;}\">\n\t\t\t\t<div class=\"elementor-element elementor-element-c6d689a elementor-widget elementor-widget-image\" data-id=\"c6d689a\" data-element_type=\"widget\" data-widget_type=\"image.default\">\n\t\t\t\t<div class=\"elementor-widget-container\">\n\t\t\t\t\t\t\t\t\t\t\t\t\t\t\t<img loading=\"lazy\" decoding=\"async\" width=\"96\" height=\"116\" src=\"https:\/\/organicbeeflamb.eu\/wp-content\/uploads\/2024\/09\/irlande_7.svg\" class=\"attachment-full size-full wp-image-1609\" alt=\"Bienfaits nutritionnels\" \/>\t\t\t\t\t\t\t\t\t\t\t\t\t\t\t<\/div>\n\t\t\t\t<\/div>\n\t\t\t\t<div class=\"elementor-element elementor-element-6cc703b elementor-widget elementor-widget-text-editor\" data-id=\"6cc703b\" data-element_type=\"widget\" data-widget_type=\"text-editor.default\">\n\t\t\t\t<div class=\"elementor-widget-container\">\n\t\t\t\t\t\t\t\t\t<p><b>Bienfaits nutritionnels<\/b><span style=\"font-weight: 400;\"> : La viande contient moins de graisses satur\u00e9es et plus d&rsquo;acides gras om\u00e9ga-3, ainsi que des vitamines A et E.<\/span><\/p>\t\t\t\t\t\t\t\t<\/div>\n\t\t\t\t<\/div>\n\t\t\t\t<\/div>\n\t\t<div class=\"elementor-element elementor-element-a0ed8e1 e-con-full e-flex elementor-invisible e-con e-child\" data-id=\"a0ed8e1\" data-element_type=\"container\" data-settings=\"{&quot;animation&quot;:&quot;fadeIn&quot;}\">\n\t\t\t\t<div class=\"elementor-element elementor-element-deabb42 elementor-widget elementor-widget-image\" data-id=\"deabb42\" data-element_type=\"widget\" data-widget_type=\"image.default\">\n\t\t\t\t<div class=\"elementor-widget-container\">\n\t\t\t\t\t\t\t\t\t\t\t\t\t\t\t<img loading=\"lazy\" decoding=\"async\" width=\"133\" height=\"120\" src=\"https:\/\/organicbeeflamb.eu\/wp-content\/uploads\/2024\/09\/irlande_8.svg\" class=\"attachment-full size-full wp-image-1614\" alt=\"Engagement environnemental\" \/>\t\t\t\t\t\t\t\t\t\t\t\t\t\t\t<\/div>\n\t\t\t\t<\/div>\n\t\t\t\t<div class=\"elementor-element elementor-element-3b00528 elementor-widget elementor-widget-text-editor\" data-id=\"3b00528\" data-element_type=\"widget\" data-widget_type=\"text-editor.default\">\n\t\t\t\t<div class=\"elementor-widget-container\">\n\t\t\t\t\t\t\t\t\t<p><b>Engagement environnemental<\/b><span style=\"font-weight: 400;\"> : Nos pratiques refl\u00e8tent un engagement en faveur de la durabilit\u00e9 et de la pr\u00e9servation de la beaut\u00e9 naturelle de l&rsquo;Irlande.<\/span><\/p>\t\t\t\t\t\t\t\t<\/div>\n\t\t\t\t<\/div>\n\t\t\t\t<\/div>\n\t\t<div class=\"elementor-element elementor-element-b7ac510 e-con-full e-flex elementor-invisible e-con e-child\" data-id=\"b7ac510\" data-element_type=\"container\" data-settings=\"{&quot;animation&quot;:&quot;fadeIn&quot;}\">\n\t\t\t\t<div class=\"elementor-element elementor-element-885aa62 elementor-widget elementor-widget-image\" data-id=\"885aa62\" data-element_type=\"widget\" data-widget_type=\"image.default\">\n\t\t\t\t<div class=\"elementor-widget-container\">\n\t\t\t\t\t\t\t\t\t\t\t\t\t\t\t<img loading=\"lazy\" decoding=\"async\" width=\"106\" height=\"87\" src=\"https:\/\/organicbeeflamb.eu\/wp-content\/uploads\/2024\/09\/irlande_9.svg\" class=\"attachment-full size-full wp-image-1619\" alt=\"Pratiques durables\" \/>\t\t\t\t\t\t\t\t\t\t\t\t\t\t\t<\/div>\n\t\t\t\t<\/div>\n\t\t\t\t<div class=\"elementor-element elementor-element-f2ed399 elementor-widget elementor-widget-text-editor\" data-id=\"f2ed399\" data-element_type=\"widget\" data-widget_type=\"text-editor.default\">\n\t\t\t\t<div class=\"elementor-widget-container\">\n\t\t\t\t\t\t\t\t\t<p><b>Pratiques durables<\/b><span style=\"font-weight: 400;\"> : Nous maintenons la gestion environnementale par des m\u00e9thodes agricoles respectueuses de l&rsquo;environnement.<\/span><\/p>\t\t\t\t\t\t\t\t<\/div>\n\t\t\t\t<\/div>\n\t\t\t\t<\/div>\n\t\t\t\t\t<\/div>\n\t\t\t\t<\/div>\n\t\t<div class=\"elementor-element elementor-element-2c88ca5 e-flex e-con-boxed e-con e-parent\" data-id=\"2c88ca5\" data-element_type=\"container\">\n\t\t\t\t\t<div class=\"e-con-inner\">\n\t\t<div class=\"elementor-element elementor-element-174c897 e-con-full animated-slow e-flex elementor-invisible e-con e-child\" data-id=\"174c897\" data-element_type=\"container\" data-settings=\"{&quot;background_background&quot;:&quot;classic&quot;,&quot;animation&quot;:&quot;slideInUp&quot;}\">\n\t\t<div class=\"elementor-element elementor-element-60db02b e-con-full e-flex e-con e-child\" data-id=\"60db02b\" data-element_type=\"container\" data-settings=\"{&quot;background_background&quot;:&quot;classic&quot;}\">\n\t\t\t\t<\/div>\n\t\t<div class=\"elementor-element elementor-element-abb3dfe e-con-full e-flex e-con e-child\" data-id=\"abb3dfe\" data-element_type=\"container\">\n\t\t\t\t<div class=\"elementor-element elementor-element-5fead99 elementor-widget elementor-widget-heading\" data-id=\"5fead99\" data-element_type=\"widget\" data-widget_type=\"heading.default\">\n\t\t\t\t<div class=\"elementor-widget-container\">\n\t\t\t\t\t<p class=\"elementor-heading-title elementor-size-default\">B\u0153uf et agneau biologiques \u00e9lev\u00e9s au p\u00e2turage<\/p>\t\t\t\t<\/div>\n\t\t\t\t<\/div>\n\t\t\t\t<div class=\"elementor-element elementor-element-b539088 elementor-hidden-mobile elementor-widget elementor-widget-text-editor\" data-id=\"b539088\" data-element_type=\"widget\" data-widget_type=\"text-editor.default\">\n\t\t\t\t<div class=\"elementor-widget-container\">\n\t\t\t\t\t\t\t\t\t<p><span style=\"font-weight: 400;\">Les bovins sont \u00e9lev\u00e9s \u00e0 l&rsquo;ext\u00e9rieur sur des p\u00e2turages biologiques sans m\u00e9dicaments syst\u00e9matiques, ce qui donne une viande moins riche en graisses satur\u00e9es et plus riche en acides gras om\u00e9ga-3, en vitamine A et en vitamine E.<\/span><\/p>\t\t\t\t\t\t\t\t<\/div>\n\t\t\t\t<\/div>\n\t\t\t\t<div class=\"elementor-element elementor-element-0090b16 elementor-hidden-desktop elementor-hidden-tablet elementor-widget elementor-widget-text-editor\" data-id=\"0090b16\" data-element_type=\"widget\" data-widget_type=\"text-editor.default\">\n\t\t\t\t<div class=\"elementor-widget-container\">\n\t\t\t\t\t\t\t\t\t<p>Les bovins sont \u00e9lev\u00e9s \u00e0 l\u2019ext\u00e9rieur sur des p\u00e2turages biologiques sans m\u00e9dicaments &#8230;<\/p>\t\t\t\t\t\t\t\t<\/div>\n\t\t\t\t<\/div>\n\t\t\t\t<div class=\"elementor-element elementor-element-d292834 elementor-align-center elementor-hidden-desktop elementor-hidden-tablet elementor-widget elementor-widget-button\" data-id=\"d292834\" data-element_type=\"widget\" data-widget_type=\"button.default\">\n\t\t\t\t<div class=\"elementor-widget-container\">\n\t\t\t\t\t\t\t\t\t<div class=\"elementor-button-wrapper\">\n\t\t\t\t\t<a class=\"elementor-button elementor-button-link elementor-size-sm\" href=\"\/fr\/irelande\/eleve-au-paturage\/\" aria-label=\"Explorer \u00c9lev\u00e9 en p\u00e2turage\">\n\t\t\t\t\t\t<span class=\"elementor-button-content-wrapper\">\n\t\t\t\t\t\t<span class=\"elementor-button-icon\">\n\t\t\t\t<svg aria-hidden=\"true\" class=\"e-font-icon-svg e-fas-arrow-right\" viewBox=\"0 0 448 512\" xmlns=\"http:\/\/www.w3.org\/2000\/svg\"><path d=\"M190.5 66.9l22.2-22.2c9.4-9.4 24.6-9.4 33.9 0L441 239c9.4 9.4 9.4 24.6 0 33.9L246.6 467.3c-9.4 9.4-24.6 9.4-33.9 0l-22.2-22.2c-9.5-9.5-9.3-25 .4-34.3L311.4 296H24c-13.3 0-24-10.7-24-24v-32c0-13.3 10.7-24 24-24h287.4L190.9 101.2c-9.8-9.3-10-24.8-.4-34.3z\"><\/path><\/svg>\t\t\t<\/span>\n\t\t\t\t\t\t\t\t<\/span>\n\t\t\t\t\t<\/a>\n\t\t\t\t<\/div>\n\t\t\t\t\t\t\t\t<\/div>\n\t\t\t\t<\/div>\n\t\t\t\t<div class=\"elementor-element elementor-element-7a8d8d2 elementor-align-center elementor-hidden-mobile elementor-widget elementor-widget-button\" data-id=\"7a8d8d2\" data-element_type=\"widget\" data-widget_type=\"button.default\">\n\t\t\t\t<div class=\"elementor-widget-container\">\n\t\t\t\t\t\t\t\t\t<div class=\"elementor-button-wrapper\">\n\t\t\t\t\t<a class=\"elementor-button elementor-button-link elementor-size-sm\" href=\"\/fr\/irelande\/eleve-au-paturage\/\" aria-label=\"Explorer \u00c9lev\u00e9 en p\u00e2turage\">\n\t\t\t\t\t\t<span class=\"elementor-button-content-wrapper\">\n\t\t\t\t\t\t\t\t\t<span class=\"elementor-button-text\">Explorer <span class=\"visually-hidden\">\u00c9lev\u00e9 en p\u00e2turage<\/span><\/span>\n\t\t\t\t\t<\/span>\n\t\t\t\t\t<\/a>\n\t\t\t\t<\/div>\n\t\t\t\t\t\t\t\t<\/div>\n\t\t\t\t<\/div>\n\t\t\t\t<\/div>\n\t\t\t\t<\/div>\n\t\t<div class=\"elementor-element elementor-element-267457d e-con-full animated-slow e-flex elementor-invisible e-con e-child\" data-id=\"267457d\" data-element_type=\"container\" data-settings=\"{&quot;background_background&quot;:&quot;classic&quot;,&quot;animation&quot;:&quot;slideInUp&quot;}\">\n\t\t<div class=\"elementor-element elementor-element-cd84032 e-con-full e-flex e-con e-child\" data-id=\"cd84032\" data-element_type=\"container\" data-settings=\"{&quot;background_background&quot;:&quot;classic&quot;}\">\n\t\t\t\t<\/div>\n\t\t<div class=\"elementor-element elementor-element-ced9d41 e-con-full e-flex e-con e-child\" data-id=\"ced9d41\" data-element_type=\"container\">\n\t\t\t\t<div class=\"elementor-element elementor-element-83bcf88 elementor-widget elementor-widget-heading\" data-id=\"83bcf88\" data-element_type=\"widget\" data-widget_type=\"heading.default\">\n\t\t\t\t<div class=\"elementor-widget-container\">\n\t\t\t\t\t<p class=\"elementor-heading-title elementor-size-default\">Tra\u00e7abilit\u00e9 dans la production de viande biologique<\/p>\t\t\t\t<\/div>\n\t\t\t\t<\/div>\n\t\t\t\t<div class=\"elementor-element elementor-element-1f75eca elementor-hidden-mobile elementor-widget elementor-widget-text-editor\" data-id=\"1f75eca\" data-element_type=\"widget\" data-widget_type=\"text-editor.default\">\n\t\t\t\t<div class=\"elementor-widget-container\">\n\t\t\t\t\t\t\t\t\t<p><span style=\"font-weight: 400;\">Une tra\u00e7abilit\u00e9 mise \u00e0 jour quotidiennement garantit la conformit\u00e9 en mati\u00e8re de s\u00e9curit\u00e9 alimentaire, fournissant des informations claires et accessibles tout au long de la cha\u00eene d&rsquo;approvisionnement mondiale.<\/span><\/p>\t\t\t\t\t\t\t\t<\/div>\n\t\t\t\t<\/div>\n\t\t\t\t<div class=\"elementor-element elementor-element-11836cb elementor-hidden-desktop elementor-hidden-tablet elementor-widget elementor-widget-text-editor\" data-id=\"11836cb\" data-element_type=\"widget\" data-widget_type=\"text-editor.default\">\n\t\t\t\t<div class=\"elementor-widget-container\">\n\t\t\t\t\t\t\t\t\t<p>Une tra\u00e7abilit\u00e9 mise \u00e0 jour quotidiennement garantit la conformit\u00e9 en mati\u00e8re de s\u00e9curit\u00e9 alimentaire &#8230;<\/p>\t\t\t\t\t\t\t\t<\/div>\n\t\t\t\t<\/div>\n\t\t\t\t<div class=\"elementor-element elementor-element-9444b01 elementor-align-center elementor-hidden-mobile elementor-widget elementor-widget-button\" data-id=\"9444b01\" data-element_type=\"widget\" data-widget_type=\"button.default\">\n\t\t\t\t<div class=\"elementor-widget-container\">\n\t\t\t\t\t\t\t\t\t<div class=\"elementor-button-wrapper\">\n\t\t\t\t\t<a class=\"elementor-button elementor-button-link elementor-size-sm\" href=\"\/fr\/irelande\/tracabilite\/\" aria-label=\"Explorer Tra\u00e7abilit\u00e9\">\n\t\t\t\t\t\t<span class=\"elementor-button-content-wrapper\">\n\t\t\t\t\t\t\t\t\t<span class=\"elementor-button-text\">Explorer <span class=\"visually-hidden\">Tra\u00e7abilit\u00e9<\/span><\/span>\n\t\t\t\t\t<\/span>\n\t\t\t\t\t<\/a>\n\t\t\t\t<\/div>\n\t\t\t\t\t\t\t\t<\/div>\n\t\t\t\t<\/div>\n\t\t\t\t<div class=\"elementor-element elementor-element-8aefd13 elementor-align-center elementor-hidden-desktop elementor-hidden-tablet elementor-widget elementor-widget-button\" data-id=\"8aefd13\" data-element_type=\"widget\" data-widget_type=\"button.default\">\n\t\t\t\t<div class=\"elementor-widget-container\">\n\t\t\t\t\t\t\t\t\t<div class=\"elementor-button-wrapper\">\n\t\t\t\t\t<a class=\"elementor-button elementor-button-link elementor-size-sm\" href=\"\/fr\/irelande\/tracabilite\/\" aria-label=\"Explorer Tra\u00e7abilit\u00e9\">\n\t\t\t\t\t\t<span class=\"elementor-button-content-wrapper\">\n\t\t\t\t\t\t<span class=\"elementor-button-icon\">\n\t\t\t\t<svg aria-hidden=\"true\" class=\"e-font-icon-svg e-fas-arrow-right\" viewBox=\"0 0 448 512\" xmlns=\"http:\/\/www.w3.org\/2000\/svg\"><path d=\"M190.5 66.9l22.2-22.2c9.4-9.4 24.6-9.4 33.9 0L441 239c9.4 9.4 9.4 24.6 0 33.9L246.6 467.3c-9.4 9.4-24.6 9.4-33.9 0l-22.2-22.2c-9.5-9.5-9.3-25 .4-34.3L311.4 296H24c-13.3 0-24-10.7-24-24v-32c0-13.3 10.7-24 24-24h287.4L190.9 101.2c-9.8-9.3-10-24.8-.4-34.3z\"><\/path><\/svg>\t\t\t<\/span>\n\t\t\t\t\t\t\t\t<\/span>\n\t\t\t\t\t<\/a>\n\t\t\t\t<\/div>\n\t\t\t\t\t\t\t\t<\/div>\n\t\t\t\t<\/div>\n\t\t\t\t<\/div>\n\t\t\t\t<\/div>\n\t\t\t\t\t<\/div>\n\t\t\t\t<\/div>\n\t\t\t\t<\/div>\n\t\t","protected":false},"excerpt":{"rendered":"<p>L\u2019Irlande, terre d\u2019agriculture biologique et de viande \u00e9lev\u00e9e en p\u00e2turage D\u00e9couvrez l\u2019agriculture biologique en Irlande Climat temp\u00e9r\u00e9 : Le climat temp\u00e9r\u00e9 de l&rsquo;Irlande favorise la croissance des p\u00e2turages toute l&rsquo;ann\u00e9e. Sols fertiles : Les sols fertiles de l&rsquo;Irlande offrent une base id\u00e9ale pour les pratiques de l&rsquo;agriculture biologique. \u00c9lev\u00e9 en p\u00e2turage : Nos bovins et [&hellip;]<\/p>\n","protected":false},"author":1,"featured_media":1530,"parent":0,"menu_order":0,"comment_status":"closed","ping_status":"closed","template":"","meta":{"footnotes":""},"class_list":["post-2084","page","type-page","status-publish","has-post-thumbnail","hentry"],"_links":{"self":[{"href":"https:\/\/organicbeeflamb.eu\/fr\/wp-json\/wp\/v2\/pages\/2084","targetHints":{"allow":["GET"]}}],"collection":[{"href":"https:\/\/organicbeeflamb.eu\/fr\/wp-json\/wp\/v2\/pages"}],"about":[{"href":"https:\/\/organicbeeflamb.eu\/fr\/wp-json\/wp\/v2\/types\/page"}],"author":[{"embeddable":true,"href":"https:\/\/organicbeeflamb.eu\/fr\/wp-json\/wp\/v2\/users\/1"}],"replies":[{"embeddable":true,"href":"https:\/\/organicbeeflamb.eu\/fr\/wp-json\/wp\/v2\/comments?post=2084"}],"version-history":[{"count":29,"href":"https:\/\/organicbeeflamb.eu\/fr\/wp-json\/wp\/v2\/pages\/2084\/revisions"}],"predecessor-version":[{"id":6860,"href":"https:\/\/organicbeeflamb.eu\/fr\/wp-json\/wp\/v2\/pages\/2084\/revisions\/6860"}],"wp:featuredmedia":[{"embeddable":true,"href":"https:\/\/organicbeeflamb.eu\/fr\/wp-json\/wp\/v2\/media\/1530"}],"wp:attachment":[{"href":"https:\/\/organicbeeflamb.eu\/fr\/wp-json\/wp\/v2\/media?parent=2084"}],"curies":[{"name":"wp","href":"https:\/\/api.w.org\/{rel}","templated":true}]}}