{"id":2092,"date":"2024-09-08T16:38:59","date_gmt":"2024-09-08T16:38:59","guid":{"rendered":"https:\/\/organicbeeflamb.eu\/irelande\/pasture-raised\/"},"modified":"2025-05-30T20:22:53","modified_gmt":"2025-05-30T20:22:53","slug":"eleve-au-paturage","status":"publish","type":"page","link":"https:\/\/organicbeeflamb.eu\/fr\/irlande\/eleve-au-paturage\/","title":{"rendered":"\u00c9lev\u00e9 au p\u00e2turage"},"content":{"rendered":"\t\t<div data-elementor-type=\"wp-page\" data-elementor-id=\"2092\" class=\"elementor elementor-2092 elementor-70\" data-elementor-post-type=\"page\">\n\t\t\t\t<div class=\"elementor-element elementor-element-a02a5d5 e-flex e-con-boxed e-con e-parent\" data-id=\"a02a5d5\" data-element_type=\"container\" data-settings=\"{&quot;background_background&quot;:&quot;classic&quot;}\">\n\t\t\t\t\t<div class=\"e-con-inner\">\n\t\t\t\t<div class=\"elementor-element elementor-element-b643418 elementor-widget elementor-widget-heading\" data-id=\"b643418\" data-element_type=\"widget\" data-widget_type=\"heading.default\">\n\t\t\t\t<div class=\"elementor-widget-container\">\n\t\t\t\t\t<h1 class=\"elementor-heading-title elementor-size-default\">B\u0153uf et agneau biologiques <br>\u00e9lev\u00e9s au p\u00e2turage<\/h1>\t\t\t\t<\/div>\n\t\t\t\t<\/div>\n\t\t\t\t<div class=\"elementor-element elementor-element-e225b3e elementor-widget elementor-widget-image\" data-id=\"e225b3e\" data-element_type=\"widget\" data-widget_type=\"image.default\">\n\t\t\t\t<div class=\"elementor-widget-container\">\n\t\t\t\t\t\t\t\t\t\t\t\t\t\t\t<img decoding=\"async\" width=\"146\" height=\"197\" src=\"https:\/\/organicbeeflamb.eu\/wp-content\/uploads\/2024\/09\/logo-Enjoy.svg\" class=\"attachment-full size-full wp-image-123\" alt=\"Enjoy it&#039;s from Europe\" \/>\t\t\t\t\t\t\t\t\t\t\t\t\t\t\t<\/div>\n\t\t\t\t<\/div>\n\t\t\t\t\t<\/div>\n\t\t\t\t<\/div>\n\t\t<div class=\"elementor-element elementor-element-dee32ee e-flex e-con-boxed e-con e-parent\" data-id=\"dee32ee\" data-element_type=\"container\">\n\t\t\t\t\t<div class=\"e-con-inner\">\n\t\t<div class=\"elementor-element elementor-element-d8d71fe e-con-full e-flex e-con e-child\" data-id=\"d8d71fe\" data-element_type=\"container\">\n\t\t\t\t<div class=\"elementor-element elementor-element-eaceed9 elementor-widget elementor-widget-text-editor\" data-id=\"eaceed9\" data-element_type=\"widget\" data-widget_type=\"text-editor.default\">\n\t\t\t\t<div class=\"elementor-widget-container\">\n\t\t\t\t\t\t\t\t\t<p><span style=\"font-weight: 400;\">L&rsquo;Irlande b\u00e9n\u00e9ficie de la plus longue saison de croissance de l&rsquo;herbe en Europe gr\u00e2ce \u00e0 son climat temp\u00e9r\u00e9, ses pr\u00e9cipitations abondantes et ses sols fertiles. Ces conditions fournissent une base optimale pour un syst\u00e8me \u00e0 faibles intrants, bas\u00e9 sur les p\u00e2turages, dans le cadre de la <strong>production agricole biologique en Europe.<\/strong><\/span><\/p><p><span style=\"font-weight: 400;\"><br \/><\/span><span style=\"font-weight: 400;\">Avec 80 % des terres agricoles d\u00e9di\u00e9es aux p\u00e2turages, cela permet aux bovins et aux moutons de rester \u00e0 l&rsquo;ext\u00e9rieur dans la nature pendant la majeure partie de l&rsquo;ann\u00e9e, o\u00f9 ils peuvent pa\u00eetre sur de l&rsquo;herbe fra\u00eeche, en moyenne 220 jours par an. Pendant les mois d&rsquo;hiver, ils sont nourris avec de l&rsquo;herbe conserv\u00e9e, appel\u00e9e ensilage, ce qui signifie que leur alimentation est principalement \u00e0 base d&rsquo;herbe.<\/span><\/p>\t\t\t\t\t\t\t\t<\/div>\n\t\t\t\t<\/div>\n\t\t\t\t<div class=\"elementor-element elementor-element-e583118 elementor-widget elementor-widget-text-editor\" data-id=\"e583118\" data-element_type=\"widget\" data-widget_type=\"text-editor.default\">\n\t\t\t\t<div class=\"elementor-widget-container\">\n\t\t\t\t\t\t\t\t\t<p><span style=\"font-weight: 400;\">Comme les engrais synth\u00e9tiques ne sont pas utilis\u00e9s dans <strong>la production biologique,<\/strong> le tr\u00e8fle, qui fait partie de la famille des l\u00e9gumineuses, offre une solution alternative pour les agriculteurs biologiques en travaillant avec les syst\u00e8mes et cycles naturels des plantes et du sol. Le tr\u00e8fle fixe l&rsquo;azote dans le sol gr\u00e2ce \u00e0 un processus appel\u00e9 fixation de l&rsquo;azote. En termes simples, ce processus implique que les racines de la plante forment une relation symbiotique avec les bact\u00e9ries pr\u00e9sentes dans le sol. Les bact\u00e9ries convertissent l&rsquo;azote de l&rsquo;atmosph\u00e8re en une forme que le tr\u00e8fle peut utiliser, ce qui permet \u00e0 son tour de lib\u00e9rer de l&rsquo;azote dans le sol, nourrissant ainsi les plantes environnantes.<\/span><\/p>\t\t\t\t\t\t\t\t<\/div>\n\t\t\t\t<\/div>\n\t\t<div class=\"elementor-element elementor-element-d92f94b e-con-full elementor-hidden-mobile e-flex e-con e-child\" data-id=\"d92f94b\" data-element_type=\"container\">\n\t\t<div class=\"elementor-element elementor-element-f927994 e-con-full e-flex e-con e-child\" data-id=\"f927994\" data-element_type=\"container\" data-settings=\"{&quot;background_background&quot;:&quot;classic&quot;}\">\n\t\t\t\t<div class=\"elementor-element elementor-element-cba14ad elementor-widget elementor-widget-heading\" data-id=\"cba14ad\" data-element_type=\"widget\" data-widget_type=\"heading.default\">\n\t\t\t\t<div class=\"elementor-widget-container\">\n\t\t\t\t\t<h2 class=\"elementor-heading-title elementor-size-default\">Avantages nutritionnels de la viande issue d\u2019animaux \u00e9lev\u00e9s au p\u00e2turage<\/h2>\t\t\t\t<\/div>\n\t\t\t\t<\/div>\n\t\t\t\t<\/div>\n\t\t<div class=\"elementor-element elementor-element-670b729 e-con-full e-flex e-con e-child\" data-id=\"670b729\" data-element_type=\"container\" data-settings=\"{&quot;background_background&quot;:&quot;classic&quot;}\">\n\t\t\t\t<div class=\"elementor-element elementor-element-a6f10c6 elementor-widget elementor-widget-text-editor\" data-id=\"a6f10c6\" data-element_type=\"widget\" data-widget_type=\"text-editor.default\">\n\t\t\t\t<div class=\"elementor-widget-container\">\n\t\t\t\t\t\t\t\t\t<p>plus faible en graisses satur\u00e9es<\/p>\t\t\t\t\t\t\t\t<\/div>\n\t\t\t\t<\/div>\n\t\t\t\t<div class=\"elementor-element elementor-element-c11f779 elementor-widget elementor-widget-image\" data-id=\"c11f779\" data-element_type=\"widget\" data-widget_type=\"image.default\">\n\t\t\t\t<div class=\"elementor-widget-container\">\n\t\t\t\t\t\t\t\t\t\t\t\t\t\t\t<img decoding=\"async\" width=\"1\" height=\"1\" src=\"https:\/\/organicbeeflamb.eu\/wp-content\/uploads\/2024\/09\/pasture_9.svg\" class=\"attachment-large size-large wp-image-1160\" alt=\"\" \/>\t\t\t\t\t\t\t\t\t\t\t\t\t\t\t<\/div>\n\t\t\t\t<\/div>\n\t\t\t\t<\/div>\n\t\t<div class=\"elementor-element elementor-element-31079c9 e-con-full e-flex e-con e-child\" data-id=\"31079c9\" data-element_type=\"container\" data-settings=\"{&quot;background_background&quot;:&quot;classic&quot;}\">\n\t\t\t\t<div class=\"elementor-element elementor-element-1da4224 elementor-widget elementor-widget-text-editor\" data-id=\"1da4224\" data-element_type=\"widget\" data-widget_type=\"text-editor.default\">\n\t\t\t\t<div class=\"elementor-widget-container\">\n\t\t\t\t\t\t\t\t\t<p>plus riche en acides gras om\u00e9ga-3<\/p>\t\t\t\t\t\t\t\t<\/div>\n\t\t\t\t<\/div>\n\t\t\t\t<div class=\"elementor-element elementor-element-95af257 elementor-widget elementor-widget-image\" data-id=\"95af257\" data-element_type=\"widget\" data-widget_type=\"image.default\">\n\t\t\t\t<div class=\"elementor-widget-container\">\n\t\t\t\t\t\t\t\t\t\t\t\t\t\t\t<img decoding=\"async\" width=\"1\" height=\"1\" src=\"https:\/\/organicbeeflamb.eu\/wp-content\/uploads\/2024\/09\/pasture_4.svg\" class=\"attachment-large size-large wp-image-1134\" alt=\"\" \/>\t\t\t\t\t\t\t\t\t\t\t\t\t\t\t<\/div>\n\t\t\t\t<\/div>\n\t\t\t\t<\/div>\n\t\t<div class=\"elementor-element elementor-element-45c43db e-con-full e-flex e-con e-child\" data-id=\"45c43db\" data-element_type=\"container\" data-settings=\"{&quot;background_background&quot;:&quot;classic&quot;}\">\n\t\t\t\t<div class=\"elementor-element elementor-element-9ac3367 elementor-widget elementor-widget-text-editor\" data-id=\"9ac3367\" data-element_type=\"widget\" data-widget_type=\"text-editor.default\">\n\t\t\t\t<div class=\"elementor-widget-container\">\n\t\t\t\t\t\t\t\t\t<p>plus riche en vitamine A et vitamine E<\/p>\t\t\t\t\t\t\t\t<\/div>\n\t\t\t\t<\/div>\n\t\t\t\t<div class=\"elementor-element elementor-element-3969e3c elementor-widget elementor-widget-image\" data-id=\"3969e3c\" data-element_type=\"widget\" data-widget_type=\"image.default\">\n\t\t\t\t<div class=\"elementor-widget-container\">\n\t\t\t\t\t\t\t\t\t\t\t\t\t\t\t<img loading=\"lazy\" decoding=\"async\" width=\"1\" height=\"1\" src=\"https:\/\/organicbeeflamb.eu\/wp-content\/uploads\/2024\/09\/pasture_5.svg\" class=\"attachment-large size-large wp-image-1139\" alt=\"\" \/>\t\t\t\t\t\t\t\t\t\t\t\t\t\t\t<\/div>\n\t\t\t\t<\/div>\n\t\t\t\t<\/div>\n\t\t\t\t<\/div>\n\t\t\t\t<div class=\"elementor-element elementor-element-df723ff elementor-hidden-mobile elementor-widget elementor-widget-text-editor\" data-id=\"df723ff\" data-element_type=\"widget\" data-widget_type=\"text-editor.default\">\n\t\t\t\t<div class=\"elementor-widget-container\">\n\t\t\t\t\t\t\t\t\t<span style=\"text-decoration: underline;\"><em><a href=\"https:\/\/www.teagasc.ie\/media\/website\/publications\/2018\/2-Moloney-and-Monahan.pdf\" rel=\"noopener\" aria-label=\"Teagasc, UCD\" class=\"enlace\">Teagasc, UCD (2018)<\/a><\/em><\/span>\t\t\t\t\t\t\t\t<\/div>\n\t\t\t\t<\/div>\n\t\t\t\t<\/div>\n\t\t<div class=\"elementor-element elementor-element-5c5faed e-con-full e-flex e-con e-child\" data-id=\"5c5faed\" data-element_type=\"container\">\n\t\t\t\t<div class=\"elementor-element elementor-element-a8b2ed0 animated-slow elementor-invisible elementor-widget elementor-widget-image\" data-id=\"a8b2ed0\" data-element_type=\"widget\" data-settings=\"{&quot;_animation&quot;:&quot;slideInRight&quot;}\" data-widget_type=\"image.default\">\n\t\t\t\t<div class=\"elementor-widget-container\">\n\t\t\t\t\t\t\t\t\t\t\t\t\t\t\t<img loading=\"lazy\" decoding=\"async\" width=\"655\" height=\"1052\" src=\"https:\/\/organicbeeflamb.eu\/wp-content\/uploads\/2025\/05\/agneaux-bio-de-paturage.webp\" class=\"attachment-full size-full wp-image-5400\" alt=\"Agneaux bio de p\u00e2turage\" srcset=\"https:\/\/organicbeeflamb.eu\/wp-content\/uploads\/2025\/05\/agneaux-bio-de-paturage.webp 655w, https:\/\/organicbeeflamb.eu\/wp-content\/uploads\/2025\/05\/agneaux-bio-de-paturage-187x300.webp 187w, https:\/\/organicbeeflamb.eu\/wp-content\/uploads\/2025\/05\/agneaux-bio-de-paturage-638x1024.webp 638w\" sizes=\"(max-width: 655px) 100vw, 655px\" \/>\t\t\t\t\t\t\t\t\t\t\t\t\t\t\t<\/div>\n\t\t\t\t<\/div>\n\t\t\t\t<div class=\"elementor-element elementor-element-20d848f animated-slow elementor-invisible elementor-widget elementor-widget-image\" data-id=\"20d848f\" data-element_type=\"widget\" data-settings=\"{&quot;_animation&quot;:&quot;slideInUp&quot;}\" data-widget_type=\"image.default\">\n\t\t\t\t<div class=\"elementor-widget-container\">\n\t\t\t\t\t\t\t\t\t\t\t\t\t\t\t<img decoding=\"async\" src=\"https:\/\/organicbeeflamb.eu\/wp-content\/uploads\/2024\/09\/pasture_6.svg\" class=\"attachment-full size-full wp-image-1144\" alt=\"\" \/>\t\t\t\t\t\t\t\t\t\t\t\t\t\t\t<\/div>\n\t\t\t\t<\/div>\n\t\t<div class=\"elementor-element elementor-element-4073596 e-con-full elementor-hidden-desktop elementor-hidden-tablet e-flex e-con e-child\" data-id=\"4073596\" data-element_type=\"container\">\n\t\t<div class=\"elementor-element elementor-element-8c79af8 e-con-full e-flex e-con e-child\" data-id=\"8c79af8\" data-element_type=\"container\" data-settings=\"{&quot;background_background&quot;:&quot;classic&quot;}\">\n\t\t\t\t<div class=\"elementor-element elementor-element-ea72504 elementor-widget elementor-widget-heading\" data-id=\"ea72504\" data-element_type=\"widget\" data-widget_type=\"heading.default\">\n\t\t\t\t<div class=\"elementor-widget-container\">\n\t\t\t\t\t<h2 class=\"elementor-heading-title elementor-size-default\">Avantages nutritionnels de la viande issue d\u2019animaux \u00e9lev\u00e9s au p\u00e2turage<\/h2>\t\t\t\t<\/div>\n\t\t\t\t<\/div>\n\t\t\t\t<\/div>\n\t\t<div class=\"elementor-element elementor-element-c72f014 e-con-full e-flex e-con e-child\" data-id=\"c72f014\" data-element_type=\"container\" data-settings=\"{&quot;background_background&quot;:&quot;classic&quot;}\">\n\t\t\t\t<div class=\"elementor-element elementor-element-5037cef elementor-widget elementor-widget-text-editor\" data-id=\"5037cef\" data-element_type=\"widget\" data-widget_type=\"text-editor.default\">\n\t\t\t\t<div class=\"elementor-widget-container\">\n\t\t\t\t\t\t\t\t\t<p>plus faible en graisses satur\u00e9es<\/p>\t\t\t\t\t\t\t\t<\/div>\n\t\t\t\t<\/div>\n\t\t\t\t<div class=\"elementor-element elementor-element-1e80f11 elementor-widget elementor-widget-image\" data-id=\"1e80f11\" data-element_type=\"widget\" data-widget_type=\"image.default\">\n\t\t\t\t<div class=\"elementor-widget-container\">\n\t\t\t\t\t\t\t\t\t\t\t\t\t\t\t<img decoding=\"async\" width=\"1\" height=\"1\" src=\"https:\/\/organicbeeflamb.eu\/wp-content\/uploads\/2024\/09\/pasture_9.svg\" class=\"attachment-large size-large wp-image-1160\" alt=\"\" \/>\t\t\t\t\t\t\t\t\t\t\t\t\t\t\t<\/div>\n\t\t\t\t<\/div>\n\t\t\t\t<\/div>\n\t\t<div class=\"elementor-element elementor-element-902057b e-con-full e-flex e-con e-child\" data-id=\"902057b\" data-element_type=\"container\" data-settings=\"{&quot;background_background&quot;:&quot;classic&quot;}\">\n\t\t\t\t<div class=\"elementor-element elementor-element-4912a78 elementor-widget elementor-widget-text-editor\" data-id=\"4912a78\" data-element_type=\"widget\" data-widget_type=\"text-editor.default\">\n\t\t\t\t<div class=\"elementor-widget-container\">\n\t\t\t\t\t\t\t\t\t<p>plus riche en acides gras om\u00e9ga-3<\/p>\t\t\t\t\t\t\t\t<\/div>\n\t\t\t\t<\/div>\n\t\t\t\t<div class=\"elementor-element elementor-element-7b8aef4 elementor-widget elementor-widget-image\" data-id=\"7b8aef4\" data-element_type=\"widget\" data-widget_type=\"image.default\">\n\t\t\t\t<div class=\"elementor-widget-container\">\n\t\t\t\t\t\t\t\t\t\t\t\t\t\t\t<img decoding=\"async\" width=\"1\" height=\"1\" src=\"https:\/\/organicbeeflamb.eu\/wp-content\/uploads\/2024\/09\/pasture_4.svg\" class=\"attachment-large size-large wp-image-1134\" alt=\"\" \/>\t\t\t\t\t\t\t\t\t\t\t\t\t\t\t<\/div>\n\t\t\t\t<\/div>\n\t\t\t\t<\/div>\n\t\t<div class=\"elementor-element elementor-element-c5fadfe e-con-full e-flex e-con e-child\" data-id=\"c5fadfe\" data-element_type=\"container\" data-settings=\"{&quot;background_background&quot;:&quot;classic&quot;}\">\n\t\t\t\t<div class=\"elementor-element elementor-element-0b64616 elementor-widget elementor-widget-text-editor\" data-id=\"0b64616\" data-element_type=\"widget\" data-widget_type=\"text-editor.default\">\n\t\t\t\t<div class=\"elementor-widget-container\">\n\t\t\t\t\t\t\t\t\t<p>plus riche en vitamine A et vitamine E<\/p>\t\t\t\t\t\t\t\t<\/div>\n\t\t\t\t<\/div>\n\t\t\t\t<div class=\"elementor-element elementor-element-48e8670 elementor-widget elementor-widget-image\" data-id=\"48e8670\" data-element_type=\"widget\" data-widget_type=\"image.default\">\n\t\t\t\t<div class=\"elementor-widget-container\">\n\t\t\t\t\t\t\t\t\t\t\t\t\t\t\t<img loading=\"lazy\" decoding=\"async\" width=\"1\" height=\"1\" src=\"https:\/\/organicbeeflamb.eu\/wp-content\/uploads\/2024\/09\/pasture_5.svg\" class=\"attachment-large size-large wp-image-1139\" alt=\"\" \/>\t\t\t\t\t\t\t\t\t\t\t\t\t\t\t<\/div>\n\t\t\t\t<\/div>\n\t\t\t\t<\/div>\n\t\t\t\t<\/div>\n\t\t\t\t<div class=\"elementor-element elementor-element-d3e4ba7 elementor-hidden-desktop elementor-hidden-tablet elementor-widget elementor-widget-text-editor\" data-id=\"d3e4ba7\" data-element_type=\"widget\" data-widget_type=\"text-editor.default\">\n\t\t\t\t<div class=\"elementor-widget-container\">\n\t\t\t\t\t\t\t\t\t<p><em><a href=\"https:\/\/www.teagasc.ie\/media\/website\/publications\/2018\/2-Moloney-and-Monahan.pdf\" target=\"_blank\" rel=\"noopener\">Teagasc, UCD (2018)<\/a><\/em><\/p>\t\t\t\t\t\t\t\t<\/div>\n\t\t\t\t<\/div>\n\t\t\t\t<\/div>\n\t\t\t\t\t<\/div>\n\t\t\t\t<\/div>\n\t\t<div class=\"elementor-element elementor-element-a983891 e-flex e-con-boxed e-con e-parent\" data-id=\"a983891\" data-element_type=\"container\">\n\t\t\t\t\t<div class=\"e-con-inner\">\n\t\t<div class=\"elementor-element elementor-element-b63e1c8 e-con-full e-flex e-con e-child\" data-id=\"b63e1c8\" data-element_type=\"container\">\n\t\t\t\t<div class=\"elementor-element elementor-element-af473b6 elementor-widget elementor-widget-heading\" data-id=\"af473b6\" data-element_type=\"widget\" data-widget_type=\"heading.default\">\n\t\t\t\t<div class=\"elementor-widget-container\">\n\t\t\t\t\t<h2 class=\"elementor-heading-title elementor-size-default\">D\u00e9couvrez-en plus sur :<\/h2>\t\t\t\t<\/div>\n\t\t\t\t<\/div>\n\t\t\t\t<\/div>\n\t\t<div class=\"elementor-element elementor-element-d3f4d52 e-con-full e-flex e-con e-child\" data-id=\"d3f4d52\" data-element_type=\"container\">\n\t\t<div class=\"elementor-element elementor-element-0f3ca4f e-con-full e-flex e-con e-child\" data-id=\"0f3ca4f\" data-element_type=\"container\">\n\t\t<div class=\"elementor-element elementor-element-484d372 e-con-full e-flex e-con e-child\" data-id=\"484d372\" data-element_type=\"container\" data-settings=\"{&quot;background_background&quot;:&quot;classic&quot;}\">\n\t\t\t\t<\/div>\n\t\t<div class=\"elementor-element elementor-element-abd56bd e-con-full e-flex e-con e-child\" data-id=\"abd56bd\" data-element_type=\"container\" data-settings=\"{&quot;background_background&quot;:&quot;classic&quot;}\">\n\t\t\t\t<div class=\"elementor-element elementor-element-9b51b6f elementor-widget elementor-widget-heading\" data-id=\"9b51b6f\" data-element_type=\"widget\" data-widget_type=\"heading.default\">\n\t\t\t\t<div class=\"elementor-widget-container\">\n\t\t\t\t\t<p class=\"elementor-heading-title elementor-size-default\">Tra\u00e7abilit\u00e9<\/p>\t\t\t\t<\/div>\n\t\t\t\t<\/div>\n\t\t\t\t<div class=\"elementor-element elementor-element-526120c elementor-align-center elementor-widget elementor-widget-button\" data-id=\"526120c\" data-element_type=\"widget\" data-widget_type=\"button.default\">\n\t\t\t\t<div class=\"elementor-widget-container\">\n\t\t\t\t\t\t\t\t\t<div class=\"elementor-button-wrapper\">\n\t\t\t\t\t<a class=\"elementor-button elementor-button-link elementor-size-sm\" href=\"https:\/\/organicbeeflamb.eu\/fr\/irlande\/tracabilite\/\" aria-label=\"Explorer Tra\u00e7abilit\u00e9\">\n\t\t\t\t\t\t<span class=\"elementor-button-content-wrapper\">\n\t\t\t\t\t\t\t\t\t<span class=\"elementor-button-text\">Explorer <span class=\"visually-hidden\">Tra\u00e7abilit\u00e9<\/span><\/span>\n\t\t\t\t\t<\/span>\n\t\t\t\t\t<\/a>\n\t\t\t\t<\/div>\n\t\t\t\t\t\t\t\t<\/div>\n\t\t\t\t<\/div>\n\t\t\t\t<\/div>\n\t\t\t\t<\/div>\n\t\t<div class=\"elementor-element elementor-element-b947c6e e-con-full e-flex e-con e-child\" data-id=\"b947c6e\" data-element_type=\"container\">\n\t\t<div class=\"elementor-element elementor-element-a67d5c9 e-con-full e-flex e-con e-child\" data-id=\"a67d5c9\" data-element_type=\"container\" data-settings=\"{&quot;background_background&quot;:&quot;classic&quot;}\">\n\t\t\t\t<\/div>\n\t\t<div class=\"elementor-element elementor-element-4d31f6a e-con-full e-flex e-con e-child\" data-id=\"4d31f6a\" data-element_type=\"container\" data-settings=\"{&quot;background_background&quot;:&quot;classic&quot;}\">\n\t\t\t\t<div class=\"elementor-element elementor-element-0098afd elementor-widget elementor-widget-heading\" data-id=\"0098afd\" data-element_type=\"widget\" data-widget_type=\"heading.default\">\n\t\t\t\t<div class=\"elementor-widget-container\">\n\t\t\t\t\t<p class=\"elementor-heading-title elementor-size-default\">Irlande<\/p>\t\t\t\t<\/div>\n\t\t\t\t<\/div>\n\t\t\t\t<div class=\"elementor-element elementor-element-1ce390a elementor-align-center elementor-widget elementor-widget-button\" data-id=\"1ce390a\" data-element_type=\"widget\" data-widget_type=\"button.default\">\n\t\t\t\t<div class=\"elementor-widget-container\">\n\t\t\t\t\t\t\t\t\t<div class=\"elementor-button-wrapper\">\n\t\t\t\t\t<a class=\"elementor-button elementor-button-link elementor-size-sm\" href=\"https:\/\/organicbeeflamb.eu\/fr\/irlande\/\" aria-label=\"Explorer Irlande\">\n\t\t\t\t\t\t<span class=\"elementor-button-content-wrapper\">\n\t\t\t\t\t\t\t\t\t<span class=\"elementor-button-text\">Explorer <span class=\"visually-hidden\">Irlande<\/span><\/span>\n\t\t\t\t\t<\/span>\n\t\t\t\t\t<\/a>\n\t\t\t\t<\/div>\n\t\t\t\t\t\t\t\t<\/div>\n\t\t\t\t<\/div>\n\t\t\t\t<\/div>\n\t\t\t\t<\/div>\n\t\t\t\t<\/div>\n\t\t\t\t\t<\/div>\n\t\t\t\t<\/div>\n\t\t\t\t<\/div>\n\t\t","protected":false},"excerpt":{"rendered":"<p>B\u0153uf et agneau biologiques \u00e9lev\u00e9s au p\u00e2turage L&rsquo;Irlande b\u00e9n\u00e9ficie de la plus longue saison de croissance de l&rsquo;herbe en Europe gr\u00e2ce \u00e0 son climat temp\u00e9r\u00e9, ses pr\u00e9cipitations abondantes et ses sols fertiles. Ces conditions fournissent une base optimale pour un syst\u00e8me \u00e0 faibles intrants, bas\u00e9 sur les p\u00e2turages, dans le cadre de la production agricole [&hellip;]<\/p>\n","protected":false},"author":1,"featured_media":1170,"parent":2084,"menu_order":0,"comment_status":"closed","ping_status":"closed","template":"","meta":{"footnotes":""},"class_list":["post-2092","page","type-page","status-publish","has-post-thumbnail","hentry"],"_links":{"self":[{"href":"https:\/\/organicbeeflamb.eu\/fr\/wp-json\/wp\/v2\/pages\/2092","targetHints":{"allow":["GET"]}}],"collection":[{"href":"https:\/\/organicbeeflamb.eu\/fr\/wp-json\/wp\/v2\/pages"}],"about":[{"href":"https:\/\/organicbeeflamb.eu\/fr\/wp-json\/wp\/v2\/types\/page"}],"author":[{"embeddable":true,"href":"https:\/\/organicbeeflamb.eu\/fr\/wp-json\/wp\/v2\/users\/1"}],"replies":[{"embeddable":true,"href":"https:\/\/organicbeeflamb.eu\/fr\/wp-json\/wp\/v2\/comments?post=2092"}],"version-history":[{"count":52,"href":"https:\/\/organicbeeflamb.eu\/fr\/wp-json\/wp\/v2\/pages\/2092\/revisions"}],"predecessor-version":[{"id":6866,"href":"https:\/\/organicbeeflamb.eu\/fr\/wp-json\/wp\/v2\/pages\/2092\/revisions\/6866"}],"up":[{"embeddable":true,"href":"https:\/\/organicbeeflamb.eu\/fr\/wp-json\/wp\/v2\/pages\/2084"}],"wp:featuredmedia":[{"embeddable":true,"href":"https:\/\/organicbeeflamb.eu\/fr\/wp-json\/wp\/v2\/media\/1170"}],"wp:attachment":[{"href":"https:\/\/organicbeeflamb.eu\/fr\/wp-json\/wp\/v2\/media?parent=2092"}],"curies":[{"name":"wp","href":"https:\/\/api.w.org\/{rel}","templated":true}]}}