{"id":2099,"date":"2024-09-08T16:39:33","date_gmt":"2024-09-08T16:39:33","guid":{"rendered":"https:\/\/organicbeeflamb.eu\/publications\/"},"modified":"2025-08-18T08:02:10","modified_gmt":"2025-08-18T08:02:10","slug":"publications","status":"publish","type":"page","link":"https:\/\/organicbeeflamb.eu\/nl\/publications\/","title":{"rendered":"Publications"},"content":{"rendered":"\t\t<div data-elementor-type=\"wp-page\" data-elementor-id=\"2099\" class=\"elementor elementor-2099 elementor-74\" data-elementor-post-type=\"page\">\n\t\t\t\t<div class=\"elementor-element elementor-element-9801ce9 e-flex e-con-boxed e-con e-parent\" data-id=\"9801ce9\" data-element_type=\"container\" data-settings=\"{&quot;background_background&quot;:&quot;classic&quot;}\">\n\t\t\t\t\t<div class=\"e-con-inner\">\n\t\t\t\t<div class=\"elementor-element elementor-element-158de74 elementor-widget elementor-widget-heading\" data-id=\"158de74\" data-element_type=\"widget\" data-widget_type=\"heading.default\">\n\t\t\t\t<div class=\"elementor-widget-container\">\n\t\t\t\t\t<h1 class=\"elementor-heading-title elementor-size-default\">Publications<\/h1>\t\t\t\t<\/div>\n\t\t\t\t<\/div>\n\t\t\t\t<div class=\"elementor-element elementor-element-2d32074 elementor-widget elementor-widget-image\" data-id=\"2d32074\" data-element_type=\"widget\" data-widget_type=\"image.default\">\n\t\t\t\t<div class=\"elementor-widget-container\">\n\t\t\t\t\t\t\t\t\t\t\t\t\t\t\t<img decoding=\"async\" width=\"146\" height=\"197\" src=\"https:\/\/organicbeeflamb.eu\/wp-content\/uploads\/2024\/09\/logo-Enjoy.svg\" class=\"attachment-full size-full wp-image-122\" alt=\"Enjoy it&#039;s from Europe\" \/>\t\t\t\t\t\t\t\t\t\t\t\t\t\t\t<\/div>\n\t\t\t\t<\/div>\n\t\t\t\t\t<\/div>\n\t\t\t\t<\/div>\n\t\t<div class=\"elementor-element elementor-element-2eb39a0 elementor-hidden-desktop elementor-hidden-tablet elementor-hidden-mobile e-flex e-con-boxed e-con e-parent\" data-id=\"2eb39a0\" data-element_type=\"container\" id=\"videos\">\n\t\t\t\t\t<div class=\"e-con-inner\">\n\t\t\t\t<div class=\"elementor-element elementor-element-13662bd elementor-widget elementor-widget-video\" data-id=\"13662bd\" data-element_type=\"widget\" data-settings=\"{&quot;video_type&quot;:&quot;hosted&quot;,&quot;mute&quot;:&quot;yes&quot;,&quot;controls&quot;:&quot;yes&quot;}\" data-widget_type=\"video.default\">\n\t\t\t\t<div class=\"elementor-widget-container\">\n\t\t\t\t\t\t\t<div class=\"e-hosted-video elementor-wrapper elementor-open-inline\">\n\t\t\t\t\t<video class=\"elementor-video\" src=\"https:\/\/organicbeeflamb.eu\/wp-content\/uploads\/2024\/09\/cow-and-baby-cow-resting-on-a-meadow-in-ireland-2023-11-27-05-31-44-utc.mov\" controls=\"\" preload=\"metadata\" muted=\"muted\" controlsList=\"nodownload\"><\/video>\n\t\t\t\t<\/div>\n\t\t\t\t\t\t<\/div>\n\t\t\t\t<\/div>\n\t\t\t\t\t<\/div>\n\t\t\t\t<\/div>\n\t\t<div class=\"elementor-element elementor-element-810cbce e-flex e-con-boxed e-con e-parent\" data-id=\"810cbce\" data-element_type=\"container\" id=\"gallery\">\n\t\t\t\t\t<div class=\"e-con-inner\">\n\t\t\t\t<div class=\"elementor-element elementor-element-f34dd75 elementor-widget elementor-widget-heading\" data-id=\"f34dd75\" data-element_type=\"widget\" data-widget_type=\"heading.default\">\n\t\t\t\t<div class=\"elementor-widget-container\">\n\t\t\t\t\t<h2 class=\"elementor-heading-title elementor-size-default\">Video<\/h2>\t\t\t\t<\/div>\n\t\t\t\t<\/div>\n\t\t\t\t<div class=\"elementor-element elementor-element-6ea76a8 elementor-widget elementor-widget-video\" data-id=\"6ea76a8\" data-element_type=\"widget\" data-settings=\"{&quot;youtube_url&quot;:&quot;https:\\\/\\\/youtu.be\\\/xHwEWR0Mi0U&quot;,&quot;cc_load_policy&quot;:&quot;yes&quot;,&quot;video_type&quot;:&quot;youtube&quot;,&quot;controls&quot;:&quot;yes&quot;}\" data-widget_type=\"video.default\">\n\t\t\t\t<div class=\"elementor-widget-container\">\n\t\t\t\t\t\t\t<div class=\"elementor-wrapper elementor-open-inline\">\n\t\t\t<div class=\"elementor-video\"><\/div>\t\t<\/div>\n\t\t\t\t\t\t<\/div>\n\t\t\t\t<\/div>\n\t\t\t\t\t<\/div>\n\t\t\t\t<\/div>\n\t\t<div class=\"elementor-element elementor-element-ecb3862 e-flex e-con-boxed e-con e-parent\" data-id=\"ecb3862\" data-element_type=\"container\">\n\t\t\t\t\t<div class=\"e-con-inner\">\n\t\t\t\t<div class=\"elementor-element elementor-element-ed556c8 elementor-widget elementor-widget-heading\" data-id=\"ed556c8\" data-element_type=\"widget\" data-widget_type=\"heading.default\">\n\t\t\t\t<div class=\"elementor-widget-container\">\n\t\t\t\t\t<h2 class=\"elementor-heading-title elementor-size-default\">Galerij<\/h2>\t\t\t\t<\/div>\n\t\t\t\t<\/div>\n\t\t\t\t\t<\/div>\n\t\t\t\t<\/div>\n\t\t<div class=\"elementor-element elementor-element-5f0f4c3 e-flex e-con-boxed e-con e-parent\" data-id=\"5f0f4c3\" data-element_type=\"container\">\n\t\t\t\t\t<div class=\"e-con-inner\">\n\t\t\t\t<div class=\"elementor-element elementor-element-75810c9 elementor-widget elementor-widget-shortcode\" data-id=\"75810c9\" data-element_type=\"widget\" data-widget_type=\"shortcode.default\">\n\t\t\t\t<div class=\"elementor-widget-container\">\n\t\t\t\t\t\t\t<div class=\"elementor-shortcode\">        <section id=\"miGaleria\" class=\"gallery\" aria-roledescription=\"carousel\" aria-label=\"Kuvagalleria\">\n          <div class=\"gallery-inner\">\n            <div class=\"controls\">\n              <button type=\"button\" class=\"rotation pause\" aria-label=\"Pys\u00e4yt\u00e4 automaattinen n\u00e4ytt\u00f6\">\n                <svg width=\"42\" height=\"34\" version=\"1.1\" xmlns=\"http:\/\/www.w3.org\/2000\/svg\">\n                  <rect class=\"background\" x=\"2\" y=\"2\" rx=\"5\" ry=\"5\" width=\"38\" height=\"24\"><\/rect>\n                  <rect class=\"border\" x=\"4\" y=\"4\" rx=\"5\" ry=\"5\" width=\"34\" height=\"20\"><\/rect>\n                  <polygon class=\"pause\" points=\"17 8 17 20\"><\/polygon>\n                  <polygon class=\"pause\" points=\"24 8 24 20\"><\/polygon>\n                  <polygon class=\"play\" points=\"15 8 15 20 27 14\"><\/polygon>\n                <\/svg>\n              <\/button>\n\n              <button type=\"button\" class=\"previous\" aria-controls=\"miGaleria-items\" aria-label=\"Edellinen kuva\">\n                  <svg aria-hidden=\"true\" class=\"e-font-icon-svg e-fas-long-arrow-alt-left\" viewBox=\"0 0 448 512\" xmlns=\"http:\/\/www.w3.org\/2000\/svg\">\n                      <path d=\"M134.059 296H436c6.627 0 12-5.373 12-12v-56c0-6.627-5.373-12-12-12H134.059v-46.059c0-21.382-25.851-32.09-40.971-16.971L7.029 239.029c-9.373 9.373-9.373 24.569 0 33.941l86.059 86.059c15.119 15.119 40.971 4.411 40.971-16.971V296z\"><\/path><\/svg>\n              <\/button>\n\n              <button type=\"button\" class=\"next\" aria-controls=\"miGaleria-items\" aria-label=\"Seuraava kuva\">\n                <svg aria-hidden=\"true\" class=\"e-font-icon-svg e-fas-long-arrow-alt-right\" viewBox=\"0 0 448 512\" xmlns=\"http:\/\/www.w3.org\/2000\/svg\"><path d=\"M313.941 216H12c-6.627 0-12 5.373-12 12v56c0 6.627 5.373 12 12 12h301.941v46.059c0 21.382 25.851 32.09 40.971 16.971l86.059-86.059c9.373-9.373 9.373-24.569 0-33.941l-86.059-86.059c-15.119-15.119-40.971-4.411-40.971 16.971V216z\"><\/path><\/svg>\n              <\/button>\n            <\/div>\n\n            <div id=\"miGaleria-items\" class=\"gallery-items\" aria-live=\"off\">\n              <div class=\"gallery-track\">\n                \n          <div class=\"gallery-item active\" role=\"group\" aria-roledescription=\"slide\" aria-label=\"Imagen 1 de 2\">\n          <div class=\"gallery-image\" tabindex=\"0\" role=\"img\" aria-label=\"Luonnonmukainen karjatila Irlannissa, jossa lehm\u00e4t laiduntavat vihre\u00e4ll\u00e4 pellolla.\">\n              <img decoding=\"async\" src=\"https:\/\/organicbeeflamb.eu\/wp-content\/uploads\/2025\/05\/elevage-de-betail-biologique-irlande-1.webp\" \n                   alt=\"Luonnonmukainen karjatila Irlannissa, jossa lehm\u00e4t laiduntavat vihre\u00e4ll\u00e4 pellolla.\" \n                   title=\"Luonnonmukainen karjatila Irlannissa, jossa lehm\u00e4t laiduntavat vihre\u00e4ll\u00e4 pellolla.\">\n          <\/div>\n        <\/div>\n        \n          <div class=\"gallery-item active\" role=\"group\" aria-roledescription=\"slide\" aria-label=\"Imagen 2 de 2\">\n          <div class=\"gallery-image\" tabindex=\"0\" role=\"img\" aria-label=\"Luonnonmukainen naudanli\">\n              <img decoding=\"async\" src=\"https:\/\/organicbeeflamb.eu\/wp-content\/uploads\/2025\/05\/boeuf-biologique-3.webp\" \n                   alt=\"Luonnonmukainen naudanli\" \n                   title=\"Luonnonmukainen naudanli\">\n          <\/div>\n        <\/div>\n        \n\n              <\/div>\n            <\/div>\n          <\/div>\n        <\/section>\n        <\/div>\n\t\t\t\t\t\t<\/div>\n\t\t\t\t<\/div>\n\t\t\t\t\t<\/div>\n\t\t\t\t<\/div>\n\t\t<div class=\"elementor-element elementor-element-9279390 e-flex e-con-boxed e-con e-parent\" data-id=\"9279390\" data-element_type=\"container\">\n\t\t\t\t\t<div class=\"e-con-inner\">\n\t\t\t\t<div class=\"elementor-element elementor-element-e101bcc elementor-widget elementor-widget-heading\" data-id=\"e101bcc\" data-element_type=\"widget\" data-widget_type=\"heading.default\">\n\t\t\t\t<div class=\"elementor-widget-container\">\n\t\t\t\t\t<h2 class=\"elementor-heading-title elementor-size-default\">Campagne Activiteit Video<\/h2>\t\t\t\t<\/div>\n\t\t\t\t<\/div>\n\t\t\t\t<div class=\"elementor-element elementor-element-31ac468 elementor-widget elementor-widget-video\" data-id=\"31ac468\" data-element_type=\"widget\" data-settings=\"{&quot;youtube_url&quot;:&quot;https:\\\/\\\/youtu.be\\\/VoOWVJ-S-RI&quot;,&quot;cc_load_policy&quot;:&quot;yes&quot;,&quot;video_type&quot;:&quot;youtube&quot;,&quot;controls&quot;:&quot;yes&quot;}\" data-widget_type=\"video.default\">\n\t\t\t\t<div class=\"elementor-widget-container\">\n\t\t\t\t\t\t\t<div class=\"elementor-wrapper elementor-open-inline\">\n\t\t\t<div class=\"elementor-video\"><\/div>\t\t<\/div>\n\t\t\t\t\t\t<\/div>\n\t\t\t\t<\/div>\n\t\t\t\t\t<\/div>\n\t\t\t\t<\/div>\n\t\t<div class=\"elementor-element elementor-element-c89f9d2 elementor-hidden-desktop elementor-hidden-tablet elementor-hidden-mobile e-flex e-con-boxed e-con e-parent\" data-id=\"c89f9d2\" data-element_type=\"container\" id=\"press\">\n\t\t\t\t\t<div class=\"e-con-inner\">\n\t\t<div class=\"elementor-element elementor-element-971ffa4 e-con-full e-flex e-con e-child\" data-id=\"971ffa4\" data-element_type=\"container\">\n\t\t\t\t<div class=\"elementor-element elementor-element-3833ea8 elementor-widget elementor-widget-heading\" data-id=\"3833ea8\" data-element_type=\"widget\" data-widget_type=\"heading.default\">\n\t\t\t\t<div class=\"elementor-widget-container\">\n\t\t\t\t\t<h2 class=\"elementor-heading-title elementor-size-default\">Find out the latest news\nabout EU Organic Beef\n&amp; Lamb<\/h2>\t\t\t\t<\/div>\n\t\t\t\t<\/div>\n\t\t\t\t<div class=\"elementor-element elementor-element-b469879 elementor-widget elementor-widget-text-editor\" data-id=\"b469879\" data-element_type=\"widget\" data-widget_type=\"text-editor.default\">\n\t\t\t\t<div class=\"elementor-widget-container\">\n\t\t\t\t\t\t\t\t\t<p>Lorem ipsum dolor sit amet, consectetur adipiscing elit. Phasellus placerat euismod accumsan. Nulla semper dui ac eros egestas gravida. Quisque egestas lobortis elit. Cras pharetra augue ac malesuada rutrum. Class aptent taciti sociosqu ad litora torquent per conubia nostra, per inceptos himenaeos. Sed feugiat ligula eleifend laoreet viverra. Aenean velit dui.<\/p>\t\t\t\t\t\t\t\t<\/div>\n\t\t\t\t<\/div>\n\t\t\t\t<div class=\"elementor-element elementor-element-071dbde elementor-widget elementor-widget-heading\" data-id=\"071dbde\" data-element_type=\"widget\" data-widget_type=\"heading.default\">\n\t\t\t\t<div class=\"elementor-widget-container\">\n\t\t\t\t\t<h4 class=\"elementor-heading-title elementor-size-default\">Download the document for<br> more information!<\/h4>\t\t\t\t<\/div>\n\t\t\t\t<\/div>\n\t\t\t\t<div class=\"elementor-element elementor-element-18682f0 elementor-align-left elementor-mobile-align-center elementor-widget elementor-widget-button\" data-id=\"18682f0\" data-element_type=\"widget\" data-widget_type=\"button.default\">\n\t\t\t\t<div class=\"elementor-widget-container\">\n\t\t\t\t\t\t\t\t\t<div class=\"elementor-button-wrapper\">\n\t\t\t\t\t<a class=\"elementor-button elementor-button-link elementor-size-sm\" href=\"#\">\n\t\t\t\t\t\t<span class=\"elementor-button-content-wrapper\">\n\t\t\t\t\t\t\t\t\t<span class=\"elementor-button-text\">DOWNLOAD PRESSKIT<\/span>\n\t\t\t\t\t<\/span>\n\t\t\t\t\t<\/a>\n\t\t\t\t<\/div>\n\t\t\t\t\t\t\t\t<\/div>\n\t\t\t\t<\/div>\n\t\t\t\t<\/div>\n\t\t<div class=\"elementor-element elementor-element-5041601 e-con-full e-flex e-con e-child\" data-id=\"5041601\" data-element_type=\"container\">\n\t\t\t\t<div class=\"elementor-element elementor-element-602f304 elementor-widget elementor-widget-image\" data-id=\"602f304\" data-element_type=\"widget\" data-widget_type=\"image.default\">\n\t\t\t\t<div class=\"elementor-widget-container\">\n\t\t\t\t\t\t\t\t\t\t\t\t\t\t\t<img fetchpriority=\"high\" decoding=\"async\" width=\"800\" height=\"851\" src=\"https:\/\/organicbeeflamb.eu\/wp-content\/uploads\/2024\/09\/publications_3-963x1024.jpg\" class=\"attachment-large size-large wp-image-1382\" alt=\"\" srcset=\"https:\/\/organicbeeflamb.eu\/wp-content\/uploads\/2024\/09\/publications_3-963x1024.jpg 963w, https:\/\/organicbeeflamb.eu\/wp-content\/uploads\/2024\/09\/publications_3-282x300.jpg 282w, https:\/\/organicbeeflamb.eu\/wp-content\/uploads\/2024\/09\/publications_3-768x816.jpg 768w, https:\/\/organicbeeflamb.eu\/wp-content\/uploads\/2024\/09\/publications_3-1445x1536.jpg 1445w, https:\/\/organicbeeflamb.eu\/wp-content\/uploads\/2024\/09\/publications_3.jpg 1620w\" sizes=\"(max-width: 800px) 100vw, 800px\" \/>\t\t\t\t\t\t\t\t\t\t\t\t\t\t\t<\/div>\n\t\t\t\t<\/div>\n\t\t\t\t<\/div>\n\t\t\t\t\t<\/div>\n\t\t\t\t<\/div>\n\t\t\t\t<\/div>\n\t\t","protected":false},"excerpt":{"rendered":"<p>Publications https:\/\/organicbeeflamb.eu\/wp-content\/uploads\/2024\/09\/cow-and-baby-cow-resting-on-a-meadow-in-ireland-2023-11-27-05-31-44-utc.mov Video Galerij Campagne Activiteit Video Find out the latest news about EU Organic Beef &#038; Lamb Lorem ipsum dolor sit amet, consectetur adipiscing elit. Phasellus placerat euismod accumsan. Nulla semper dui ac eros egestas gravida. Quisque egestas lobortis elit. Cras pharetra augue ac malesuada rutrum. Class aptent taciti sociosqu ad litora torquent per [&hellip;]<\/p>\n","protected":false},"author":1,"featured_media":0,"parent":0,"menu_order":0,"comment_status":"closed","ping_status":"closed","template":"","meta":{"footnotes":""},"class_list":["post-2099","page","type-page","status-publish","hentry"],"_links":{"self":[{"href":"https:\/\/organicbeeflamb.eu\/nl\/wp-json\/wp\/v2\/pages\/2099","targetHints":{"allow":["GET"]}}],"collection":[{"href":"https:\/\/organicbeeflamb.eu\/nl\/wp-json\/wp\/v2\/pages"}],"about":[{"href":"https:\/\/organicbeeflamb.eu\/nl\/wp-json\/wp\/v2\/types\/page"}],"author":[{"embeddable":true,"href":"https:\/\/organicbeeflamb.eu\/nl\/wp-json\/wp\/v2\/users\/1"}],"replies":[{"embeddable":true,"href":"https:\/\/organicbeeflamb.eu\/nl\/wp-json\/wp\/v2\/comments?post=2099"}],"version-history":[{"count":28,"href":"https:\/\/organicbeeflamb.eu\/nl\/wp-json\/wp\/v2\/pages\/2099\/revisions"}],"predecessor-version":[{"id":7204,"href":"https:\/\/organicbeeflamb.eu\/nl\/wp-json\/wp\/v2\/pages\/2099\/revisions\/7204"}],"wp:attachment":[{"href":"https:\/\/organicbeeflamb.eu\/nl\/wp-json\/wp\/v2\/media?parent=2099"}],"curies":[{"name":"wp","href":"https:\/\/api.w.org\/{rel}","templated":true}]}}