{"id":2008,"date":"2024-09-08T16:35:32","date_gmt":"2024-09-08T16:35:32","guid":{"rendered":"https:\/\/organicbeeflamb.eu\/eu-organic-beef-lamb\/"},"modified":"2025-08-18T08:35:19","modified_gmt":"2025-08-18T08:35:19","slug":"eu-organic-beef-lamb","status":"publish","type":"page","link":"https:\/\/organicbeeflamb.eu\/sv\/","title":{"rendered":"EU-ekologiskt n\u00f6t- och lammk\u00f6tt"},"content":{"rendered":"\t\t<div data-elementor-type=\"wp-page\" data-elementor-id=\"2008\" class=\"elementor elementor-2008 elementor-50\" data-elementor-post-type=\"page\">\n\t\t\t\t<div class=\"elementor-element elementor-element-34bfc24 e-flex e-con-boxed e-con e-parent\" data-id=\"34bfc24\" data-element_type=\"container\" data-settings=\"{&quot;background_background&quot;:&quot;classic&quot;}\">\n\t\t\t\t\t<div class=\"e-con-inner\">\n\t\t\t\t<div class=\"elementor-element elementor-element-1211af0 visually-hidden elementor-widget elementor-widget-heading\" data-id=\"1211af0\" data-element_type=\"widget\" data-widget_type=\"heading.default\">\n\t\t\t\t<div class=\"elementor-widget-container\">\n\t\t\t\t\t<h1 class=\"elementor-heading-title elementor-size-default\">Europeiskt ekologiskt n\u00f6tk\u00f6tt och lammk\u00f6tt <br>\nBetesuppf\u00f6dda p\u00e5 Irland<\/h1>\t\t\t\t<\/div>\n\t\t\t\t<\/div>\n\t\t\t\t<div class=\"elementor-element elementor-element-03887fc elementor-widget elementor-widget-image\" data-id=\"03887fc\" data-element_type=\"widget\" data-widget_type=\"image.default\">\n\t\t\t\t<div class=\"elementor-widget-container\">\n\t\t\t\t\t\t\t\t\t\t\t\t\t\t\t<img decoding=\"async\" width=\"146\" height=\"197\" src=\"https:\/\/organicbeeflamb.eu\/wp-content\/uploads\/2024\/09\/logo-Enjoy.svg\" class=\"attachment-full size-full wp-image-125\" alt=\"Enjoy it&#039;s from Europe\" \/>\t\t\t\t\t\t\t\t\t\t\t\t\t\t\t<\/div>\n\t\t\t\t<\/div>\n\t\t\t\t\t<\/div>\n\t\t\t\t<\/div>\n\t\t<div class=\"elementor-element elementor-element-f991511 e-flex e-con-boxed e-con e-parent\" data-id=\"f991511\" data-element_type=\"container\">\n\t\t\t\t\t<div class=\"e-con-inner\">\n\t\t<div class=\"elementor-element elementor-element-3ab4882 e-con-full e-flex e-con e-child\" data-id=\"3ab4882\" data-element_type=\"container\">\n\t\t\t\t<div class=\"elementor-element elementor-element-abc49f0 elementor-widget elementor-widget-text-editor\" data-id=\"abc49f0\" data-element_type=\"widget\" data-widget_type=\"text-editor.default\">\n\t\t\t\t<div class=\"elementor-widget-container\">\n\t\t\t\t\t\t\t\t\t<p><span style=\"font-weight: 400;\">Uppt\u00e4ck Europas rika tradition av h\u00e5llbart jordbruk och <\/span><b>ekologiskt lantbruk,<\/b><span style=\"font-weight: 400;\"> d\u00e4r frodiga landskap och en stark tradition av <\/span><b>ekologiska metoder <\/b><span style=\"font-weight: 400;\">f\u00f6renas f\u00f6r att erbjuda dig n\u00f6tk\u00f6tt och lamm av h\u00f6gsta kvalitet<\/span><b>, h\u00e5llbart producerat.<\/b><span style=\"font-weight: 400;\"> V\u00e5ra frodiga gr\u00f6na \u00e4ngar och b\u00f6ljande kullar skapar en idealisk milj\u00f6 f\u00f6r ekologiskt jordbruk och s\u00e4kerst\u00e4ller att varje tugga \u00e4r b\u00e5de god och n\u00e4ringsrik.<\/span><\/p>\t\t\t\t\t\t\t\t<\/div>\n\t\t\t\t<\/div>\n\t\t\t\t<div class=\"elementor-element elementor-element-94d7d0c elementor-widget elementor-widget-heading\" data-id=\"94d7d0c\" data-element_type=\"widget\" data-widget_type=\"heading.default\">\n\t\t\t\t<div class=\"elementor-widget-container\">\n\t\t\t\t\t<h2 class=\"elementor-heading-title elementor-size-default\">Ekologisk n\u00f6tk\u00f6tts- och lammproduktion: En v\u00e4xande m\u00f6jlighet i Irland och i hela EU<\/h2>\t\t\t\t<\/div>\n\t\t\t\t<\/div>\n\t\t\t\t<div class=\"elementor-element elementor-element-182f5e2 elementor-widget elementor-widget-text-editor\" data-id=\"182f5e2\" data-element_type=\"widget\" data-widget_type=\"text-editor.default\">\n\t\t\t\t<div class=\"elementor-widget-container\">\n\t\t\t\t\t\t\t\t\t<p><strong>Ekologiskt jordbruk<\/strong> \u00e4r inte bara en metod; det \u00e4r ett \u00e5tagande f\u00f6r en friskare planet och b\u00e4ttre mat. Genom att samarbeta med naturen och st\u00f6dja biologisk m\u00e5ngfald, f\u00f6rb\u00e4ttrar <strong>ekologiska metoder<\/strong> jordh\u00e4lsan och bek\u00e4mpar klimatf\u00f6r\u00e4ndringar.<br \/>V\u00e5ra jordbruksmetoder s\u00e4kerst\u00e4ller att djuren uppf\u00f6ds med gott om utrymme, frisk luft och naturliga dieter, fria fr\u00e5n hormoner och rutinm\u00e4ssiga antibiotika.<br \/>Detta bidrar inte bara till <strong>djurens v\u00e4lbefinnande<\/strong>, utan \u00e4ven till produktionen av <strong>h\u00e4lsosammare matalternativ<\/strong> f\u00f6r dig och din familj.<\/p>\t\t\t\t\t\t\t\t<\/div>\n\t\t\t\t<\/div>\n\t\t\t\t<div class=\"elementor-element elementor-element-2665651 elementor-align-left elementor-mobile-align-center elementor-widget elementor-widget-button\" data-id=\"2665651\" data-element_type=\"widget\" data-widget_type=\"button.default\">\n\t\t\t\t<div class=\"elementor-widget-container\">\n\t\t\t\t\t\t\t\t\t<div class=\"elementor-button-wrapper\">\n\t\t\t\t\t<a class=\"elementor-button elementor-button-link elementor-size-sm\" href=\"\/sv\/varfor-ekologiskt\/djurens-valfard\/\" aria-label=\"Ekologiska standarder\">\n\t\t\t\t\t\t<span class=\"elementor-button-content-wrapper\">\n\t\t\t\t\t\t\t\t\t<span class=\"elementor-button-text\">Ekologiska standarder<\/span>\n\t\t\t\t\t<\/span>\n\t\t\t\t\t<\/a>\n\t\t\t\t<\/div>\n\t\t\t\t\t\t\t\t<\/div>\n\t\t\t\t<\/div>\n\t\t\t\t<div class=\"elementor-element elementor-element-1599df7 elementor-hidden-mobile elementor-widget elementor-widget-heading\" data-id=\"1599df7\" data-element_type=\"widget\" data-widget_type=\"heading.default\">\n\t\t\t\t<div class=\"elementor-widget-container\">\n\t\t\t\t\t<h2 class=\"elementor-heading-title elementor-size-default\">EU:s certifieringsprocess f\u00f6r ekologiska produkter: Det du beh\u00f6ver veta<\/h2>\t\t\t\t<\/div>\n\t\t\t\t<\/div>\n\t\t\t\t<div class=\"elementor-element elementor-element-8cb1bab elementor-hidden-mobile elementor-widget elementor-widget-text-editor\" data-id=\"8cb1bab\" data-element_type=\"widget\" data-widget_type=\"text-editor.default\">\n\t\t\t\t<div class=\"elementor-widget-container\">\n\t\t\t\t\t\t\t\t\t<p>N\u00e4r du ser EU ekologiska logotyp kan du vara s\u00e4ker p\u00e5 att produkten uppfyller strikta ekologiska standarder. Den ekologiska certifieringsprocessen innefattar detaljerade inspektioner och \u00e5rliga f\u00f6rnyelser f\u00f6r att s\u00e4kerst\u00e4lla integriteten i de ekologiska p\u00e5st\u00e5endena. Fr\u00e5n den f\u00f6rsta ans\u00f6kan till regelbundna kontroller, varje steg s\u00e4kerst\u00e4ller att v\u00e5ra produkter produceras och hanteras enligt de str\u00e4ngaste ekologiska riktlinjerna.<\/p>\t\t\t\t\t\t\t\t<\/div>\n\t\t\t\t<\/div>\n\t\t\t\t<div class=\"elementor-element elementor-element-75ee07a elementor-align-left elementor-hidden-mobile elementor-widget elementor-widget-button\" data-id=\"75ee07a\" data-element_type=\"widget\" data-widget_type=\"button.default\">\n\t\t\t\t<div class=\"elementor-widget-container\">\n\t\t\t\t\t\t\t\t\t<div class=\"elementor-button-wrapper\">\n\t\t\t\t\t<a class=\"elementor-button elementor-button-link elementor-size-sm\" href=\"\/sv\/varfor-ekologiskt\/certifierad-ekologisk\/\" aria-label=\"L\u00e4s mer om ekologisk certifiering\">\n\t\t\t\t\t\t<span class=\"elementor-button-content-wrapper\">\n\t\t\t\t\t\t\t\t\t<span class=\"elementor-button-text\">L\u00e4s mer om ekologisk certifiering<\/span>\n\t\t\t\t\t<\/span>\n\t\t\t\t\t<\/a>\n\t\t\t\t<\/div>\n\t\t\t\t\t\t\t\t<\/div>\n\t\t\t\t<\/div>\n\t\t\t\t<\/div>\n\t\t<div class=\"elementor-element elementor-element-1e7988a e-con-full e-flex e-con e-child\" data-id=\"1e7988a\" data-element_type=\"container\">\n\t\t\t\t<div class=\"elementor-element elementor-element-9a3c7cd animated-slow elementor-invisible elementor-widget elementor-widget-image\" data-id=\"9a3c7cd\" data-element_type=\"widget\" data-settings=\"{&quot;_animation&quot;:&quot;slideInRight&quot;}\" data-widget_type=\"image.default\">\n\t\t\t\t<div class=\"elementor-widget-container\">\n\t\t\t\t\t\t\t\t\t\t\t\t\t\t\t<img fetchpriority=\"high\" decoding=\"async\" width=\"1956\" height=\"2254\" src=\"https:\/\/organicbeeflamb.eu\/wp-content\/uploads\/2025\/05\/ekologisk-lam-irlandsk-far.webp\" class=\"attachment-full size-full wp-image-4272\" alt=\"Ekologiskt lamm\" srcset=\"https:\/\/organicbeeflamb.eu\/wp-content\/uploads\/2025\/05\/ekologisk-lam-irlandsk-far.webp 1956w, https:\/\/organicbeeflamb.eu\/wp-content\/uploads\/2025\/05\/ekologisk-lam-irlandsk-far-260x300.webp 260w, https:\/\/organicbeeflamb.eu\/wp-content\/uploads\/2025\/05\/ekologisk-lam-irlandsk-far-889x1024.webp 889w, https:\/\/organicbeeflamb.eu\/wp-content\/uploads\/2025\/05\/ekologisk-lam-irlandsk-far-768x885.webp 768w, https:\/\/organicbeeflamb.eu\/wp-content\/uploads\/2025\/05\/ekologisk-lam-irlandsk-far-1333x1536.webp 1333w, https:\/\/organicbeeflamb.eu\/wp-content\/uploads\/2025\/05\/ekologisk-lam-irlandsk-far-1777x2048.webp 1777w\" sizes=\"(max-width: 1956px) 100vw, 1956px\" \/>\t\t\t\t\t\t\t\t\t\t\t\t\t\t\t<\/div>\n\t\t\t\t<\/div>\n\t\t\t\t<div class=\"elementor-element elementor-element-361515c animated-slow elementor-invisible elementor-widget elementor-widget-image\" data-id=\"361515c\" data-element_type=\"widget\" data-settings=\"{&quot;_animation&quot;:&quot;slideInUp&quot;}\" data-widget_type=\"image.default\">\n\t\t\t\t<div class=\"elementor-widget-container\">\n\t\t\t\t\t\t\t\t\t\t\t\t\t\t\t<img decoding=\"async\" width=\"1316\" height=\"1515\" src=\"https:\/\/organicbeeflamb.eu\/wp-content\/uploads\/2025\/05\/ekologisk-notkott-irlandska-djur.webp\" class=\"attachment-full size-full wp-image-4277\" alt=\"Ekologiskt n\u00f6tk\u00f6tt: Irl\u00e4ndska n\u00f6tkreatur betar p\u00e5 en gr\u00f6n \u00e4ng\" srcset=\"https:\/\/organicbeeflamb.eu\/wp-content\/uploads\/2025\/05\/ekologisk-notkott-irlandska-djur.webp 1316w, https:\/\/organicbeeflamb.eu\/wp-content\/uploads\/2025\/05\/ekologisk-notkott-irlandska-djur-261x300.webp 261w, https:\/\/organicbeeflamb.eu\/wp-content\/uploads\/2025\/05\/ekologisk-notkott-irlandska-djur-889x1024.webp 889w, https:\/\/organicbeeflamb.eu\/wp-content\/uploads\/2025\/05\/ekologisk-notkott-irlandska-djur-768x884.webp 768w\" sizes=\"(max-width: 1316px) 100vw, 1316px\" \/>\t\t\t\t\t\t\t\t\t\t\t\t\t\t\t<\/div>\n\t\t\t\t<\/div>\n\t\t\t\t<div class=\"elementor-element elementor-element-99f2e87 elementor-hidden-desktop elementor-hidden-tablet elementor-widget elementor-widget-heading\" data-id=\"99f2e87\" data-element_type=\"widget\" data-widget_type=\"heading.default\">\n\t\t\t\t<div class=\"elementor-widget-container\">\n\t\t\t\t\t<h3 class=\"elementor-heading-title elementor-size-default\">EU:s certifieringsprocess f\u00f6r ekologiska produkter: Det du beh\u00f6ver veta<\/h3>\t\t\t\t<\/div>\n\t\t\t\t<\/div>\n\t\t\t\t<div class=\"elementor-element elementor-element-8882c15 elementor-hidden-desktop elementor-hidden-tablet elementor-widget elementor-widget-text-editor\" data-id=\"8882c15\" data-element_type=\"widget\" data-widget_type=\"text-editor.default\">\n\t\t\t\t<div class=\"elementor-widget-container\">\n\t\t\t\t\t\t\t\t\t<p>N\u00e4r du ser EU ekologiska logotyp kan du vara s\u00e4ker p\u00e5 att produkten uppfyller strikta ekologiska standarder. Den ekologiska certifieringsprocessen innefattar detaljerade inspektioner och \u00e5rliga f\u00f6rnyelser f\u00f6r att s\u00e4kerst\u00e4lla integriteten i de ekologiska p\u00e5st\u00e5endena. Fr\u00e5n den f\u00f6rsta ans\u00f6kan till regelbundna kontroller, varje steg s\u00e4kerst\u00e4ller att v\u00e5ra produkter produceras och hanteras enligt de str\u00e4ngaste ekologiska riktlinjerna.<\/p>\t\t\t\t\t\t\t\t<\/div>\n\t\t\t\t<\/div>\n\t\t\t\t<div class=\"elementor-element elementor-element-9e62402 animated-slow elementor-invisible elementor-widget elementor-widget-image\" data-id=\"9e62402\" data-element_type=\"widget\" data-settings=\"{&quot;_animation&quot;:&quot;fadeIn&quot;}\" data-widget_type=\"image.default\">\n\t\t\t\t<div class=\"elementor-widget-container\">\n\t\t\t\t\t\t\t\t\t\t\t\t\t\t\t<img loading=\"lazy\" decoding=\"async\" width=\"316\" height=\"211\" src=\"https:\/\/organicbeeflamb.eu\/wp-content\/uploads\/2025\/05\/eko-certifieringslogo.svg\" class=\"attachment-full size-full wp-image-4282\" alt=\"Ekologisk certifiering\" \/>\t\t\t\t\t\t\t\t\t\t\t\t\t\t\t<\/div>\n\t\t\t\t<\/div>\n\t\t\t\t<div class=\"elementor-element elementor-element-c2e77d2 elementor-align-left elementor-hidden-desktop elementor-hidden-tablet elementor-widget elementor-widget-button\" data-id=\"c2e77d2\" data-element_type=\"widget\" data-widget_type=\"button.default\">\n\t\t\t\t<div class=\"elementor-widget-container\">\n\t\t\t\t\t\t\t\t\t<div class=\"elementor-button-wrapper\">\n\t\t\t\t\t<a class=\"elementor-button elementor-button-link elementor-size-sm\" href=\"\/sv\/varfor-ekologiskt\/certifierad-ekologisk\/\" aria-label=\"KNOW MORE ABOUT ORGANIC CERTIFICATION\">\n\t\t\t\t\t\t<span class=\"elementor-button-content-wrapper\">\n\t\t\t\t\t\t\t\t\t<span class=\"elementor-button-text\">L\u00e4s mer om ekologisk certifiering<\/span>\n\t\t\t\t\t<\/span>\n\t\t\t\t\t<\/a>\n\t\t\t\t<\/div>\n\t\t\t\t\t\t\t\t<\/div>\n\t\t\t\t<\/div>\n\t\t\t\t<\/div>\n\t\t\t\t\t<\/div>\n\t\t\t\t<\/div>\n\t\t<div class=\"elementor-element elementor-element-62e3bf6 e-flex e-con-boxed e-con e-parent\" data-id=\"62e3bf6\" data-element_type=\"container\">\n\t\t\t\t\t<div class=\"e-con-inner\">\n\t\t\t\t<div class=\"elementor-element elementor-element-1b5a2ee elementor-widget elementor-widget-heading\" data-id=\"1b5a2ee\" data-element_type=\"widget\" data-widget_type=\"heading.default\">\n\t\t\t\t<div class=\"elementor-widget-container\">\n\t\t\t\t\t<h2 class=\"elementor-heading-title elementor-size-default\">Vill du veta <br>\nmer?<\/h2>\t\t\t\t<\/div>\n\t\t\t\t<\/div>\n\t\t\t\t\t<\/div>\n\t\t\t\t<\/div>\n\t\t<div class=\"elementor-element elementor-element-af69f00 e-flex e-con-boxed e-con e-parent\" data-id=\"af69f00\" data-element_type=\"container\">\n\t\t\t\t\t<div class=\"e-con-inner\">\n\t\t<div class=\"elementor-element elementor-element-63066c3 e-con-full animated-slow e-flex elementor-invisible e-con e-child\" data-id=\"63066c3\" data-element_type=\"container\" data-settings=\"{&quot;background_background&quot;:&quot;classic&quot;,&quot;animation&quot;:&quot;slideInUp&quot;}\">\n\t\t\t\t<div class=\"elementor-element elementor-element-92d9d49 elementor-widget elementor-widget-image\" data-id=\"92d9d49\" data-element_type=\"widget\" data-widget_type=\"image.default\">\n\t\t\t\t<div class=\"elementor-widget-container\">\n\t\t\t\t\t\t\t\t\t\t\t\t\t\t\t<img loading=\"lazy\" decoding=\"async\" width=\"948\" height=\"1086\" src=\"https:\/\/organicbeeflamb.eu\/wp-content\/uploads\/2025\/05\/ekologiskt-notkott.webp\" class=\"attachment-full size-full wp-image-4287\" alt=\"Ekologiskt n\u00f6tk\u00f6tt\" srcset=\"https:\/\/organicbeeflamb.eu\/wp-content\/uploads\/2025\/05\/ekologiskt-notkott.webp 948w, https:\/\/organicbeeflamb.eu\/wp-content\/uploads\/2025\/05\/ekologiskt-notkott-262x300.webp 262w, https:\/\/organicbeeflamb.eu\/wp-content\/uploads\/2025\/05\/ekologiskt-notkott-894x1024.webp 894w, https:\/\/organicbeeflamb.eu\/wp-content\/uploads\/2025\/05\/ekologiskt-notkott-768x880.webp 768w\" sizes=\"(max-width: 948px) 100vw, 948px\" \/>\t\t\t\t\t\t\t\t\t\t\t\t\t\t\t<\/div>\n\t\t\t\t<\/div>\n\t\t\t\t<div class=\"elementor-element elementor-element-b62a1f2 elementor-widget elementor-widget-heading\" data-id=\"b62a1f2\" data-element_type=\"widget\" data-widget_type=\"heading.default\">\n\t\t\t\t<div class=\"elementor-widget-container\">\n\t\t\t\t\t<p class=\"elementor-heading-title elementor-size-default\">Ekologiskt n\u00f6tk\u00f6tt<\/p>\t\t\t\t<\/div>\n\t\t\t\t<\/div>\n\t\t\t\t<div class=\"elementor-element elementor-element-ea47e47 elementor-align-center elementor-widget elementor-widget-button\" data-id=\"ea47e47\" data-element_type=\"widget\" data-widget_type=\"button.default\">\n\t\t\t\t<div class=\"elementor-widget-container\">\n\t\t\t\t\t\t\t\t\t<div class=\"elementor-button-wrapper\">\n\t\t\t\t\t<a class=\"elementor-button elementor-button-link elementor-size-sm\" href=\"\/sv\/ekologiskt-notkott\/\" aria-label=\"Utforska Ekologiskt n\u00f6tk\u00f6tt\">\n\t\t\t\t\t\t<span class=\"elementor-button-content-wrapper\">\n\t\t\t\t\t\t\t\t\t<span class=\"elementor-button-text\">Utforska <span class=\"visually-hidden\"> Ekologiskt n\u00f6tk\u00f6tt<\/span><\/span>\n\t\t\t\t\t<\/span>\n\t\t\t\t\t<\/a>\n\t\t\t\t<\/div>\n\t\t\t\t\t\t\t\t<\/div>\n\t\t\t\t<\/div>\n\t\t\t\t<\/div>\n\t\t<div class=\"elementor-element elementor-element-d1c58b9 e-con-full animated-slow e-flex elementor-invisible e-con e-child\" data-id=\"d1c58b9\" data-element_type=\"container\" data-settings=\"{&quot;background_background&quot;:&quot;classic&quot;,&quot;animation&quot;:&quot;slideInUp&quot;,&quot;animation_delay&quot;:500}\">\n\t\t\t\t<div class=\"elementor-element elementor-element-e28026b elementor-widget elementor-widget-image\" data-id=\"e28026b\" data-element_type=\"widget\" data-widget_type=\"image.default\">\n\t\t\t\t<div class=\"elementor-widget-container\">\n\t\t\t\t\t\t\t\t\t\t\t\t\t\t\t<img loading=\"lazy\" decoding=\"async\" width=\"948\" height=\"1086\" src=\"https:\/\/organicbeeflamb.eu\/wp-content\/uploads\/2025\/05\/ekologiskt-lamm.webp\" class=\"attachment-full size-full wp-image-4292\" alt=\"Ekologiskt lamm\" srcset=\"https:\/\/organicbeeflamb.eu\/wp-content\/uploads\/2025\/05\/ekologiskt-lamm.webp 948w, https:\/\/organicbeeflamb.eu\/wp-content\/uploads\/2025\/05\/ekologiskt-lamm-262x300.webp 262w, https:\/\/organicbeeflamb.eu\/wp-content\/uploads\/2025\/05\/ekologiskt-lamm-894x1024.webp 894w, https:\/\/organicbeeflamb.eu\/wp-content\/uploads\/2025\/05\/ekologiskt-lamm-768x880.webp 768w\" sizes=\"(max-width: 948px) 100vw, 948px\" \/>\t\t\t\t\t\t\t\t\t\t\t\t\t\t\t<\/div>\n\t\t\t\t<\/div>\n\t\t\t\t<div class=\"elementor-element elementor-element-0c06e67 elementor-widget elementor-widget-heading\" data-id=\"0c06e67\" data-element_type=\"widget\" data-widget_type=\"heading.default\">\n\t\t\t\t<div class=\"elementor-widget-container\">\n\t\t\t\t\t<p class=\"elementor-heading-title elementor-size-default\">Ekologiskt lamm<\/p>\t\t\t\t<\/div>\n\t\t\t\t<\/div>\n\t\t\t\t<div class=\"elementor-element elementor-element-3574e3b elementor-align-center elementor-widget elementor-widget-button\" data-id=\"3574e3b\" data-element_type=\"widget\" data-widget_type=\"button.default\">\n\t\t\t\t<div class=\"elementor-widget-container\">\n\t\t\t\t\t\t\t\t\t<div class=\"elementor-button-wrapper\">\n\t\t\t\t\t<a class=\"elementor-button elementor-button-link elementor-size-sm\" href=\"\/sv\/ekologiskt-lamm\/\" aria-label=\"Utforska Ekologiskt lamm\">\n\t\t\t\t\t\t<span class=\"elementor-button-content-wrapper\">\n\t\t\t\t\t\t\t\t\t<span class=\"elementor-button-text\">Utforska <span class=\"visually-hidden\"> Ekologiskt lamm<\/span><\/span>\n\t\t\t\t\t<\/span>\n\t\t\t\t\t<\/a>\n\t\t\t\t<\/div>\n\t\t\t\t\t\t\t\t<\/div>\n\t\t\t\t<\/div>\n\t\t\t\t<\/div>\n\t\t<div class=\"elementor-element elementor-element-b299522 e-con-full animated-slow e-flex elementor-invisible e-con e-child\" data-id=\"b299522\" data-element_type=\"container\" data-settings=\"{&quot;background_background&quot;:&quot;classic&quot;,&quot;animation&quot;:&quot;slideInUp&quot;,&quot;animation_delay&quot;:1000}\">\n\t\t\t\t<div class=\"elementor-element elementor-element-532de38 elementor-widget elementor-widget-image\" data-id=\"532de38\" data-element_type=\"widget\" data-widget_type=\"image.default\">\n\t\t\t\t<div class=\"elementor-widget-container\">\n\t\t\t\t\t\t\t\t\t\t\t\t\t\t\t<img loading=\"lazy\" decoding=\"async\" width=\"948\" height=\"1087\" src=\"https:\/\/organicbeeflamb.eu\/wp-content\/uploads\/2025\/05\/irland-ekologisk-jordbruk.webp\" class=\"attachment-full size-full wp-image-4297\" alt=\"Irland\" srcset=\"https:\/\/organicbeeflamb.eu\/wp-content\/uploads\/2025\/05\/irland-ekologisk-jordbruk.webp 948w, https:\/\/organicbeeflamb.eu\/wp-content\/uploads\/2025\/05\/irland-ekologisk-jordbruk-262x300.webp 262w, https:\/\/organicbeeflamb.eu\/wp-content\/uploads\/2025\/05\/irland-ekologisk-jordbruk-893x1024.webp 893w, https:\/\/organicbeeflamb.eu\/wp-content\/uploads\/2025\/05\/irland-ekologisk-jordbruk-768x881.webp 768w\" sizes=\"(max-width: 948px) 100vw, 948px\" \/>\t\t\t\t\t\t\t\t\t\t\t\t\t\t\t<\/div>\n\t\t\t\t<\/div>\n\t\t\t\t<div class=\"elementor-element elementor-element-ac05a09 elementor-widget elementor-widget-heading\" data-id=\"ac05a09\" data-element_type=\"widget\" data-widget_type=\"heading.default\">\n\t\t\t\t<div class=\"elementor-widget-container\">\n\t\t\t\t\t<p class=\"elementor-heading-title elementor-size-default\">Irland<\/p>\t\t\t\t<\/div>\n\t\t\t\t<\/div>\n\t\t\t\t<div class=\"elementor-element elementor-element-d30c025 elementor-align-center elementor-widget elementor-widget-button\" data-id=\"d30c025\" data-element_type=\"widget\" data-widget_type=\"button.default\">\n\t\t\t\t<div class=\"elementor-widget-container\">\n\t\t\t\t\t\t\t\t\t<div class=\"elementor-button-wrapper\">\n\t\t\t\t\t<a class=\"elementor-button elementor-button-link elementor-size-sm\" href=\"\/sv\/irland\/\" aria-label=\"Utforska Irland\">\n\t\t\t\t\t\t<span class=\"elementor-button-content-wrapper\">\n\t\t\t\t\t\t\t\t\t<span class=\"elementor-button-text\">Utforska <span class=\"visually-hidden\"> Irland<\/span><\/span>\n\t\t\t\t\t<\/span>\n\t\t\t\t\t<\/a>\n\t\t\t\t<\/div>\n\t\t\t\t\t\t\t\t<\/div>\n\t\t\t\t<\/div>\n\t\t\t\t<\/div>\n\t\t<div class=\"elementor-element elementor-element-a255a59 e-con-full animated-slow e-flex elementor-invisible e-con e-child\" data-id=\"a255a59\" data-element_type=\"container\" data-settings=\"{&quot;background_background&quot;:&quot;classic&quot;,&quot;animation&quot;:&quot;slideInUp&quot;,&quot;animation_delay&quot;:1500}\">\n\t\t\t\t<div class=\"elementor-element elementor-element-3e92c99 elementor-widget elementor-widget-image\" data-id=\"3e92c99\" data-element_type=\"widget\" data-widget_type=\"image.default\">\n\t\t\t\t<div class=\"elementor-widget-container\">\n\t\t\t\t\t\t\t\t\t\t\t\t\t\t\t<img loading=\"lazy\" decoding=\"async\" width=\"948\" height=\"1086\" src=\"https:\/\/organicbeeflamb.eu\/wp-content\/uploads\/2025\/05\/eko-certifieringslogo.webp\" class=\"attachment-full size-full wp-image-4302\" alt=\"Ekologisk certifiering\" srcset=\"https:\/\/organicbeeflamb.eu\/wp-content\/uploads\/2025\/05\/eko-certifieringslogo.webp 948w, https:\/\/organicbeeflamb.eu\/wp-content\/uploads\/2025\/05\/eko-certifieringslogo-262x300.webp 262w, https:\/\/organicbeeflamb.eu\/wp-content\/uploads\/2025\/05\/eko-certifieringslogo-894x1024.webp 894w, https:\/\/organicbeeflamb.eu\/wp-content\/uploads\/2025\/05\/eko-certifieringslogo-768x880.webp 768w\" sizes=\"(max-width: 948px) 100vw, 948px\" \/>\t\t\t\t\t\t\t\t\t\t\t\t\t\t\t<\/div>\n\t\t\t\t<\/div>\n\t\t\t\t<div class=\"elementor-element elementor-element-50dd459 elementor-widget elementor-widget-heading\" data-id=\"50dd459\" data-element_type=\"widget\" data-widget_type=\"heading.default\">\n\t\t\t\t<div class=\"elementor-widget-container\">\n\t\t\t\t\t<p class=\"elementor-heading-title elementor-size-default\">Ekologisk certifiering<\/p>\t\t\t\t<\/div>\n\t\t\t\t<\/div>\n\t\t\t\t<div class=\"elementor-element elementor-element-6c4aec0 elementor-align-center elementor-widget elementor-widget-button\" data-id=\"6c4aec0\" data-element_type=\"widget\" data-widget_type=\"button.default\">\n\t\t\t\t<div class=\"elementor-widget-container\">\n\t\t\t\t\t\t\t\t\t<div class=\"elementor-button-wrapper\">\n\t\t\t\t\t<a class=\"elementor-button elementor-button-link elementor-size-sm\" href=\"\/sv\/varfor-ekologiskt\/certifierad-ekologisk\/\" aria-label=\"Utforska Ekologisk certifiering\">\n\t\t\t\t\t\t<span class=\"elementor-button-content-wrapper\">\n\t\t\t\t\t\t\t\t\t<span class=\"elementor-button-text\">Utforska <span class=\"visually-hidden\"> Ekologisk certifiering<\/span><\/span>\n\t\t\t\t\t<\/span>\n\t\t\t\t\t<\/a>\n\t\t\t\t<\/div>\n\t\t\t\t\t\t\t\t<\/div>\n\t\t\t\t<\/div>\n\t\t\t\t<\/div>\n\t\t\t\t\t<\/div>\n\t\t\t\t<\/div>\n\t\t\t\t<\/div>\n\t\t","protected":false},"excerpt":{"rendered":"<p>Europeiskt ekologiskt n\u00f6tk\u00f6tt och lammk\u00f6tt Betesuppf\u00f6dda p\u00e5 Irland Uppt\u00e4ck Europas rika tradition av h\u00e5llbart jordbruk och ekologiskt lantbruk, d\u00e4r frodiga landskap och en stark tradition av ekologiska metoder f\u00f6renas f\u00f6r att erbjuda dig n\u00f6tk\u00f6tt och lamm av h\u00f6gsta kvalitet, h\u00e5llbart producerat. V\u00e5ra frodiga gr\u00f6na \u00e4ngar och b\u00f6ljande kullar skapar en idealisk milj\u00f6 f\u00f6r ekologiskt jordbruk [&hellip;]<\/p>\n","protected":false},"author":1,"featured_media":0,"parent":0,"menu_order":0,"comment_status":"closed","ping_status":"closed","template":"","meta":{"footnotes":""},"class_list":["post-2008","page","type-page","status-publish","hentry"],"_links":{"self":[{"href":"https:\/\/organicbeeflamb.eu\/sv\/wp-json\/wp\/v2\/pages\/2008","targetHints":{"allow":["GET"]}}],"collection":[{"href":"https:\/\/organicbeeflamb.eu\/sv\/wp-json\/wp\/v2\/pages"}],"about":[{"href":"https:\/\/organicbeeflamb.eu\/sv\/wp-json\/wp\/v2\/types\/page"}],"author":[{"embeddable":true,"href":"https:\/\/organicbeeflamb.eu\/sv\/wp-json\/wp\/v2\/users\/1"}],"replies":[{"embeddable":true,"href":"https:\/\/organicbeeflamb.eu\/sv\/wp-json\/wp\/v2\/comments?post=2008"}],"version-history":[{"count":41,"href":"https:\/\/organicbeeflamb.eu\/sv\/wp-json\/wp\/v2\/pages\/2008\/revisions"}],"predecessor-version":[{"id":7261,"href":"https:\/\/organicbeeflamb.eu\/sv\/wp-json\/wp\/v2\/pages\/2008\/revisions\/7261"}],"wp:attachment":[{"href":"https:\/\/organicbeeflamb.eu\/sv\/wp-json\/wp\/v2\/media?parent=2008"}],"curies":[{"name":"wp","href":"https:\/\/api.w.org\/{rel}","templated":true}]}}