{"id":2078,"date":"2024-09-08T16:38:23","date_gmt":"2024-09-08T16:38:23","guid":{"rendered":"https:\/\/organicbeeflamb.eu\/varfor-ekologiskt\/animal-welfare\/"},"modified":"2025-06-03T06:42:45","modified_gmt":"2025-06-03T06:42:45","slug":"djurens-valfard","status":"publish","type":"page","link":"https:\/\/organicbeeflamb.eu\/sv\/varfor-ekologiskt\/djurens-valfard\/","title":{"rendered":"Djurens v\u00e4lf\u00e4rd"},"content":{"rendered":"\t\t<div data-elementor-type=\"wp-page\" data-elementor-id=\"2078\" class=\"elementor elementor-2078 elementor-66\" data-elementor-post-type=\"page\">\n\t\t\t\t<div class=\"elementor-element elementor-element-e02774d e-flex e-con-boxed e-con e-parent\" data-id=\"e02774d\" data-element_type=\"container\" data-settings=\"{&quot;background_background&quot;:&quot;classic&quot;}\">\n\t\t\t\t\t<div class=\"e-con-inner\">\n\t\t\t\t<div class=\"elementor-element elementor-element-b824463 elementor-widget elementor-widget-heading\" data-id=\"b824463\" data-element_type=\"widget\" data-widget_type=\"heading.default\">\n\t\t\t\t<div class=\"elementor-widget-container\">\n\t\t\t\t\t<h1 class=\"elementor-heading-title elementor-size-default\">Djurv\u00e4lf\u00e4rd inom ekologiskt jordbruk<\/h1>\t\t\t\t<\/div>\n\t\t\t\t<\/div>\n\t\t\t\t<div class=\"elementor-element elementor-element-920d339 elementor-widget elementor-widget-image\" data-id=\"920d339\" data-element_type=\"widget\" data-widget_type=\"image.default\">\n\t\t\t\t<div class=\"elementor-widget-container\">\n\t\t\t\t\t\t\t\t\t\t\t\t\t\t\t<img decoding=\"async\" width=\"146\" height=\"197\" src=\"https:\/\/organicbeeflamb.eu\/wp-content\/uploads\/2024\/09\/logo-Enjoy.svg\" class=\"attachment-full size-full wp-image-125\" alt=\"Enjoy it&#039;s from Europe\" \/>\t\t\t\t\t\t\t\t\t\t\t\t\t\t\t<\/div>\n\t\t\t\t<\/div>\n\t\t\t\t\t<\/div>\n\t\t\t\t<\/div>\n\t\t<div class=\"elementor-element elementor-element-8840f53 e-flex e-con-boxed e-con e-parent\" data-id=\"8840f53\" data-element_type=\"container\">\n\t\t\t\t\t<div class=\"e-con-inner\">\n\t\t<div class=\"elementor-element elementor-element-b434a92 e-con-full e-flex e-con e-child\" data-id=\"b434a92\" data-element_type=\"container\">\n\t\t\t\t<div class=\"elementor-element elementor-element-677fbf9 elementor-widget elementor-widget-text-editor\" data-id=\"677fbf9\" data-element_type=\"widget\" data-widget_type=\"text-editor.default\">\n\t\t\t\t<div class=\"elementor-widget-container\">\n\t\t\t\t\t\t\t\t\t<p><span style=\"font-weight: 400;\">Djurv\u00e4lf\u00e4rd \u00e4r en h\u00f6rnsten i ekologiskt jordbruk och s\u00e4kerst\u00e4ller att djuren uppf\u00f6ds under f\u00f6rh\u00e5llanden som respekterar deras naturliga beteende och h\u00e4lsobehov.<\/span><\/p>\t\t\t\t\t\t\t\t<\/div>\n\t\t\t\t<\/div>\n\t\t\t\t<div class=\"elementor-element elementor-element-c4b85d7 elementor-widget elementor-widget-heading\" data-id=\"c4b85d7\" data-element_type=\"widget\" data-widget_type=\"heading.default\">\n\t\t\t\t<div class=\"elementor-widget-container\">\n\t\t\t\t\t<h2 class=\"elementor-heading-title elementor-size-default\">H\u00f6ga standarder f\u00f6r  <br>djurv\u00e4lf\u00e4rd inom<br>ekologiskt jordbruk<\/h2>\t\t\t\t<\/div>\n\t\t\t\t<\/div>\n\t\t\t\t<\/div>\n\t\t<div class=\"elementor-element elementor-element-d53df0e e-con-full elementor-hidden-mobile e-flex e-con e-child\" data-id=\"d53df0e\" data-element_type=\"container\">\n\t\t\t\t<\/div>\n\t\t\t\t\t<\/div>\n\t\t\t\t<\/div>\n\t\t<div class=\"elementor-element elementor-element-15ddc1c e-flex e-con-boxed e-con e-parent\" data-id=\"15ddc1c\" data-element_type=\"container\">\n\t\t\t\t\t<div class=\"e-con-inner\">\n\t\t\t\t<div class=\"elementor-element elementor-element-0696cf5 elementor-widget elementor-widget-shortcode\" data-id=\"0696cf5\" data-element_type=\"widget\" data-widget_type=\"shortcode.default\">\n\t\t\t\t<div class=\"elementor-widget-container\">\n\t\t\t\t\t\t\t<div class=\"elementor-shortcode\"><div id=\"acordeon-container-69f427a478c32\" class=\"acordeon-container acordeon-layout-2\"><div class=\"acordeon-items\">\n\n<div class=\"acordeon-item\"><button id=\"tab-acordeon-69f427a478cc4\" class=\"acordeon-trigger\" aria-expanded=\"false\" aria-controls=\"panel-acordeon-69f427a478cc4\"><span class=\"titulo\">Naturlig, ekologisk diet<\/span><span class=\"icon\" aria-hidden=\"true\">+<\/span><\/button><div id=\"panel-acordeon-69f427a478cc4\" class=\"acordeon-panel\" role=\"region\" aria-labelledby=\"tab-acordeon-69f427a478cc4\" hidden><div class=\"acordeon-content\">Ekologiska djur matas med en naturlig, ekologisk diet fri fr\u00e5n genetiskt modifierade ingredienser.\n\n<\/div><\/div><\/div>\n<div class=\"acordeon-item\"><button id=\"tab-acordeon-69f427a478cee\" class=\"acordeon-trigger\" aria-expanded=\"false\" aria-controls=\"panel-acordeon-69f427a478cee\"><span class=\"titulo\">Tillr\u00e4ckligt med ljus och utrymme<\/span><span class=\"icon\" aria-hidden=\"true\">+<\/span><\/button><div id=\"panel-acordeon-69f427a478cee\" class=\"acordeon-panel\" role=\"region\" aria-labelledby=\"tab-acordeon-69f427a478cee\" hidden><div class=\"acordeon-content\">Djuren f\u00e5r tillr\u00e4ckligt med ljus, utrymme och komfort f\u00f6r att r\u00f6ra sig fritt och uttrycka sitt naturliga beteende.\n\n<\/div><\/div><\/div>\n<div class=\"acordeon-item\"><button id=\"tab-acordeon-69f427a478d0c\" class=\"acordeon-trigger\" aria-expanded=\"false\" aria-controls=\"panel-acordeon-69f427a478d0c\"><span class=\"titulo\">Frisk luft och bete<\/span><span class=\"icon\" aria-hidden=\"true\">+<\/span><\/button><div id=\"panel-acordeon-69f427a478d0c\" class=\"acordeon-panel\" role=\"region\" aria-labelledby=\"tab-acordeon-69f427a478d0c\" hidden><div class=\"acordeon-content\">Ekologiska djur har gott om tillg\u00e5ng till frisk luft och utrymme f\u00f6r att beta och str\u00f6va omkring, vilket tillfredsst\u00e4ller deras naturliga instinkter.\n\n<\/div><\/div><\/div>\n<div class=\"acordeon-item\"><button id=\"tab-acordeon-69f427a478d27\" class=\"acordeon-trigger\" aria-expanded=\"false\" aria-controls=\"panel-acordeon-69f427a478d27\"><span class=\"titulo\">Permanent tillg\u00e5ng till betesmark<\/span><span class=\"icon\" aria-hidden=\"true\">+<\/span><\/button><div id=\"panel-acordeon-69f427a478d27\" class=\"acordeon-panel\" role=\"region\" aria-labelledby=\"tab-acordeon-69f427a478d27\" hidden><div class=\"acordeon-content\">Djur m\u00e5ste ha tillg\u00e5ng till betesmark n\u00e4r v\u00e4der- och markf\u00f6rh\u00e5llandena till\u00e5ter, vilket st\u00f6djer deras v\u00e4lbefinnande och naturliga beteenden s\u00e5som bete, b\u00f6ka, sandbada och sittplatser.\n\n<\/div><\/div><\/div>\n<div class=\"acordeon-item\"><button id=\"tab-acordeon-69f427a478d42\" class=\"acordeon-trigger\" aria-expanded=\"false\" aria-controls=\"panel-acordeon-69f427a478d42\"><span class=\"titulo\">Stressreduktion<\/span><span class=\"icon\" aria-hidden=\"true\">+<\/span><\/button><div id=\"panel-acordeon-69f427a478d42\" class=\"acordeon-panel\" role=\"region\" aria-labelledby=\"tab-acordeon-69f427a478d42\" hidden><div class=\"acordeon-content\">Ekologiska jordbrukare minskar stress och sjukdomar hos djuren genom att ge dem gott om utrymme och l\u00e5ta dem bete sig naturligt i en l\u00e4mplig milj\u00f6, vilket inneb\u00e4r att f\u00f6rebyggande antibiotika inte beh\u00f6vs.\n\n<\/div><\/div><\/div>\n<div class=\"acordeon-item\"><button id=\"tab-acordeon-69f427a478d5a\" class=\"acordeon-trigger\" aria-expanded=\"false\" aria-controls=\"panel-acordeon-69f427a478d5a\"><span class=\"titulo\">Inga rutinm\u00e4ssiga antibiotika<\/span><span class=\"icon\" aria-hidden=\"true\">+<\/span><\/button><div id=\"panel-acordeon-69f427a478d5a\" class=\"acordeon-panel\" role=\"region\" aria-labelledby=\"tab-acordeon-69f427a478d5a\" hidden><div class=\"acordeon-content\">Rutinm\u00e4ssig anv\u00e4ndning av antibiotika \u00e4r f\u00f6rbjuden. Djur f\u00e5r endast medicin n\u00e4r det beh\u00f6vs, vilket minimerar stress och f\u00f6rhindrar antimikrobiell resistens.\n\n<\/div><\/div><\/div>\n<\/div><\/div><script>\n        document.addEventListener(\"DOMContentLoaded\", function() {\n            const acordeon = document.getElementById(\"acordeon-container-69f427a478c32\");\n            const triggers = acordeon.querySelectorAll(\".acordeon-trigger\");\n            \n            triggers.forEach(trigger => {\n                trigger.addEventListener(\"click\", function() {\n                    const expanded = this.getAttribute(\"aria-expanded\") === \"true\";\n                    \n                    \/\/ Cerrar todos los paneles\n                    triggers.forEach(t => {\n                        t.setAttribute(\"aria-expanded\", \"false\");\n                        const panel = document.getElementById(t.getAttribute(\"aria-controls\"));\n                        panel.hidden = true;\n\t\t\t\t\t\tt.querySelector(\".icon\").textContent = \"+\";\n                    });\n                    \n                    \/\/ Si no estaba expandido, abrir este panel\n                    if (!expanded) {\n                        this.setAttribute(\"aria-expanded\", \"true\");\n                        const panel = document.getElementById(this.getAttribute(\"aria-controls\"));\n                        panel.hidden = false;\n\t\t\t\t\t\tthis.querySelector(\".icon\").textContent = \"-\";\n                    }\n                });\n            });\n        });\n    <\/script><style>\n        .acordeon-container {\n            margin: 1em 0;\n            width: 100%;\n\t\t\tpadding: 0;\n        }\n        \n        .acordeon-titulo {\n            margin-bottom: 1em;\n        }\n        \n        .acordeon-items {\n            display: flex;\n            flex-wrap: wrap;\n            gap: 1.5em;\n        }\n        .acordeon-content {\n\t\t\tfont-size: 20px;\n\t\t}\n\t\t\n        \/* Layout 1: Dos columnas y uno centrado abajo *\/\n        .acordeon-layout-1 .acordeon-item:nth-child(1),\n        .acordeon-layout-1 .acordeon-item:nth-child(2) {\n            width: calc(50% - 0.75em);\n        }\n        \n        .acordeon-layout-1 .acordeon-item:nth-child(3) {\n\t\t\twidth: 49%;\n\t\t\tmargin: auto;\n\t\t}\n        \n        \/* Layout 2: Dos columnas *\/\n        .acordeon-layout-2 .acordeon-item {\n            width: calc(50% - 0.75em);\n        }\n        \n        \/* Layout 3: Una columna *\/\n        .acordeon-layout-3 .acordeon-item {\n            width: 100%;\n        }\n        \n        .acordeon-trigger {\n            display: flex;\n            justify-content: space-between;\n            align-items: center;\n            width: 100%;\n            padding: 35px 60px 35px 60px !important;\n            background-color: #FFF !important;\n            border: 1px solid #345B60 !important;\n            border-radius: 0px !important;\n            text-align: left !important;\n            cursor: pointer;\n            transition: background-color 0.3s !important;\n\t\t\tcolor: #595959 !important;\n\t\t\tfont-size: 24px !important;\n\t\t\tfont-weight: 700 !important;\n\t\t\tfont-family: \"BordBiaSans-Regular\" !important;\n\t\t}\n        \n        .acordeon-trigger:hover,\n        .acordeon-trigger:focus {\n            color: #2A8436 !important;\n\t\t\tbackground-color: #FFFFFF;\n        }\n        \n        .acordeon-trigger[aria-expanded=\"true\"] {\n            color: #2A8436 !important;\n\t\t\tbackground-color: #FFFFFF;\n        }\n        \n        .acordeon-trigger .icon {\n\t\t\tdisplay: flex;\n\t\t\tjustify-content: center;\n\t\t\talign-items: center;\n\t\t\twidth: 20px;\n\t\t\theight: 20px;\n\t\t\tfont-size: 35px;\n\t\t\tfont-weight: bold;\n\t\t\tline-height: 1;\n\t\t}\n\t\t\n\t\t\/* Soluci\u00f3n para t\u00edtulos largos *\/\n\t\t.acordeon-trigger .titulo {\n\t\t\tdisplay: block;\n\t\t\t\/* max-width: calc(100% - 70px); Mucho m\u00e1s espacio para el icono *\/\n\t\t\tword-wrap: break-word;\n\t\t\twhite-space: normal;\n\t\t\tflex: 1;\n\t\t\tpadding-right: 30px;\n\t\t}\n\t\t\n\t\t\/* Posicionamiento del icono para evitar cualquier superposici\u00f3n *\/\n\t\t.acordeon-trigger {\n\t\t\tposition: relative;\n\t\t}\n\t\t\n\t\t.acordeon-trigger .icon {\n\t\t\tposition: absolute;\n\t\t\tright: 70px;\n\t\t\ttop: 50%;\n\t\t\ttransform: translateY(-50%);\n\t\t}\n        \n        .acordeon-panel {\n            padding: 15px 60px;\n            background-color: #fff;\n            border: 1px solid #345B60;\n            border-top: none;\n        }\n\t\t@media (max-width:798px)\n\t\t{\n\t\t.acordeon-items {\n\t\t\tdisplay: flex;\n\t\t\tflex-wrap: nowrap;\n\t\t\tgap: 1.5em;\n\t\t\tflex-direction: column;\n\t\t}\n\t\t.acordeon-layout-1 .acordeon-item:nth-child(1), .acordeon-layout-1 .acordeon-item:nth-child(2), .acordeon-layout-1 .acordeon-item:nth-child(3), .acordeon-layout-2 .acordeon-item {\n\t\t\twidth: 100%;\n\t\t}\n\t\t.acordeon-trigger {\n\t\t\twidth: 100%;\n\t\t\tpadding: 20px 20px 20px 20px !important;\n\t\t\tfont-size: 24px !important;\n\t\t}\n\t\t.acordeon-trigger .icon {\n\t\t\tposition: absolute;\n\t\t\tright: 14px;\n\t\t\ttop: 50%;\n\t\t\ttransform: translateY(-50%);\n\t\t}\n\t\t}\n    <\/style><\/div>\n\t\t\t\t\t\t<\/div>\n\t\t\t\t<\/div>\n\t\t\t\t\t<\/div>\n\t\t\t\t<\/div>\n\t\t<div class=\"elementor-element elementor-element-a8189bb e-flex e-con-boxed e-con e-parent\" data-id=\"a8189bb\" data-element_type=\"container\">\n\t\t\t\t\t<div class=\"e-con-inner\">\n\t\t<div class=\"elementor-element elementor-element-e3399a2 e-con-full e-flex e-con e-child\" data-id=\"e3399a2\" data-element_type=\"container\">\n\t\t\t\t<div class=\"elementor-element elementor-element-b32274f elementor-widget elementor-widget-heading\" data-id=\"b32274f\" data-element_type=\"widget\" data-widget_type=\"heading.default\">\n\t\t\t\t<div class=\"elementor-widget-container\">\n\t\t\t\t\t<h3 class=\"elementor-heading-title elementor-size-default\">Viktiga principer f\u00f6r djurv\u00e4lf\u00e4rd:<\/h3>\t\t\t\t<\/div>\n\t\t\t\t<\/div>\n\t\t\t\t<div class=\"elementor-element elementor-element-b7024c7 elementor-widget elementor-widget-text-editor\" data-id=\"b7024c7\" data-element_type=\"widget\" data-widget_type=\"text-editor.default\">\n\t\t\t\t<div class=\"elementor-widget-container\">\n\t\t\t\t\t\t\t\t\t<ul><li><b>Kunnig personal<\/b><span style=\"font-weight: 400;\">: Personalen m\u00e5ste f\u00f6rst\u00e5 djurens h\u00e4lso- och v\u00e4lf\u00e4rdsbehov.<\/span><\/li><li><b>F\u00f6rbud mot fastbindning<\/b><span style=\"font-weight: 400;\">: Utom under korta perioder av v\u00e4lf\u00e4rds-, s\u00e4kerhets- eller veterin\u00e4rsk\u00e4l.<\/span><\/li><li><b>Inga hormoner<\/b><span style=\"font-weight: 400;\">: Hormoner och liknande \u00e4mnen \u00e4r inte till\u00e5tna, utom n\u00e4r det beh\u00f6vs av veterin\u00e4rsk\u00e4l.<\/span><\/li><li style=\"list-style-type: none;\">\u00a0<\/li><\/ul>\t\t\t\t\t\t\t\t<\/div>\n\t\t\t\t<\/div>\n\t\t\t\t<div class=\"elementor-element elementor-element-2e8e642 animated-slow elementor-hidden-desktop elementor-hidden-tablet elementor-invisible elementor-widget elementor-widget-image\" data-id=\"2e8e642\" data-element_type=\"widget\" data-settings=\"{&quot;_animation&quot;:&quot;slideInRight&quot;}\" data-widget_type=\"image.default\">\n\t\t\t\t<div class=\"elementor-widget-container\">\n\t\t\t\t\t\t\t\t\t\t\t\t\t\t\t<img fetchpriority=\"high\" decoding=\"async\" width=\"652\" height=\"575\" src=\"https:\/\/organicbeeflamb.eu\/wp-content\/uploads\/2025\/05\/ekologisk-lam-irlandsk-far-2.webp\" class=\"attachment-full size-full wp-image-5225\" alt=\"Ekologiskt lamm\" srcset=\"https:\/\/organicbeeflamb.eu\/wp-content\/uploads\/2025\/05\/ekologisk-lam-irlandsk-far-2.webp 652w, https:\/\/organicbeeflamb.eu\/wp-content\/uploads\/2025\/05\/ekologisk-lam-irlandsk-far-2-300x265.webp 300w\" sizes=\"(max-width: 652px) 100vw, 652px\" \/>\t\t\t\t\t\t\t\t\t\t\t\t\t\t\t<\/div>\n\t\t\t\t<\/div>\n\t\t\t\t<div class=\"elementor-element elementor-element-b9853c0 elementor-widget elementor-widget-heading\" data-id=\"b9853c0\" data-element_type=\"widget\" data-widget_type=\"heading.default\">\n\t\t\t\t<div class=\"elementor-widget-container\">\n\t\t\t\t\t<h3 class=\"elementor-heading-title elementor-size-default\">Ekologisk djurh\u00e5llning betonar h\u00f6ga djurv\u00e4lf\u00e4rdsstandarder<\/h3>\t\t\t\t<\/div>\n\t\t\t\t<\/div>\n\t\t\t\t<div class=\"elementor-element elementor-element-a99033a elementor-widget elementor-widget-text-editor\" data-id=\"a99033a\" data-element_type=\"widget\" data-widget_type=\"text-editor.default\">\n\t\t\t\t<div class=\"elementor-widget-container\">\n\t\t\t\t\t\t\t\t\t<ul><li><b>F\u00f6rebyggande h\u00e4lso\u00e5tg\u00e4rder<\/b><span style=\"font-weight: 400;\">: Anv\u00e4ndning av l\u00e4mpliga raser, foder och djurh\u00e5llningstekniker.<\/span><\/li><li><b>L\u00f6sa inhysningssystem<\/b><span style=\"font-weight: 400;\">: Frig\u00e5ende f\u00f6rh\u00e5llanden och markbaserad produktion.<\/span><\/li><li><b>H\u00f6ga djurv\u00e4lf\u00e4rdsstandarder<\/b><span style=\"font-weight: 400;\">: Konsumenternas motivation att k\u00f6pa ekologiskt inkluderar ofta upplevda f\u00f6rdelar f\u00f6r djurv\u00e4lf\u00e4rden.<\/span><\/li><\/ul>\t\t\t\t\t\t\t\t<\/div>\n\t\t\t\t<\/div>\n\t\t\t\t<\/div>\n\t\t<div class=\"elementor-element elementor-element-0c078f0 e-con-full elementor-hidden-mobile e-flex e-con e-child\" data-id=\"0c078f0\" data-element_type=\"container\">\n\t\t\t\t<div class=\"elementor-element elementor-element-2245693 animated-slow elementor-invisible elementor-widget elementor-widget-image\" data-id=\"2245693\" data-element_type=\"widget\" data-settings=\"{&quot;_animation&quot;:&quot;slideInRight&quot;}\" data-widget_type=\"image.default\">\n\t\t\t\t<div class=\"elementor-widget-container\">\n\t\t\t\t\t\t\t\t\t\t\t\t\t\t\t<img fetchpriority=\"high\" decoding=\"async\" width=\"652\" height=\"575\" src=\"https:\/\/organicbeeflamb.eu\/wp-content\/uploads\/2025\/05\/ekologisk-lam-irlandsk-far-2.webp\" class=\"attachment-full size-full wp-image-5225\" alt=\"Ekologiskt lamm\" srcset=\"https:\/\/organicbeeflamb.eu\/wp-content\/uploads\/2025\/05\/ekologisk-lam-irlandsk-far-2.webp 652w, https:\/\/organicbeeflamb.eu\/wp-content\/uploads\/2025\/05\/ekologisk-lam-irlandsk-far-2-300x265.webp 300w\" sizes=\"(max-width: 652px) 100vw, 652px\" \/>\t\t\t\t\t\t\t\t\t\t\t\t\t\t\t<\/div>\n\t\t\t\t<\/div>\n\t\t\t\t<\/div>\n\t\t\t\t\t<\/div>\n\t\t\t\t<\/div>\n\t\t<div class=\"elementor-element elementor-element-e1b2104 e-flex e-con-boxed e-con e-parent\" data-id=\"e1b2104\" data-element_type=\"container\">\n\t\t\t\t\t<div class=\"e-con-inner\">\n\t\t<div class=\"elementor-element elementor-element-2803151 e-con-full e-flex e-con e-child\" data-id=\"2803151\" data-element_type=\"container\">\n\t\t\t\t<div class=\"elementor-element elementor-element-a43474d elementor-widget elementor-widget-heading\" data-id=\"a43474d\" data-element_type=\"widget\" data-widget_type=\"heading.default\">\n\t\t\t\t<div class=\"elementor-widget-container\">\n\t\t\t\t\t<h2 class=\"elementor-heading-title elementor-size-default\">L\u00e4s mer om:<\/h2>\t\t\t\t<\/div>\n\t\t\t\t<\/div>\n\t\t\t\t<\/div>\n\t\t<div class=\"elementor-element elementor-element-92b6183 e-con-full e-flex e-con e-child\" data-id=\"92b6183\" data-element_type=\"container\">\n\t\t\t\t<div class=\"elementor-element elementor-element-843b8a7 elementor-widget elementor-widget-shortcode\" data-id=\"843b8a7\" data-element_type=\"widget\" data-widget_type=\"shortcode.default\">\n\t\t\t\t<div class=\"elementor-widget-container\">\n\t\t\t\t\t\t\t<div class=\"elementor-shortcode\">        <section id=\"miCarrusel\" class=\"carousel\" aria-roledescription=\"carousel\" aria-label=\" Utvalda bilder\">\n          <div class=\"carousel-inner\">\n            <div class=\"controls\">\n              <button type=\"button\" class=\"rotation pause\" aria-label=\"Stoppa automatisk visning\">\n                <svg width=\"42\" height=\"34\" version=\"1.1\" xmlns=\"http:\/\/www.w3.org\/2000\/svg\">\n                  <rect class=\"background\" x=\"2\" y=\"2\" rx=\"5\" ry=\"5\" width=\"38\" height=\"24\"><\/rect>\n                  <rect class=\"border\" x=\"4\" y=\"4\" rx=\"5\" ry=\"5\" width=\"34\" height=\"20\"><\/rect>\n                  <polygon class=\"pause\" points=\"17 8 17 20\"><\/polygon>\n                  <polygon class=\"pause\" points=\"24 8 24 20\"><\/polygon>\n                  <polygon class=\"play\" points=\"15 8 15 20 27 14\"><\/polygon>\n                <\/svg>\n              <\/button>\n\n              <button type=\"button\" class=\"previous\" aria-controls=\"miCarrusel-items\" aria-label=\"F\u00f6reg\u00e5ende bild\">\n                  <svg aria-hidden=\"true\" class=\"e-font-icon-svg e-fas-long-arrow-alt-left\" viewBox=\"0 0 448 512\" xmlns=\"http:\/\/www.w3.org\/2000\/svg\">\n                      <path d=\"M134.059 296H436c6.627 0 12-5.373 12-12v-56c0-6.627-5.373-12-12-12H134.059v-46.059c0-21.382-25.851-32.09-40.971-16.971L7.029 239.029c-9.373 9.373-9.373 24.569 0 33.941l86.059 86.059c15.119 15.119 40.971 4.411 40.971-16.971V296z\"><\/path><\/svg>\n              <\/button>\n\n              <button type=\"button\" class=\"next\" aria-controls=\"miCarrusel-items\" aria-label=\"N\u00e4sta bild\">\n                <svg aria-hidden=\"true\" class=\"e-font-icon-svg e-fas-long-arrow-alt-right\" viewBox=\"0 0 448 512\" xmlns=\"http:\/\/www.w3.org\/2000\/svg\"><path d=\"M313.941 216H12c-6.627 0-12 5.373-12 12v56c0 6.627 5.373 12 12 12h301.941v46.059c0 21.382 25.851 32.09 40.971 16.971l86.059-86.059c9.373-9.373 9.373-24.569 0-33.941l-86.059-86.059c-15.119-15.119-40.971-4.411-40.971 16.971V216z\"><\/path><\/svg>\n              <\/button>\n            <\/div>\n\n            <div id=\"miCarrusel-items\" class=\"carousel-items\" aria-live=\"off\">\n              <div class=\"carousel-track\">\n                \n          <div class=\"carousel-item active\" role=\"group\" aria-roledescription=\"slide\" aria-label=\"1 de 3\">\n          <div class=\"carousel-image\" aria-hidden=\"true\" focusable=\"false\">\n              <img decoding=\"async\" src=\"https:\/\/organicbeeflamb.eu\/wp-content\/uploads\/2024\/09\/why_7.jpg\" alt=\"Varf\u00f6r ekologiskt?\">\n          <\/div>\n\n          <div class=\"carousel-caption\">\n            <p>\n              \n                Varf\u00f6r ekologiskt?              \n            <\/p>\n\n            <div>\n                            <p><a href=\"https:\/\/organicbeeflamb.eu\/sv\/varfor-ekologiskt\/\" class=\"btn\" alt=\"Utforska Varf\u00f6r ekologiskt?\" aria-label=\"Utforska Varf\u00f6r ekologiskt?\">Utforska <span class=\"visually-hidden\">Varf\u00f6r ekologiskt?<\/span><\/a><\/p>\n                          <\/div>\n          <\/div>\n        <\/div>\n        \n          <div class=\"carousel-item active\" role=\"group\" aria-roledescription=\"slide\" aria-label=\"2 de 3\">\n          <div class=\"carousel-image\" aria-hidden=\"true\" focusable=\"false\">\n              <img decoding=\"async\" src=\"https:\/\/organicbeeflamb.eu\/wp-content\/uploads\/2024\/10\/certified_organic_new.jpg\" alt=\"Certifierad ekologisk\">\n          <\/div>\n\n          <div class=\"carousel-caption\">\n            <p>\n              \n                Certifierad ekologisk              \n            <\/p>\n\n            <div>\n                            <p><a href=\"https:\/\/organicbeeflamb.eu\/sv\/varfor-ekologiskt\/certifierad-ekologisk\/\" class=\"btn\" alt=\"Utforska Certifierad ekologisk\" aria-label=\"Utforska Certifierad ekologisk\">Utforska <span class=\"visually-hidden\">Certifierad ekologisk<\/span><\/a><\/p>\n                          <\/div>\n          <\/div>\n        <\/div>\n        \n          <div class=\"carousel-item\" role=\"group\" aria-roledescription=\"slide\" aria-label=\"3 de 3\">\n          <div class=\"carousel-image\" aria-hidden=\"true\" focusable=\"false\">\n              <img decoding=\"async\" src=\"https:\/\/organicbeeflamb.eu\/wp-content\/uploads\/2024\/09\/why_4_cor.jpg\" alt=\"Grundl\u00e4ggande\">\n          <\/div>\n\n          <div class=\"carousel-caption\">\n            <p>\n              \n                Grundl\u00e4ggande              \n            <\/p>\n\n            <div>\n                            <p><a href=\"https:\/\/organicbeeflamb.eu\/sv\/varfor-ekologiskt\/grundlaggande\/\" class=\"btn\" alt=\"Utforska Grundl\u00e4ggande\" aria-label=\"Utforska Grundl\u00e4ggande\">Utforska <span class=\"visually-hidden\">Grundl\u00e4ggande<\/span><\/a><\/p>\n                          <\/div>\n          <\/div>\n        <\/div>\n        \n              <\/div>\n            <\/div>\n          <\/div>\n        <\/section>\n        <\/div>\n\t\t\t\t\t\t<\/div>\n\t\t\t\t<\/div>\n\t\t\t\t<\/div>\n\t\t\t\t\t<\/div>\n\t\t\t\t<\/div>\n\t\t\t\t<\/div>\n\t\t","protected":false},"excerpt":{"rendered":"<p>Djurv\u00e4lf\u00e4rd inom ekologiskt jordbruk Djurv\u00e4lf\u00e4rd \u00e4r en h\u00f6rnsten i ekologiskt jordbruk och s\u00e4kerst\u00e4ller att djuren uppf\u00f6ds under f\u00f6rh\u00e5llanden som respekterar deras naturliga beteende och h\u00e4lsobehov. H\u00f6ga standarder f\u00f6r djurv\u00e4lf\u00e4rd inomekologiskt jordbruk Viktiga principer f\u00f6r djurv\u00e4lf\u00e4rd: Kunnig personal: Personalen m\u00e5ste f\u00f6rst\u00e5 djurens h\u00e4lso- och v\u00e4lf\u00e4rdsbehov. F\u00f6rbud mot fastbindning: Utom under korta perioder av v\u00e4lf\u00e4rds-, s\u00e4kerhets- eller [&hellip;]<\/p>\n","protected":false},"author":1,"featured_media":1551,"parent":2053,"menu_order":0,"comment_status":"closed","ping_status":"closed","template":"","meta":{"footnotes":""},"class_list":["post-2078","page","type-page","status-publish","has-post-thumbnail","hentry"],"_links":{"self":[{"href":"https:\/\/organicbeeflamb.eu\/sv\/wp-json\/wp\/v2\/pages\/2078","targetHints":{"allow":["GET"]}}],"collection":[{"href":"https:\/\/organicbeeflamb.eu\/sv\/wp-json\/wp\/v2\/pages"}],"about":[{"href":"https:\/\/organicbeeflamb.eu\/sv\/wp-json\/wp\/v2\/types\/page"}],"author":[{"embeddable":true,"href":"https:\/\/organicbeeflamb.eu\/sv\/wp-json\/wp\/v2\/users\/1"}],"replies":[{"embeddable":true,"href":"https:\/\/organicbeeflamb.eu\/sv\/wp-json\/wp\/v2\/comments?post=2078"}],"version-history":[{"count":22,"href":"https:\/\/organicbeeflamb.eu\/sv\/wp-json\/wp\/v2\/pages\/2078\/revisions"}],"predecessor-version":[{"id":7076,"href":"https:\/\/organicbeeflamb.eu\/sv\/wp-json\/wp\/v2\/pages\/2078\/revisions\/7076"}],"up":[{"embeddable":true,"href":"https:\/\/organicbeeflamb.eu\/sv\/wp-json\/wp\/v2\/pages\/2053"}],"wp:featuredmedia":[{"embeddable":true,"href":"https:\/\/organicbeeflamb.eu\/sv\/wp-json\/wp\/v2\/media\/1551"}],"wp:attachment":[{"href":"https:\/\/organicbeeflamb.eu\/sv\/wp-json\/wp\/v2\/media?parent=2078"}],"curies":[{"name":"wp","href":"https:\/\/api.w.org\/{rel}","templated":true}]}}