{"id":2086,"date":"2024-09-08T16:38:40","date_gmt":"2024-09-08T16:38:40","guid":{"rendered":"https:\/\/organicbeeflamb.eu\/ireland\/"},"modified":"2025-06-02T14:49:29","modified_gmt":"2025-06-02T14:49:29","slug":"irland","status":"publish","type":"page","link":"https:\/\/organicbeeflamb.eu\/sv\/irland\/","title":{"rendered":"Irland"},"content":{"rendered":"\t\t<div data-elementor-type=\"wp-page\" data-elementor-id=\"2086\" class=\"elementor elementor-2086 elementor-68\" data-elementor-post-type=\"page\">\n\t\t\t\t<div class=\"elementor-element elementor-element-4deb5ec e-flex e-con-boxed e-con e-parent\" data-id=\"4deb5ec\" data-element_type=\"container\" data-settings=\"{&quot;background_background&quot;:&quot;classic&quot;}\">\n\t\t\t\t\t<div class=\"e-con-inner\">\n\t\t\t\t<div class=\"elementor-element elementor-element-615ee14 elementor-widget elementor-widget-heading\" data-id=\"615ee14\" data-element_type=\"widget\" data-widget_type=\"heading.default\">\n\t\t\t\t<div class=\"elementor-widget-container\">\n\t\t\t\t\t<h1 class=\"elementor-heading-title elementor-size-default\">Irland \u2013 ett land av ekologiskt jordbruk och gr\u00e4sbetesk\u00f6tt<\/h1>\t\t\t\t<\/div>\n\t\t\t\t<\/div>\n\t\t\t\t<div class=\"elementor-element elementor-element-d792f1f elementor-widget elementor-widget-image\" data-id=\"d792f1f\" data-element_type=\"widget\" data-widget_type=\"image.default\">\n\t\t\t\t<div class=\"elementor-widget-container\">\n\t\t\t\t\t\t\t\t\t\t\t\t\t\t\t<img decoding=\"async\" width=\"146\" height=\"197\" src=\"https:\/\/organicbeeflamb.eu\/wp-content\/uploads\/2024\/09\/logo-Enjoy.svg\" class=\"attachment-full size-full wp-image-125\" alt=\"Enjoy it&#039;s from Europe\" \/>\t\t\t\t\t\t\t\t\t\t\t\t\t\t\t<\/div>\n\t\t\t\t<\/div>\n\t\t\t\t\t<\/div>\n\t\t\t\t<\/div>\n\t\t<div class=\"elementor-element elementor-element-fd32429 e-flex e-con-boxed e-con e-parent\" data-id=\"fd32429\" data-element_type=\"container\">\n\t\t\t\t\t<div class=\"e-con-inner\">\n\t\t\t\t<div class=\"elementor-element elementor-element-6f4ff37 elementor-widget elementor-widget-heading\" data-id=\"6f4ff37\" data-element_type=\"widget\" data-widget_type=\"heading.default\">\n\t\t\t\t<div class=\"elementor-widget-container\">\n\t\t\t\t\t<h2 class=\"elementor-heading-title elementor-size-default\">Uppt\u00e4ck Irlands ekologiska jordbruk\n<\/h2>\t\t\t\t<\/div>\n\t\t\t\t<\/div>\n\t\t\t\t\t<\/div>\n\t\t\t\t<\/div>\n\t\t<div class=\"elementor-element elementor-element-823db6f e-flex e-con-boxed e-con e-parent\" data-id=\"823db6f\" data-element_type=\"container\">\n\t\t\t\t\t<div class=\"e-con-inner\">\n\t\t<div class=\"elementor-element elementor-element-7e58a7c e-con-full e-flex elementor-invisible e-con e-child\" data-id=\"7e58a7c\" data-element_type=\"container\" data-settings=\"{&quot;animation&quot;:&quot;fadeIn&quot;}\">\n\t\t\t\t<div class=\"elementor-element elementor-element-3ce4bb8 elementor-widget elementor-widget-image\" data-id=\"3ce4bb8\" data-element_type=\"widget\" data-widget_type=\"image.default\">\n\t\t\t\t<div class=\"elementor-widget-container\">\n\t\t\t\t\t\t\t\t\t\t\t\t\t\t\t<img decoding=\"async\" width=\"114\" height=\"100\" src=\"https:\/\/organicbeeflamb.eu\/wp-content\/uploads\/2024\/09\/irlande_4.svg\" class=\"attachment-full size-full wp-image-1595\" alt=\"Tempererat klimat\" \/>\t\t\t\t\t\t\t\t\t\t\t\t\t\t\t<\/div>\n\t\t\t\t<\/div>\n\t\t\t\t<div class=\"elementor-element elementor-element-2d2608d elementor-widget elementor-widget-text-editor\" data-id=\"2d2608d\" data-element_type=\"widget\" data-widget_type=\"text-editor.default\">\n\t\t\t\t<div class=\"elementor-widget-container\">\n\t\t\t\t\t\t\t\t\t<p><b>Tempererat klimat<\/b><span style=\"font-weight: 400;\">: Irlands tempererade klimat st\u00f6der betestillv\u00e4xt \u00e5ret runt.<\/span><\/p>\t\t\t\t\t\t\t\t<\/div>\n\t\t\t\t<\/div>\n\t\t\t\t<\/div>\n\t\t<div class=\"elementor-element elementor-element-6f2c36f e-con-full e-flex elementor-invisible e-con e-child\" data-id=\"6f2c36f\" data-element_type=\"container\" data-settings=\"{&quot;animation&quot;:&quot;fadeIn&quot;}\">\n\t\t\t\t<div class=\"elementor-element elementor-element-712d2e6 elementor-widget elementor-widget-image\" data-id=\"712d2e6\" data-element_type=\"widget\" data-widget_type=\"image.default\">\n\t\t\t\t<div class=\"elementor-widget-container\">\n\t\t\t\t\t\t\t\t\t\t\t\t\t\t\t<img decoding=\"async\" width=\"96\" height=\"96\" src=\"https:\/\/organicbeeflamb.eu\/wp-content\/uploads\/2024\/09\/irlande_5.svg\" class=\"attachment-full size-full wp-image-1601\" alt=\"B\u00f6rdiga jordar\" \/>\t\t\t\t\t\t\t\t\t\t\t\t\t\t\t<\/div>\n\t\t\t\t<\/div>\n\t\t\t\t<div class=\"elementor-element elementor-element-d87caf8 elementor-widget elementor-widget-text-editor\" data-id=\"d87caf8\" data-element_type=\"widget\" data-widget_type=\"text-editor.default\">\n\t\t\t\t<div class=\"elementor-widget-container\">\n\t\t\t\t\t\t\t\t\t<p><b>B\u00f6rdiga jordar<\/b><span style=\"font-weight: 400;\">: Irlands b\u00f6rdiga jordar ger en idealisk grund f\u00f6r ekologiska jordbruksmetoder.<\/span><\/p>\t\t\t\t\t\t\t\t<\/div>\n\t\t\t\t<\/div>\n\t\t\t\t<\/div>\n\t\t<div class=\"elementor-element elementor-element-d5123b0 e-con-full e-flex elementor-invisible e-con e-child\" data-id=\"d5123b0\" data-element_type=\"container\" data-settings=\"{&quot;animation&quot;:&quot;fadeIn&quot;}\">\n\t\t\t\t<div class=\"elementor-element elementor-element-0072cf7 elementor-widget elementor-widget-image\" data-id=\"0072cf7\" data-element_type=\"widget\" data-widget_type=\"image.default\">\n\t\t\t\t<div class=\"elementor-widget-container\">\n\t\t\t\t\t\t\t\t\t\t\t\t\t\t\t<img loading=\"lazy\" decoding=\"async\" width=\"110\" height=\"125\" src=\"https:\/\/organicbeeflamb.eu\/wp-content\/uploads\/2024\/09\/irlande_6.svg\" class=\"attachment-full size-full wp-image-1606\" alt=\"Uppf\u00f6dda p\u00e5 bete\" \/>\t\t\t\t\t\t\t\t\t\t\t\t\t\t\t<\/div>\n\t\t\t\t<\/div>\n\t\t\t\t<div class=\"elementor-element elementor-element-f894dc5 elementor-widget elementor-widget-text-editor\" data-id=\"f894dc5\" data-element_type=\"widget\" data-widget_type=\"text-editor.default\">\n\t\t\t\t<div class=\"elementor-widget-container\">\n\t\t\t\t\t\t\t\t\t<p><b>Uppf\u00f6dda p\u00e5 bete<\/b><span style=\"font-weight: 400;\">: V\u00e5ra n\u00f6tkreatur och f\u00e5r h\u00e5lls p\u00e5 naturliga betesmarker \u00e5ret runt.<\/span><\/p>\t\t\t\t\t\t\t\t<\/div>\n\t\t\t\t<\/div>\n\t\t\t\t<\/div>\n\t\t<div class=\"elementor-element elementor-element-cb4bd4c e-con-full e-flex elementor-invisible e-con e-child\" data-id=\"cb4bd4c\" data-element_type=\"container\" data-settings=\"{&quot;animation&quot;:&quot;fadeIn&quot;}\">\n\t\t\t\t<div class=\"elementor-element elementor-element-c6d689a elementor-widget elementor-widget-image\" data-id=\"c6d689a\" data-element_type=\"widget\" data-widget_type=\"image.default\">\n\t\t\t\t<div class=\"elementor-widget-container\">\n\t\t\t\t\t\t\t\t\t\t\t\t\t\t\t<img loading=\"lazy\" decoding=\"async\" width=\"96\" height=\"116\" src=\"https:\/\/organicbeeflamb.eu\/wp-content\/uploads\/2024\/09\/irlande_7.svg\" class=\"attachment-full size-full wp-image-1611\" alt=\"N\u00e4ringsf\u00f6rdelar\" \/>\t\t\t\t\t\t\t\t\t\t\t\t\t\t\t<\/div>\n\t\t\t\t<\/div>\n\t\t\t\t<div class=\"elementor-element elementor-element-6cc703b elementor-widget elementor-widget-text-editor\" data-id=\"6cc703b\" data-element_type=\"widget\" data-widget_type=\"text-editor.default\">\n\t\t\t\t<div class=\"elementor-widget-container\">\n\t\t\t\t\t\t\t\t\t<p><b>N\u00e4ringsf\u00f6rdelar<\/b><span style=\"font-weight: 400;\">: K\u00f6ttet har l\u00e4gre halt av m\u00e4ttade fetter och h\u00f6gre halt av omega-3-fettsyror, vitamin A och E.<\/span><\/p>\t\t\t\t\t\t\t\t<\/div>\n\t\t\t\t<\/div>\n\t\t\t\t<\/div>\n\t\t<div class=\"elementor-element elementor-element-a0ed8e1 e-con-full e-flex elementor-invisible e-con e-child\" data-id=\"a0ed8e1\" data-element_type=\"container\" data-settings=\"{&quot;animation&quot;:&quot;fadeIn&quot;}\">\n\t\t\t\t<div class=\"elementor-element elementor-element-deabb42 elementor-widget elementor-widget-image\" data-id=\"deabb42\" data-element_type=\"widget\" data-widget_type=\"image.default\">\n\t\t\t\t<div class=\"elementor-widget-container\">\n\t\t\t\t\t\t\t\t\t\t\t\t\t\t\t<img loading=\"lazy\" decoding=\"async\" width=\"133\" height=\"120\" src=\"https:\/\/organicbeeflamb.eu\/wp-content\/uploads\/2024\/09\/irlande_8.svg\" class=\"attachment-full size-full wp-image-1616\" alt=\"Milj\u00f6engagemang\" \/>\t\t\t\t\t\t\t\t\t\t\t\t\t\t\t<\/div>\n\t\t\t\t<\/div>\n\t\t\t\t<div class=\"elementor-element elementor-element-3b00528 elementor-widget elementor-widget-text-editor\" data-id=\"3b00528\" data-element_type=\"widget\" data-widget_type=\"text-editor.default\">\n\t\t\t\t<div class=\"elementor-widget-container\">\n\t\t\t\t\t\t\t\t\t<p><b>Milj\u00f6engagemang<\/b><span style=\"font-weight: 400;\">: V\u00e5ra metoder speglar ett engagemang f\u00f6r h\u00e5llbarhet och bevarandet av Irlands naturliga sk\u00f6nhet.<\/span><\/p>\t\t\t\t\t\t\t\t<\/div>\n\t\t\t\t<\/div>\n\t\t\t\t<\/div>\n\t\t<div class=\"elementor-element elementor-element-b7ac510 e-con-full e-flex elementor-invisible e-con e-child\" data-id=\"b7ac510\" data-element_type=\"container\" data-settings=\"{&quot;animation&quot;:&quot;fadeIn&quot;}\">\n\t\t\t\t<div class=\"elementor-element elementor-element-885aa62 elementor-widget elementor-widget-image\" data-id=\"885aa62\" data-element_type=\"widget\" data-widget_type=\"image.default\">\n\t\t\t\t<div class=\"elementor-widget-container\">\n\t\t\t\t\t\t\t\t\t\t\t\t\t\t\t<img loading=\"lazy\" decoding=\"async\" width=\"106\" height=\"87\" src=\"https:\/\/organicbeeflamb.eu\/wp-content\/uploads\/2024\/09\/irlande_9.svg\" class=\"attachment-full size-full wp-image-1621\" alt=\"H\u00e5llbara metoder\" \/>\t\t\t\t\t\t\t\t\t\t\t\t\t\t\t<\/div>\n\t\t\t\t<\/div>\n\t\t\t\t<div class=\"elementor-element elementor-element-f2ed399 elementor-widget elementor-widget-text-editor\" data-id=\"f2ed399\" data-element_type=\"widget\" data-widget_type=\"text-editor.default\">\n\t\t\t\t<div class=\"elementor-widget-container\">\n\t\t\t\t\t\t\t\t\t<p><b>H\u00e5llbara metoder<\/b><span style=\"font-weight: 400;\">: Vi fr\u00e4mjar milj\u00f6f\u00f6rvaltning genom milj\u00f6v\u00e4nliga jordbruksmetoder.<\/span><\/p>\t\t\t\t\t\t\t\t<\/div>\n\t\t\t\t<\/div>\n\t\t\t\t<\/div>\n\t\t\t\t\t<\/div>\n\t\t\t\t<\/div>\n\t\t<div class=\"elementor-element elementor-element-2c88ca5 e-flex e-con-boxed e-con e-parent\" data-id=\"2c88ca5\" data-element_type=\"container\">\n\t\t\t\t\t<div class=\"e-con-inner\">\n\t\t<div class=\"elementor-element elementor-element-174c897 e-con-full animated-slow e-flex elementor-invisible e-con e-child\" data-id=\"174c897\" data-element_type=\"container\" data-settings=\"{&quot;background_background&quot;:&quot;classic&quot;,&quot;animation&quot;:&quot;slideInUp&quot;}\">\n\t\t<div class=\"elementor-element elementor-element-60db02b e-con-full e-flex e-con e-child\" data-id=\"60db02b\" data-element_type=\"container\" data-settings=\"{&quot;background_background&quot;:&quot;classic&quot;}\">\n\t\t\t\t<\/div>\n\t\t<div class=\"elementor-element elementor-element-abb3dfe e-con-full e-flex e-con e-child\" data-id=\"abb3dfe\" data-element_type=\"container\">\n\t\t\t\t<div class=\"elementor-element elementor-element-5fead99 elementor-widget elementor-widget-heading\" data-id=\"5fead99\" data-element_type=\"widget\" data-widget_type=\"heading.default\">\n\t\t\t\t<div class=\"elementor-widget-container\">\n\t\t\t\t\t<p class=\"elementor-heading-title elementor-size-default\">Ekologiskt n\u00f6tk\u00f6tt och lammk\u00f6tt fr\u00e5n djur som betat fritt<\/p>\t\t\t\t<\/div>\n\t\t\t\t<\/div>\n\t\t\t\t<div class=\"elementor-element elementor-element-b539088 elementor-hidden-mobile elementor-widget elementor-widget-text-editor\" data-id=\"b539088\" data-element_type=\"widget\" data-widget_type=\"text-editor.default\">\n\t\t\t\t<div class=\"elementor-widget-container\">\n\t\t\t\t\t\t\t\t\t<p><span style=\"font-weight: 400;\">N\u00f6tkreaturen h\u00e5lls utomhus p\u00e5 ekologiska betesmarker utan rutinm\u00e4ssiga l\u00e4kemedel, vilket resulterar i k\u00f6tt som inneh\u00e5ller mindre m\u00e4ttade fetter och mer omega-3-fettsyror, vitamin A och vitamin E.<\/span><\/p>\t\t\t\t\t\t\t\t<\/div>\n\t\t\t\t<\/div>\n\t\t\t\t<div class=\"elementor-element elementor-element-0090b16 elementor-hidden-desktop elementor-hidden-tablet elementor-widget elementor-widget-text-editor\" data-id=\"0090b16\" data-element_type=\"widget\" data-widget_type=\"text-editor.default\">\n\t\t\t\t<div class=\"elementor-widget-container\">\n\t\t\t\t\t\t\t\t\t<p><span style=\"font-weight: 400;\">N\u00f6tkreaturen h\u00e5lls utomhus p\u00e5 ekologiska betesmarker utan rutinm\u00e4ssiga l\u00e4kemedel<\/span> &#8230;<\/p>\t\t\t\t\t\t\t\t<\/div>\n\t\t\t\t<\/div>\n\t\t\t\t<div class=\"elementor-element elementor-element-d292834 elementor-align-center elementor-hidden-desktop elementor-hidden-tablet elementor-widget elementor-widget-button\" data-id=\"d292834\" data-element_type=\"widget\" data-widget_type=\"button.default\">\n\t\t\t\t<div class=\"elementor-widget-container\">\n\t\t\t\t\t\t\t\t\t<div class=\"elementor-button-wrapper\">\n\t\t\t\t\t<a class=\"elementor-button elementor-button-link elementor-size-sm\" href=\"\/sv\/irland\/betesmark-upphojd\/\" aria-label=\"Utforska Uppf\u00f6dda p\u00e5 bete\">\n\t\t\t\t\t\t<span class=\"elementor-button-content-wrapper\">\n\t\t\t\t\t\t<span class=\"elementor-button-icon\">\n\t\t\t\t<svg aria-hidden=\"true\" class=\"e-font-icon-svg e-fas-arrow-right\" viewBox=\"0 0 448 512\" xmlns=\"http:\/\/www.w3.org\/2000\/svg\"><path d=\"M190.5 66.9l22.2-22.2c9.4-9.4 24.6-9.4 33.9 0L441 239c9.4 9.4 9.4 24.6 0 33.9L246.6 467.3c-9.4 9.4-24.6 9.4-33.9 0l-22.2-22.2c-9.5-9.5-9.3-25 .4-34.3L311.4 296H24c-13.3 0-24-10.7-24-24v-32c0-13.3 10.7-24 24-24h287.4L190.9 101.2c-9.8-9.3-10-24.8-.4-34.3z\"><\/path><\/svg>\t\t\t<\/span>\n\t\t\t\t\t\t\t\t<\/span>\n\t\t\t\t\t<\/a>\n\t\t\t\t<\/div>\n\t\t\t\t\t\t\t\t<\/div>\n\t\t\t\t<\/div>\n\t\t\t\t<div class=\"elementor-element elementor-element-7a8d8d2 elementor-align-center elementor-hidden-mobile elementor-widget elementor-widget-button\" data-id=\"7a8d8d2\" data-element_type=\"widget\" data-widget_type=\"button.default\">\n\t\t\t\t<div class=\"elementor-widget-container\">\n\t\t\t\t\t\t\t\t\t<div class=\"elementor-button-wrapper\">\n\t\t\t\t\t<a class=\"elementor-button elementor-button-link elementor-size-sm\" href=\"\/sv\/irland\/betesmark-upphojd\/\" aria-label=\"Utforska Uppf\u00f6dda p\u00e5 bete\">\n\t\t\t\t\t\t<span class=\"elementor-button-content-wrapper\">\n\t\t\t\t\t\t\t\t\t<span class=\"elementor-button-text\">Utforska <span class=\"visually-hidden\">Uppf\u00f6dda p\u00e5 bete<\/span><\/span>\n\t\t\t\t\t<\/span>\n\t\t\t\t\t<\/a>\n\t\t\t\t<\/div>\n\t\t\t\t\t\t\t\t<\/div>\n\t\t\t\t<\/div>\n\t\t\t\t<\/div>\n\t\t\t\t<\/div>\n\t\t<div class=\"elementor-element elementor-element-267457d e-con-full animated-slow e-flex elementor-invisible e-con e-child\" data-id=\"267457d\" data-element_type=\"container\" data-settings=\"{&quot;background_background&quot;:&quot;classic&quot;,&quot;animation&quot;:&quot;slideInUp&quot;}\">\n\t\t<div class=\"elementor-element elementor-element-cd84032 e-con-full e-flex e-con e-child\" data-id=\"cd84032\" data-element_type=\"container\" data-settings=\"{&quot;background_background&quot;:&quot;classic&quot;}\">\n\t\t\t\t<\/div>\n\t\t<div class=\"elementor-element elementor-element-ced9d41 e-con-full e-flex e-con e-child\" data-id=\"ced9d41\" data-element_type=\"container\">\n\t\t\t\t<div class=\"elementor-element elementor-element-83bcf88 elementor-widget elementor-widget-heading\" data-id=\"83bcf88\" data-element_type=\"widget\" data-widget_type=\"heading.default\">\n\t\t\t\t<div class=\"elementor-widget-container\">\n\t\t\t\t\t<p class=\"elementor-heading-title elementor-size-default\">Sp\u00e5rbarhet i produktionen av ekologiskt k\u00f6tt<\/p>\t\t\t\t<\/div>\n\t\t\t\t<\/div>\n\t\t\t\t<div class=\"elementor-element elementor-element-1f75eca elementor-hidden-mobile elementor-widget elementor-widget-text-editor\" data-id=\"1f75eca\" data-element_type=\"widget\" data-widget_type=\"text-editor.default\">\n\t\t\t\t<div class=\"elementor-widget-container\">\n\t\t\t\t\t\t\t\t\t<p><span style=\"font-weight: 400;\">Dagliga uppdateringar av sp\u00e5rbarhet s\u00e4kerst\u00e4ller efterlevnad av livsmedelss\u00e4kerheten och ger tydlig och tillg\u00e4nglig information l\u00e4ngs hela den globala leveranskedjan.<\/span><\/p>\t\t\t\t\t\t\t\t<\/div>\n\t\t\t\t<\/div>\n\t\t\t\t<div class=\"elementor-element elementor-element-11836cb elementor-hidden-desktop elementor-hidden-tablet elementor-widget elementor-widget-text-editor\" data-id=\"11836cb\" data-element_type=\"widget\" data-widget_type=\"text-editor.default\">\n\t\t\t\t<div class=\"elementor-widget-container\">\n\t\t\t\t\t\t\t\t\t<p><span style=\"font-weight: 400;\">Dagliga uppdateringar av sp\u00e5rbarhet s\u00e4kerst\u00e4ller efterlevnad av livsmedelss\u00e4kerheten<\/span> &#8230;<\/p>\t\t\t\t\t\t\t\t<\/div>\n\t\t\t\t<\/div>\n\t\t\t\t<div class=\"elementor-element elementor-element-9444b01 elementor-align-center elementor-hidden-mobile elementor-widget elementor-widget-button\" data-id=\"9444b01\" data-element_type=\"widget\" data-widget_type=\"button.default\">\n\t\t\t\t<div class=\"elementor-widget-container\">\n\t\t\t\t\t\t\t\t\t<div class=\"elementor-button-wrapper\">\n\t\t\t\t\t<a class=\"elementor-button elementor-button-link elementor-size-sm\" href=\"\/sv\/irland\/sparbarhet\/\" aria-label=\"Utforska Sp\u00e5rbarhet\">\n\t\t\t\t\t\t<span class=\"elementor-button-content-wrapper\">\n\t\t\t\t\t\t\t\t\t<span class=\"elementor-button-text\">Utforska <span class=\"visually-hidden\">Sp\u00e5rbarhet<\/span><\/span>\n\t\t\t\t\t<\/span>\n\t\t\t\t\t<\/a>\n\t\t\t\t<\/div>\n\t\t\t\t\t\t\t\t<\/div>\n\t\t\t\t<\/div>\n\t\t\t\t<div class=\"elementor-element elementor-element-8aefd13 elementor-align-center elementor-hidden-desktop elementor-hidden-tablet elementor-widget elementor-widget-button\" data-id=\"8aefd13\" data-element_type=\"widget\" data-widget_type=\"button.default\">\n\t\t\t\t<div class=\"elementor-widget-container\">\n\t\t\t\t\t\t\t\t\t<div class=\"elementor-button-wrapper\">\n\t\t\t\t\t<a class=\"elementor-button elementor-button-link elementor-size-sm\" href=\"\/sv\/irland\/sparbarhet\/\" aria-label=\"Utforska Sp\u00e5rbarhet\">\n\t\t\t\t\t\t<span class=\"elementor-button-content-wrapper\">\n\t\t\t\t\t\t<span class=\"elementor-button-icon\">\n\t\t\t\t<svg aria-hidden=\"true\" class=\"e-font-icon-svg e-fas-arrow-right\" viewBox=\"0 0 448 512\" xmlns=\"http:\/\/www.w3.org\/2000\/svg\"><path d=\"M190.5 66.9l22.2-22.2c9.4-9.4 24.6-9.4 33.9 0L441 239c9.4 9.4 9.4 24.6 0 33.9L246.6 467.3c-9.4 9.4-24.6 9.4-33.9 0l-22.2-22.2c-9.5-9.5-9.3-25 .4-34.3L311.4 296H24c-13.3 0-24-10.7-24-24v-32c0-13.3 10.7-24 24-24h287.4L190.9 101.2c-9.8-9.3-10-24.8-.4-34.3z\"><\/path><\/svg>\t\t\t<\/span>\n\t\t\t\t\t\t\t\t<\/span>\n\t\t\t\t\t<\/a>\n\t\t\t\t<\/div>\n\t\t\t\t\t\t\t\t<\/div>\n\t\t\t\t<\/div>\n\t\t\t\t<\/div>\n\t\t\t\t<\/div>\n\t\t\t\t\t<\/div>\n\t\t\t\t<\/div>\n\t\t\t\t<\/div>\n\t\t","protected":false},"excerpt":{"rendered":"<p>Irland \u2013 ett land av ekologiskt jordbruk och gr\u00e4sbetesk\u00f6tt Uppt\u00e4ck Irlands ekologiska jordbruk Tempererat klimat: Irlands tempererade klimat st\u00f6der betestillv\u00e4xt \u00e5ret runt. B\u00f6rdiga jordar: Irlands b\u00f6rdiga jordar ger en idealisk grund f\u00f6r ekologiska jordbruksmetoder. Uppf\u00f6dda p\u00e5 bete: V\u00e5ra n\u00f6tkreatur och f\u00e5r h\u00e5lls p\u00e5 naturliga betesmarker \u00e5ret runt. N\u00e4ringsf\u00f6rdelar: K\u00f6ttet har l\u00e4gre halt av m\u00e4ttade fetter [&hellip;]<\/p>\n","protected":false},"author":1,"featured_media":1532,"parent":0,"menu_order":0,"comment_status":"closed","ping_status":"closed","template":"","meta":{"footnotes":""},"class_list":["post-2086","page","type-page","status-publish","has-post-thumbnail","hentry"],"_links":{"self":[{"href":"https:\/\/organicbeeflamb.eu\/sv\/wp-json\/wp\/v2\/pages\/2086","targetHints":{"allow":["GET"]}}],"collection":[{"href":"https:\/\/organicbeeflamb.eu\/sv\/wp-json\/wp\/v2\/pages"}],"about":[{"href":"https:\/\/organicbeeflamb.eu\/sv\/wp-json\/wp\/v2\/types\/page"}],"author":[{"embeddable":true,"href":"https:\/\/organicbeeflamb.eu\/sv\/wp-json\/wp\/v2\/users\/1"}],"replies":[{"embeddable":true,"href":"https:\/\/organicbeeflamb.eu\/sv\/wp-json\/wp\/v2\/comments?post=2086"}],"version-history":[{"count":25,"href":"https:\/\/organicbeeflamb.eu\/sv\/wp-json\/wp\/v2\/pages\/2086\/revisions"}],"predecessor-version":[{"id":7028,"href":"https:\/\/organicbeeflamb.eu\/sv\/wp-json\/wp\/v2\/pages\/2086\/revisions\/7028"}],"wp:featuredmedia":[{"embeddable":true,"href":"https:\/\/organicbeeflamb.eu\/sv\/wp-json\/wp\/v2\/media\/1532"}],"wp:attachment":[{"href":"https:\/\/organicbeeflamb.eu\/sv\/wp-json\/wp\/v2\/media?parent=2086"}],"curies":[{"name":"wp","href":"https:\/\/api.w.org\/{rel}","templated":true}]}}