{"id":2094,"date":"2024-09-08T16:38:59","date_gmt":"2024-09-08T16:38:59","guid":{"rendered":"https:\/\/organicbeeflamb.eu\/irland\/pasture-raised\/"},"modified":"2025-06-02T14:51:06","modified_gmt":"2025-06-02T14:51:06","slug":"betesmark-upphojd","status":"publish","type":"page","link":"https:\/\/organicbeeflamb.eu\/sv\/irland\/betesmark-upphojd\/","title":{"rendered":"Betesmark Upph\u00f6jd"},"content":{"rendered":"\t\t<div data-elementor-type=\"wp-page\" data-elementor-id=\"2094\" class=\"elementor elementor-2094 elementor-70\" data-elementor-post-type=\"page\">\n\t\t\t\t<div class=\"elementor-element elementor-element-a02a5d5 e-flex e-con-boxed e-con e-parent\" data-id=\"a02a5d5\" data-element_type=\"container\" data-settings=\"{&quot;background_background&quot;:&quot;classic&quot;}\">\n\t\t\t\t\t<div class=\"e-con-inner\">\n\t\t\t\t<div class=\"elementor-element elementor-element-b643418 elementor-widget elementor-widget-heading\" data-id=\"b643418\" data-element_type=\"widget\" data-widget_type=\"heading.default\">\n\t\t\t\t<div class=\"elementor-widget-container\">\n\t\t\t\t\t<h1 class=\"elementor-heading-title elementor-size-default\">Ekologiskt n\u00f6tk\u00f6tt och lamm fr\u00e5n betesuppf\u00f6dning<\/h1>\t\t\t\t<\/div>\n\t\t\t\t<\/div>\n\t\t\t\t<div class=\"elementor-element elementor-element-e225b3e elementor-widget elementor-widget-image\" data-id=\"e225b3e\" data-element_type=\"widget\" data-widget_type=\"image.default\">\n\t\t\t\t<div class=\"elementor-widget-container\">\n\t\t\t\t\t\t\t\t\t\t\t\t\t\t\t<img decoding=\"async\" width=\"146\" height=\"197\" src=\"https:\/\/organicbeeflamb.eu\/wp-content\/uploads\/2024\/09\/logo-Enjoy.svg\" class=\"attachment-full size-full wp-image-125\" alt=\"Enjoy it&#039;s from Europe\" \/>\t\t\t\t\t\t\t\t\t\t\t\t\t\t\t<\/div>\n\t\t\t\t<\/div>\n\t\t\t\t\t<\/div>\n\t\t\t\t<\/div>\n\t\t<div class=\"elementor-element elementor-element-dee32ee e-flex e-con-boxed e-con e-parent\" data-id=\"dee32ee\" data-element_type=\"container\">\n\t\t\t\t\t<div class=\"e-con-inner\">\n\t\t<div class=\"elementor-element elementor-element-d8d71fe e-con-full e-flex e-con e-child\" data-id=\"d8d71fe\" data-element_type=\"container\">\n\t\t\t\t<div class=\"elementor-element elementor-element-eaceed9 elementor-widget elementor-widget-text-editor\" data-id=\"eaceed9\" data-element_type=\"widget\" data-widget_type=\"text-editor.default\">\n\t\t\t\t<div class=\"elementor-widget-container\">\n\t\t\t\t\t\t\t\t\t<p><span style=\"font-weight: 400;\">Irland har Europas l\u00e4ngsta gr\u00e4ss\u00e4song tack vare det tempererade klimatet, rikliga regn och b\u00f6rdiga jordar. Dessa f\u00f6rh\u00e5llanden ger optimala grundf\u00f6ruts\u00e4ttningar f\u00f6r ett l\u00e5ginsatssystem baserat p\u00e5 betesmark inom den <strong>europeiska ekologiska jordbruksproduktionen.<\/strong><\/span><\/p><p><span style=\"font-weight: 400;\">Med 80 % av jordbruksmarken avsatt till betesmarker kan n\u00f6tkreatur och f\u00e5r vara utomhus i naturen under st\u00f6rre delen av \u00e5ret och beta p\u00e5 f\u00e4rskt gr\u00e4s, i genomsnitt 220 dagar per \u00e5r. Under vinterm\u00e5naderna utfodras de med konserverat gr\u00e4s, k\u00e4nt som ensilage, vilket inneb\u00e4r att deras kost huvudsakligen \u00e4r gr\u00e4sbaserad.<\/span><\/p>\t\t\t\t\t\t\t\t<\/div>\n\t\t\t\t<\/div>\n\t\t\t\t<div class=\"elementor-element elementor-element-e583118 elementor-widget elementor-widget-text-editor\" data-id=\"e583118\" data-element_type=\"widget\" data-widget_type=\"text-editor.default\">\n\t\t\t\t<div class=\"elementor-widget-container\">\n\t\t\t\t\t\t\t\t\t<p><span style=\"font-weight: 400;\">Eftersom syntetiska g\u00f6dningsmedel inte anv\u00e4nds i <\/span><b>ekologisk produktion,<\/b><span style=\"font-weight: 400;\"> erbjuder kl\u00f6ver, som tillh\u00f6r familjen baljv\u00e4xter, en alternativ l\u00f6sning f\u00f6r ekologiska b\u00f6nder genom att arbeta med de naturliga systemen och kretsloppen i v\u00e4xter och jord. Kl\u00f6ver binder kv\u00e4ve i jorden genom en process som kallas kv\u00e4vefixering. Enkelt uttryckt inneb\u00e4r denna process att v\u00e4xtens r\u00f6tter bildar en symbiotisk relation med bakterier i jorden. Bakterierna omvandlar kv\u00e4ve fr\u00e5n atmosf\u00e4ren till en form som kl\u00f6vern kan anv\u00e4nda, vilket i sin tur sl\u00e4pper ut kv\u00e4ve i jorden och g\u00f6der de omgivande v\u00e4xterna.<\/span><\/p>\t\t\t\t\t\t\t\t<\/div>\n\t\t\t\t<\/div>\n\t\t<div class=\"elementor-element elementor-element-d92f94b e-con-full elementor-hidden-mobile e-flex e-con e-child\" data-id=\"d92f94b\" data-element_type=\"container\">\n\t\t<div class=\"elementor-element elementor-element-f927994 e-con-full e-flex e-con e-child\" data-id=\"f927994\" data-element_type=\"container\" data-settings=\"{&quot;background_background&quot;:&quot;classic&quot;}\">\n\t\t\t\t<div class=\"elementor-element elementor-element-cba14ad elementor-widget elementor-widget-heading\" data-id=\"cba14ad\" data-element_type=\"widget\" data-widget_type=\"heading.default\">\n\t\t\t\t<div class=\"elementor-widget-container\">\n\t\t\t\t\t<h2 class=\"elementor-heading-title elementor-size-default\">N\u00e4ringsm\u00e4ssiga f\u00f6rdelar med k\u00f6tt fr\u00e5n betesuppf\u00f6dning<\/h2>\t\t\t\t<\/div>\n\t\t\t\t<\/div>\n\t\t\t\t<\/div>\n\t\t<div class=\"elementor-element elementor-element-670b729 e-con-full e-flex e-con e-child\" data-id=\"670b729\" data-element_type=\"container\" data-settings=\"{&quot;background_background&quot;:&quot;classic&quot;}\">\n\t\t\t\t<div class=\"elementor-element elementor-element-a6f10c6 elementor-widget elementor-widget-text-editor\" data-id=\"a6f10c6\" data-element_type=\"widget\" data-widget_type=\"text-editor.default\">\n\t\t\t\t<div class=\"elementor-widget-container\">\n\t\t\t\t\t\t\t\t\t<p>L\u00e4gre halt av m\u00e4ttade fetter<\/p>\t\t\t\t\t\t\t\t<\/div>\n\t\t\t\t<\/div>\n\t\t\t\t<div class=\"elementor-element elementor-element-c11f779 elementor-widget elementor-widget-image\" data-id=\"c11f779\" data-element_type=\"widget\" data-widget_type=\"image.default\">\n\t\t\t\t<div class=\"elementor-widget-container\">\n\t\t\t\t\t\t\t\t\t\t\t\t\t\t\t<img decoding=\"async\" width=\"1\" height=\"1\" src=\"https:\/\/organicbeeflamb.eu\/wp-content\/uploads\/2024\/09\/pasture_9.svg\" class=\"attachment-large size-large wp-image-1162\" alt=\"\" \/>\t\t\t\t\t\t\t\t\t\t\t\t\t\t\t<\/div>\n\t\t\t\t<\/div>\n\t\t\t\t<\/div>\n\t\t<div class=\"elementor-element elementor-element-31079c9 e-con-full e-flex e-con e-child\" data-id=\"31079c9\" data-element_type=\"container\" data-settings=\"{&quot;background_background&quot;:&quot;classic&quot;}\">\n\t\t\t\t<div class=\"elementor-element elementor-element-1da4224 elementor-widget elementor-widget-text-editor\" data-id=\"1da4224\" data-element_type=\"widget\" data-widget_type=\"text-editor.default\">\n\t\t\t\t<div class=\"elementor-widget-container\">\n\t\t\t\t\t\t\t\t\t<p>H\u00f6gre halt av omega-3-fettsyror<\/p>\t\t\t\t\t\t\t\t<\/div>\n\t\t\t\t<\/div>\n\t\t\t\t<div class=\"elementor-element elementor-element-95af257 elementor-widget elementor-widget-image\" data-id=\"95af257\" data-element_type=\"widget\" data-widget_type=\"image.default\">\n\t\t\t\t<div class=\"elementor-widget-container\">\n\t\t\t\t\t\t\t\t\t\t\t\t\t\t\t<img decoding=\"async\" width=\"1\" height=\"1\" src=\"https:\/\/organicbeeflamb.eu\/wp-content\/uploads\/2024\/09\/pasture_4.svg\" class=\"attachment-large size-large wp-image-1136\" alt=\"\" \/>\t\t\t\t\t\t\t\t\t\t\t\t\t\t\t<\/div>\n\t\t\t\t<\/div>\n\t\t\t\t<\/div>\n\t\t<div class=\"elementor-element elementor-element-45c43db e-con-full e-flex e-con e-child\" data-id=\"45c43db\" data-element_type=\"container\" data-settings=\"{&quot;background_background&quot;:&quot;classic&quot;}\">\n\t\t\t\t<div class=\"elementor-element elementor-element-9ac3367 elementor-widget elementor-widget-text-editor\" data-id=\"9ac3367\" data-element_type=\"widget\" data-widget_type=\"text-editor.default\">\n\t\t\t\t<div class=\"elementor-widget-container\">\n\t\t\t\t\t\t\t\t\t<p>H\u00f6gre halt av vitamin A och vitamin E<\/p>\t\t\t\t\t\t\t\t<\/div>\n\t\t\t\t<\/div>\n\t\t\t\t<div class=\"elementor-element elementor-element-3969e3c elementor-widget elementor-widget-image\" data-id=\"3969e3c\" data-element_type=\"widget\" data-widget_type=\"image.default\">\n\t\t\t\t<div class=\"elementor-widget-container\">\n\t\t\t\t\t\t\t\t\t\t\t\t\t\t\t<img loading=\"lazy\" decoding=\"async\" width=\"1\" height=\"1\" src=\"https:\/\/organicbeeflamb.eu\/wp-content\/uploads\/2024\/09\/pasture_5.svg\" class=\"attachment-large size-large wp-image-1141\" alt=\"\" \/>\t\t\t\t\t\t\t\t\t\t\t\t\t\t\t<\/div>\n\t\t\t\t<\/div>\n\t\t\t\t<\/div>\n\t\t\t\t<\/div>\n\t\t\t\t<div class=\"elementor-element elementor-element-1806fe9 elementor-hidden-mobile elementor-widget elementor-widget-text-editor\" data-id=\"1806fe9\" data-element_type=\"widget\" data-widget_type=\"text-editor.default\">\n\t\t\t\t<div class=\"elementor-widget-container\">\n\t\t\t\t\t\t\t\t\t<span style=\"text-decoration: underline;\"><em><a href=\"https:\/\/www.teagasc.ie\/media\/website\/publications\/2018\/2-Moloney-and-Monahan.pdf\" rel=\"noopener\" aria-label=\"Teagasc, UCD\" class=\"enlace\">Teagasc, UCD (2018)<\/a><\/em><\/span>\t\t\t\t\t\t\t\t<\/div>\n\t\t\t\t<\/div>\n\t\t\t\t<\/div>\n\t\t<div class=\"elementor-element elementor-element-5c5faed e-con-full e-flex e-con e-child\" data-id=\"5c5faed\" data-element_type=\"container\">\n\t\t\t\t<div class=\"elementor-element elementor-element-a8b2ed0 animated-slow elementor-invisible elementor-widget elementor-widget-image\" data-id=\"a8b2ed0\" data-element_type=\"widget\" data-settings=\"{&quot;_animation&quot;:&quot;slideInRight&quot;}\" data-widget_type=\"image.default\">\n\t\t\t\t<div class=\"elementor-widget-container\">\n\t\t\t\t\t\t\t\t\t\t\t\t\t\t\t<img loading=\"lazy\" decoding=\"async\" width=\"655\" height=\"1052\" src=\"https:\/\/organicbeeflamb.eu\/wp-content\/uploads\/2025\/05\/betesuppfostrat-ekologisk-lamm.webp\" class=\"attachment-full size-full wp-image-5431\" alt=\"Betesuppfostrat Ekologiskt Lamm\" srcset=\"https:\/\/organicbeeflamb.eu\/wp-content\/uploads\/2025\/05\/betesuppfostrat-ekologisk-lamm.webp 655w, https:\/\/organicbeeflamb.eu\/wp-content\/uploads\/2025\/05\/betesuppfostrat-ekologisk-lamm-187x300.webp 187w, https:\/\/organicbeeflamb.eu\/wp-content\/uploads\/2025\/05\/betesuppfostrat-ekologisk-lamm-638x1024.webp 638w\" sizes=\"(max-width: 655px) 100vw, 655px\" \/>\t\t\t\t\t\t\t\t\t\t\t\t\t\t\t<\/div>\n\t\t\t\t<\/div>\n\t\t\t\t<div class=\"elementor-element elementor-element-20d848f animated-slow elementor-invisible elementor-widget elementor-widget-image\" data-id=\"20d848f\" data-element_type=\"widget\" data-settings=\"{&quot;_animation&quot;:&quot;slideInUp&quot;}\" data-widget_type=\"image.default\">\n\t\t\t\t<div class=\"elementor-widget-container\">\n\t\t\t\t\t\t\t\t\t\t\t\t\t\t\t<img decoding=\"async\" src=\"https:\/\/organicbeeflamb.eu\/wp-content\/uploads\/2024\/09\/pasture_6.svg\" class=\"attachment-full size-full wp-image-1146\" alt=\"\" \/>\t\t\t\t\t\t\t\t\t\t\t\t\t\t\t<\/div>\n\t\t\t\t<\/div>\n\t\t<div class=\"elementor-element elementor-element-4073596 e-con-full elementor-hidden-desktop elementor-hidden-tablet e-flex e-con e-child\" data-id=\"4073596\" data-element_type=\"container\">\n\t\t<div class=\"elementor-element elementor-element-8c79af8 e-con-full e-flex e-con e-child\" data-id=\"8c79af8\" data-element_type=\"container\" data-settings=\"{&quot;background_background&quot;:&quot;classic&quot;}\">\n\t\t\t\t<div class=\"elementor-element elementor-element-ea72504 elementor-widget elementor-widget-heading\" data-id=\"ea72504\" data-element_type=\"widget\" data-widget_type=\"heading.default\">\n\t\t\t\t<div class=\"elementor-widget-container\">\n\t\t\t\t\t<h2 class=\"elementor-heading-title elementor-size-default\">N\u00e4ringsm\u00e4ssiga f\u00f6rdelar med k\u00f6tt fr\u00e5n betesuppf\u00f6dning<\/h2>\t\t\t\t<\/div>\n\t\t\t\t<\/div>\n\t\t\t\t<\/div>\n\t\t<div class=\"elementor-element elementor-element-c72f014 e-con-full e-flex e-con e-child\" data-id=\"c72f014\" data-element_type=\"container\" data-settings=\"{&quot;background_background&quot;:&quot;classic&quot;}\">\n\t\t\t\t<div class=\"elementor-element elementor-element-5037cef elementor-widget elementor-widget-text-editor\" data-id=\"5037cef\" data-element_type=\"widget\" data-widget_type=\"text-editor.default\">\n\t\t\t\t<div class=\"elementor-widget-container\">\n\t\t\t\t\t\t\t\t\t<p>L\u00e4gre halt av m\u00e4ttade fetter<\/p>\t\t\t\t\t\t\t\t<\/div>\n\t\t\t\t<\/div>\n\t\t\t\t<div class=\"elementor-element elementor-element-1e80f11 elementor-widget elementor-widget-image\" data-id=\"1e80f11\" data-element_type=\"widget\" data-widget_type=\"image.default\">\n\t\t\t\t<div class=\"elementor-widget-container\">\n\t\t\t\t\t\t\t\t\t\t\t\t\t\t\t<img decoding=\"async\" width=\"1\" height=\"1\" src=\"https:\/\/organicbeeflamb.eu\/wp-content\/uploads\/2024\/09\/pasture_9.svg\" class=\"attachment-large size-large wp-image-1162\" alt=\"\" \/>\t\t\t\t\t\t\t\t\t\t\t\t\t\t\t<\/div>\n\t\t\t\t<\/div>\n\t\t\t\t<\/div>\n\t\t<div class=\"elementor-element elementor-element-902057b e-con-full e-flex e-con e-child\" data-id=\"902057b\" data-element_type=\"container\" data-settings=\"{&quot;background_background&quot;:&quot;classic&quot;}\">\n\t\t\t\t<div class=\"elementor-element elementor-element-4912a78 elementor-widget elementor-widget-text-editor\" data-id=\"4912a78\" data-element_type=\"widget\" data-widget_type=\"text-editor.default\">\n\t\t\t\t<div class=\"elementor-widget-container\">\n\t\t\t\t\t\t\t\t\t<p>H\u00f6gre halt av omega-3-fettsyror<\/p>\t\t\t\t\t\t\t\t<\/div>\n\t\t\t\t<\/div>\n\t\t\t\t<div class=\"elementor-element elementor-element-7b8aef4 elementor-widget elementor-widget-image\" data-id=\"7b8aef4\" data-element_type=\"widget\" data-widget_type=\"image.default\">\n\t\t\t\t<div class=\"elementor-widget-container\">\n\t\t\t\t\t\t\t\t\t\t\t\t\t\t\t<img decoding=\"async\" width=\"1\" height=\"1\" src=\"https:\/\/organicbeeflamb.eu\/wp-content\/uploads\/2024\/09\/pasture_4.svg\" class=\"attachment-large size-large wp-image-1136\" alt=\"\" \/>\t\t\t\t\t\t\t\t\t\t\t\t\t\t\t<\/div>\n\t\t\t\t<\/div>\n\t\t\t\t<\/div>\n\t\t<div class=\"elementor-element elementor-element-c5fadfe e-con-full e-flex e-con e-child\" data-id=\"c5fadfe\" data-element_type=\"container\" data-settings=\"{&quot;background_background&quot;:&quot;classic&quot;}\">\n\t\t\t\t<div class=\"elementor-element elementor-element-0b64616 elementor-widget elementor-widget-text-editor\" data-id=\"0b64616\" data-element_type=\"widget\" data-widget_type=\"text-editor.default\">\n\t\t\t\t<div class=\"elementor-widget-container\">\n\t\t\t\t\t\t\t\t\t<p>H\u00f6gre halt av vitamin A och vitamin E<\/p>\t\t\t\t\t\t\t\t<\/div>\n\t\t\t\t<\/div>\n\t\t\t\t<div class=\"elementor-element elementor-element-48e8670 elementor-widget elementor-widget-image\" data-id=\"48e8670\" data-element_type=\"widget\" data-widget_type=\"image.default\">\n\t\t\t\t<div class=\"elementor-widget-container\">\n\t\t\t\t\t\t\t\t\t\t\t\t\t\t\t<img loading=\"lazy\" decoding=\"async\" width=\"1\" height=\"1\" src=\"https:\/\/organicbeeflamb.eu\/wp-content\/uploads\/2024\/09\/pasture_5.svg\" class=\"attachment-large size-large wp-image-1141\" alt=\"\" \/>\t\t\t\t\t\t\t\t\t\t\t\t\t\t\t<\/div>\n\t\t\t\t<\/div>\n\t\t\t\t<\/div>\n\t\t\t\t<\/div>\n\t\t\t\t<div class=\"elementor-element elementor-element-3f20c2f elementor-hidden-desktop elementor-hidden-tablet elementor-widget elementor-widget-text-editor\" data-id=\"3f20c2f\" data-element_type=\"widget\" data-widget_type=\"text-editor.default\">\n\t\t\t\t<div class=\"elementor-widget-container\">\n\t\t\t\t\t\t\t\t\t<p><em><a href=\"https:\/\/www.teagasc.ie\/media\/website\/publications\/2018\/2-Moloney-and-Monahan.pdf\" target=\"_blank\" rel=\"noopener\">Teagasc, UCD (2018)<\/a><\/em><\/p>\t\t\t\t\t\t\t\t<\/div>\n\t\t\t\t<\/div>\n\t\t\t\t<\/div>\n\t\t\t\t\t<\/div>\n\t\t\t\t<\/div>\n\t\t<div class=\"elementor-element elementor-element-a983891 e-flex e-con-boxed e-con e-parent\" data-id=\"a983891\" data-element_type=\"container\">\n\t\t\t\t\t<div class=\"e-con-inner\">\n\t\t<div class=\"elementor-element elementor-element-b63e1c8 e-con-full e-flex e-con e-child\" data-id=\"b63e1c8\" data-element_type=\"container\">\n\t\t\t\t<div class=\"elementor-element elementor-element-af473b6 elementor-widget elementor-widget-heading\" data-id=\"af473b6\" data-element_type=\"widget\" data-widget_type=\"heading.default\">\n\t\t\t\t<div class=\"elementor-widget-container\">\n\t\t\t\t\t<h2 class=\"elementor-heading-title elementor-size-default\">L\u00e4s mer om:<\/h2>\t\t\t\t<\/div>\n\t\t\t\t<\/div>\n\t\t\t\t<\/div>\n\t\t<div class=\"elementor-element elementor-element-ef80516 e-con-full e-flex e-con e-child\" data-id=\"ef80516\" data-element_type=\"container\">\n\t\t<div class=\"elementor-element elementor-element-48a3b6e e-con-full e-flex e-con e-child\" data-id=\"48a3b6e\" data-element_type=\"container\">\n\t\t<div class=\"elementor-element elementor-element-184cc17 e-con-full e-flex e-con e-child\" data-id=\"184cc17\" data-element_type=\"container\" data-settings=\"{&quot;background_background&quot;:&quot;classic&quot;}\">\n\t\t\t\t<\/div>\n\t\t<div class=\"elementor-element elementor-element-7345b84 e-con-full e-flex e-con e-child\" data-id=\"7345b84\" data-element_type=\"container\" data-settings=\"{&quot;background_background&quot;:&quot;classic&quot;}\">\n\t\t\t\t<div class=\"elementor-element elementor-element-edb9810 elementor-widget elementor-widget-heading\" data-id=\"edb9810\" data-element_type=\"widget\" data-widget_type=\"heading.default\">\n\t\t\t\t<div class=\"elementor-widget-container\">\n\t\t\t\t\t<p class=\"elementor-heading-title elementor-size-default\">Sp\u00e5rbarhet<\/p>\t\t\t\t<\/div>\n\t\t\t\t<\/div>\n\t\t\t\t<div class=\"elementor-element elementor-element-62b2aff elementor-align-center elementor-widget elementor-widget-button\" data-id=\"62b2aff\" data-element_type=\"widget\" data-widget_type=\"button.default\">\n\t\t\t\t<div class=\"elementor-widget-container\">\n\t\t\t\t\t\t\t\t\t<div class=\"elementor-button-wrapper\">\n\t\t\t\t\t<a class=\"elementor-button elementor-button-link elementor-size-sm\" href=\"https:\/\/organicbeeflamb.eu\/sv\/irland\/sparbarhet\/\" aria-label=\"Utforska Sp\u00e5rbarhet\">\n\t\t\t\t\t\t<span class=\"elementor-button-content-wrapper\">\n\t\t\t\t\t\t\t\t\t<span class=\"elementor-button-text\">Utforska <span class=\"visually-hidden\">Sp\u00e5rbarhet<\/span><\/span>\n\t\t\t\t\t<\/span>\n\t\t\t\t\t<\/a>\n\t\t\t\t<\/div>\n\t\t\t\t\t\t\t\t<\/div>\n\t\t\t\t<\/div>\n\t\t\t\t<\/div>\n\t\t\t\t<\/div>\n\t\t<div class=\"elementor-element elementor-element-f5c6f2f e-con-full e-flex e-con e-child\" data-id=\"f5c6f2f\" data-element_type=\"container\">\n\t\t<div class=\"elementor-element elementor-element-87dde82 e-con-full e-flex e-con e-child\" data-id=\"87dde82\" data-element_type=\"container\" data-settings=\"{&quot;background_background&quot;:&quot;classic&quot;}\">\n\t\t\t\t<\/div>\n\t\t<div class=\"elementor-element elementor-element-82b8c5e e-con-full e-flex e-con e-child\" data-id=\"82b8c5e\" data-element_type=\"container\" data-settings=\"{&quot;background_background&quot;:&quot;classic&quot;}\">\n\t\t\t\t<div class=\"elementor-element elementor-element-eeb1bbd elementor-widget elementor-widget-heading\" data-id=\"eeb1bbd\" data-element_type=\"widget\" data-widget_type=\"heading.default\">\n\t\t\t\t<div class=\"elementor-widget-container\">\n\t\t\t\t\t<p class=\"elementor-heading-title elementor-size-default\">Irland<\/p>\t\t\t\t<\/div>\n\t\t\t\t<\/div>\n\t\t\t\t<div class=\"elementor-element elementor-element-a767cf9 elementor-align-center elementor-widget elementor-widget-button\" data-id=\"a767cf9\" data-element_type=\"widget\" data-widget_type=\"button.default\">\n\t\t\t\t<div class=\"elementor-widget-container\">\n\t\t\t\t\t\t\t\t\t<div class=\"elementor-button-wrapper\">\n\t\t\t\t\t<a class=\"elementor-button elementor-button-link elementor-size-sm\" href=\"https:\/\/organicbeeflamb.eu\/sv\/irland\/\" aria-label=\"Utforska Irland\">\n\t\t\t\t\t\t<span class=\"elementor-button-content-wrapper\">\n\t\t\t\t\t\t\t\t\t<span class=\"elementor-button-text\">Utforska <span class=\"visually-hidden\">Irland<\/span><\/span>\n\t\t\t\t\t<\/span>\n\t\t\t\t\t<\/a>\n\t\t\t\t<\/div>\n\t\t\t\t\t\t\t\t<\/div>\n\t\t\t\t<\/div>\n\t\t\t\t<\/div>\n\t\t\t\t<\/div>\n\t\t\t\t<\/div>\n\t\t\t\t\t<\/div>\n\t\t\t\t<\/div>\n\t\t\t\t<\/div>\n\t\t","protected":false},"excerpt":{"rendered":"<p>Ekologiskt n\u00f6tk\u00f6tt och lamm fr\u00e5n betesuppf\u00f6dning Irland har Europas l\u00e4ngsta gr\u00e4ss\u00e4song tack vare det tempererade klimatet, rikliga regn och b\u00f6rdiga jordar. Dessa f\u00f6rh\u00e5llanden ger optimala grundf\u00f6ruts\u00e4ttningar f\u00f6r ett l\u00e5ginsatssystem baserat p\u00e5 betesmark inom den europeiska ekologiska jordbruksproduktionen. Med 80 % av jordbruksmarken avsatt till betesmarker kan n\u00f6tkreatur och f\u00e5r vara utomhus i naturen under st\u00f6rre [&hellip;]<\/p>\n","protected":false},"author":1,"featured_media":1172,"parent":2086,"menu_order":0,"comment_status":"closed","ping_status":"closed","template":"","meta":{"footnotes":""},"class_list":["post-2094","page","type-page","status-publish","has-post-thumbnail","hentry"],"_links":{"self":[{"href":"https:\/\/organicbeeflamb.eu\/sv\/wp-json\/wp\/v2\/pages\/2094","targetHints":{"allow":["GET"]}}],"collection":[{"href":"https:\/\/organicbeeflamb.eu\/sv\/wp-json\/wp\/v2\/pages"}],"about":[{"href":"https:\/\/organicbeeflamb.eu\/sv\/wp-json\/wp\/v2\/types\/page"}],"author":[{"embeddable":true,"href":"https:\/\/organicbeeflamb.eu\/sv\/wp-json\/wp\/v2\/users\/1"}],"replies":[{"embeddable":true,"href":"https:\/\/organicbeeflamb.eu\/sv\/wp-json\/wp\/v2\/comments?post=2094"}],"version-history":[{"count":43,"href":"https:\/\/organicbeeflamb.eu\/sv\/wp-json\/wp\/v2\/pages\/2094\/revisions"}],"predecessor-version":[{"id":7031,"href":"https:\/\/organicbeeflamb.eu\/sv\/wp-json\/wp\/v2\/pages\/2094\/revisions\/7031"}],"up":[{"embeddable":true,"href":"https:\/\/organicbeeflamb.eu\/sv\/wp-json\/wp\/v2\/pages\/2086"}],"wp:featuredmedia":[{"embeddable":true,"href":"https:\/\/organicbeeflamb.eu\/sv\/wp-json\/wp\/v2\/media\/1172"}],"wp:attachment":[{"href":"https:\/\/organicbeeflamb.eu\/sv\/wp-json\/wp\/v2\/media?parent=2094"}],"curies":[{"name":"wp","href":"https:\/\/api.w.org\/{rel}","templated":true}]}}